{"id":962,"date":"2019-09-01T22:22:46","date_gmt":"2019-09-01T20:22:46","guid":{"rendered":"http:\/\/www.lahiette.com\/leratierbretonnien\/?page_id=962"},"modified":"2020-09-15T19:51:19","modified_gmt":"2020-09-15T17:51:19","slug":"da-madness-dans-le-bayou","status":"publish","type":"page","link":"https:\/\/www.lahiette.com\/leratierbretonnien\/wargames-figurines\/draculas-america\/da-madness-dans-le-bayou\/","title":{"rendered":"DA : Madness dans le Bayou"},"content":{"rendered":"\n<p>L&rsquo;objectif du jour \u00e9tait de tester certains ajouts du suppl\u00e9ment \u00ab\u00a0Forbidden Power\u00a0\u00bb, suppl\u00e9ment qui devrait d&rsquo;ailleurs bient\u00f4t \u00eatre traduit en Fran\u00e7ais \u00e0 l&rsquo;heure ou j&rsquo; \u00e9cris. Nous avons donc test\u00e9 les r\u00e8gles sur les conditions, l&rsquo;eau, le \u00ab\u00a0Pool of Madness\u00a0\u00bb,  et la faction qui va avec, \u00e0 savoir les Cultistes de Dagon.<\/p>\n\n\n\n<figure class=\"wp-block-image is-resized\"><img loading=\"lazy\" decoding=\"async\" src=\"https:\/\/www.lahiette.com\/leratierbretonnien\/wp-content\/uploads\/2019\/09\/DSCN4694-0-1024x768.jpg\" alt=\"\" class=\"wp-image-954\" width=\"512\" height=\"384\" srcset=\"https:\/\/www.lahiette.com\/leratierbretonnien\/wp-content\/uploads\/2019\/09\/DSCN4694-0-1024x768.jpg 1024w, https:\/\/www.lahiette.com\/leratierbretonnien\/wp-content\/uploads\/2019\/09\/DSCN4694-0-300x225.jpg 300w, https:\/\/www.lahiette.com\/leratierbretonnien\/wp-content\/uploads\/2019\/09\/DSCN4694-0-768x576.jpg 768w\" sizes=\"auto, (max-width: 512px) 100vw, 512px\" \/><figcaption>Vue g\u00e9n\u00e9rale du terrain<\/figcaption><\/figure>\n\n\n\n<p>Nous mettons en place un terrain compos\u00e9 de petites \u00eeles, reli\u00e9es par des pontons et posons quelques b\u00e2timents et autres d\u00e9cors. Au final, cela manque de v\u00e9g\u00e9tation du \u00ab\u00a0sud am\u00e9ricain\u00a0\u00bb, mais c&rsquo;est dans les tuyaux de fabrication :). Nous avons aussi ajout\u00e9 2 petits canots, que nous g\u00e9rerons avec la r\u00e8gle suivante : un personnage sur un canot peut le faire avancer en effectuant un test \u00e0 1 d\u00e9. En cas d&rsquo;\u00e9chec, le canot avance de 2&Prime;. En cas de r\u00e9ussite, de 4&Prime;.<\/p>\n\n\n\n<p>La faction de Dagon est compos\u00e9e de son Grand Pr\u00eatre, de deux mutants v\u00e9t\u00e9rans (une abomination et un \u00ab\u00a0Fish Eye\u00a0\u00bb) et de 3 novices. De l&rsquo;autre c\u00f4t\u00e9, on trouve la famille d\u00e9g\u00e9n\u00e9r\u00e9e Clover (ie The Kin), compos\u00e9e des 3 cousins D\u00e9d\u00e9, Fredo et Bilou, de m\u00e9m\u00e9 Piggy et de p\u00e9p\u00e9 Butch. Nous s\u00e9lectionnons al\u00e9atoirement un sc\u00e9nario du livre de base et tombons sur \u00ab\u00a0Fusillade\u00a0\u00bb.<\/p>\n\n\n\n<p>La partie d\u00e9marre avec 7 jetons de \u00ab\u00a0Madness\u00a0\u00bb et en condition \u00ab\u00a0Pitch Darkness\u00a0\u00bb, c&rsquo;est \u00e0 dire que l&rsquo;on y voit \u00e0 8&Prime;, pas plus ! Dans ce cadre, la mutation \u00ab\u00a0Fish Eye\u00a0\u00bb devient tr\u00e8s int\u00e9ressante car elle permet \u00e0 cet inf\u00e2me mutant de voir \u00e0 16&Prime;. Etant donn\u00e9 le placement du sc\u00e9nario, les boss de chaque \u00e9quipe se retrouvent assez proches, mais s\u00e9par\u00e9s par de l&rsquo;eau : le grand pr\u00eate et un acolyte sont cach\u00e9s derri\u00e8re des tonneaux tandis que les 3 cousins se placent sur un pont. Les autres figurines prennent place dans leur coins respectifs. <\/p>\n\n\n\n<figure class=\"wp-block-image is-resized\"><img loading=\"lazy\" decoding=\"async\" src=\"https:\/\/www.lahiette.com\/leratierbretonnien\/wp-content\/uploads\/2019\/09\/DSCN4694-5-1024x768.jpg\" alt=\"\" class=\"wp-image-958\" width=\"512\" height=\"384\" srcset=\"https:\/\/www.lahiette.com\/leratierbretonnien\/wp-content\/uploads\/2019\/09\/DSCN4694-5-1024x768.jpg 1024w, https:\/\/www.lahiette.com\/leratierbretonnien\/wp-content\/uploads\/2019\/09\/DSCN4694-5-300x225.jpg 300w, https:\/\/www.lahiette.com\/leratierbretonnien\/wp-content\/uploads\/2019\/09\/DSCN4694-5-768x576.jpg 768w\" sizes=\"auto, (max-width: 512px) 100vw, 512px\" \/><figcaption>Les 3 cousins sur le pont, le Grand Pr\u00eate et un acolyte pr\u00e8s des tonneaux<\/figcaption><\/figure>\n\n\n\n<p>Le premier tour est naturellement ax\u00e9 sur les d\u00e9placements, et un seul tir est effectu\u00e9 par le mutant \u00ab\u00a0Fish Eye\u00a0\u00bb sur un des cousins, qui se retrouve secou\u00e9. L&rsquo;abomination, qui est \u00ab\u00a0Aquatique\u00a0\u00bb, se d\u00e9place sans probl\u00e8mes dans l&rsquo;eau. P\u00e9p\u00e9 Butch progresse vers l&rsquo;\u00eele principale via les pontons, tandis que m\u00e9m\u00e9 Piggy se jette \u00e0 l&rsquo;eau pour atteindre la partie droite du plateau et tenter de tirer. On en profite pour s&rsquo;essayer \u00e0 la natation : m\u00e9m\u00e9 progresse lentement, mais parvient \u00e0 avancer tout de m\u00eame!<\/p>\n\n\n\n<p>Au second tour, l&rsquo;obscurit\u00e9 reste sur le bayou, et la folie augmente m\u00eame d&rsquo;un cran, passant \u00e0 8 jetons. Voyant progresser cousin Bilou vers lui, le Grand Pr\u00eatre se concentre et tente d&rsquo;appeler une cr\u00e9ature d&rsquo;Eldritch, mais \u00e9choue (4 r\u00e9ussites n\u00e9cessaires tout de m\u00eame!). Cousin Fredo et D\u00e9d\u00e9 progressent vers un ponton, en restant sur la terre ferme. Les autres acolytes de Dagon tentent quelques tirs, mais rien de grave pour la famille Clover.<\/p>\n\n\n\n<p>L&rsquo;obscurit\u00e9 se maintient au troisi\u00e8me tour, et la folie augmente \u00e0 nouveau, passant \u00e0 9 jetons ! Ca se pr\u00e9cise pour les cousins : apr\u00e8s avoir r\u00e9sist\u00e9 \u00e0 un tir de revolver, cousin Bilou charge et croque un acolyte de Dagon, gagnant ainsi un jeton de chair. De l&rsquo;autre c\u00f4t\u00e9, le mutant aquatique d\u00e9cide de charger cousin D\u00e9d\u00e9, mais essuie un recul. En retour, D\u00e9d\u00e9 le charge et le met au sol. Cousin Fredo, situ\u00e9 juste \u00e0 c\u00f4t\u00e9, en profite et va croquer le pauvre &#8211; mais courageux &#8211; mutant. Ce m\u00eame cousin Fredo essuie alors un tir, le propulsant au sol. Les autres acolytes de Dagon se mettent en vigilance, tandis que P\u00e9p\u00e9 et M\u00e9m\u00e9 continuent d&rsquo;avancer.<\/p>\n\n\n\n<figure class=\"wp-block-image is-resized\"><img loading=\"lazy\" decoding=\"async\" src=\"https:\/\/www.lahiette.com\/leratierbretonnien\/wp-content\/uploads\/2019\/09\/DSCN4694-6-1024x768.jpg\" alt=\"\" class=\"wp-image-959\" width=\"512\" height=\"384\" srcset=\"https:\/\/www.lahiette.com\/leratierbretonnien\/wp-content\/uploads\/2019\/09\/DSCN4694-6-1024x768.jpg 1024w, https:\/\/www.lahiette.com\/leratierbretonnien\/wp-content\/uploads\/2019\/09\/DSCN4694-6-300x225.jpg 300w, https:\/\/www.lahiette.com\/leratierbretonnien\/wp-content\/uploads\/2019\/09\/DSCN4694-6-768x576.jpg 768w\" sizes=\"auto, (max-width: 512px) 100vw, 512px\" \/><figcaption>L&rsquo;inf\u00e2me \u00ab\u00a0Fish Eye\u00a0\u00bb, avec son fusil, sera l&rsquo;\u00e9l\u00e9ment d\u00e9cisif des Cultistes<\/figcaption><\/figure>\n\n\n\n<p>Au quatri\u00e8me tour, l&rsquo;endroit devient brumeux (Gloomy), portant la visibilit\u00e9 \u00e0 16&Prime;, sauf pour le \u00ab\u00a0Fish Eye\u00a0\u00bb, qui, lui, voit normalement. Une temp\u00eate de folie s\u00e9vit soudainement, et l&rsquo;un des acolytes panique et tir sur l&rsquo;un de ses compagnons ! Le Grand Pr\u00eatre tente \u00e0 nouveau d&rsquo;appeler une cr\u00e9ature de Dagon, et apr\u00e8s un nouvel \u00e9chec, d\u00e9charge son fusil sur cousin Bilou, qui, malgr\u00e9 ses jetons de chair, se voit tu\u00e9 ! De l&rsquo;autre c\u00f4t\u00e9, Fredo et D\u00e9d\u00e9 chargent et croquent un nouvel acolyte, mais Fredo y laisse la vie, tu\u00e9 \u00e0 bout portant par ce damn\u00e9 \u00ab\u00a0Fish Eye\u00a0\u00bb, bien plac\u00e9 en hauteur avec son fusil de chasse. P\u00e9p\u00e9 et M\u00e9m\u00e9, toujours en jeu, progressent lentement.<\/p>\n\n\n\n<p>Au cinqui\u00e8me tour, c&rsquo;est \u00e0 nouveau l&rsquo;obscurit\u00e9 qui s&rsquo;installe et qui restera jusqu&rsquo;\u00e0 la fin du jeu. La folie baisse de plusieurs crans, pour retomber \u00e0 4 jetons. Dans un acc\u00e8s de courage, p\u00e9p\u00e9 Butch parvient \u00e0 mettre au sol le Grand Pr\u00eatre gr\u00e2ce \u00e0 son fameux revolver deux coups. De l&rsquo;autre c\u00f4t\u00e9, nouvelle charge de cousin D\u00e9d\u00e9, mais qui joue de malchance et n&rsquo;arrive pas \u00e0 croquer le dernier Novice de Dagon. C&rsquo;est alors que ce diable de \u00ab\u00a0Fish Eye\u00a0\u00bb d\u00e9charge son fusil, et met D\u00e9d\u00e9 au sol. L&rsquo;acolyte restant ach\u00e8ve D\u00e9d\u00e9, qui en oublie d&rsquo;utiliser ses jetons de chair restants (Argh !). A la fin du tour, le Grand Pr\u00eatre d\u00e9c\u00e8de de ses blessures. Au vu des pertes, chaque \u00e9quipe fait un test de Sang-Froid, mais tout le monde reste !<\/p>\n\n\n\n<p>Le sixi\u00e8me tour voit une vague de folie se manifester \u00e0 nouveau, donnant de la puissance aux adeptes des sortil\u00e8ges d&rsquo;Eldritch. Malheureusement, le Grand Pr\u00eatre vient de d\u00e9c\u00e9der et ne profitera pas de cet inf\u00e2me bonus ! Avec seulement 2 figurines et donc 1 seule carte, c&rsquo;est p\u00e9p\u00e9 Butch qui tente de tirer sur \u00ab\u00a0Fish Eye\u00a0\u00bb : c&rsquo;est malheureusement un \u00e9chec avec l&rsquo;enrayement de sa vieille p\u00e9toire ! En retour, \u00ab\u00a0Fish Eye\u00a0\u00bb &#8211; encore lui &#8211; en profite et abat froidement p\u00e9p\u00e9 Butch. La pauvre m\u00e9m\u00e9 se retrouve toute seule, et ce coup-ci, perd son sang-froid et fuit l&rsquo;abominable zone&#8230;<\/p>\n\n\n\n<p>Victoire totale de adeptes de Dagon dans tout les cas : sang-froid et points de victoire  (8 contre 7). La famille Clover est certes d\u00e9faite, mais d&rsquo;autres cousins viendront se venger, foi de M\u00e9m\u00e9 Piggy !<\/p>\n\n\n\n<p>Au final, partie tr\u00e8s agr\u00e9able, et tr\u00e8s disput\u00e9e jusqu&rsquo;au dernier moment. Les conditions d&rsquo;obscurit\u00e9 sont tr\u00e8s sympas et viennent aider les progressions pour les combattants au corps \u00e0 corps, mais la mutation \u00ab\u00a0Fish Eye\u00a0\u00bb est plus que bienvenue pour l&rsquo;\u00e9quipe qui la poss\u00e8de ! Le d\u00e9placement dans l&rsquo;eau est vraiment bien g\u00e9r\u00e9, c&rsquo;est \u00e0 dire qu&rsquo;on peut s&rsquo;y d\u00e9placer et que ce n&rsquo;est pas un milieu compl\u00e8tement \u00ab\u00a0bloquant\u00a0\u00bb, ce qui est appr\u00e9ciable. Le \u00ab\u00a0Pool of Madness\u00a0\u00bb vient apporter un piment suppl\u00e9mentaire en d\u00e9but de chaque tour \u00e9galement. Que du bon, quoi !<\/p>\n\n\n\n<p>Galerie compl\u00e8te : <\/p>\n\n\n\n<figure class=\"wp-block-image is-resized\"><img loading=\"lazy\" decoding=\"async\" src=\"https:\/\/www.lahiette.com\/leratierbretonnien\/wp-content\/uploads\/2019\/09\/DSCN4694-8-1024x768.jpg\" alt=\"\" class=\"wp-image-961\" width=\"512\" height=\"384\" srcset=\"https:\/\/www.lahiette.com\/leratierbretonnien\/wp-content\/uploads\/2019\/09\/DSCN4694-8-1024x768.jpg 1024w, https:\/\/www.lahiette.com\/leratierbretonnien\/wp-content\/uploads\/2019\/09\/DSCN4694-8-300x225.jpg 300w, https:\/\/www.lahiette.com\/leratierbretonnien\/wp-content\/uploads\/2019\/09\/DSCN4694-8-768x576.jpg 768w\" sizes=\"auto, (max-width: 512px) 100vw, 512px\" \/><\/figure>\n\n\n\n<figure class=\"wp-block-image is-resized\"><img loading=\"lazy\" decoding=\"async\" src=\"https:\/\/www.lahiette.com\/leratierbretonnien\/wp-content\/uploads\/2019\/09\/DSCN4694-2-1024x768.jpg\" alt=\"\" class=\"wp-image-956\" width=\"512\" height=\"384\" srcset=\"https:\/\/www.lahiette.com\/leratierbretonnien\/wp-content\/uploads\/2019\/09\/DSCN4694-2-1024x768.jpg 1024w, https:\/\/www.lahiette.com\/leratierbretonnien\/wp-content\/uploads\/2019\/09\/DSCN4694-2-300x225.jpg 300w, https:\/\/www.lahiette.com\/leratierbretonnien\/wp-content\/uploads\/2019\/09\/DSCN4694-2-768x576.jpg 768w\" sizes=\"auto, (max-width: 512px) 100vw, 512px\" \/><\/figure>\n\n\n\n<figure class=\"wp-block-image is-resized\"><img loading=\"lazy\" decoding=\"async\" src=\"https:\/\/www.lahiette.com\/leratierbretonnien\/wp-content\/uploads\/2019\/09\/DSCN4694-1-1024x768.jpg\" alt=\"\" class=\"wp-image-955\" width=\"512\" height=\"384\" srcset=\"https:\/\/www.lahiette.com\/leratierbretonnien\/wp-content\/uploads\/2019\/09\/DSCN4694-1-1024x768.jpg 1024w, https:\/\/www.lahiette.com\/leratierbretonnien\/wp-content\/uploads\/2019\/09\/DSCN4694-1-300x225.jpg 300w, https:\/\/www.lahiette.com\/leratierbretonnien\/wp-content\/uploads\/2019\/09\/DSCN4694-1-768x576.jpg 768w\" sizes=\"auto, (max-width: 512px) 100vw, 512px\" \/><\/figure>\n","protected":false},"excerpt":{"rendered":"<p>L&rsquo;objectif du jour \u00e9tait de tester certains ajouts du suppl\u00e9ment \u00ab\u00a0Forbidden Power\u00a0\u00bb, suppl\u00e9ment qui devrait d&rsquo;ailleurs bient\u00f4t \u00eatre traduit en Fran\u00e7ais \u00e0 l&rsquo;heure ou j&rsquo; \u00e9cris. Nous avons donc test\u00e9 les r\u00e8gles sur les conditions, l&rsquo;eau, le \u00ab\u00a0Pool of Madness\u00a0\u00bb, &hellip; <a href=\"https:\/\/www.lahiette.com\/leratierbretonnien\/wargames-figurines\/draculas-america\/da-madness-dans-le-bayou\/\">Continuer la lecture <span class=\"meta-nav\">&rarr;<\/span><\/a><\/p>\n","protected":false},"author":1,"featured_media":0,"parent":120,"menu_order":0,"comment_status":"open","ping_status":"closed","template":"","meta":{"footnotes":""},"class_list":["post-962","page","type-page","status-publish","hentry"],"_links":{"self":[{"href":"https:\/\/www.lahiette.com\/leratierbretonnien\/wp-json\/wp\/v2\/pages\/962","targetHints":{"allow":["GET"]}}],"collection":[{"href":"https:\/\/www.lahiette.com\/leratierbretonnien\/wp-json\/wp\/v2\/pages"}],"about":[{"href":"https:\/\/www.lahiette.com\/leratierbretonnien\/wp-json\/wp\/v2\/types\/page"}],"author":[{"embeddable":true,"href":"https:\/\/www.lahiette.com\/leratierbretonnien\/wp-json\/wp\/v2\/users\/1"}],"replies":[{"embeddable":true,"href":"https:\/\/www.lahiette.com\/leratierbretonnien\/wp-json\/wp\/v2\/comments?post=962"}],"version-history":[{"count":42,"href":"https:\/\/www.lahiette.com\/leratierbretonnien\/wp-json\/wp\/v2\/pages\/962\/revisions"}],"predecessor-version":[{"id":1992,"href":"https:\/\/www.lahiette.com\/leratierbretonnien\/wp-json\/wp\/v2\/pages\/962\/revisions\/1992"}],"up":[{"embeddable":true,"href":"https:\/\/www.lahiette.com\/leratierbretonnien\/wp-json\/wp\/v2\/pages\/120"}],"wp:attachment":[{"href":"https:\/\/www.lahiette.com\/leratierbretonnien\/wp-json\/wp\/v2\/media?parent=962"}],"curies":[{"name":"wp","href":"https:\/\/api.w.org\/{rel}","templated":true}]}}