{"id":931,"date":"2019-08-23T12:29:30","date_gmt":"2019-08-23T10:29:30","guid":{"rendered":"http:\/\/www.lahiette.com\/leratierbretonnien\/?page_id=931"},"modified":"2025-11-17T11:10:44","modified_gmt":"2025-11-17T10:10:44","slug":"a-propose-du-jdr-et-des-figurines","status":"publish","type":"page","link":"https:\/\/www.lahiette.com\/leratierbretonnien\/trucs-divers\/a-propose-du-jdr-et-des-figurines\/","title":{"rendered":"A propos du JDR et des Figurines"},"content":{"rendered":"\n<p>Au gr\u00e9 des discussions en ligne et dans la vraie vie, le sujet de jouer avec des figurines lors des actions (combats principalement) en JDR revient r\u00e9guli\u00e8rement. Comme je fais toujours la m\u00eame r\u00e9ponse, je l&rsquo;enregistre ici \u00e9galement \ud83d\ude42<\/p>\n\n\n\n<p>En un mot comme en cent : je n&rsquo;aime pas simuler les combats\/actions avec des figurines en JDR. Et pour autant, je joue \u00e0 des Wargames avec moults figurines. Contradiction ? Pas du tout \u00e0 mon sens.<\/p>\n\n\n\n<p>Le fait d&rsquo;utiliser des figurines en JDR vient mat\u00e9rialiser de mani\u00e8re pr\u00e9cise la situation. Et autour de la table, chacun bascule alors dans un mode \u00ab\u00a0optimisation\u00a0\u00bb, o\u00f9 les d\u00e9placements deviennent compt\u00e9s, les positionnement strat\u00e9giques, etc, etc. Fini la tension et la pression dramatique : tout devient calculatoire et d&rsquo;une pr\u00e9cision imparable. Si j&rsquo;aime cette pr\u00e9cision dans le cas d&rsquo;un wargame, je ne l&rsquo;aime absolument pas en JDR, car elle vient casser toutes les dynamiques \u00ab\u00a0r\u00f4listes\u00a0\u00bb mises en place. <\/p>\n\n\n\n<p>En ce qu&rsquo;il me concerne, les combats, lorsque c&rsquo;est n\u00e9cessaire, sont mat\u00e9rialis\u00e9s par un plan ou dessin, sur lequel je viens ajouter au crayon \u00e0 papier et au fur et \u00e0 mesure des tours, la position grossi\u00e8re de chacun. Vous allez me dire que ce n&rsquo;est pas tr\u00e8s diff\u00e9rent de mettre des figurines sur une grille, mais en fait si. J&rsquo;ai envie que ce PNJ charge ce joueur ? Oui, je le fais, et je n&rsquo;ai pas \u00e0 compter X cases. Dans une action d\u00e9sesp\u00e9r\u00e9e, un des PJs d\u00e9cide de lancer un sort sur un gros m\u00e9chant en train de trucider un compagnon, m\u00e9chant qui est l\u00e9g\u00e8rement hors de port\u00e9e du sort ? Je l&rsquo;autorise. <\/p>\n\n\n\n<p>Sur le plan crayonn\u00e9, les distances restent dans un l\u00e9ger flou, flou qui permet de mettre de la tension, d&rsquo;apporter du dynamisme et d&rsquo;offrir de la place aux actions d&rsquo;\u00e9clat r\u00f4listique. Dans le cadre d&rsquo;un battlemat avec figurines, le combat tombe dans une structure de type jeu de plateau ou wargame. Ce n&rsquo;est pas que je n&rsquo;aime pas le jeu de plateau ou le wargame, c&rsquo;est que je n&rsquo;aime pas me retrouver \u00e0 en faire un milieu d&rsquo;une partie de JDR !<\/p>\n\n\n\n<p>En r\u00e9sum\u00e9  : le pouvoir de de l&rsquo;imagination et de la suggestion est bien plus puissant que la simulation figuriniste \ud83d\ude42<\/p>\n\n\n\n<p>Voil\u00e0, c&rsquo;est mon avis, et il est naturellement critiquable, chacune et chacun faisant ce qu&rsquo;il veut autour de sa table, bien entendu.<\/p>\n","protected":false},"excerpt":{"rendered":"<p>Au gr\u00e9 des discussions en ligne et dans la vraie vie, le sujet de jouer avec des figurines lors des actions (combats principalement) en JDR revient r\u00e9guli\u00e8rement. Comme je fais toujours la m\u00eame r\u00e9ponse, je l&rsquo;enregistre ici \u00e9galement \ud83d\ude42 En &hellip; <a href=\"https:\/\/www.lahiette.com\/leratierbretonnien\/trucs-divers\/a-propose-du-jdr-et-des-figurines\/\">Continuer la lecture <span class=\"meta-nav\">&rarr;<\/span><\/a><\/p>\n","protected":false},"author":1,"featured_media":0,"parent":405,"menu_order":0,"comment_status":"open","ping_status":"closed","template":"","meta":{"footnotes":""},"class_list":["post-931","page","type-page","status-publish","hentry"],"_links":{"self":[{"href":"https:\/\/www.lahiette.com\/leratierbretonnien\/wp-json\/wp\/v2\/pages\/931","targetHints":{"allow":["GET"]}}],"collection":[{"href":"https:\/\/www.lahiette.com\/leratierbretonnien\/wp-json\/wp\/v2\/pages"}],"about":[{"href":"https:\/\/www.lahiette.com\/leratierbretonnien\/wp-json\/wp\/v2\/types\/page"}],"author":[{"embeddable":true,"href":"https:\/\/www.lahiette.com\/leratierbretonnien\/wp-json\/wp\/v2\/users\/1"}],"replies":[{"embeddable":true,"href":"https:\/\/www.lahiette.com\/leratierbretonnien\/wp-json\/wp\/v2\/comments?post=931"}],"version-history":[{"count":17,"href":"https:\/\/www.lahiette.com\/leratierbretonnien\/wp-json\/wp\/v2\/pages\/931\/revisions"}],"predecessor-version":[{"id":3199,"href":"https:\/\/www.lahiette.com\/leratierbretonnien\/wp-json\/wp\/v2\/pages\/931\/revisions\/3199"}],"up":[{"embeddable":true,"href":"https:\/\/www.lahiette.com\/leratierbretonnien\/wp-json\/wp\/v2\/pages\/405"}],"wp:attachment":[{"href":"https:\/\/www.lahiette.com\/leratierbretonnien\/wp-json\/wp\/v2\/media?parent=931"}],"curies":[{"name":"wp","href":"https:\/\/api.w.org\/{rel}","templated":true}]}}