{"id":882,"date":"2019-07-28T08:27:13","date_gmt":"2019-07-28T06:27:13","guid":{"rendered":"http:\/\/www.lahiette.com\/leratierbretonnien\/?page_id=882"},"modified":"2020-09-15T19:57:21","modified_gmt":"2020-09-15T17:57:21","slug":"da-convergence-extreme","status":"publish","type":"page","link":"https:\/\/www.lahiette.com\/leratierbretonnien\/wargames-figurines\/draculas-america\/da-convergence-extreme\/","title":{"rendered":"DA : Convergence extr\u00eame"},"content":{"rendered":"\n<p>Pour ce sixi\u00e8me sc\u00e9nario, nous d\u00e9cidons de tester une partie \u00e0 5, mais group\u00e9s sous forme de 2 \u00e9quipes (1 de 3, 1 de 2). A ce jeu, les Indiens et la Congr\u00e9gation se mettent ensemble et affrontent donc le trio Vampires\/Sorci\u00e8res\/Conf\u00e9d\u00e9r\u00e9s.<\/p>\n\n\n\n<p>Pour la construction des \u00e9quipes, nous modifions les r\u00e8gles, afin de tenter de compenser l&rsquo;avantage d&rsquo;avoir 3 boss d&rsquo;un c\u00f4t\u00e9 et 2 de l&rsquo;autre : <\/p>\n\n\n\n<ul class=\"wp-block-list\"><li>l&rsquo;\u00e9quipe avec 2 boss b\u00e9n\u00e9ficie d&rsquo;une carte suppl\u00e9mentaire chaque tour, \u00e0 se r\u00e9partir entre eux, <\/li><li>le nombre total des figurines doit \u00eatre \u00e9gal de chaque c\u00f4t\u00e9.<\/li><\/ul>\n\n\n\n<p>Ca d\u00e9marre : chacun se d\u00e9place en fonction des objectifs les plus proches et les premiers tirs sont \u00e9chang\u00e9s de part en d&rsquo;autre. Au gr\u00e9 du basculement d&rsquo;un monde \u00e0 l&rsquo;autre, des objectifs, aucune victoire ne se dessine jusqu&rsquo;au 4 i\u00e8me tour. A ce moment l\u00e0, suite \u00e0 une s\u00e9rie de tirs plut\u00f4t r\u00e9ussi, la Congr\u00e9gation et les Indiens subissent pas mal de pertes, les obligeant \u00e0 l\u00e2cher quelques objectifs. <\/p>\n\n\n\n<p>Apr\u00e8s une tentative d\u00e9sesp\u00e9r\u00e9 \u00e0 l&rsquo;aide de son Serpent du Temple &#8211; qui a bien faille r\u00e9ussir &#8211; c&rsquo;est malgr\u00e9 tout le triptyque Sorci\u00e8res\/Vampires\/Conf\u00e9d\u00e9r\u00e9s qui gagnent la manche !<\/p>\n\n\n\n<p>La phase de progression voit son lot de morts (Indiens&#8230;) et de diverses progressions et achats.<\/p>\n\n\n\n<p>La partie est assez &#8211; trop ? &#8211;  longue \u00e0 5, et la r\u00e8gle d&rsquo;\u00e9quilibrage n&rsquo;a pas \u00e9t\u00e9 compl\u00e8tement satisfaisante : je pense que dans les \u00e9quipes asym\u00e9triques, l&rsquo;\u00e9quipe avec le moins de boss doit ajouter 1 figurine en plus \u00e0 son total. A tester &#8230;<\/p>\n\n\n\n<p class=\"has-medium-font-size\"><strong>3h10 vers le Purgatoire !<\/strong><\/p>\n\n\n\n<p class=\"has-text-align-left\">Pour ce sc\u00e9nario vraiment pr\u00e9vu pour 2 joueurs, nous d\u00e9cidons d&rsquo;introduire une 6i\u00e8me bande, qui sera jou\u00e9e en suppl\u00e9ment : l&rsquo;Ordre Cr\u00e9pusculaire. La mise en place du plateau est assez rapide. J&rsquo;ai utilis\u00e9 un train et wagon de chez Sarissa que j&rsquo;avais d\u00e9j\u00e0 et &#8211; afin d&rsquo;avoir une seconde table en parall\u00e8le &#8211; j&rsquo;ai compl\u00e9t\u00e9 avec le train de chez TTCombat (1 train complet pour environ 25 EUR, c&rsquo;est assez imbattable, mais voir plus bas).<\/p>\n\n\n\n<p>Pour ce sc\u00e9nario, nous avons les oppositions suivantes :  Congr\u00e9gation vs Sorci\u00e8res, Vampires vs Indiens et Ordre Cr\u00e9pusculaire vs Conf\u00e9d\u00e9r\u00e9s. <\/p>\n\n\n\n<p>C\u00f4t\u00e9 Congr\u00e9gation vs Sorci\u00e8res, ces derni\u00e8res d\u00e9cident d&rsquo;atteindre la locomotive depuis le sol, tandis que la Congr\u00e9gation se rapproche directement des wagons. Ces derniers, \u00e9quip\u00e9s de Fusil de Chasse tirent \u00e0 vue sur les 3 sorci\u00e8res et leur Gardien. Malgr\u00e9 le malus du sc\u00e9nario pour les tirs, 2 figurines de Salem sont rapidement sonn\u00e9es. De plus, l&rsquo;arcaniste de la Congr\u00e9gation invoque un Serpent du Temple qu&rsquo;il arrive \u00e0 placer de l&rsquo;autre c\u00f4t\u00e9 du Train, juste \u00e0 port\u00e9e des Sorci\u00e8res. Avec une Explosion Magique r\u00e9ussie, le Serpent repart imm\u00e9diatement dans sa dimension \ud83d\ude42 ! Cependant, les tireurs Congr\u00e9gationnistes (!) continuent d&rsquo;arroser leur adversaire en exploitant les espaces entre les wagons. Risquant le tout pour le tout, le Gardien des sorci\u00e8res se rapproche alors \u00e0 port\u00e9e courte du Boss adverse et lui d\u00e9charge son shotgun : \u00e9chec de la sauvegarde et disparition du Boss ! Apr\u00e8s un mauvais d\u00e9but, les Sorci\u00e8res parviennent \u00e0 retourner un peu la situation ! Gr\u00e2ce \u00e0 son sortil\u00e8ge \u00ab\u00a0Saut Spirituel\u00a0\u00bb, la Sorci\u00e8re se t\u00e9l\u00e9porte \u00e0 bord du train, qui en profite pour basculer dans les terrains de chasse. Entre temps, le gardien et l&rsquo;une des sorci\u00e8res sont abattus et quittent donc la table.  La sorci\u00e8re restante freine le train, r\u00e9siste \u00e0 2 tirs bien plac\u00e9 et finit par fait sortir le train gr\u00e2ce \u00e0 un tirage de carte avantageux !<\/p>\n\n\n\n<figure class=\"wp-block-image is-resized\"><img loading=\"lazy\" decoding=\"async\" src=\"https:\/\/www.lahiette.com\/leratierbretonnien\/wp-content\/uploads\/2019\/08\/IMG_20190816_170547-1024x768.jpg\" alt=\"\" class=\"wp-image-899\" width=\"512\" height=\"384\"\/><figcaption>Les sorci\u00e8res tentent de se prot\u00e9ger des tirs de la Congr\u00e9gation derri\u00e8re un rocher de passage<\/figcaption><\/figure>\n\n\n\n<p>C\u00f4t\u00e9 Vampires et Indiens, les 2 bandes progressent vers le train chacune de leur c\u00f4t\u00e9. Rapidement, les Indiens parviennent au train mais perdent leur Boss sur un \u00e9chec total lors de la mont\u00e9e. Gr\u00e2ce \u00e0 leur vitesse naturelle, les 2 changes peaux progressent vers la locomotive, l&rsquo;un d&rsquo;entre eux se transformant pour rentrer dedans. En parall\u00e8le, les Vampires se placent dans le train, en \u00e9vitant les obstacles, plus nombreux de leur c\u00f4t\u00e9. Les Indiens parviennent \u00e0 freiner la locomotive et le change peau sous forme animale charge l&rsquo;un des Infants : suite \u00e0 une mauvaise sauvegarde, l&rsquo;Infant tombe du train. Revanchard, l&rsquo;autre Infant s&rsquo;attaque alors au Change Peau et parvient \u00e0 l&rsquo;\u00e9liminer et \u00e0 le croquer. Le Boss des Vampires tire alors sur le conducteur de la locomotive, mais ne parvient pas \u00e0 l&rsquo;\u00e9liminer. Malheureusement, avec une seule figurine, le joueur Indien \u00e9choue \u00e0 son test de sang-froid ! Perte de la partie au 7i\u00e8me tour !<\/p>\n\n\n\n<p>Sur les deux autres confrontation, les victoires reviennent aux Vampires et \u00e0 l&rsquo;Ordre Cr\u00e9pusculaire. Dans les 2 cas, la parties se sont termin\u00e9s sur la perte totale des figurines des \u00e9quipes perdantes, notamment avec le jet de mont\u00e9e \u00e0 bord du train, qui a vu les bandes faire pas mal de &lsquo;1&rsquo;.<\/p>\n\n\n\n<figure class=\"wp-block-image is-resized\"><img loading=\"lazy\" decoding=\"async\" src=\"https:\/\/www.lahiette.com\/leratierbretonnien\/wp-content\/uploads\/2019\/08\/IMG_20190816_170555-1024x768.jpg\" alt=\"\" class=\"wp-image-900\" width=\"512\" height=\"384\"\/><figcaption>Vue de dessus, le petit wagon de queue est de chez TTcombat (pas peint d\u00e9sol\u00e9 \ud83d\ude42 !<\/figcaption><\/figure>\n\n\n\n<p>Au final, c&rsquo;est un excellent sc\u00e9nario et les d\u00e9cors qui bougent pour simuler l&rsquo;avanc\u00e9e du train sont une tr\u00e8s bonne id\u00e9e. C&rsquo;est un sc\u00e9nario \u00e9galement assez mortel, car d\u00e8s qu&rsquo;une figurine est au sol ou tombe du train, elle est retir\u00e9e comme perte. En tout cas un tr\u00e8s bon moment. <\/p>\n\n\n\n<p>Concernant le train command\u00e9 chez TTCombat, je vous recommande les wagons, qui sont \u00e0 peu pr\u00e8s compatibles avec la gamme de Sarissa. Par contre, je ne vous conseille pas la locomotive, elle est vraiment trop rudimentaire et vraiment pas belle.<\/p>\n\n\n\n<p>Fin de la campagne dans quelques semaines \ud83d\ude42<\/p>\n\n\n\n<p>En compl\u00e9ment, quelques photos des 2 tables :<\/p>\n\n\n\n<figure class=\"wp-block-gallery columns-3 is-cropped wp-block-gallery-1 is-layout-flex wp-block-gallery-is-layout-flex\"><ul class=\"blocks-gallery-grid\"><li class=\"blocks-gallery-item\"><figure><img loading=\"lazy\" decoding=\"async\" width=\"1024\" height=\"575\" src=\"https:\/\/www.lahiette.com\/leratierbretonnien\/wp-content\/uploads\/2019\/08\/WP_20190816_010-1024x575.jpg\" alt=\"\" data-id=\"928\" data-link=\"https:\/\/www.lahiette.com\/leratierbretonnien\/wp_20190816_010\/\" class=\"wp-image-928\" srcset=\"https:\/\/www.lahiette.com\/leratierbretonnien\/wp-content\/uploads\/2019\/08\/WP_20190816_010-1024x575.jpg 1024w, https:\/\/www.lahiette.com\/leratierbretonnien\/wp-content\/uploads\/2019\/08\/WP_20190816_010-300x169.jpg 300w, https:\/\/www.lahiette.com\/leratierbretonnien\/wp-content\/uploads\/2019\/08\/WP_20190816_010-768x431.jpg 768w\" sizes=\"auto, (max-width: 1024px) 100vw, 1024px\" \/><\/figure><\/li><li class=\"blocks-gallery-item\"><figure><img loading=\"lazy\" decoding=\"async\" width=\"575\" height=\"1024\" src=\"https:\/\/www.lahiette.com\/leratierbretonnien\/wp-content\/uploads\/2019\/08\/WP_20190816_009-575x1024.jpg\" alt=\"\" data-id=\"927\" data-link=\"https:\/\/www.lahiette.com\/leratierbretonnien\/wp_20190816_009\/\" class=\"wp-image-927\" srcset=\"https:\/\/www.lahiette.com\/leratierbretonnien\/wp-content\/uploads\/2019\/08\/WP_20190816_009-575x1024.jpg 575w, https:\/\/www.lahiette.com\/leratierbretonnien\/wp-content\/uploads\/2019\/08\/WP_20190816_009-169x300.jpg 169w, https:\/\/www.lahiette.com\/leratierbretonnien\/wp-content\/uploads\/2019\/08\/WP_20190816_009-768x1367.jpg 768w, https:\/\/www.lahiette.com\/leratierbretonnien\/wp-content\/uploads\/2019\/08\/WP_20190816_009.jpg 1456w\" sizes=\"auto, (max-width: 575px) 100vw, 575px\" \/><\/figure><\/li><li class=\"blocks-gallery-item\"><figure><img loading=\"lazy\" decoding=\"async\" width=\"575\" height=\"1024\" src=\"https:\/\/www.lahiette.com\/leratierbretonnien\/wp-content\/uploads\/2019\/08\/WP_20190816_008-575x1024.jpg\" alt=\"\" data-id=\"926\" data-link=\"https:\/\/www.lahiette.com\/leratierbretonnien\/wp_20190816_008\/\" class=\"wp-image-926\" srcset=\"https:\/\/www.lahiette.com\/leratierbretonnien\/wp-content\/uploads\/2019\/08\/WP_20190816_008-575x1024.jpg 575w, https:\/\/www.lahiette.com\/leratierbretonnien\/wp-content\/uploads\/2019\/08\/WP_20190816_008-169x300.jpg 169w, https:\/\/www.lahiette.com\/leratierbretonnien\/wp-content\/uploads\/2019\/08\/WP_20190816_008-768x1367.jpg 768w, https:\/\/www.lahiette.com\/leratierbretonnien\/wp-content\/uploads\/2019\/08\/WP_20190816_008.jpg 1456w\" sizes=\"auto, (max-width: 575px) 100vw, 575px\" \/><\/figure><\/li><li class=\"blocks-gallery-item\"><figure><img loading=\"lazy\" decoding=\"async\" width=\"575\" height=\"1024\" src=\"https:\/\/www.lahiette.com\/leratierbretonnien\/wp-content\/uploads\/2019\/08\/WP_20190816_005-575x1024.jpg\" alt=\"\" data-id=\"925\" data-link=\"https:\/\/www.lahiette.com\/leratierbretonnien\/wp_20190816_005\/\" class=\"wp-image-925\" srcset=\"https:\/\/www.lahiette.com\/leratierbretonnien\/wp-content\/uploads\/2019\/08\/WP_20190816_005-575x1024.jpg 575w, https:\/\/www.lahiette.com\/leratierbretonnien\/wp-content\/uploads\/2019\/08\/WP_20190816_005-169x300.jpg 169w, https:\/\/www.lahiette.com\/leratierbretonnien\/wp-content\/uploads\/2019\/08\/WP_20190816_005-768x1367.jpg 768w, https:\/\/www.lahiette.com\/leratierbretonnien\/wp-content\/uploads\/2019\/08\/WP_20190816_005.jpg 1456w\" sizes=\"auto, (max-width: 575px) 100vw, 575px\" \/><\/figure><\/li><li class=\"blocks-gallery-item\"><figure><img loading=\"lazy\" decoding=\"async\" width=\"1024\" height=\"575\" src=\"https:\/\/www.lahiette.com\/leratierbretonnien\/wp-content\/uploads\/2019\/08\/WP_20190816_004-1024x575.jpg\" alt=\"\" data-id=\"924\" data-link=\"https:\/\/www.lahiette.com\/leratierbretonnien\/wp_20190816_004\/\" class=\"wp-image-924\" srcset=\"https:\/\/www.lahiette.com\/leratierbretonnien\/wp-content\/uploads\/2019\/08\/WP_20190816_004-1024x575.jpg 1024w, https:\/\/www.lahiette.com\/leratierbretonnien\/wp-content\/uploads\/2019\/08\/WP_20190816_004-300x169.jpg 300w, https:\/\/www.lahiette.com\/leratierbretonnien\/wp-content\/uploads\/2019\/08\/WP_20190816_004-768x431.jpg 768w\" sizes=\"auto, (max-width: 1024px) 100vw, 1024px\" \/><\/figure><\/li><li class=\"blocks-gallery-item\"><figure><img loading=\"lazy\" decoding=\"async\" width=\"575\" height=\"1024\" src=\"https:\/\/www.lahiette.com\/leratierbretonnien\/wp-content\/uploads\/2019\/08\/WP_20190816_003-575x1024.jpg\" alt=\"\" data-id=\"923\" data-link=\"https:\/\/www.lahiette.com\/leratierbretonnien\/wp_20190816_003\/\" class=\"wp-image-923\" srcset=\"https:\/\/www.lahiette.com\/leratierbretonnien\/wp-content\/uploads\/2019\/08\/WP_20190816_003-575x1024.jpg 575w, https:\/\/www.lahiette.com\/leratierbretonnien\/wp-content\/uploads\/2019\/08\/WP_20190816_003-169x300.jpg 169w, https:\/\/www.lahiette.com\/leratierbretonnien\/wp-content\/uploads\/2019\/08\/WP_20190816_003-768x1367.jpg 768w, https:\/\/www.lahiette.com\/leratierbretonnien\/wp-content\/uploads\/2019\/08\/WP_20190816_003.jpg 1456w\" sizes=\"auto, (max-width: 575px) 100vw, 575px\" \/><\/figure><\/li><li class=\"blocks-gallery-item\"><figure><img loading=\"lazy\" decoding=\"async\" width=\"575\" height=\"1024\" src=\"https:\/\/www.lahiette.com\/leratierbretonnien\/wp-content\/uploads\/2019\/08\/WP_20190816_002-575x1024.jpg\" alt=\"\" data-id=\"922\" data-link=\"https:\/\/www.lahiette.com\/leratierbretonnien\/wp_20190816_002\/\" class=\"wp-image-922\" srcset=\"https:\/\/www.lahiette.com\/leratierbretonnien\/wp-content\/uploads\/2019\/08\/WP_20190816_002-575x1024.jpg 575w, https:\/\/www.lahiette.com\/leratierbretonnien\/wp-content\/uploads\/2019\/08\/WP_20190816_002-169x300.jpg 169w, https:\/\/www.lahiette.com\/leratierbretonnien\/wp-content\/uploads\/2019\/08\/WP_20190816_002-768x1367.jpg 768w, https:\/\/www.lahiette.com\/leratierbretonnien\/wp-content\/uploads\/2019\/08\/WP_20190816_002.jpg 1456w\" sizes=\"auto, (max-width: 575px) 100vw, 575px\" \/><\/figure><\/li><li class=\"blocks-gallery-item\"><figure><img loading=\"lazy\" decoding=\"async\" width=\"1024\" height=\"575\" src=\"https:\/\/www.lahiette.com\/leratierbretonnien\/wp-content\/uploads\/2019\/08\/WP_20190816_001-1024x575.jpg\" alt=\"\" data-id=\"921\" data-link=\"https:\/\/www.lahiette.com\/leratierbretonnien\/wp_20190816_001\/\" class=\"wp-image-921\" srcset=\"https:\/\/www.lahiette.com\/leratierbretonnien\/wp-content\/uploads\/2019\/08\/WP_20190816_001-1024x575.jpg 1024w, https:\/\/www.lahiette.com\/leratierbretonnien\/wp-content\/uploads\/2019\/08\/WP_20190816_001-300x169.jpg 300w, https:\/\/www.lahiette.com\/leratierbretonnien\/wp-content\/uploads\/2019\/08\/WP_20190816_001-768x431.jpg 768w\" sizes=\"auto, (max-width: 1024px) 100vw, 1024px\" \/><\/figure><\/li><\/ul><\/figure>\n\n\n\n<p><\/p>\n","protected":false},"excerpt":{"rendered":"<p>Pour ce sixi\u00e8me sc\u00e9nario, nous d\u00e9cidons de tester une partie \u00e0 5, mais group\u00e9s sous forme de 2 \u00e9quipes (1 de 3, 1 de 2). A ce jeu, les Indiens et la Congr\u00e9gation se mettent ensemble et affrontent donc le &hellip; <a href=\"https:\/\/www.lahiette.com\/leratierbretonnien\/wargames-figurines\/draculas-america\/da-convergence-extreme\/\">Continuer la lecture <span class=\"meta-nav\">&rarr;<\/span><\/a><\/p>\n","protected":false},"author":1,"featured_media":0,"parent":120,"menu_order":0,"comment_status":"open","ping_status":"closed","template":"","meta":{"footnotes":""},"class_list":["post-882","page","type-page","status-publish","hentry"],"_links":{"self":[{"href":"https:\/\/www.lahiette.com\/leratierbretonnien\/wp-json\/wp\/v2\/pages\/882","targetHints":{"allow":["GET"]}}],"collection":[{"href":"https:\/\/www.lahiette.com\/leratierbretonnien\/wp-json\/wp\/v2\/pages"}],"about":[{"href":"https:\/\/www.lahiette.com\/leratierbretonnien\/wp-json\/wp\/v2\/types\/page"}],"author":[{"embeddable":true,"href":"https:\/\/www.lahiette.com\/leratierbretonnien\/wp-json\/wp\/v2\/users\/1"}],"replies":[{"embeddable":true,"href":"https:\/\/www.lahiette.com\/leratierbretonnien\/wp-json\/wp\/v2\/comments?post=882"}],"version-history":[{"count":17,"href":"https:\/\/www.lahiette.com\/leratierbretonnien\/wp-json\/wp\/v2\/pages\/882\/revisions"}],"predecessor-version":[{"id":1998,"href":"https:\/\/www.lahiette.com\/leratierbretonnien\/wp-json\/wp\/v2\/pages\/882\/revisions\/1998"}],"up":[{"embeddable":true,"href":"https:\/\/www.lahiette.com\/leratierbretonnien\/wp-json\/wp\/v2\/pages\/120"}],"wp:attachment":[{"href":"https:\/\/www.lahiette.com\/leratierbretonnien\/wp-json\/wp\/v2\/media?parent=882"}],"curies":[{"name":"wp","href":"https:\/\/api.w.org\/{rel}","templated":true}]}}