{"id":88,"date":"2018-02-27T19:55:25","date_gmt":"2018-02-27T18:55:25","guid":{"rendered":"http:\/\/www.lahiette.com\/leratierbretonnien\/?page_id=88"},"modified":"2018-02-27T20:37:02","modified_gmt":"2018-02-27T19:37:02","slug":"le-recit-de-ma-campagne","status":"publish","type":"page","link":"https:\/\/www.lahiette.com\/leratierbretonnien\/deadlands-recharge\/le-recit-de-ma-campagne\/","title":{"rendered":"Le r\u00e9cit de ma campagne"},"content":{"rendered":"<h2>Les personnages<\/h2>\n<p>Dispo ici, avec des jolis dessins de notre amie et joueuse Eva :<\/p>\n<p><img loading=\"lazy\" decoding=\"async\" class=\"size-medium wp-image-92 alignnone\" src=\"https:\/\/www.lahiette.com\/leratierbretonnien\/wp-content\/uploads\/2018\/02\/bea_01-221x300.jpg\" alt=\"\" width=\"221\" height=\"300\" srcset=\"https:\/\/www.lahiette.com\/leratierbretonnien\/wp-content\/uploads\/2018\/02\/bea_01-221x300.jpg 221w, https:\/\/www.lahiette.com\/leratierbretonnien\/wp-content\/uploads\/2018\/02\/bea_01.jpg 320w\" sizes=\"auto, (max-width: 221px) 100vw, 221px\" \/>\u00a0 <img loading=\"lazy\" decoding=\"async\" class=\"alignnone size-medium wp-image-94\" src=\"https:\/\/www.lahiette.com\/leratierbretonnien\/wp-content\/uploads\/2018\/02\/lavergne_01-118x300.jpg\" alt=\"\" width=\"118\" height=\"300\" srcset=\"https:\/\/www.lahiette.com\/leratierbretonnien\/wp-content\/uploads\/2018\/02\/lavergne_01-118x300.jpg 118w, https:\/\/www.lahiette.com\/leratierbretonnien\/wp-content\/uploads\/2018\/02\/lavergne_01.jpg 320w\" sizes=\"auto, (max-width: 118px) 100vw, 118px\" \/> <img loading=\"lazy\" decoding=\"async\" class=\"alignnone size-medium wp-image-96\" src=\"https:\/\/www.lahiette.com\/leratierbretonnien\/wp-content\/uploads\/2018\/02\/taopeipei_01-196x300.png\" alt=\"\" width=\"196\" height=\"300\" srcset=\"https:\/\/www.lahiette.com\/leratierbretonnien\/wp-content\/uploads\/2018\/02\/taopeipei_01-196x300.png 196w, https:\/\/www.lahiette.com\/leratierbretonnien\/wp-content\/uploads\/2018\/02\/taopeipei_01-670x1024.png 670w, https:\/\/www.lahiette.com\/leratierbretonnien\/wp-content\/uploads\/2018\/02\/taopeipei_01.png 705w\" sizes=\"auto, (max-width: 196px) 100vw, 196px\" \/><img loading=\"lazy\" decoding=\"async\" class=\"alignnone size-medium wp-image-90\" src=\"https:\/\/www.lahiette.com\/leratierbretonnien\/wp-content\/uploads\/2018\/02\/alistair_01-200x300.jpeg\" alt=\"\" width=\"200\" height=\"300\" srcset=\"https:\/\/www.lahiette.com\/leratierbretonnien\/wp-content\/uploads\/2018\/02\/alistair_01-200x300.jpeg 200w, https:\/\/www.lahiette.com\/leratierbretonnien\/wp-content\/uploads\/2018\/02\/alistair_01.jpeg 320w\" sizes=\"auto, (max-width: 200px) 100vw, 200px\" \/><\/p>\n<h2>La rencontre et les d\u00e9buts<\/h2>\n<p>J&rsquo;ai donc dans l&rsquo;\u00e9quipe un Indien taciturne arm\u00e9 d&rsquo;un manche de pioche, une huckster issue de Whateley, une femme g\u00e9ante \u00e9chapp\u00e9e d&rsquo;un cirque ambulant, une immigr\u00e9e chinoise adepte de Kung-Fu et un savant-fou rev\u00eache. Wallace a rendu divers services \u00e0 chacune d&rsquo;entre eux, mais sans plus : ils le connaissent, ils ont besoin d&rsquo;argent et ils se retrouvent donc \u00e0 Crimson Bay, histoire de filer un coup de main.<\/p>\n<p>Dans un premier temps, seul l&rsquo;indien, la huckster et la femme-g\u00e9ante sont arriv\u00e9s \u00e0 Crimson Bay. Apr\u00e8s un premier contact avec le maire, les voil\u00e0 embauch\u00e9s pour filer un coup de main \u00e0 Drent. Apr\u00e8s quelques patrouilles dans la ville, Drent les charge d&rsquo;aller v\u00e9rifier ces histoires de b\u00e9tail tu\u00e9 chez les Sannington. Arriv\u00e9s sur place, ils ne s&rsquo;attardent pas particuli\u00e8rement sur la maison &#8211; dommage ! &#8211; et remarquent rapidement la cl\u00f4ture d\u00e9fonc\u00e9e et le b\u00e9tail \u00e9ventr\u00e9. Ils investissent le bois et se voient naturellement agress\u00e9s par nos petites tiques de prairie, ma foi fort agressives.<\/p>\n<p>Pas mal de p\u00e9pites et de litres d&rsquo;huile de vison plus tard, les voil\u00e0 accept\u00e9s par la bande de Drent, qui les f\u00e9licite de leur action muscl\u00e9e et de leur engagement.<\/p>\n<h2>L&rsquo;enqu\u00eate<\/h2>\n<p>Apr\u00e8s les f\u00e9licitations, voici nos 3 personnages rejoins par une jeune chinoise et un savant fou acari\u00e2tre. Comme indiqu\u00e9 sur cette <a href=\"https:\/\/www.lahiette.com\/leratierbretonnien\/mes-modifications-a-stone-cold-dead\/\">page<\/a> je trouve vraiment limite qu&rsquo;un PNJ comme Drent, cens\u00e9 \u00eatre un fin strat\u00e8ge d\u00e9cide d&rsquo;occuper les PJs de cette mani\u00e8re. Pourquoi ne pas les envoyer transporter des sacs d&rsquo;or dans un lointain village recul\u00e9 si il souhaite vraiment s&rsquo;en d\u00e9barrasser ?<\/p>\n<p>Bref, dans ma version, il y a vraiment eut un meurtre en ville : un arch\u00e9ologue venu vendre une statuette de poulpe \u00e0 un groupe de mages chinois. Ce groupe de mages a besoin de cette derni\u00e8re statuette pour invoquer un poulpe afin de d\u00e9truire le port de Wallace et le rendre encore plus d\u00e9pendant de Lei Pen. Les PJs sont donc charg\u00e9s d&rsquo;enqu\u00eater sur ce meurtre, perp\u00e9tr\u00e9 au nord du quartier chinois.<\/p>\n<p>Ce qu&rsquo;il s&rsquo;est pass\u00e9 :<\/p>\n<ul>\n<li>La transaction a eu lieu la veille, \u00e0 la limite nord de la ville, \u00e0 c\u00f4t\u00e9 de l\u2019\u00e9levage de porcs de Yuen Chang.<\/li>\n<li>Pour passer \u00ab\u00a0inaper\u00e7u\u00a0\u00bb et inoffensifs, les mages chinois sont d\u00e9guis\u00e9s en bonze bouddhistes,<\/li>\n<li>L&rsquo;arch\u00e9ologue a subitement demand\u00e9 un prix plus important en mena\u00e7ant les chinois avec son arme,<\/li>\n<li>Ceux-ci l&rsquo;ont tu\u00e9 d&rsquo;un sort d&rsquo;Eclair, le corps de l&rsquo;arch\u00e9ologue est donc cribl\u00e9 de petits plombs et cailloux,<\/li>\n<li>Ils sont r\u00e9cup\u00e9r\u00e9 la statuette et plac\u00e9 le corps dans une ruelle du quartier chinois, juste \u00e0 c\u00f4t\u00e9 du White Tiger,<\/li>\n<li>Ils ont ensuite rejoint leur jonque, dans le port de Crimson Bay<\/li>\n<\/ul>\n<p>Ce que les PJs peuvent d\u00e9couvrir, moyennant jets et autres questions :<\/p>\n<ul>\n<li>Le corps a \u00e9t\u00e9 d\u00e9plac\u00e9<\/li>\n<li>Le lieu du crime se trouve \u00e0 la limite nord de la ville, il y a des traces dans la boue<\/li>\n<li>L&rsquo;homme s&rsquo;appelle Al Burden, comme dans le livre, vous pouvez utilisez les m\u00eames indices de son passage, sauf qu&rsquo;il avait rendez-vous \u00e0 la nuit tomb\u00e9e vers l&rsquo;\u00e9levage de porcs,<\/li>\n<li>Le patron du White Tiger n&rsquo;a rien vu, rien entendu, mais cela peut-\u00eatre une source de fausses pistes, naturellement<\/li>\n<li>Des moines boudhistes au nombre de 12 ont \u00e9t\u00e9 vus r\u00e9guli\u00e8rement dans les environs : ils n&rsquo;ont rien \u00e0 voir avec le temple de Mr Hong<\/li>\n<li>Ces m\u00eames moines ont achet\u00e9 des vivres et les ont charg\u00e9 \u00e0 bord d&rsquo;une jonque qui est imm\u00e9diatement repartie.<\/li>\n<li>La jonque est ancr\u00e9e dans une petite crique rocheuse, \u00e0 quelques encablures au nord du port de Crimson Bay. C&rsquo;est l\u00e0 qu&rsquo;ils ont fait leur invocation et qu&rsquo;ils attendent l&rsquo;arriv\u00e9e du poulpe.<\/li>\n<\/ul>\n<p>La pr\u00e9sence des moines dans la zone du port et le fait qu&rsquo;ils n&rsquo;ont aucune lien avec le temple de Mr Hong devrait mettre la puce \u00e0 l&rsquo;oreille des joueurs et les faire progresser : l&rsquo;objectif est de leur faire trouver la jonque et qu&rsquo;ils combattent les mages chinois. Une fois les 12 mages chinois d\u00e9faits &#8211; j&rsquo;ai mis un joker et 11 extras &#8211; ils trouvent les statuettes, du mat\u00e9riel et un petit parchemin avec des id\u00e9ogrammes.<\/p>\n<p>Ce petit parchemin est important car, une fois traduit, il va indiquer de mani\u00e8re assez vague qu&rsquo;une attaque va avoir lieu sur le port et va donc donner une motivation directe aux personnages pour s&rsquo;y trouver. Cela \u00e9vite la mission vraiment trop \u00e9vidente \u00ab\u00a0allez surveiller le port je crois qu&rsquo;il va y avoir du grabuge\u00a0\u00bb pr\u00e9vue dans la campagne initialement.<\/p>\n<p>Ce qu&rsquo;ont fait mes joueurs :<\/p>\n<ul>\n<li>Ils ont tout d&rsquo;abord interrog\u00e9 M. Shou, le patron du White Tiger qui leur a paru naturellement assez suspect, m\u00eame si il n&rsquo;est pour rien dans cette affaire.<\/li>\n<li>Gr\u00e2ce \u00e0 une inspection des toits afin d&rsquo;observer la sc\u00e8ne de haut, ils se sont aper\u00e7us que le corps avait en fait \u00e9t\u00e9 d\u00e9plac\u00e9 dans la ruelle. Ils ont donc remont\u00e9 la piste et trouv\u00e9 l&rsquo;endroit ou Al Burden a trouv\u00e9 la mort.<\/li>\n<li>Ils ont ensuite fort logiquement interrog\u00e9 Yuen Chang, l&rsquo;\u00e9leveur de porcs, qui n&rsquo;\u00e9tait pas tr\u00e8s enclin \u00e0 leur livrer des renseignements. Gr\u00e2ce \u00e0 un num\u00e9ro de charme de la jeune chinoise, il devient plus bavard et indique qu&rsquo;il a simplement remarqu\u00e9 un groupe de moines boudhistes r\u00f4der dans l&rsquo;apr\u00e8s midi du meurtre.<\/li>\n<li>A ce moment de la partie, mes PJs ont investi violemment le temple de Mr. Hong, pensant que celui-ci cachait les moines dans le temple. Cela a donn\u00e9 une bonne s\u00e9quence de quiproquo et leur a mis \u00e0 dos une partie de la communaut\u00e9 chinoise.<\/li>\n<li>Un peu d\u00e9\u00e7u de ne pas avoir trouv\u00e9 le coupable \u00ab\u00a0id\u00e9al\u00a0\u00bb, ils ratissent alors les tripots et autres saloon de Crimson Bay afin de savoir si quelqu&rsquo;un a vu un groupe de moins boudhistes. Apr\u00e8s quelques \u00e9checs, un jeune docker finit par leur indiquer les avoir vu pr\u00e9s du port en train d&rsquo;acheter du mat\u00e9riel.<\/li>\n<li>A partir de l\u00e0, mes PJs ont lou\u00e9 les services d&rsquo;un p\u00eacheur et ont rep\u00e9r\u00e9 la jonque au nord du port.<\/li>\n<li>La suite s&rsquo;est sold\u00e9e par une attaque nocturne et planifi\u00e9e de la jonque, avec pour objectif de garder des prisonniers afin de les faire parler. Comme je n&rsquo;en avais pas trop envie, j&rsquo;ai fait mourir les moines soit sous les coups des PJ, soit par noyade apr\u00e8s \u00eatre tomb\u00e9 de la jonque.<\/li>\n<\/ul>\n<p>Mes joueurs se retrouvent donc avec un groupe de chinois ayant commis un rituel (mais lequel?), probablement commandit\u00e9 (mais par qui?) et ayant pour cible le port (ok, on va rester au port) : objectif atteint !<\/p>\n<h2>Le port et la pieuvre<\/h2>\n<p>A venir &#8230;<\/p>\n","protected":false},"excerpt":{"rendered":"<p>Les personnages Dispo ici, avec des jolis dessins de notre amie et joueuse Eva : \u00a0 La rencontre et les d\u00e9buts J&rsquo;ai donc dans l&rsquo;\u00e9quipe un Indien taciturne arm\u00e9 d&rsquo;un manche de pioche, une huckster issue de Whateley, une femme &hellip; <a href=\"https:\/\/www.lahiette.com\/leratierbretonnien\/deadlands-recharge\/le-recit-de-ma-campagne\/\">Continuer la lecture <span class=\"meta-nav\">&rarr;<\/span><\/a><\/p>\n","protected":false},"author":1,"featured_media":0,"parent":82,"menu_order":0,"comment_status":"open","ping_status":"closed","template":"","meta":{"footnotes":""},"class_list":["post-88","page","type-page","status-publish","hentry"],"_links":{"self":[{"href":"https:\/\/www.lahiette.com\/leratierbretonnien\/wp-json\/wp\/v2\/pages\/88","targetHints":{"allow":["GET"]}}],"collection":[{"href":"https:\/\/www.lahiette.com\/leratierbretonnien\/wp-json\/wp\/v2\/pages"}],"about":[{"href":"https:\/\/www.lahiette.com\/leratierbretonnien\/wp-json\/wp\/v2\/types\/page"}],"author":[{"embeddable":true,"href":"https:\/\/www.lahiette.com\/leratierbretonnien\/wp-json\/wp\/v2\/users\/1"}],"replies":[{"embeddable":true,"href":"https:\/\/www.lahiette.com\/leratierbretonnien\/wp-json\/wp\/v2\/comments?post=88"}],"version-history":[{"count":3,"href":"https:\/\/www.lahiette.com\/leratierbretonnien\/wp-json\/wp\/v2\/pages\/88\/revisions"}],"predecessor-version":[{"id":106,"href":"https:\/\/www.lahiette.com\/leratierbretonnien\/wp-json\/wp\/v2\/pages\/88\/revisions\/106"}],"up":[{"embeddable":true,"href":"https:\/\/www.lahiette.com\/leratierbretonnien\/wp-json\/wp\/v2\/pages\/82"}],"wp:attachment":[{"href":"https:\/\/www.lahiette.com\/leratierbretonnien\/wp-json\/wp\/v2\/media?parent=88"}],"curies":[{"name":"wp","href":"https:\/\/api.w.org\/{rel}","templated":true}]}}