{"id":84,"date":"2018-02-27T19:49:50","date_gmt":"2018-02-27T18:49:50","guid":{"rendered":"http:\/\/www.lahiette.com\/leratierbretonnien\/?page_id=84"},"modified":"2018-02-27T20:36:46","modified_gmt":"2018-02-27T19:36:46","slug":"critique-de-stone-cold-dead","status":"publish","type":"page","link":"https:\/\/www.lahiette.com\/leratierbretonnien\/deadlands-recharge\/critique-de-stone-cold-dead\/","title":{"rendered":"Critique de Stone Cold Dead"},"content":{"rendered":"<p><strong>ATTENTION<\/strong> : Les \u00e9l\u00e9ments ci -dessous sont r\u00e9serv\u00e9s aux MJ, pas aux joueurs, r\u00e9v\u00e9lations possibles !<\/p>\n<p>Voici les points positifs \u00e0 mon sens :<\/p>\n<ul>\n<li>Une tr\u00e8s bonne description de la ville o\u00f9 se d\u00e9roule la moiti\u00e9 de l&rsquo;histoire<\/li>\n<li>De bonnes id\u00e9es sc\u00e9naristiques sur la premi\u00e8re partie<\/li>\n<li>Un beau livre<\/li>\n<\/ul>\n<p>Et les n\u00e9gatifs :<\/p>\n<ul>\n<li>Certaines intrigues sont compl\u00e8tement injouables avec des joueurs confirm\u00e9s, notamment l&rsquo;enqu\u00eate sur le meurtre confi\u00e9e par le sh\u00e9rif.<\/li>\n<li>L&rsquo;aspect PMT \u00e0 ciel ouvert de la seconde partie du sc\u00e9nario (ie la poursuite du sorcier vaudou)<\/li>\n<li>L&rsquo;absence de plans, notamment pour les b\u00e2timents pr\u00e9sents \u00e0 la fin du sc\u00e9nario<\/li>\n<li>La pr\u00e9sence d&rsquo;un \u00e9ni\u00e8me bestiaire inutile<\/li>\n<li>Un beau livre<\/li>\n<\/ul>\n<p>Au final, on paye 40 EUR pour un ouvrage esth\u00e9tique, contenant une campagne que je soup\u00e7onne de n&rsquo;avoir pas \u00e9t\u00e9 r\u00e9ellement test\u00e9e, et avec 20% des pages consacr\u00e9es \u00e0 un bestiaire, qui fait office \u00e0 mon sens de remplissage. A 20 EUR, moins joli et sans bestiaire, j&rsquo;aurais d\u00e9cern\u00e9 un 14\/20, mais \u00e0 ce prix et avec ce contenu, je donne 9\/20. Le boulot du MJ reste \u00e0 mon avis cons\u00e9quent pour en faire quelque chose de valable pour ses joueurs.<\/p>\n","protected":false},"excerpt":{"rendered":"<p>ATTENTION : Les \u00e9l\u00e9ments ci -dessous sont r\u00e9serv\u00e9s aux MJ, pas aux joueurs, r\u00e9v\u00e9lations possibles ! Voici les points positifs \u00e0 mon sens : Une tr\u00e8s bonne description de la ville o\u00f9 se d\u00e9roule la moiti\u00e9 de l&rsquo;histoire De bonnes &hellip; <a href=\"https:\/\/www.lahiette.com\/leratierbretonnien\/deadlands-recharge\/critique-de-stone-cold-dead\/\">Continuer la lecture <span class=\"meta-nav\">&rarr;<\/span><\/a><\/p>\n","protected":false},"author":1,"featured_media":0,"parent":82,"menu_order":0,"comment_status":"open","ping_status":"closed","template":"","meta":{"footnotes":""},"class_list":["post-84","page","type-page","status-publish","hentry"],"_links":{"self":[{"href":"https:\/\/www.lahiette.com\/leratierbretonnien\/wp-json\/wp\/v2\/pages\/84","targetHints":{"allow":["GET"]}}],"collection":[{"href":"https:\/\/www.lahiette.com\/leratierbretonnien\/wp-json\/wp\/v2\/pages"}],"about":[{"href":"https:\/\/www.lahiette.com\/leratierbretonnien\/wp-json\/wp\/v2\/types\/page"}],"author":[{"embeddable":true,"href":"https:\/\/www.lahiette.com\/leratierbretonnien\/wp-json\/wp\/v2\/users\/1"}],"replies":[{"embeddable":true,"href":"https:\/\/www.lahiette.com\/leratierbretonnien\/wp-json\/wp\/v2\/comments?post=84"}],"version-history":[{"count":1,"href":"https:\/\/www.lahiette.com\/leratierbretonnien\/wp-json\/wp\/v2\/pages\/84\/revisions"}],"predecessor-version":[{"id":85,"href":"https:\/\/www.lahiette.com\/leratierbretonnien\/wp-json\/wp\/v2\/pages\/84\/revisions\/85"}],"up":[{"embeddable":true,"href":"https:\/\/www.lahiette.com\/leratierbretonnien\/wp-json\/wp\/v2\/pages\/82"}],"wp:attachment":[{"href":"https:\/\/www.lahiette.com\/leratierbretonnien\/wp-json\/wp\/v2\/media?parent=84"}],"curies":[{"name":"wp","href":"https:\/\/api.w.org\/{rel}","templated":true}]}}