{"id":82,"date":"2018-02-27T19:48:13","date_gmt":"2018-02-27T18:48:13","guid":{"rendered":"http:\/\/www.lahiette.com\/leratierbretonnien\/?page_id=82"},"modified":"2023-04-19T20:24:26","modified_gmt":"2023-04-19T18:24:26","slug":"deadlands-recharge","status":"publish","type":"page","link":"https:\/\/www.lahiette.com\/leratierbretonnien\/deadlands-recharge\/","title":{"rendered":"Deadlands, Recharg\u00e9 et Adventure Edition"},"content":{"rendered":"\n<h2 class=\"wp-block-heading\">SWADE \/ Deadlands Weird West<\/h2>\n\n\n\n<p>Suite \u00e0 la sortie de Swade (Savage Worlds Adventure Edition) en fran\u00e7ais chez BBE et au vu des am\u00e9liorations apport\u00e9es (notamment autour de ce p&#8230;n d&rsquo;\u00e9tat \u00ab\u00a0Secou\u00e9\u00a0\u00bb que j&rsquo;avais modifi\u00e9 d&rsquo;ailleurs entre temps), j&rsquo;ai d\u00e9cid\u00e9 de basculer ma campagne Deadlands Reloaded (et donc ses personnages) vers cette Adventure Edition. Pour info et pour \u00e9viter de vous y perdre, &lsquo;Deadlands&rsquo; s&rsquo;appelle d\u00e9sormais &lsquo;Deadlands Weird West&rsquo; dans la gamme &#8211; un poil n\u00e9buleuse &#8211; de Pinnacle, et cela vient remplacer la version &lsquo;Reloaded&rsquo;.<\/p>\n\n\n\n<p>En ce mois d&rsquo;avril 2023 les livres physiques de Deadlands Weird West (le Deadlands version SWADE, pour ceux qui n&rsquo;ont pas suivis) arrivent dans tout les saloons : <\/p>\n\n\n\n<figure class=\"wp-block-image size-large\"><img loading=\"lazy\" decoding=\"async\" width=\"1024\" height=\"649\" src=\"https:\/\/www.lahiette.com\/leratierbretonnien\/wp-content\/uploads\/2023\/04\/image-1024x649.png\" alt=\"\" class=\"wp-image-2748\" srcset=\"https:\/\/www.lahiette.com\/leratierbretonnien\/wp-content\/uploads\/2023\/04\/image-1024x649.png 1024w, https:\/\/www.lahiette.com\/leratierbretonnien\/wp-content\/uploads\/2023\/04\/image-300x190.png 300w, https:\/\/www.lahiette.com\/leratierbretonnien\/wp-content\/uploads\/2023\/04\/image-768x487.png 768w, https:\/\/www.lahiette.com\/leratierbretonnien\/wp-content\/uploads\/2023\/04\/image.png 1107w\" sizes=\"auto, (max-width: 1024px) 100vw, 1024px\" \/><figcaption class=\"wp-element-caption\">Le coffre du financement participatif de Deadlands Weird West &#8211; Black Book Editions<\/figcaption><\/figure>\n\n\n\n<p> J&rsquo;avais les PDF depuis un temps certain, mais j&rsquo;ai peu de go\u00fbt \u00e0 lire 300 pages sur \u00e9cran. Cette fois, le \u00ab\u00a0livre de base\u00a0\u00bb est disponible en A5 cartonn\u00e9, mais se compose en fait de 2 tomes : le livre principal et son compagnon. Apr\u00e8s une premi\u00e8re lecture, voici quelques points : <\/p>\n\n\n\n<ul class=\"wp-block-list\">\n<li>Le jeu se positionne en 1884, et int\u00e8gre les cons\u00e9quences des 4 campagnes de Reloaded (Le D\u00e9luge, les Derniers Fils, la Mort aux Trousses et de Bonnes Intentions). Cette int\u00e9gration est bienvenue et fait progresser l&rsquo;univers de mani\u00e8re logique, SAUF &#8230; vois le point suivant.<\/li>\n\n\n\n<li>On retrouve la description des zones des USA, des compagnies ferroviaires, tout cela avec les \u00e9volutions intervenues jusqu&rsquo;en 1884. Le reste est au final assez semblable au contenu de Reloaded.<\/li>\n\n\n\n<li><strong>Attention &#8211; plut\u00f4t pour les MJs<\/strong> :  Par contre, le background subit en m\u00eame temps une sorte de \u00ab\u00a0reset\u00a0\u00bb partiel assez curieux, pour ne pas dire compl\u00e8tement  bancal, avec une explication si capillo-tract\u00e9e que j&rsquo;en perds le peu de cheveux qu&rsquo;il me reste. Dans cette version, l&rsquo;Union a gagn\u00e9 sur le Sud en 1871 et d\u00e9sormais les \u00e9tats sont unifi\u00e9s. J&rsquo;ai du mal \u00e0 voir pourquoi un reset de ce type a \u00e9t\u00e9 jug\u00e9 n\u00e9cessaire par Pinnacle, alors qu&rsquo;il aurait assez simple de positionner la fin de la guerre en 1883 par exemple. Ce \u00ab\u00a0reset\u00a0\u00bb est expliqu\u00e9 par une sorte de bond temporel impliquant la f\u00e9e Morgane (si, si !), j&rsquo;en passe et des meilleurs. Bref je trouve ce changement compl\u00e8tement nul, pour ne pas dire pire. Si quelqu&rsquo;un y trouve un quelconque int\u00e9r\u00eat, je suis preneur de toute information explicative plus d\u00e9taill\u00e9e que les \u00e9l\u00e9ments pr\u00e9sents dans les livres -&gt; l&rsquo;explication m&rsquo;a \u00e9t\u00e9 donn\u00e9e \ud83d\ude42<\/li>\n\n\n\n<li>Donc, l&rsquo;auteur a constat\u00e9 que Deadlands \u00e9tait utilis\u00e9 par des groupes jouant des conf\u00e9d\u00e9r\u00e9s, avec un objectif de racisme\/supr\u00e9macisme blanc. Souhaitant couper court \u00e0 toute r\u00e9cup\u00e9ration de son jeu dans ce domaine &#8211; ce que l&rsquo;on peut comprendre &#8211; , il a donc d\u00e9cid\u00e9 de faire ce \u00ab\u00a0reset\u00a0\u00bb temporel et de positionner l&rsquo;ensemble de son jeu avec une Guerre de S\u00e9cession termin\u00e9e. Je maintiens mon avis que ce choix est mauvais, et sa mise en \u0153uvre encore plus.<\/li>\n\n\n\n<li>Entre autres solutions, l&rsquo;auteur aurait pu simplement mettre un \u00ab\u00a0disclaimer\u00a0\u00bb dans son introduction, ou encore d\u00e9cider que les conf\u00e9d\u00e9r\u00e9s avaient abolis l&rsquo;esclavage en 1871 et  continu\u00e9 la guerre pour des raisons de pouvoir et de territoires. Pour le coup, \u00e7a aurait \u00e9t\u00e9 \u00e9l\u00e9gant et \u00e7a r\u00e9pondait au cahier des charges. <\/li>\n\n\n\n<li>De plus, contrairement \u00e0 ce que j&rsquo;ai pu lire ici et l\u00e0, la suppression totale de la rivalit\u00e9 Nord-Sud n&rsquo;est pas innocente. La campagne comme le D\u00e9luge par exemple se retrouve avec un antagoniste en moins. Et d&rsquo;une mani\u00e8re g\u00e9n\u00e9rale, cette rivalit\u00e9 permettait d&rsquo;entretenir un \u00e9tat de tensions suppl\u00e9mentaires, d&rsquo;intrigues et d&rsquo;espionnage. Effacer toute cela enl\u00e8ve m\u00e9caniquement une couche de dangers, d&rsquo;oppositions et de possibilit\u00e9s d&rsquo;aventures. <\/li>\n\n\n\n<li>Sinon, le jeu subit \u00e9galement le nivellement par le bas de la volont\u00e9 d&rsquo;unifier les r\u00e8gles entre univers. A titre personnel, je joue \u00e0 Deadlands (depuis 1997), pas \u00e0 Savage Worlds, et je n&rsquo;ai strictement rien \u00e0 faire du fait que \u00ab\u00a0<em>tu comprends, les r\u00e8gles elles sont multi-univers, etc<\/em>\u00ab\u00a0. A mon sens, les d\u00e9clinaisons successives du jeu \u00ab\u00a0g\u00e9n\u00e9rique\u00a0\u00bb font perdre petit \u00e0 petit tout le sel de l&rsquo;ouest zarbi qu&rsquo;est Deadlands. C&rsquo;\u00e9tait d\u00e9j\u00e0 un peu le cas avec Reloaded, mais acceptable, mais cela devient plus important en Weird West. Derni\u00e8re victime en date dans cette d\u00e9clinaison du jeu : la magie du Huckster. Alors que le tirage des cartes faisait tout l\u2019int\u00e9r\u00eat de ce type de personnage iconique, il devient d\u00e9sormais un b\u00eate lanceur de sortil\u00e8ge, en rendant co\u00fbteux et difficile d&rsquo;acc\u00e8s le fait de se confronter aux manitous. Il faut d\u00e9sormais d\u00e9penser un jeton (!) &#8211; donc une p\u00e9pite dans le vocabulaire Deadlands historique &#8211; pour d\u00e9clencher cette possibilit\u00e9, qui faisait tout l\u2019int\u00e9r\u00eat d&rsquo;une carri\u00e8re de Huckster. Autant dire que le tirage de cartes va devenir exceptionnel pour ces personnages. <\/li>\n\n\n\n<li>Toujours sur les Huckster, la r\u00e8gle ajoute aussi la possibilit\u00e9 de lancer n&rsquo;importe quel pouvoir par le biais des cartes (et donc la d\u00e9pense d&rsquo;un jeton). C&rsquo;est tr\u00e8s puissant &#8211; trop \u00e0 mon sens &#8211; et fait penser \u00e0 un os \u00e0 ronger cr\u00e9\u00e9 pour l&rsquo;occasion : \u00ab\u00a0<em>ok, le huckster tire les cartes que tr\u00e8s rarement, mais regarde, maintenant il peut potentiellement lancer tout les pouvoirs dispos\u00a0\u00bb. <\/em>A mon sens, tout ceci sent le bricolage et n&rsquo;a probablement pas \u00e9t\u00e9 beaucoup test\u00e9 avec des joueurs Hucksters connaissant toutes les \u00e9ditions. <\/li>\n\n\n\n<li>A ce sujet, je pr\u00e9vois une r\u00e8gle sp\u00e9ciale pour les Hucksters et remettre le tirage de cartes et la confrontation aux manitous au devant de la sc\u00e8ne, plut\u00f4t align\u00e9 sur Reloaded.<\/li>\n\n\n\n<li>A noter \u00e9galement que la magie en g\u00e9n\u00e9ral devient tr\u00e8s tr\u00e8s facile, car le niveau de difficult\u00e9 reste faible (4) et le nombre de points de pouvoir disponibles importants. Des esprits ayant probablement assez peu test\u00e9 cet aspect indiquent que la magie est d\u00e9sormais limit\u00e9 par le nombre de Points de Pouvoir, mais cette limitation saute tr\u00e8s rapidement avec quelques Atouts (r\u00e9cup\u00e9ration rapide, augmentation de Points de Pouvoir, Sang des Whateley, etc).<\/li>\n\n\n\n<li>Exit \u00e9galement les jetons (ou encore plus anciennement p\u00e9pites) de couleur, remplac\u00e9s d\u00e9sormais par un seul jeton g\u00e9n\u00e9rique.<\/li>\n\n\n\n<li>Les actions de double d\u00e9tente et de ventilation sont d\u00e9sormais accessibles via des Atouts, pourquoi pas.<\/li>\n\n\n\n<li>Parmi les bons points, l&rsquo;arriv\u00e9e de nouveaux types d&rsquo;Arcanistes, avec les Sorci\u00e8res, les adeptes du Vaudou et les Mages du M\u00e9tal, d\u00e9crits dans le \u00ab\u00a0Compagnon\u00a0\u00bb.<\/li>\n\n\n\n<li>Le compagnon reste le suppl\u00e9ment le plus int\u00e9ressant, au final. Seul b\u00e9mol : la section sur les PNJs me semble inutile. Elle reprend plein de PNJs apparus dans les campagnes\/sc\u00e9narios de Classic\/Reloaded, mais sans beaucoup de d\u00e9tails. Le MJ v\u00e9t\u00e9ran y trouvera donc une redite assez vaine, et le novice n&rsquo;aura que peu de background et d&rsquo;informations pour les utiliser.<\/li>\n\n\n\n<li>Le tout est de bonne qualit\u00e9 et agr\u00e9able \u00e0 lire. La boite en carton du financement participatif contient \u00e9galement une campagne et plein d&rsquo;aides de jeu bienvenus, que je n&rsquo;ai pas encore parcouru en d\u00e9tail.<\/li>\n<\/ul>\n\n\n\n<p><strong>Aides de jeu pour Deadlands Weird West : <\/strong><\/p>\n\n\n\n<p>Gr\u00e2ce \u00e0 Scribe Ludique qui avait produit un tr\u00e8s beau livret pour Deadlands Reloaded, le voici mis \u00e0 jour en version Swade\/Weird West : <br><a href=\"https:\/\/www.lahiette.com\/leratierbretonnien\/wp-content\/uploads\/2021\/05\/livret_deadlands_weird_west_lowres.pdf\">livret_deadlands_weird_west_lowres<\/a><\/p>\n\n\n\n<p>Pour ceux qui pr\u00e9f\u00e8rent une fiche plus \u00ab\u00a0light,\u00a0\u00bb voici une adaptation FR de la fiche US (Swade\/Weird West) : <br><a href=\"https:\/\/www.lahiette.com\/leratierbretonnien\/wp-content\/uploads\/2021\/03\/deadlands_swade_fr_v1.pdf\">deadlands_swade_fr_v1<\/a><\/p>\n\n\n\n<h2 class=\"wp-block-heading\">Le D\u00e9luge et les Derniers Fils<\/h2>\n\n\n\n<ul class=\"wp-block-list\">\n<li><a href=\"https:\/\/www.lahiette.com\/leratierbretonnien\/revue-deluge\/\">Revue<\/a><\/li>\n\n\n\n<li><a href=\"https:\/\/www.lahiette.com\/leratierbretonnien\/resume-et-suivi-de-campagne\/\">Fil rouge de ma campagne<\/a> (EN COURS)<\/li>\n\n\n\n<li><a href=\"https:\/\/www.lahiette.com\/leratierbretonnien\/portraits-de-personnages\/\" data-type=\"page\" data-id=\"2208\">Portraits de PJ<\/a><\/li>\n\n\n\n<li>Plans et cartes :<\/li>\n<\/ul>\n\n\n\n<div class=\"wp-block-file\"><a id=\"wp-block-file--media-e9626e67-8345-4e3d-8fdf-c5c17c6e5475\" href=\"https:\/\/www.lahiette.com\/leratierbretonnien\/wp-content\/uploads\/2021\/05\/deluge_cave_whateley.zip\">Le D\u00e9luge : Repaire\/Cave des Whateley (dungeondraft\/dd2VTT) : <\/a><a href=\"https:\/\/www.lahiette.com\/leratierbretonnien\/wp-content\/uploads\/2021\/05\/deluge_cave_whateley.zip\" class=\"wp-block-file__button wp-element-button\" download aria-describedby=\"wp-block-file--media-e9626e67-8345-4e3d-8fdf-c5c17c6e5475\">T\u00e9l\u00e9charger<\/a><\/div>\n\n\n\n<div class=\"wp-block-file\"><a id=\"wp-block-file--media-f1686175-5b88-4e4d-8f44-0dc0ea9e72b9\" href=\"https:\/\/www.lahiette.com\/leratierbretonnien\/wp-content\/uploads\/2021\/05\/deluge_demeure_whateley_ruines.zip\">Le D\u00e9luge : Demeure en ruines des Whateley ( dungeondraft\/dd2VTT)<\/a><a href=\"https:\/\/www.lahiette.com\/leratierbretonnien\/wp-content\/uploads\/2021\/05\/deluge_demeure_whateley_ruines.zip\" class=\"wp-block-file__button wp-element-button\" download aria-describedby=\"wp-block-file--media-f1686175-5b88-4e4d-8f44-0dc0ea9e72b9\">T\u00e9l\u00e9charger<\/a><\/div>\n\n\n<div class=\"wp-block-image\">\n<figure class=\"aligncenter size-large is-resized\"><img loading=\"lazy\" decoding=\"async\" src=\"https:\/\/www.lahiette.com\/leratierbretonnien\/wp-content\/uploads\/2021\/05\/deluge_whateley_demeure_ruine.webp\" alt=\"\" class=\"wp-image-2194\" width=\"461\" height=\"318\"\/><figcaption class=\"wp-element-caption\">Les ruines de la demeure des Whateley, sur l&rsquo;\u00eele.<\/figcaption><\/figure>\n<\/div>\n\n<div class=\"wp-block-image\">\n<figure class=\"aligncenter size-large is-resized\"><img loading=\"lazy\" decoding=\"async\" src=\"https:\/\/www.lahiette.com\/leratierbretonnien\/wp-content\/uploads\/2021\/05\/delugee_whateley_cave.webp\" alt=\"\" class=\"wp-image-2193\" width=\"452\" height=\"310\"\/><figcaption class=\"wp-element-caption\">Le Repaire des Whateley, sur l&rsquo;\u00eele<\/figcaption><\/figure>\n<\/div>\n\n\n<h2 class=\"wp-block-heading\">Stone Cold Dead<\/h2>\n\n\n\n<ul class=\"wp-block-list\">\n<li><a href=\"https:\/\/www.lahiette.com\/leratierbretonnien\/deadlands-recharge\/critique-de-stone-cold-dead\/\">Ma revue de Stone Cold Dead<\/a><\/li>\n\n\n\n<li><a href=\"https:\/\/www.lahiette.com\/leratierbretonnien\/deadlands-recharge\/mes-modifications-a-stone-cold-dead\/\">Mes modifications<\/a><\/li>\n\n\n\n<li><a href=\"https:\/\/www.lahiette.com\/leratierbretonnien\/deadlands-recharge\/le-recit-de-ma-campagne\/\">Le r\u00e9cit de la ma campagne<\/a><\/li>\n<\/ul>\n","protected":false},"excerpt":{"rendered":"<p>SWADE \/ Deadlands Weird West Suite \u00e0 la sortie de Swade (Savage Worlds Adventure Edition) en fran\u00e7ais chez BBE et au vu des am\u00e9liorations apport\u00e9es (notamment autour de ce p&#8230;n d&rsquo;\u00e9tat \u00ab\u00a0Secou\u00e9\u00a0\u00bb que j&rsquo;avais modifi\u00e9 d&rsquo;ailleurs entre temps), j&rsquo;ai d\u00e9cid\u00e9 &hellip; <a href=\"https:\/\/www.lahiette.com\/leratierbretonnien\/deadlands-recharge\/\">Continuer la lecture <span class=\"meta-nav\">&rarr;<\/span><\/a><\/p>\n","protected":false},"author":1,"featured_media":0,"parent":0,"menu_order":0,"comment_status":"closed","ping_status":"closed","template":"","meta":{"footnotes":""},"class_list":["post-82","page","type-page","status-publish","hentry"],"_links":{"self":[{"href":"https:\/\/www.lahiette.com\/leratierbretonnien\/wp-json\/wp\/v2\/pages\/82","targetHints":{"allow":["GET"]}}],"collection":[{"href":"https:\/\/www.lahiette.com\/leratierbretonnien\/wp-json\/wp\/v2\/pages"}],"about":[{"href":"https:\/\/www.lahiette.com\/leratierbretonnien\/wp-json\/wp\/v2\/types\/page"}],"author":[{"embeddable":true,"href":"https:\/\/www.lahiette.com\/leratierbretonnien\/wp-json\/wp\/v2\/users\/1"}],"replies":[{"embeddable":true,"href":"https:\/\/www.lahiette.com\/leratierbretonnien\/wp-json\/wp\/v2\/comments?post=82"}],"version-history":[{"count":54,"href":"https:\/\/www.lahiette.com\/leratierbretonnien\/wp-json\/wp\/v2\/pages\/82\/revisions"}],"predecessor-version":[{"id":2784,"href":"https:\/\/www.lahiette.com\/leratierbretonnien\/wp-json\/wp\/v2\/pages\/82\/revisions\/2784"}],"wp:attachment":[{"href":"https:\/\/www.lahiette.com\/leratierbretonnien\/wp-json\/wp\/v2\/media?parent=82"}],"curies":[{"name":"wp","href":"https:\/\/api.w.org\/{rel}","templated":true}]}}