{"id":79,"date":"2018-02-27T07:28:32","date_gmt":"2018-02-27T06:28:32","guid":{"rendered":"http:\/\/www.lahiette.com\/leratierbretonnien\/?page_id=79"},"modified":"2019-08-21T19:32:34","modified_gmt":"2019-08-21T17:32:34","slug":"enfer-et-damnation-voici-le-moussillon","status":"publish","type":"page","link":"https:\/\/www.lahiette.com\/leratierbretonnien\/warhammer\/enfer-et-damnation-voici-le-moussillon\/","title":{"rendered":"Enfer et Damnation, voici le Moussillon"},"content":{"rendered":"\n<p><strong>Avertissement<\/strong> : le texte ci-dessous s&rsquo;adresse avant tout \u00e0 des MJ d\u00e9sireux de faire jouer cette campagne ou \u00e0 des joueurs l&rsquo;ayant d\u00e9j\u00e0 jou\u00e9. Divulguachage inside !<\/p>\n\n\n\n<p>C&rsquo;est contraint et forc\u00e9 que les personnages Bretonniens de mes joueurs se retrouvent enr\u00f4l\u00e9s pour r\u00e9cup\u00e9rer le sieur Guildo Le Beau. Ils sont en effet incit\u00e9s \u00e0 choisir entre un proc\u00e8s en r\u00e9bellion ou bien entrer dans le Moussillon : en effet, ils sont tous m\u00eal\u00e9s \u00e0 une r\u00e9volte contre un seigneur &#8211; certes perverti &#8211; mais seigneur malgr\u00e9 tout.<\/p>\n\n\n\n<div class=\"wp-block-file\"><a href=\"https:\/\/www.lahiette.com\/leratierbretonnien\/wp-content\/uploads\/2018\/02\/compagnie_marais_01.pdf\">Le r\u00e9cit de cette campagne vu par Antonin, r\u00e9dig\u00e9 avec beaucoup de classe, est disponible ici : <\/a><a href=\"https:\/\/www.lahiette.com\/leratierbretonnien\/wp-content\/uploads\/2018\/02\/compagnie_marais_01.pdf\" class=\"wp-block-file__button\" download>T\u00e9l\u00e9charger<\/a><\/div>\n\n\n\n<p>Nous retrouvons donc un Chevalier Errant (Godefroy de Quenard), une Herrimaut (Mathilde), un Jongleur-Acrobate (Antonin le Magnifique) et une \u00e9p\u00e9iste Estalienne (Dolores) partis pour traverser le cordon et d\u00e9couvrir le Moussillon.<\/p>\n\n\n\n<p>En parall\u00e8le du r\u00e9cit ci-dessus, voici quelques \u00e9l\u00e9ments que j&rsquo;ai appliqu\u00e9 en tant que MJ et qui peuvent servir \u00e0 d&rsquo;autres :<\/p>\n\n\n\n<ul class=\"wp-block-list\"><li>Comme dit plus haut, mes joueurs se sont retrouv\u00e9s quasi oblig\u00e9s de poursuivre Guildo Le Beau apr\u00e8s avoir trucid\u00e9 un chevalier, lequel avait \u00e9t\u00e9 pr\u00e9c\u00e9demment surpris en pleine action avec de jeunes enfants. Captur\u00e9s par les hommes du duc, l&rsquo;intendant du duc de Lyonesse Berthelis de Fontanges leur donne alors deux options : soit se faire oublier et entrer en Moussillon pour traquer un dangereux criminel, soit se faire pendre. Curieusement, ils choisissent la premi\u00e8re option.<\/li><li>J&rsquo;ai choisi de faire de cet intendant leur donneur d&rsquo;ordre, car je n&rsquo;aime pas faire appara\u00eetre des personnages trop importants devant les PJS : ce qui est \u00ab\u00a0cach\u00e9\u00a0\u00bb est toujours plus effrayant que la r\u00e9alit\u00e9 \ud83d\ude42<\/li><li>A Cracheur et Puanteur, ils font preuve de compassion envers Cracheur et prennent leur d\u00e9fense. A force de persuasion et d&rsquo;attentions et en finissant par promettre de leur rapporter un cochon, Ger finit par leur cracher le morceau. Pas de combats ou de capture du cochon de Puanteur, donc.<\/li><li>Sur le trajet entre Cracheur et la tour de Hane, campement dans un ancien temple en ruine le long de la route, et attaque de morts-vivants, histoire de montrer r\u00e9ellement que le territoire est dangereux. J&rsquo;ai utilis\u00e9 pour le temple les excellents plans noir et blanc de \u00ab\u00a0The Forge Studios\u00a0\u00bb, sur http:\/\/www.rpgnow.com\/<\/li><li>Au ch\u00e2teau de Hane, j&rsquo;ai exag\u00e9r\u00e9 l&rsquo;accueil bienveillant de tout les habitants de la tour. Ils ont bien senti quelque chose de bizarre, mais ils sont tomb\u00e9s de haut lorsqu&rsquo;ils ont d\u00e9couvert la r\u00e9elle personnalit\u00e9 d&rsquo;Aucassin. Ils ont finalement r\u00e9ussi \u00e0 faire \u00e9vader B\u00e9r\u00e9nice. J&rsquo;ai aussi r\u00e9cup\u00e9r\u00e9 trois po\u00e8mes su Internet, afin de donner du corps au personnage de Bertrand d&rsquo;Aquitanie : <a href=\"https:\/\/www.lahiette.com\/leratierbretonnien\/wp-content\/uploads\/2018\/02\/poeme_hane.txt\">ICI.<\/a><\/li><li>Sur la route entre Hane et Moussillon, j&rsquo;ai ajout\u00e9 le bourg de commerce de Morgne, une sorte de comptoir d&rsquo;\u00e9changes de denr\u00e9es alimentaires qui fourni ensuite la ville de Moussillon. Le bourg, entour\u00e9 d&rsquo;une palissade grossi\u00e8re et moussue abrite aussi une statue de la Grande Truie et dispose de tout un tas d&rsquo;enclos \u00e0 bestiaux difformes. Mes joueurs on crois\u00e9s ici les chevaliers d&rsquo;Aucassin, mais ceux-ci ne savaient pas encore qu&rsquo;ils avaient fui la tour. Mes joueurs ont donc du ruser pour cacher B\u00e9r\u00e9nice, et ils ont m\u00eame r\u00e9ussi \u00e0 leur voler leur chevaux !<\/li><li>Sur le trajet entre Morgne et Moussillon, ils doublent un chariot contenant 4 cages en fer. Surprise ! Dans l&rsquo;une d&rsquo;elle se trouve la s\u0153ur d&rsquo;Antonin, qu&rsquo;il a perdu de vue il y a 2 ans maintenant. Ils tendent une embuscade aux marchands d&rsquo;esclaves et le groupe int\u00e8gre un 5i\u00e8me personnage !<\/li><li>Ensuite, globalement, aucun changement notoire dans les p\u00e9r\u00e9grinations dans la ville de Moussillon, si ce n&rsquo;est qu&rsquo;ils arrivent \u00e0 d\u00e9rober le diad\u00e8me \u00e0 Reginald. Apr\u00e8s avoir rencontr\u00e9 le Duc Cannibale, avoir vu la t\u00eate de Guildo et proc\u00e9d\u00e9 \u00e0 de grandes envol\u00e9es rolistiques, ils d\u00e9cident de sortir du Moussillon, quitte \u00e0 s&rsquo;attirer la col\u00e8re du Duc de Lyonnesse et de son intendant, mais ils ne veulent pas se \u00ab\u00a0salir\u00a0\u00bb dans les missions propos\u00e9es par le Duc &#8211; c&rsquo;est tout \u00e0 leur honneur. Devant leur abn\u00e9gation et la remise du diad\u00e8me sans autre forme de proc\u00e8s et exigences, et avec leur parole devant la Dame que Guildo est bel et bien mort, l&rsquo;intendant de Lyonnesse accepte et les laisse vaquer \u00e0 leur futures occupations.<\/li><\/ul>\n\n\n\n<p><\/p>\n","protected":false},"excerpt":{"rendered":"<p>Avertissement : le texte ci-dessous s&rsquo;adresse avant tout \u00e0 des MJ d\u00e9sireux de faire jouer cette campagne ou \u00e0 des joueurs l&rsquo;ayant d\u00e9j\u00e0 jou\u00e9. Divulguachage inside ! C&rsquo;est contraint et forc\u00e9 que les personnages Bretonniens de mes joueurs se retrouvent &hellip; <a href=\"https:\/\/www.lahiette.com\/leratierbretonnien\/warhammer\/enfer-et-damnation-voici-le-moussillon\/\">Continuer la lecture <span class=\"meta-nav\">&rarr;<\/span><\/a><\/p>\n","protected":false},"author":1,"featured_media":0,"parent":15,"menu_order":0,"comment_status":"open","ping_status":"closed","template":"","meta":{"footnotes":""},"class_list":["post-79","page","type-page","status-publish","hentry"],"_links":{"self":[{"href":"https:\/\/www.lahiette.com\/leratierbretonnien\/wp-json\/wp\/v2\/pages\/79","targetHints":{"allow":["GET"]}}],"collection":[{"href":"https:\/\/www.lahiette.com\/leratierbretonnien\/wp-json\/wp\/v2\/pages"}],"about":[{"href":"https:\/\/www.lahiette.com\/leratierbretonnien\/wp-json\/wp\/v2\/types\/page"}],"author":[{"embeddable":true,"href":"https:\/\/www.lahiette.com\/leratierbretonnien\/wp-json\/wp\/v2\/users\/1"}],"replies":[{"embeddable":true,"href":"https:\/\/www.lahiette.com\/leratierbretonnien\/wp-json\/wp\/v2\/comments?post=79"}],"version-history":[{"count":20,"href":"https:\/\/www.lahiette.com\/leratierbretonnien\/wp-json\/wp\/v2\/pages\/79\/revisions"}],"predecessor-version":[{"id":920,"href":"https:\/\/www.lahiette.com\/leratierbretonnien\/wp-json\/wp\/v2\/pages\/79\/revisions\/920"}],"up":[{"embeddable":true,"href":"https:\/\/www.lahiette.com\/leratierbretonnien\/wp-json\/wp\/v2\/pages\/15"}],"wp:attachment":[{"href":"https:\/\/www.lahiette.com\/leratierbretonnien\/wp-json\/wp\/v2\/media?parent=79"}],"curies":[{"name":"wp","href":"https:\/\/api.w.org\/{rel}","templated":true}]}}