{"id":777,"date":"2019-05-26T19:38:32","date_gmt":"2019-05-26T17:38:32","guid":{"rendered":"http:\/\/www.lahiette.com\/leratierbretonnien\/?page_id=777"},"modified":"2022-02-20T21:25:36","modified_gmt":"2022-02-20T20:25:36","slug":"joan-of-arc-jeanne-darc-quoi","status":"publish","type":"page","link":"https:\/\/www.lahiette.com\/leratierbretonnien\/joan-of-arc-jeanne-darc-quoi\/","title":{"rendered":"Joan of Arc (Jeanne d&rsquo;Arc, quoi)"},"content":{"rendered":"\n<p>J&rsquo;ai particip\u00e9 au kickstarter de Joan of Arc, un plateau-wargame assez monumental en termes de lev\u00e9e de fonds (+2 M EUR). Ayant re\u00e7u le jeu le 24 mai 2019, je dois dire que j&rsquo;ai \u00e9t\u00e9 assez \u00e9bahi &#8211; comme beaucoup &#8211; par la qualit\u00e9 du mat\u00e9riel, outre la quantit\u00e9 sur laquelle j&rsquo;\u00e9tais d\u00e9j\u00e0 pr\u00e9par\u00e9.<\/p>\n\n\n\n<div class=\"wp-block-image\"><figure class=\"aligncenter\"><img loading=\"lazy\" decoding=\"async\" width=\"331\" height=\"348\" src=\"https:\/\/www.lahiette.com\/leratierbretonnien\/wp-content\/uploads\/2019\/05\/149914194526577174-e1558892406846.jpg\" alt=\"\" class=\"wp-image-780\" srcset=\"https:\/\/www.lahiette.com\/leratierbretonnien\/wp-content\/uploads\/2019\/05\/149914194526577174-e1558892406846.jpg 331w, https:\/\/www.lahiette.com\/leratierbretonnien\/wp-content\/uploads\/2019\/05\/149914194526577174-e1558892406846-285x300.jpg 285w\" sizes=\"auto, (max-width: 331px) 100vw, 331px\" \/><figcaption>3 grosses boites&#8230;<\/figcaption><\/figure><\/div>\n\n\n\n<p>Les figurines sont vraiment superbement sculpt\u00e9es,  et le rendu de moulage est vraiment exceptionnel, du rarement &#8211; jamais ? &#8211;  vu en ce qu&rsquo;il me concerne pour du 15mm. Dommage que la totalit\u00e9 des mes autres jeux soient en 28mm :(. Cependant, les grosses figurines (et quand je dis gros, c&rsquo;est vraiment gros) sont compl\u00e8tement r\u00e9-utilisables sur des tables en 28mm, vu leur taille. Cette qualit\u00e9 et quantit\u00e9 pour le prix (120$) peut d&rsquo;ailleurs laisser perplexe sur les prix pratiqu\u00e9s &#8211; et donc les marges &#8211; par le grand nom du jeu de figurine en Angleterre, suivez mon regard. On le savait d\u00e9j\u00e0, mais \u00e7a se confirme. Bon cela dit, tout ceci reste malheureusement produit en Chine.<\/p>\n\n\n\n<p>Il y vraiment beaucoup de mat\u00e9riel dans les 3 boites de base, que ce soit les figurines, bien s\u00fbr, mais \u00e9galement les d\u00e9cors, cartes, jetons et autres bases. Bonne surprise, contrairement \u00e0 d&rsquo;autres jeux, une fois tout d\u00e9ball\u00e9 on arrive \u00e0 tout faire rentrer dans la boite d&rsquo;origine, sans forcer.<\/p>\n\n\n\n<p>On a d\u00e9marr\u00e9 une partie ce dimanche 26 mai 2019, avec le sc\u00e9nario d&rsquo;introduction : le si\u00e8ge de Rennes. Comme pr\u00e9vu pour une premi\u00e8re partie, la mise en place est assez longue, entre les diff\u00e9rentes cartes \u00e0 pr\u00e9parer et l&rsquo;identification des figurines, dont certaines sont dans la boite d&rsquo;extension (guide, fermier). Pas \u00e9vident, d&rsquo;autant que ce n&rsquo;est pas indiqu\u00e9. Au niveau des r\u00e8gles, c&rsquo;est naturellement un peu touffu, mais c&rsquo;est tout \u00e0 fait abordable pour un wargamiste standard sans trop d&rsquo;alcool dans le sang.<\/p>\n\n\n\n<figure class=\"wp-block-image\"><img loading=\"lazy\" decoding=\"async\" width=\"1024\" height=\"768\" src=\"https:\/\/www.lahiette.com\/leratierbretonnien\/wp-content\/uploads\/2019\/05\/IMG_20190526_151808-1024x768.jpg\" alt=\"\" class=\"wp-image-778\" srcset=\"https:\/\/www.lahiette.com\/leratierbretonnien\/wp-content\/uploads\/2019\/05\/IMG_20190526_151808-1024x768.jpg 1024w, https:\/\/www.lahiette.com\/leratierbretonnien\/wp-content\/uploads\/2019\/05\/IMG_20190526_151808-300x225.jpg 300w, https:\/\/www.lahiette.com\/leratierbretonnien\/wp-content\/uploads\/2019\/05\/IMG_20190526_151808-768x576.jpg 768w\" sizes=\"auto, (max-width: 1024px) 100vw, 1024px\" \/><figcaption>Aper\u00e7u du premier sc\u00e9nario, une table 100&#215;100 s&rsquo;av\u00e8re n\u00e9cessaire, mais confortale, <\/figcaption><\/figure>\n\n\n\n<p>Pour ce premier sc\u00e9nario, certaines r\u00e8gles sont simplifi\u00e9es (discussions) ou assist\u00e9es (cartes conseil de guerre). La partie d\u00e9marre, et le premier m\u00e9canisme qui surprend, c&rsquo;est la possibilit\u00e9 d&rsquo;encha\u00eener les actions pour une m\u00eame unit\u00e9, chose assez rare en wargame : on la d\u00e9place, on la fait attaquer, on la fait r\u00e9-attaquer via une capacit\u00e9 de commandement, etc. Au niveau des r\u00e8gles d&rsquo;action (mouvement, combat, tir) on est en terrain connu, puisque cela se rapproche fortement de  Battlelore\/M\u00e9moire 44 (autres jeux de plateau-wargame), avec des d\u00e9s sp\u00e9ciaux et des r\u00e9sultats de type tu\u00e9\/bless\u00e9\/d\u00e9fense\/recul et des capacit\u00e9s sp\u00e9ciales par unit\u00e9s (charge, riposte, c\u00e9l\u00e9rit\u00e9, etc.). A noter que les unit\u00e9s \u00ab\u00a0troupes\u00a0\u00bb, qui comptent 2 ou 3 figurines sur un m\u00eame socle, sont d\u00e9truites ou bless\u00e9es ensemble, malgr\u00e9 la pr\u00e9sence physique des 2-3 figurines. Du coup, on se demande pourquoi on aurait pas mis une seule figurine au lieu des 2-3, \u00e0 moins que les futures r\u00e8gles de combat \u00ab\u00a0libres\u00a0\u00bb viennent faire \u00ab\u00a0tomber\u00a0\u00bb les figurines une \u00e0 une, comme dans Battlelore. <\/p>\n\n\n\n<figure class=\"wp-block-image\"><img loading=\"lazy\" decoding=\"async\" width=\"1024\" height=\"768\" src=\"https:\/\/www.lahiette.com\/leratierbretonnien\/wp-content\/uploads\/2019\/05\/IMG_20190526_151758-1024x768.jpg\" alt=\"\" class=\"wp-image-779\" srcset=\"https:\/\/www.lahiette.com\/leratierbretonnien\/wp-content\/uploads\/2019\/05\/IMG_20190526_151758-1024x768.jpg 1024w, https:\/\/www.lahiette.com\/leratierbretonnien\/wp-content\/uploads\/2019\/05\/IMG_20190526_151758-300x225.jpg 300w, https:\/\/www.lahiette.com\/leratierbretonnien\/wp-content\/uploads\/2019\/05\/IMG_20190526_151758-768x576.jpg 768w\" sizes=\"auto, (max-width: 1024px) 100vw, 1024px\" \/><figcaption>Petit plus, les arbres viennent mat\u00e9rialiser rapidement les zones \u00ab\u00a0prot\u00e9g\u00e9es\u00a0\u00bb<\/figcaption><\/figure>\n\n\n\n<p>Sur ce premier sc\u00e9nario, le joueur Fran\u00e7ais (mon fiston), profite rapidement de cette possibilit\u00e9 de rejouer les m\u00eames unit\u00e9s, pour arriver au ras de la ville au 2nd tour&#8230; En tant qu&rsquo;Anglais, j&rsquo;use de perfidie pour le ralentir voir l&rsquo;\u00e9radiquer en faisant jouer mes archers et progresser mon h\u00e9ros de niveau. Malheureusement, au 4 i\u00e8me tour, Du Guesclin arrive \u00e0 se r\u00e9fugier dans la ville et je ne parviens pas \u00e0 le tuer. Victoire fran\u00e7aise&#8230;<\/p>\n\n\n\n<p>Le jeu tourne bien, et une fois les principes de base acquis, la partie se d\u00e9roule rapidement, principalement gr\u00e2ce \u00e0 ce m\u00e9canisme d&rsquo;encha\u00eenement. Je ne trouve rien \u00e0 redire \u00e0 ce stade \u00e0 la m\u00e9canique de jeu, et on pressent bien que la pr\u00e9sence des PNJs (les \u00ab\u00a0civils\u00a0\u00bb) et les possibilit\u00e9s de bonus (\u00e9volutions des personnages par l&rsquo;exp\u00e9rience, cartes l\u00e9gendes, intrigues) viendront varier tr\u00e8s agr\u00e9ablement un m\u00eame sc\u00e9nario. Les possibilit\u00e9s tactiques peuvent devenir vraiment complexes, toujours gr\u00e2ce \u00e0 cet effet d&rsquo;activation potentiellement cha\u00een\u00e9es.<\/p>\n\n\n\n<p>Si j&rsquo;avais quelques remarques \u00e0 faire, j&rsquo;aurais pr\u00e9f\u00e9r\u00e9 du 28mm avec moins de figurines. Et peut-\u00eatre un peu plus de sc\u00e9narios. Je dois dire aussi que devant la masse de mat\u00e9riel \u00e0 peindre, je suis un peu d\u00e9prim\u00e9 par la quantit\u00e9 \u00e0 traiter. Je ne sais m\u00eame pas si je finirais un jour :(.  En tout cas, j&rsquo;attends les r\u00e8gles de combat \u00ab\u00a0libres\u00a0\u00bb pour tester tout \u00e7a en mode non sc\u00e9naris\u00e9. <\/p>\n\n\n\n<p><strong>Update 2021<\/strong> : Apr\u00e8s quelques parties, force m&rsquo;est de constater que le jeu me laisse un sentiment bancal : la mise en place est excessivement longue, pour parfois des parties r\u00e9gl\u00e9es en 30 minutes, surtout \u00e0 cause de ces m\u00e9caniques d\u2019encha\u00eenement. Au final, assez d\u00e9\u00e7u du jeu, et comme je ne joue pas en 15mm &#8230;. voil\u00e0 un kickstarter revendu, malgr\u00e9 toutes ses promesses et l&rsquo;excellente qualit\u00e9 de ses figurines.<\/p>\n\n\n\n<p><\/p>\n","protected":false},"excerpt":{"rendered":"<p>J&rsquo;ai particip\u00e9 au kickstarter de Joan of Arc, un plateau-wargame assez monumental en termes de lev\u00e9e de fonds (+2 M EUR). Ayant re\u00e7u le jeu le 24 mai 2019, je dois dire que j&rsquo;ai \u00e9t\u00e9 assez \u00e9bahi &#8211; comme beaucoup &hellip; <a href=\"https:\/\/www.lahiette.com\/leratierbretonnien\/joan-of-arc-jeanne-darc-quoi\/\">Continuer la lecture <span class=\"meta-nav\">&rarr;<\/span><\/a><\/p>\n","protected":false},"author":1,"featured_media":0,"parent":0,"menu_order":0,"comment_status":"open","ping_status":"closed","template":"","meta":{"footnotes":""},"class_list":["post-777","page","type-page","status-publish","hentry"],"_links":{"self":[{"href":"https:\/\/www.lahiette.com\/leratierbretonnien\/wp-json\/wp\/v2\/pages\/777","targetHints":{"allow":["GET"]}}],"collection":[{"href":"https:\/\/www.lahiette.com\/leratierbretonnien\/wp-json\/wp\/v2\/pages"}],"about":[{"href":"https:\/\/www.lahiette.com\/leratierbretonnien\/wp-json\/wp\/v2\/types\/page"}],"author":[{"embeddable":true,"href":"https:\/\/www.lahiette.com\/leratierbretonnien\/wp-json\/wp\/v2\/users\/1"}],"replies":[{"embeddable":true,"href":"https:\/\/www.lahiette.com\/leratierbretonnien\/wp-json\/wp\/v2\/comments?post=777"}],"version-history":[{"count":62,"href":"https:\/\/www.lahiette.com\/leratierbretonnien\/wp-json\/wp\/v2\/pages\/777\/revisions"}],"predecessor-version":[{"id":2373,"href":"https:\/\/www.lahiette.com\/leratierbretonnien\/wp-json\/wp\/v2\/pages\/777\/revisions\/2373"}],"wp:attachment":[{"href":"https:\/\/www.lahiette.com\/leratierbretonnien\/wp-json\/wp\/v2\/media?parent=777"}],"curies":[{"name":"wp","href":"https:\/\/api.w.org\/{rel}","templated":true}]}}