{"id":704,"date":"2019-05-07T19:51:10","date_gmt":"2019-05-07T17:51:10","guid":{"rendered":"http:\/\/www.lahiette.com\/leratierbretonnien\/?page_id=704"},"modified":"2019-05-10T16:13:08","modified_gmt":"2019-05-10T14:13:08","slug":"resume-et-suivi-de-campagne","status":"publish","type":"page","link":"https:\/\/www.lahiette.com\/leratierbretonnien\/deadlands-recharge\/resume-et-suivi-de-campagne\/","title":{"rendered":"R\u00e9sum\u00e9 et suivi de campagne"},"content":{"rendered":"\n<p>J&rsquo;ai d\u00e9marr\u00e9 le D\u00e9luge juste apr\u00e8s la fin de Stone Cold Dead et son s\u00e9v\u00e8re remaniement (cf . <a href=\"https:\/\/www.lahiette.com\/leratierbretonnien\/deadlands-recharge\/le-recit-de-ma-campagne\/\">cette page \u00e0 terminer d&rsquo;ailleurs<\/a>). De cette premi\u00e8re \u00ab\u00a0campagne\u00a0\u00bb ou disons plut\u00f4t gros sc\u00e9nario, mes joueurs en sortent avec le souhait de d\u00e9faire la Loge C\u00e9leste, qui est \u00ab\u00a0l&rsquo;entit\u00e9\u00a0\u00bb malfaisante que j&rsquo;ai exploit\u00e9 en background. Pour rappel la Loge C\u00e9leste est succinctement d\u00e9crite dans STD, mais j&rsquo;en en fait l&rsquo;acteur majeur qui veut contr\u00f4ler la ville et en faire son fer de lance dans l&rsquo;Ouest.<\/p>\n\n\n\n<p>Mes joueurs et joueuses ( dessins de Belle et Miss Laverne <a href=\"https:\/\/www.lahiette.com\/leratierbretonnien\/deadlands-recharge\/le-recit-de-ma-campagne\/\">ici<\/a>  ) : <\/p>\n\n\n\n<ul class=\"wp-block-list\"><li>Duke Vent d&rsquo;Et\u00e9 : Un m\u00e9tis indien, borgne, force de la nature et un peu simplet<\/li><li>Belle Whateley : Une huckster ch\u00e9tive, issue de la sombre lign\u00e9e, mais en provenance de la c\u00f4te Est.<\/li><li> Miss Laverne : Une danseuse de cirque g\u00e9ante (un peu \u00ab\u00a0freaks\u00a0\u00bb) n\u00e9e \u00e0 Maubeuge, et cherchant grave un mec \ud83d\ude42<\/li><li>John-John : Un indien, curieux du monde des blancs.<\/li><\/ul>\n\n\n\n<p>Apr\u00e8s une courte aventure dans un monast\u00e8re, toujours li\u00e9 \u00e0 la Loge C\u00e9leste, ils acqui\u00e8rent des documents leur indiquant que la Loge cherche \u00e0 se d\u00e9ployer dans le Labyrinthe. En se d\u00e9pla\u00e7ant dans le d\u00e9sert, ils tombent sur la ligne de chemin de fer souterraine de Hellstrome, et donc sur la premi\u00e8re intrigue du D\u00e9luge : \u00ab\u00a0Hellbore\u00a0\u00bb. L\u00e0, O&rsquo;Malley, en plus des informations d\u00e9j\u00e0 pr\u00e9vues, leur glisse qu&rsquo;il a effectivement entendu parler d&rsquo;une secte venue de l&rsquo;Est cherchant \u00e0 s&rsquo;implanter, et que cela pourrait bien \u00eatre la Loge C\u00e9leste.<\/p>\n\n\n\n<p>Je fais donc jouer les 3 premi\u00e8res intrigues dans la foul\u00e9e, intrigues qui se pr\u00eatent d&rsquo;ailleurs assez peu \u00e0 l&rsquo;intercalage de \u00ab\u00a0Savage Tales\u00a0\u00bb. Je  motive mes PJs pour la visite de Lost Angels en leur faisant miroiter &#8211; via O&rsquo;Malley &#8211; que Sam Hellman en sait probablement long sur la Loge C\u00e9leste et ses activit\u00e9s dans le Labyrinthe. Une fois en ville, ils r\u00e9ussissent \u00e0 d\u00e9valiser Lawrence (ie le logeur de Sam Hellman,) qui s&#8217;empresse de les d\u00e9noncer. S&rsquo;ensuit une course poursuite \u00e9perdue dans les rues de la ville pour \u00e9chapper aux Anges Gardiens et quelques sc\u00e8nes \u00e9piques dans le port ou mes joueurs\/joueuses r\u00e9ussissent presque \u00e0 se noyer tout seuls ! Cependant, ils ont r\u00e9cup\u00e9r\u00e9 un peu d&rsquo;argent de leur vol de Lawrence, de quoi voir venir un peu dans le Labyrinthe.<\/p>\n\n\n\n<p>Comme Sam Hellman leur a indiqu\u00e9 que la Loge C\u00e9leste semble active vers Shan Fan, et que les PJs pourchass\u00e9s n&rsquo;ont pas sp\u00e9cialement de raisons de rester \u00e0 Lost Angels, ils usent de leur talents de n\u00e9gociation pour embarquer \u00e0 bord d&rsquo;un navire marchand en partance pour Shan Fan. <\/p>\n\n\n\n<p>Ce ce stade, mes joueurs ont donc pour moteur principal leur volont\u00e9 d&rsquo;\u00e9radiquer la Loge C\u00e9leste, ou en tout cas de stopper son implantation dans l&rsquo;Ouest. Je me suis servi du trajet en bateau comme moyen pour d\u00e9couvrir le labyrinthe, mais sans vraiment les mettre en danger : tarifs \u00e9lev\u00e9s, famine, mesa, mines de roche fant\u00f4me, bateaux pirates, joncques, cr\u00e9atures marines, etc. Lors d&rsquo;une halte de 2 jours \u00e0 Shannonsburg, ils font  quelques emplettes et se renseignent d&rsquo;avantage : ils finissent par se faire attaquer dans une sombre ruelle par des pistoleros de la Loge C\u00e9leste. Triomphants, mes joueurs cherchent \u00e0 se faire de l&rsquo;argent et se retrouvent engager temporairement par l&rsquo;ECA, afin de faire livrer un carton chapeau \u00e0 Pennington-Smythe, qui devient pour l&rsquo;occasion un informateur de l&rsquo;ECA. <\/p>\n\n\n\n<p>La suite du trajet entre Shannonsburg et Shan-Fan se d\u00e9roule sans encombres, et la livraison du carton \u00e0 chapeau leur donne l&rsquo;impulsion pour aller voir Pennington-Smythe, ce qui me fait embrayer sur l&rsquo;intrigue 4 (Big Trouble in Little China). J&rsquo;ai d\u00e9roul\u00e9 cet \u00e9pisode sans grande modifications : enqu\u00eate rapide puis rencontre avec Dillenger, recherche de Pennington, combat et lib\u00e9ration dans un quartier mal fam\u00e9 de Shan-Fan, r\u00e9v\u00e9lations de Pennington, randonn\u00e9e dans les collines, puis combat dans le trou contre les sbires de Ma Nouilles Fines et l&rsquo;Esprit de la Terre, ou ils manquent de laisser leur peau. A noter que mes joueurs on assez vite trouv\u00e9 le lieu de d\u00e9tention de Pennington avec un sortil\u00e8ge de Maitre de l&rsquo;Esprit, lanc\u00e9 par la Huckster, sur un objet r\u00e9cup\u00e9r\u00e9 \u00e0 l&rsquo;h\u00f4tel.<\/p>\n\n\n\n<p>Concernant le Glyphe, le fait de le voir leur donne une vision rapide de plusieurs symboles identiques. Je leur donne le sentiment indicible qu&rsquo;il est important de le toucher, ce qu&rsquo;il font. En le touchant, ils \u00e9tablissent un lien, qui agit comme une activation du Glyphe (ie au lieu d&rsquo;aller \u00e9taler du sang ult\u00e9rieurement). Ils ne savent naturellement pas encore \u00e0 quoi cela sert, mais se doutent de l&rsquo;importance du truc. Apr\u00e8s avoir pans\u00e9 leur blessures au Sunrise House, ils ont un \u00e9change de questions-r\u00e9ponses avec Pennington-Smythe, qui les enr\u00f4le comme pr\u00e9vu dans la Soci\u00e9t\u00e9 des Explorateurs, et entre autres informations, leur indique qu&rsquo;il cherche une cl\u00e9 en forme de squelette, perdue au poker (cf Savage Tale \u00ab\u00a0Il faut couler l&rsquo;Abyssal\u00a0\u00bb). Il ne sait pas ou est la cl\u00e9, contrairement \u00e0 ce qui est dit dans le sc\u00e9nario. Dans la discussion, il indique que les Whateley ont un temps habit\u00e9 Gomorrhe, au nord de Shan-Fan, mais que la ville a la r\u00e9putation d&rsquo;\u00eatre devenue maudite. Egalement et suite aux questions des PJs, il promet de se renseigner plus avant sur ces glyphes.<\/p>\n\n\n\n<p>Le lendemain, ils re\u00e7oivent une invitation de Tam Grandes Oreilles. Un peu effray\u00e9 &#8211; vraiment et sans que je leur ai mis la pression &#8211; mes joueurs se mettent sur leur 31 et ach\u00e8tent des cadeaux \u00e0 offrir \u00e0 Tam ! Ils luis remettent leur cadeaux lors de l&rsquo;entrevue, ce qui fait que Tam se retrouve dans un \u00e9tat d&rsquo;esprit plut\u00f4t positif envers mes joueurs. Alors que lesdits cadeaux sont rang\u00e9s dans une une vitrine \u00e0 bibelots, les PJs s&rsquo;aper\u00e7oivent qu&rsquo;une cl\u00e9 en forme de squelette est dispos\u00e9e au milieu des autres bibelots. Dans le m\u00eame temps, apr\u00e8s un la\u00efus sur ses lieutenants, Tam propose aux joueurs de d\u00e9truire l&rsquo;Abyssal, un navire de son ennemi Kang. Mes joueurs acceptent en demandant de l&rsquo;argent ET la cl\u00e9 en forme de squelette. Apr\u00e8s n\u00e9gociation role-play, Tam accepte, et voil\u00e0 mes joueurs en charge d&rsquo;une nouvelle mission. <\/p>\n\n\n\n<p>De retour au Sunrise House, alors qu&rsquo;ils se restaurent, ils sont accost\u00e9s par un certain Ezekiel Coltrane, qui se pr\u00e9sente directement comme un envoy\u00e9 de la Loge Celeste, venu pour faire la paix et s&rsquo;excuser. Il leur propose de travailler pour la Loge et notamment de trouver des Glyphes&#8230; Apr\u00e8s des des \u00e9changes houleux, mes joueurs l\u2019envoient sur les roses et lui demandent de ne plus se mettre en travers de leur chemin.<\/p>\n\n\n\n<p>A ce stade, mes joueurs ont trois options : <\/p>\n\n\n\n<ul class=\"wp-block-list\"><li>explorer la piste \u00ab\u00a0Whateley\u00a0\u00bb en allant \u00e0 Gomorrhe, et donc d\u00e9rouler le sc\u00e9nario \u00ab\u00a0Le Gardien\u00a0\u00bb<\/li><li>suivre la mission donn\u00e9e par Tam Grandes Oreilles, et donc aller \u00ab\u00a0Couler l&rsquo;Abyssal\u00a0\u00bb,<\/li><li>essayer de savoir pourquoi et comment la Loge C\u00e9leste s\u2019int\u00e9resse aux Glyphes.<\/li><\/ul>\n\n\n\n<p>Alors que je m&rsquo;attendais plut\u00f4t \u00e0 ce qu&rsquo;ils se rendent \u00e0 Gomorrhe, ils d\u00e9cident de se renseigner sur l&rsquo;Abyssal et commencent \u00e0 acheter du mat\u00e9riel divers et vari\u00e9 (dont de la dynamite, of course). A force d&rsquo;enqu\u00eates dans Shan-Fan et sur les \u00eeles alentours, ils apprennent que l&rsquo;Abyssal a \u00e9t\u00e9 vu il y a 10 jours \u00e0 l&rsquo;ouest de Shan-Fan et que de nouvelles mines de roche fant\u00f4me ont r\u00e9cemment \u00e9t\u00e9 d\u00e9couvertes dans cette r\u00e9gion. Ils d\u00e9cident de louer les services d&rsquo;un bateau de p\u00eache, et partent \u00e0 la d\u00e9couverte vers l&rsquo;ouest. Apr\u00e8s 3 jours de navigation, ils arrivent en vue d&rsquo;une Mesa surmont\u00e9e de panaches de fum\u00e9e : c&rsquo;est la mine de Roswell, tel que d\u00e9crite dans \u00ab\u00a0Il faut couler l&rsquo;Abyssal\u00a0\u00bb. <\/p>\n\n\n\n<p>J&rsquo;ai d\u00e9roul\u00e9 cette Savage Tales \u00e0 peu pr\u00e8s comme dans le livre, si ce n&rsquo;est que l&rsquo;Abyssal n&rsquo;est pas le vaisseau amiral de Kang, mais l&rsquo;un de ses cuirass\u00e9s, avec Red Petals Su \u00e0 son bord toutefois. Une fois d\u00e9barqu\u00e9s, mes joueurs se chargent des sbires rest\u00e9s pour \u00ab\u00a0nettoyer\u00a0\u00bb, puis s&rsquo;organisent en attendant le retour du navire. Lorsque celui-ci revient, ils ont cach\u00e9 10 b\u00e2tons de dynamite dans une caisse sur le quai de fortune, caisse que fait l\u00e9viter la huckster Belle Whateley jusqu&rsquo;\u00e0 la faire rentrer par une chemin\u00e9e du navire&#8230; Apr\u00e8s une succession de r\u00e9ussites insolentes aux d\u00e9s, mes joueurs font donc exploser une partie du moteur arri\u00e8re. Mais l&rsquo;\u00e9quipage de l&rsquo;Abyssal riposte, notamment gr\u00e2ce aux \u00ab\u00a0Pratiquants d&rsquo;Arts Martiaux Avanc\u00e9s\u00a0\u00bb et leur sol de Vol : ils font atterrir directement sur la Mesa 2 ogres chinois, ainsi qu&rsquo;eux m\u00eames. S&rsquo;ensuit un combat \u00e0 mort, pendant que le reste de l&rsquo;\u00e9quipage tente de monter la falaise. Duke lance alors les 2 r\u00e9servoirs des lance-flammes r\u00e9cup\u00e9r\u00e9s sur les sbires \u00e0 l&rsquo;arri\u00e8re du navire, ce qui provoque une seconde explosion, qui ach\u00e8ve de percer la coque : l&rsquo;Abyssal commence \u00e0 couler ! Sur ce, Red Petals Su r\u00e9ussit \u00e0 sortir son ornithopt\u00e8re, mais c&rsquo;est sans compter sur Duke (encore lui) qui saute du haut de la falaise pour emp\u00eacher son d\u00e9part. Il r\u00e9ussit \u00e0 endommager l\u00e9g\u00e8rement l&rsquo;Ornithopt\u00e8re, mais subit de graves blessures, qui le rendent d\u00e9sormais inop\u00e9rant sur le champ de bataille. En parall\u00e8le, Miss Laverne, malgr\u00e9 ses blessures, r\u00e9ussit \u00e0 propulser un Ogre sur les membres d&rsquo;\u00e9quipage qui montent la falaise, pendant que John-John et Belle Whateley les arrosent respectivement de balles et d&rsquo;\u00e9clairs. Devant tant d&rsquo;acharnement, Petals-Su fait d\u00e9coller son Ornithopt\u00e8re et s&rsquo;\u00e9chappe, pendant que les PJs font des prisonniers.<\/p>\n\n\n\n<p>En \u00e9vitant les Ogres et les ma\u00eetres Shaolin survivants, mes joueurs montent sur un bateau de p\u00eache rest\u00e9 \u00e0 quai, et forcent les prisonniers \u00e0 les aider \u00e0 man\u0153uvrer. Ils finissent par s&rsquo;\u00e9loigner de la Mesa en feu, mais mal en point et avec une nouvelle ennemie revancharde \u00e0 venir &#8230;<\/p>\n\n\n\n<p>( A SUIVRE )<\/p>\n\n\n\n<p> <\/p>\n","protected":false},"excerpt":{"rendered":"<p>J&rsquo;ai d\u00e9marr\u00e9 le D\u00e9luge juste apr\u00e8s la fin de Stone Cold Dead et son s\u00e9v\u00e8re remaniement (cf . cette page \u00e0 terminer d&rsquo;ailleurs). De cette premi\u00e8re \u00ab\u00a0campagne\u00a0\u00bb ou disons plut\u00f4t gros sc\u00e9nario, mes joueurs en sortent avec le souhait de &hellip; <a href=\"https:\/\/www.lahiette.com\/leratierbretonnien\/deadlands-recharge\/resume-et-suivi-de-campagne\/\">Continuer la lecture <span class=\"meta-nav\">&rarr;<\/span><\/a><\/p>\n","protected":false},"author":1,"featured_media":0,"parent":82,"menu_order":0,"comment_status":"open","ping_status":"closed","template":"","meta":{"footnotes":""},"class_list":["post-704","page","type-page","status-publish","hentry"],"_links":{"self":[{"href":"https:\/\/www.lahiette.com\/leratierbretonnien\/wp-json\/wp\/v2\/pages\/704","targetHints":{"allow":["GET"]}}],"collection":[{"href":"https:\/\/www.lahiette.com\/leratierbretonnien\/wp-json\/wp\/v2\/pages"}],"about":[{"href":"https:\/\/www.lahiette.com\/leratierbretonnien\/wp-json\/wp\/v2\/types\/page"}],"author":[{"embeddable":true,"href":"https:\/\/www.lahiette.com\/leratierbretonnien\/wp-json\/wp\/v2\/users\/1"}],"replies":[{"embeddable":true,"href":"https:\/\/www.lahiette.com\/leratierbretonnien\/wp-json\/wp\/v2\/comments?post=704"}],"version-history":[{"count":53,"href":"https:\/\/www.lahiette.com\/leratierbretonnien\/wp-json\/wp\/v2\/pages\/704\/revisions"}],"predecessor-version":[{"id":761,"href":"https:\/\/www.lahiette.com\/leratierbretonnien\/wp-json\/wp\/v2\/pages\/704\/revisions\/761"}],"up":[{"embeddable":true,"href":"https:\/\/www.lahiette.com\/leratierbretonnien\/wp-json\/wp\/v2\/pages\/82"}],"wp:attachment":[{"href":"https:\/\/www.lahiette.com\/leratierbretonnien\/wp-json\/wp\/v2\/media?parent=704"}],"curies":[{"name":"wp","href":"https:\/\/api.w.org\/{rel}","templated":true}]}}