{"id":687,"date":"2019-05-05T17:46:07","date_gmt":"2019-05-05T15:46:07","guid":{"rendered":"http:\/\/www.lahiette.com\/leratierbretonnien\/?page_id=687"},"modified":"2020-09-15T19:52:02","modified_gmt":"2020-09-15T17:52:02","slug":"assassinat","status":"publish","type":"page","link":"https:\/\/www.lahiette.com\/leratierbretonnien\/wargames-figurines\/draculas-america\/assassinat\/","title":{"rendered":"Assassinat !"},"content":{"rendered":"\n<p>Petite partie du dimanche avec ma moiti\u00e9, avec le test d&rsquo;une mission de type \u00ab\u00a0Infiltration\u00a0\u00bb (pr\u00e9sent\u00e9es dans le suppl\u00e9ment Forbidden Power). On prend le premier sc\u00e9nario : l&rsquo;assassinat.<\/p>\n\n\n\n<figure class=\"wp-block-image is-resized\"><img loading=\"lazy\" decoding=\"async\" src=\"https:\/\/www.lahiette.com\/leratierbretonnien\/wp-content\/uploads\/2019\/05\/IMG_20190505_152731-1024x768.jpg\" alt=\"\" class=\"wp-image-690\" width=\"512\" height=\"384\"\/><figcaption><em>The Kin encadre le banquier, cible des Vampires<\/em><\/figcaption><\/figure>\n\n\n\n<p>Je prends les d\u00e9fenseurs avec \u00ab\u00a0The Kin\u00a0\u00bb, ma femme les attaquants avec Dracula et ses sbires. Le jeu commence dans l&rsquo;obscurit\u00e9, donc visibilit\u00e9 r\u00e9duite. Pendant les deux premiers tours, approche discr\u00e8te des Vampires : les consanguins (ie The Kin) se font un peu manipuler pendant leur ronde. Au troisi\u00e8me tour, les vampires attaquent et la visibilit\u00e9 devient \u00ab\u00a0brumeuse\u00a0\u00bb, permettant des tirs plus lointains. La victime survit \u00e0 une premi\u00e8re charge d&rsquo;un infant, sur un bon jet de d\u00e9.  Au tour suivant, l&rsquo;Infant se fait int\u00e9gralement croquer par une charge victorieuse du Patriarche. Mais dans le m\u00eame tour, le p\u00e9p\u00e9 des Kins se fait dessouder au fusil. Je fait rentrer un cousin par l&rsquo;un des bords.<\/p>\n\n\n\n<p>Au tout suivant, la visibilit\u00e9 redevient sombre, et je tente de d\u00e9loger une tireuse adverse gr\u00e2ce \u00e0 mon cousin : malheureusement, il essuie un tir de fusil de chasse \u00e0 bout portant qui le pulv\u00e9rise. Les vampires invoque une cr\u00e9ature, qui se prend une balle par la m\u00e9m\u00e9 des Kins. Mais en ayant d\u00e9plac\u00e9 M\u00e9m\u00e9, je d\u00e9couvre une ligne de vue directe sur la cible&#8230;<\/p>\n\n\n\n<figure class=\"wp-block-image is-resized\"><img loading=\"lazy\" decoding=\"async\" src=\"https:\/\/www.lahiette.com\/leratierbretonnien\/wp-content\/uploads\/2019\/05\/IMG_20190505_152717-1024x768.jpg\" alt=\"\" class=\"wp-image-689\" width=\"512\" height=\"384\"\/><figcaption><em>Le Doc des Vampires attend son heure<\/em><\/figcaption><\/figure>\n\n\n\n<p>A tout suivant, la visibilit\u00e9 redevient \u00ab\u00a0brumeuse\u00a0\u00bb, et la tireuse d&rsquo;\u00e9lite peut aligner la cible dans le dos. BAM ! Mort sur le coup&#8230;. D\u00e9faite des Kins au 6i\u00e8me tour, donc.<\/p>\n\n\n\n<p>Ce mode \u00ab\u00a0Infiltration\u00a0\u00bb est sympathique \u00e0 jouer, avec l&rsquo;alternance des limites de vis\u00e9e et la phase d&rsquo;approche permettant de rendre les sentinelles du d\u00e9fenseur inefficaces. Seul point \u00e0 corriger \u00e0 notre avis : le c\u00f4t\u00e9 ou arrivent les renforts du d\u00e9fenseur devrait \u00eatre tir\u00e9 au D4, au lieu d&rsquo;\u00eatre choisi.<br><\/p>\n","protected":false},"excerpt":{"rendered":"<p>Petite partie du dimanche avec ma moiti\u00e9, avec le test d&rsquo;une mission de type \u00ab\u00a0Infiltration\u00a0\u00bb (pr\u00e9sent\u00e9es dans le suppl\u00e9ment Forbidden Power). On prend le premier sc\u00e9nario : l&rsquo;assassinat. Je prends les d\u00e9fenseurs avec \u00ab\u00a0The Kin\u00a0\u00bb, ma femme les attaquants avec &hellip; <a href=\"https:\/\/www.lahiette.com\/leratierbretonnien\/wargames-figurines\/draculas-america\/assassinat\/\">Continuer la lecture <span class=\"meta-nav\">&rarr;<\/span><\/a><\/p>\n","protected":false},"author":1,"featured_media":0,"parent":120,"menu_order":0,"comment_status":"open","ping_status":"closed","template":"","meta":{"footnotes":""},"class_list":["post-687","page","type-page","status-publish","hentry"],"_links":{"self":[{"href":"https:\/\/www.lahiette.com\/leratierbretonnien\/wp-json\/wp\/v2\/pages\/687","targetHints":{"allow":["GET"]}}],"collection":[{"href":"https:\/\/www.lahiette.com\/leratierbretonnien\/wp-json\/wp\/v2\/pages"}],"about":[{"href":"https:\/\/www.lahiette.com\/leratierbretonnien\/wp-json\/wp\/v2\/types\/page"}],"author":[{"embeddable":true,"href":"https:\/\/www.lahiette.com\/leratierbretonnien\/wp-json\/wp\/v2\/users\/1"}],"replies":[{"embeddable":true,"href":"https:\/\/www.lahiette.com\/leratierbretonnien\/wp-json\/wp\/v2\/comments?post=687"}],"version-history":[{"count":4,"href":"https:\/\/www.lahiette.com\/leratierbretonnien\/wp-json\/wp\/v2\/pages\/687\/revisions"}],"predecessor-version":[{"id":1993,"href":"https:\/\/www.lahiette.com\/leratierbretonnien\/wp-json\/wp\/v2\/pages\/687\/revisions\/1993"}],"up":[{"embeddable":true,"href":"https:\/\/www.lahiette.com\/leratierbretonnien\/wp-json\/wp\/v2\/pages\/120"}],"wp:attachment":[{"href":"https:\/\/www.lahiette.com\/leratierbretonnien\/wp-json\/wp\/v2\/media?parent=687"}],"curies":[{"name":"wp","href":"https:\/\/api.w.org\/{rel}","templated":true}]}}