{"id":67,"date":"2018-02-26T22:49:41","date_gmt":"2018-02-26T21:49:41","guid":{"rendered":"http:\/\/www.lahiette.com\/leratierbretonnien\/?page_id=67"},"modified":"2018-02-27T20:38:19","modified_gmt":"2018-02-27T19:38:19","slug":"introduction-a-bogenhafen","status":"publish","type":"page","link":"https:\/\/www.lahiette.com\/leratierbretonnien\/warhammer\/recit-de-campagne\/introduction-a-bogenhafen\/","title":{"rendered":"Introduction \u00e0 Bogenhafen"},"content":{"rendered":"<p>Un peu d\u00e9pit\u00e9 par une lecture du premier tome des \u00ab\u00a0Voies de la Damnation\u00a0\u00bb, j&rsquo;ai cherch\u00e9 quelque chose de plus intime et simple. J&rsquo;ai jet\u00e9 mon d\u00e9volu sur \u00ab\u00a0Rencontres \u00e0 B\u00f6henhafen\u00a0\u00bb (suppl\u00e9ment \u00ab\u00a0Les h\u00e9ritiers de Sigmar\u00a0\u00bb). Je trouve que ce sc\u00e9nario est bien dans l&rsquo;esprit Warhammeresque : tout le monde est plus ou moins \u00ab\u00a0m\u00e9chant\u00a0\u00bb, en particulier les gentils halflings sauv\u00e9s par les personnages au d\u00e9but. Et les joueurs, malgr\u00e9 leur \u00ab\u00a0succ\u00e9s\u00a0\u00bb, ont le sentiment mitig\u00e9 de s&rsquo;\u00eatre fait rouler dans la farine. Contrairement \u00e0 ce que j&rsquo;ai pu lire ici et l\u00e0, j&rsquo;ai aussi bien aim\u00e9 le clin d&rsquo;oeil \u00e0 \u00ab\u00a0Ombres sur B\u00f6genhafen\u00a0\u00bb de la Campagne Imp\u00e9riale. Et mes deux joueurs qui connaissaient aussi, d&rsquo;autant que le sc\u00e9nario n&rsquo;a rien \u00e0 voir avec le pr\u00e9c\u00e9dent.<\/p>\n<p>Mes joueurs sont \u00e0 peu pr\u00e8s tomb\u00e9s dans le panneau, m\u00eame s&rsquo;ils avaient compris que les Chardonvert n&rsquo;\u00e9taient pas aussi innocents que leur petite bouille le laissait entendre. L&rsquo;intrigue en ville les a bien accroch\u00e9 et ils ont d\u00e9couvert les relations complexes d&rsquo;une petite cit\u00e9. En compl\u00e9ment, j&rsquo;ai d\u00e9marr\u00e9 une trame (cf. chapitre pr\u00e9c\u00e9dent), avec l&rsquo;histoire du bijou vol\u00e9 par le cocher de Elise Magirius.<\/p>\n<p>Trame du collier : le collier d\u00e9rob\u00e9 par le cocher int\u00e8gre un morceau d&rsquo;une sorte de Malepierre, ce que le cocher ne savait absolument pas. Il existe 2 autres colliers de ce type, diss\u00e9min\u00e9s dans l&rsquo;Empire, et une (secte? groupe ? magicien ?) a demand\u00e9 \u00e0 un voleur\/assassin (Hernst Baueur) de les r\u00e9cup\u00e9rer. Ce Baueur a remont\u00e9 la piste du premier collier jusqu&rsquo;au cocher, qu&rsquo;il a assassin\u00e9. Il a ensuite repris la route en direction d&rsquo;Altdorf (il va croiser \u00e0 nouveau la route des PJs, cf. plus bas). A ce stade, je n&rsquo;en sais pas plus : il y a 3 colliers, un commanditaire les cherche pour en faire un truc vilain, mais je ne sais pas encore quoi.<\/p>\n<h2>En chemin vers Altdorf<\/h2>\n<p>Mes joueurs ont d\u00e9cid\u00e9 spontan\u00e9ment d&rsquo;\u00e9lucider le meurtre du cocher, ils sont donc partis sur les traces de Baueur. Comme je voulais leur faire d\u00e9couvrir les joies fluviales, les Chardonvert leur ont propos\u00e9 de servir de gardes sur une p\u00e9niche qu&rsquo;ils ont affr\u00e9t\u00e9s pour revendre un surplus de farine \u00e0 Altdorf. Mes PJs on accept\u00e9s, tout en se m\u00e9fiant fortement des halflings. Ce qu&rsquo;ils ne savent pas, c&rsquo;est que les Chardonvert ont camoufl\u00e9s des outres de cognac Bretonnien dans les sacs de farine. Le halfling de l&rsquo;\u00e9quipe a bien tent\u00e9 de regarder en d\u00e9tail si c&rsquo;\u00e9tait de la farine dans les sacs, mais le seul moyen de trouver les outres est de percer ou d&rsquo;\u00e9ventrer un sac, ce qu&rsquo;il n&rsquo;a pas fait :). Cette affaire de contrebande sera peut-\u00eatre exploit\u00e9 plus tard, je verrais.<\/p>\n<p>En chemin, ils se sont arr\u00eat\u00e9s \u00e0 l&rsquo;Auberge des Trois Plumes, o\u00f9 je leur ai naturellement ma\u00eetris\u00e9 l&rsquo;excellent sc\u00e9nario du m\u00eame nom. Grande partie de rigolages et de quiproquos, on a pass\u00e9 une soir\u00e9e g\u00e9niale. Pour corser le tout, Hans Baueur \u00e9tait l\u00e0, et il \u00e9tait aussi charg\u00e9 d&rsquo;assassiner Bruno, le Champion de Justice. Il y est parvenu, au grand dam de mes joueurs, mais ils ont r\u00e9ussi \u00e0 l&rsquo;arr\u00eater ensuite et \u00e0 le faire partiellement parler. Ils ont trouv\u00e9 dans ses affaires un parchemin avec un dessin du collier et 3 villes mentionn\u00e9es : Weissbruck, Talabheim et Averheim. Weissbruck a \u00e9t\u00e9 ray\u00e9 \u00e0 la main, et on ajout\u00e9 Bogenhafen en dessous : c&rsquo;est naturellement Hans qui a d\u00e9couvert le vol initial et qui a suivi le cocher, avec la fin que l&rsquo;on sait. La mention de Talabheim n&rsquo;est pas innocente, car je veux amener mes joueurs l\u00e0 bas pour y faire jouer \u00ab\u00a0Terreur \u00e0 Talabheim\u00a0\u00bb. En compl\u00e9ment, Hans Baueur portait des v\u00eatements portant le signe discret des Tch\u00e9kiste : il en a assassin\u00e9 un il y a quelques semaines, pour le compte d&rsquo;un important personnage de Talabheim, dont il ne connait pas le nom. La seule chose qu&rsquo;il leur indique, c&rsquo;est qu&rsquo;il doit rendre des comptes concernant le collier \u00e0 un certain \u00ab\u00a0Fleischer\u00a0\u00bb, boucher \u00e0 Altdorf.<\/p>\n<p>J&rsquo;ai ensuite utilis\u00e9 les pr\u00eatres de Morr et leur cercueil pour introduire l&rsquo;allumeuse de reverb\u00e8res : c&rsquo;est elle qui \u00e9tait enferm\u00e9e dedans. Succintement, elle travaillait \u00e0 Carroburg, qui vient de s&rsquo;\u00e9quiper d&rsquo;une vigntaine de r\u00e9verb\u00e8res dans le quartier de temples. Sa soeur, sergent de la garde dans la m\u00eame ville a rejoint \u00ab\u00a0La confr\u00e9rie nouvelle\u00a0\u00bb, une sorte de soci\u00e9t\u00e9 bien pensante qui vise \u00e0 am\u00e9liorer la vie des habitants le long du Reik. La v\u00e9rit\u00e9 est naturellement toute autre, mais je n&rsquo;ai pas encore d\u00e9cid\u00e9 leurs objectifs. Je penche pour le recrutement forc\u00e9 de jeunes filles pour alimenter un lupanar fr\u00e9quent\u00e9 par des huiles, lupanar \u00e0 la gloire de Slaanesh je pr\u00e9sume. A creuser en tout cas.<\/p>\n<p>Bref, sa soeur a disparue et elle a donc elle aussi int\u00e9gr\u00e9e cette confr\u00e9rie afin d&rsquo;en savoir plus. Elle a rapidement attir\u00e9 l&rsquo;attention avec ses questions, si bien qu&rsquo;on l&rsquo;a \u00ab\u00a0recrut\u00e9e\u00a0\u00bb et qu&rsquo;elle est donc convoy\u00e9e vers le lupanar via les faux pr\u00eatres de Morr. Mes joueurs soup\u00e7onnaient les pr\u00eatres d&rsquo;un truc pas net, j&rsquo;ai juste eu \u00e0 leur permettre quelques jets de Perception : apr\u00e8s avoir entendu gratter dans le cercuil, mes joueurs sont intervenus et ont lib\u00e9r\u00e9s la donzelle, en massacrant litt\u00e9ralement 2 des 3 pr\u00eatres qui tentaient de s&rsquo;enfuir (le halfling a une fronde qui n&rsquo;a pas arr\u00eat\u00e9e de faire des \u00ab\u00a0Fureurs d&rsquo;Ulric\u00a0\u00bb sur ce coup l\u00e0 !!!). Je passe sur l&rsquo;interrogatoire serr\u00e9 effectu\u00e9 par les Patrouilleurs Ruraux le lendemain matin, mais les PJs avaient la duchesse dans la poche, donc je n&rsquo;en ai pas rajout\u00e9 non plus.<\/p>\n<h2>Un court s\u00e9jour dans la capitale<\/h2>\n<p>Ils ont donc repris leur cheminement fluvial vers Altdorf, sans histoires particuli\u00e8res. Arriv\u00e9e \u00e0 Altorf, mes joueurs avaient diverses emplettes de pr\u00e9vues. La tch\u00e9kiste souhaitait trouver une antenne, l&rsquo;apprentie sorci\u00e8re voulait montrer le collier \u00e0 l&rsquo;un de ses professeurs et l&rsquo;allumeuse de r\u00e9verb\u00e8res souhaitait savoir si la \u00ab\u00a0Confr\u00e9rie Nouvelle\u00a0\u00bb \u00e9tait connue ou pas. J&rsquo;ai utilis\u00e9 la descriptiin d&rsquo;Altdorf fournie dans le tome 2 des \u00ab\u00a0Voies de la Damnation\u00a0\u00bb, mais la description de la cit\u00e9 est assez minable. Ainsi, les quartiers n&rsquo;ont aucun nom, ce qui me semble le BA-BA lorsqu&rsquo;on cherche rapidement \u00e0 d\u00e9crire une ville.<\/p>\n<p>La Tch\u00e9kiste a finalement trouv\u00e9 une taverne dans les quartiers pauvres \u00e0 l&rsquo;est ou j&rsquo;ai plac\u00e9 un petit quartier Kisl\u00e9vite. Le tenancier lui a indiqu\u00e9 qu&rsquo;un de leur coll\u00e8gues a \u00e9t\u00e9 effectivement assassin\u00e9 vers Talabheim, alors qu&rsquo;il enqu\u00eatait sur une possible consipration en faveur d&rsquo;une taxation des fourrures import\u00e9es de Kislev &#8211; une autre trame, que je vais probablement croiser avec celle du collier. Cela a naturellement donn\u00e9 \u00e0 mes joueurs une autre incitation \u00e0 se rendre dans cette cit\u00e9.<\/p>\n<p>L&rsquo;apprentie sorci\u00e8re a tent\u00e9 d&rsquo;en savoir plus sur le collier. La seule chose d\u00e9couverte, c&rsquo;est que la pierre enchass\u00e9e semble \u00eatre une sorte de Malepierre plus ou moins d\u00e9sactiv\u00e9e, mais sans qu&rsquo;on puisse en dire plus. Un professeur de l&rsquo;universit\u00e9 lui a propos\u00e9 de garder le bijou plusieurs semaines pour l&rsquo;identifier, ce qui a suscit\u00e9 une discussion acharn\u00e9e entre mes joueurs. Au final, ils ont d\u00e9cid\u00e9 de conserver le collier, ne serait-ce que pour avoir une potentielle monnaie d&rsquo;\u00e9change.<\/p>\n<p>Ils ont aussi tent\u00e9 de localiser le sieur Fleischer (cf. \u00e9pisodes pr\u00e9c\u00e9dents), mais sans succ\u00e9s : c&rsquo;est un artisan qui a bien r\u00e9ussi et qui poss\u00e8de plusieurs boucheries dans Altdorf, mais il est parti \u00e0 Talabheim voil\u00e0 15 jours d\u00e9ja. Tiens, tiens&#8230;<\/p>\n<p>En ce qui concerne la recherche de la \u00ab\u00a0Confr\u00e9rie Nouvelle\u00a0\u00bb, \u00e7a a \u00e9t\u00e9 chou blanc, car c&rsquo;est tout de m\u00eame une soci\u00e9t\u00e9 discr\u00e8te qu&rsquo;on ne peut d\u00e9busquer en quelques heures de recherche.<\/p>\n<p>Apr\u00e8s 2 jours pass\u00e9s \u00e0 Altdorf, mes personnages ont embarqu\u00e9 sur le Konrad III, \u00e0 destination de Talabheim, comme gardes de la cargaison.<\/p>\n","protected":false},"excerpt":{"rendered":"<p>Un peu d\u00e9pit\u00e9 par une lecture du premier tome des \u00ab\u00a0Voies de la Damnation\u00a0\u00bb, j&rsquo;ai cherch\u00e9 quelque chose de plus intime et simple. J&rsquo;ai jet\u00e9 mon d\u00e9volu sur \u00ab\u00a0Rencontres \u00e0 B\u00f6henhafen\u00a0\u00bb (suppl\u00e9ment \u00ab\u00a0Les h\u00e9ritiers de Sigmar\u00a0\u00bb). Je trouve que ce &hellip; <a href=\"https:\/\/www.lahiette.com\/leratierbretonnien\/warhammer\/recit-de-campagne\/introduction-a-bogenhafen\/\">Continuer la lecture <span class=\"meta-nav\">&rarr;<\/span><\/a><\/p>\n","protected":false},"author":1,"featured_media":0,"parent":64,"menu_order":0,"comment_status":"open","ping_status":"closed","template":"","meta":{"footnotes":""},"class_list":["post-67","page","type-page","status-publish","hentry"],"_links":{"self":[{"href":"https:\/\/www.lahiette.com\/leratierbretonnien\/wp-json\/wp\/v2\/pages\/67","targetHints":{"allow":["GET"]}}],"collection":[{"href":"https:\/\/www.lahiette.com\/leratierbretonnien\/wp-json\/wp\/v2\/pages"}],"about":[{"href":"https:\/\/www.lahiette.com\/leratierbretonnien\/wp-json\/wp\/v2\/types\/page"}],"author":[{"embeddable":true,"href":"https:\/\/www.lahiette.com\/leratierbretonnien\/wp-json\/wp\/v2\/users\/1"}],"replies":[{"embeddable":true,"href":"https:\/\/www.lahiette.com\/leratierbretonnien\/wp-json\/wp\/v2\/comments?post=67"}],"version-history":[{"count":1,"href":"https:\/\/www.lahiette.com\/leratierbretonnien\/wp-json\/wp\/v2\/pages\/67\/revisions"}],"predecessor-version":[{"id":68,"href":"https:\/\/www.lahiette.com\/leratierbretonnien\/wp-json\/wp\/v2\/pages\/67\/revisions\/68"}],"up":[{"embeddable":true,"href":"https:\/\/www.lahiette.com\/leratierbretonnien\/wp-json\/wp\/v2\/pages\/64"}],"wp:attachment":[{"href":"https:\/\/www.lahiette.com\/leratierbretonnien\/wp-json\/wp\/v2\/media?parent=67"}],"curies":[{"name":"wp","href":"https:\/\/api.w.org\/{rel}","templated":true}]}}