{"id":64,"date":"2018-02-26T22:48:05","date_gmt":"2018-02-26T21:48:05","guid":{"rendered":"http:\/\/www.lahiette.com\/leratierbretonnien\/?page_id=64"},"modified":"2018-08-15T10:53:13","modified_gmt":"2018-08-15T08:53:13","slug":"recit-de-campagne","status":"publish","type":"page","link":"https:\/\/www.lahiette.com\/leratierbretonnien\/warhammer\/recit-de-campagne\/","title":{"rendered":"R\u00e9cit de campagne"},"content":{"rendered":"<h2>\u00a0\u00bbo\u00f9 l&rsquo;on met tout \u00e7a en musique\u00a0\u00bb<\/h2>\n<ul>\n<li><a href=\"https:\/\/www.lahiette.com\/leratierbretonnien\/warhammer\/recit-de-campagne\/introduction-a-bogenhafen\/\">Le d\u00e9marrage de ma campagne<\/a> : Ou tout (re-)commence \u00e0 BogenHafen.<\/li>\n<li><a href=\"https:\/\/www.lahiette.com\/leratierbretonnien\/warhammer\/recit-de-campagne\/terreur-a-talabheim-arrivee-a-talaagad-breiblatt-et-autres\/\">Voir Talaagad et mourir<\/a> (ou peu s&rsquo;en faut) : Ou mes joueurs arrivent en vue de cette cit\u00e9e inconnue et d\u00e9couvrent Talaagad et Breiblatt.<\/li>\n<li><a href=\"https:\/\/www.lahiette.com\/leratierbretonnien\/warhammer\/recit-de-campagne\/terreur-a-talabheim-lentree-dans-talabheim\/\">Talabheim, cit\u00e9 accueillante et ouverte<\/a> : O\u00f9 comment rentrer dans Talabheim lorsque tout est ferm\u00e9.<\/li>\n<li><a href=\"https:\/\/www.lahiette.com\/leratierbretonnien\/warhammer\/recit-de-campagne\/terreur-a-talabheim-la-seconde-attaque\/\">Talabheim, quand on y est, ben.. on y reste<\/a>\u00a0 : O\u00f9 comment faire contre mauvaise fortune bon coeur.<\/li>\n<li><a href=\"https:\/\/www.lahiette.com\/leratierbretonnien\/warhammer\/recit-de-campagne\/destination-averheim-et-sa-fete-du-vin\/\">T&rsquo;as voulu voir Averheim, et on a vu Averheim<\/a>: O\u00f9 l&rsquo;on change de d\u00e9cor et o\u00f9 l&rsquo;on apporte des modifications au sc\u00e9nario \u00ab\u00a0Une fin brutale\u00a0\u00bb paru dans les \u00ab\u00a0Royaumes de Sorcellerie\u00a0\u00bb<\/li>\n<li><a href=\"https:\/\/www.lahiette.com\/leratierbretonnien\/warhammer\/recit-de-campagne\/sombre-desespoir\/\">Sombre d\u00e9sespoir au sud Stirland<\/a> : O\u00f9 l&rsquo;on raccroche la campagne &lsquo;Sombre Desespoir&rsquo; et ou l&rsquo;on d\u00e9couvre qu&rsquo;il n&rsquo;y a pas que le Chaos dans la vie.<\/li>\n<\/ul>\n","protected":false},"excerpt":{"rendered":"<p>\u00a0\u00bbo\u00f9 l&rsquo;on met tout \u00e7a en musique\u00a0\u00bb Le d\u00e9marrage de ma campagne : Ou tout (re-)commence \u00e0 BogenHafen. Voir Talaagad et mourir (ou peu s&rsquo;en faut) : Ou mes joueurs arrivent en vue de cette cit\u00e9e inconnue et d\u00e9couvrent Talaagad &hellip; <a href=\"https:\/\/www.lahiette.com\/leratierbretonnien\/warhammer\/recit-de-campagne\/\">Continuer la lecture <span class=\"meta-nav\">&rarr;<\/span><\/a><\/p>\n","protected":false},"author":1,"featured_media":0,"parent":15,"menu_order":0,"comment_status":"closed","ping_status":"closed","template":"","meta":{"footnotes":""},"class_list":["post-64","page","type-page","status-publish","hentry"],"_links":{"self":[{"href":"https:\/\/www.lahiette.com\/leratierbretonnien\/wp-json\/wp\/v2\/pages\/64","targetHints":{"allow":["GET"]}}],"collection":[{"href":"https:\/\/www.lahiette.com\/leratierbretonnien\/wp-json\/wp\/v2\/pages"}],"about":[{"href":"https:\/\/www.lahiette.com\/leratierbretonnien\/wp-json\/wp\/v2\/types\/page"}],"author":[{"embeddable":true,"href":"https:\/\/www.lahiette.com\/leratierbretonnien\/wp-json\/wp\/v2\/users\/1"}],"replies":[{"embeddable":true,"href":"https:\/\/www.lahiette.com\/leratierbretonnien\/wp-json\/wp\/v2\/comments?post=64"}],"version-history":[{"count":5,"href":"https:\/\/www.lahiette.com\/leratierbretonnien\/wp-json\/wp\/v2\/pages\/64\/revisions"}],"predecessor-version":[{"id":359,"href":"https:\/\/www.lahiette.com\/leratierbretonnien\/wp-json\/wp\/v2\/pages\/64\/revisions\/359"}],"up":[{"embeddable":true,"href":"https:\/\/www.lahiette.com\/leratierbretonnien\/wp-json\/wp\/v2\/pages\/15"}],"wp:attachment":[{"href":"https:\/\/www.lahiette.com\/leratierbretonnien\/wp-json\/wp\/v2\/media?parent=64"}],"curies":[{"name":"wp","href":"https:\/\/api.w.org\/{rel}","templated":true}]}}