{"id":622,"date":"2019-03-12T00:01:25","date_gmt":"2019-03-11T23:01:25","guid":{"rendered":"http:\/\/www.lahiette.com\/leratierbretonnien\/?page_id=622"},"modified":"2020-09-15T19:56:48","modified_gmt":"2020-09-15T17:56:48","slug":"les-vip-et-la-traque-de-custer","status":"publish","type":"page","link":"https:\/\/www.lahiette.com\/leratierbretonnien\/wargames-figurines\/draculas-america\/les-vip-et-la-traque-de-custer\/","title":{"rendered":"DA : Les VIP"},"content":{"rendered":"\n<p>Nous nous retrouvons en ce 10-11 Mars 2019 sur les bords de la Loire pour continuer la d\u00e9couverte des terrains de chasse. Deux sc\u00e9narios nous attendent : le sauvetage de VIP perdus et la traque de Custer. Apr\u00e8s un petit rappel des diverses r\u00e8gles, nous d\u00e9cidons d&rsquo;appliquer les nouvelles modifications de l&rsquo;auteur, avec le sprint, le tir nourri et la possibilit\u00e9 de faire le mort (cf.<a href=\"https:\/\/www.lahiette.com\/leratierbretonnien\/wp-content\/uploads\/2019\/02\/regles_jh_blog_01.pdf\"> ce fichier<\/a>).<\/p>\n\n\n\n<p>Honneur \u00e0 l\u2019infamie la plus faible, les Indiens d\u00e9cident de jouer contre les Sorci\u00e8res et les Conf\u00e9d\u00e9r\u00e9s. En cons\u00e9quence, la Congr\u00e9gation affronte donc les Vampires.  Apr\u00e8s une mise en place des d\u00e9cors et des VIP, le combat commence.<\/p>\n\n\n\n<figure class=\"wp-block-image is-resized\"><img loading=\"lazy\" decoding=\"async\" src=\"https:\/\/www.lahiette.com\/leratierbretonnien\/wp-content\/uploads\/2019\/03\/P1050332-1024x768.jpg\" alt=\"\" class=\"wp-image-630\" width=\"512\" height=\"384\"\/><figcaption>La Conf\u00e9d\u00e9ration et les Vampires<\/figcaption><\/figure>\n\n\n\n<p>Sur la table Congr\u00e9gation\/Vampires, il s&rsquo;av\u00e8re que la Conf\u00e9d\u00e9ration d\u00e9bute en \u00e9tant totalement activ\u00e9 ce tour, r\u00e9sultat d&rsquo;un \u00e9v\u00e8nement de campagne. Les Vampires se placent rapidement pour r\u00e9cup\u00e9rer 2 VIPs et restent en position de vigilance, attendant patiemment la venue des adversaires. De son c\u00f4t\u00e9, au second tour, la Conf\u00e9d\u00e9ration se d\u00e9place et parvient \u00e9galement \u00e0 r\u00e9cup\u00e9rer 2 VIPs. <\/p>\n\n\n\n<figure class=\"wp-block-image is-resized\"><img loading=\"lazy\" decoding=\"async\" src=\"https:\/\/www.lahiette.com\/leratierbretonnien\/wp-content\/uploads\/2019\/03\/P1050336-1024x768.jpg\" alt=\"\" class=\"wp-image-632\" width=\"512\" height=\"384\"\/><figcaption>Attaque de la Conf\u00e9d\u00e9ration dans la fum\u00e9e des tirs<\/figcaption><\/figure>\n\n\n\n<p>Apr\u00e8s quelques \u00e9change de coups de feu et 1 perte de chaque c\u00f4t\u00e9, chacun peut retourner dans son coin et sortir ses VIPs : du coup le sc\u00e9nario laisse un go\u00fbt d&rsquo;inachev\u00e9 aux 2 joueurs. Mais j&rsquo;y reviendrais plus bas.<\/p>\n\n\n\n<figure class=\"wp-block-image is-resized\"><img loading=\"lazy\" decoding=\"async\" src=\"https:\/\/www.lahiette.com\/leratierbretonnien\/wp-content\/uploads\/2019\/03\/P1050333-1024x768.jpg\" alt=\"\" class=\"wp-image-631\" width=\"512\" height=\"384\"\/><figcaption>Et les Indiens vs Conf\u00e9d\u00e9r\u00e9s vs Sorci\u00e8res<\/figcaption><\/figure>\n\n\n\n<p>Sur l&rsquo;autre table, chaque possee avance prudemment, esp\u00e9rant trouver l&rsquo;ultra VIP tout en s&rsquo;\u00e9changeant quelques coups de semonce. Les Sorci\u00e8res ont la chance de tomber sur le VIP \u00e0 4 points, tandis que les indiens et les conf\u00e9d\u00e9res r\u00e9cup\u00e8rent chacune 1 et 2 VIPs respectivement. Cependant, les Sorci\u00e8res essuient un feu nourri des Zombies Conf\u00e9d\u00e9res, tandis que les Indiens font le forcing pour r\u00e9cup\u00e9rer le PNJ \u00e0 4 points. Malgr\u00e9 une r\u00e9sistance h\u00e9ro\u00efque, Ezekiel (un fusilier des Sorci\u00e8res) et Abigail y laissent leur peau. De leur c\u00f4t\u00e9 les Conf\u00e9d\u00e9r\u00e9s s&rsquo;en sortent plutot bien, avec 2 VIPs r\u00e9cup\u00e9r\u00e9s. Mais au moment ou les Indiens commencent \u00e0 tra\u00eener le personnage, l&rsquo;Esprit Devoreur le rattrape et le tue ! Au final, une victoire assez large pour les Conf\u00e9d\u00e9r\u00e9s, qui termine sur assez gros carnage&#8230;<\/p>\n\n\n\n<figure class=\"wp-block-image is-resized\"><img loading=\"lazy\" decoding=\"async\" src=\"https:\/\/www.lahiette.com\/leratierbretonnien\/wp-content\/uploads\/2019\/03\/P1050346-1024x768.jpg\" alt=\"\" class=\"wp-image-634\" width=\"512\" height=\"384\"\/><figcaption>Cette Indien semble crier victoire, mais l&rsquo;Esrit D\u00e9voreur est sur ses traces<\/figcaption><\/figure>\n\n\n\n<p>Au final, pas mal de pertes, notamment chez les Indiens, la Conf\u00e9d\u00e9ration et les Sorci\u00e8res. Ces derni\u00e8res perdent d&rsquo;ailleurs d\u00e9finitivement l&rsquo;une d&rsquo;entre elles pendant la phase de blessures, sans aucun possibilit\u00e9 de recrutement ! Dans les autres \u00e9quipes, chacun progresse doucement et s&rsquo;\u00e9quipe en vu de la \u00ab\u00a0Traque de Custer\u00a0\u00bb.<\/p>\n\n\n\n<p>Deux ambiances, deux tables : sur ce sc\u00e9nario, il est clairement int\u00e9ressant de jouer \u00e0 3, alors qu&rsquo;\u00e0 2 joueurs, la partie s&rsquo;enlise un peu. Une proposition consisterait peut-\u00eatre \u00e0 ne pas mettre de VIP important et d&rsquo;en placer un nombre impair (1 + nombre joueurs \u00e0 2\/4 et 2+nombre de joueurs \u00e0 3). Par contre, consensus g\u00e9n\u00e9ral sur les nouvelles r\u00e8gles, notamment le sprint qui dynamise les d\u00e9buts de partie notamment.<\/p>\n\n\n\n<p>Un mot sur les d\u00e9cors : la plupart viennent de chez <a href=\"https:\/\/sarissa-precision.com\/\">Sarissa<\/a> (mine, forge, train, &#8230;), certains sont imprim\u00e9s en 3D (Saloon, cabane de trappeur, rochers, &#8230;), un provient <a href=\"https:\/\/www.4ground.co.uk\/\">4Ground<\/a> (le gibet) et enfin le pont et l&rsquo;\u00e9olienne proviennent de chez <a href=\"http:\/\/www.vindis-miniatures.eu\/\">Vindis Miniatures<\/a>, un fabricant fran\u00e7ais que je vous recommande chaudement ! <\/p>\n\n\n\n<p>A suivre pour la Traque de Custer<br><\/p>\n","protected":false},"excerpt":{"rendered":"<p>Nous nous retrouvons en ce 10-11 Mars 2019 sur les bords de la Loire pour continuer la d\u00e9couverte des terrains de chasse. Deux sc\u00e9narios nous attendent : le sauvetage de VIP perdus et la traque de Custer. Apr\u00e8s un petit &hellip; <a href=\"https:\/\/www.lahiette.com\/leratierbretonnien\/wargames-figurines\/draculas-america\/les-vip-et-la-traque-de-custer\/\">Continuer la lecture <span class=\"meta-nav\">&rarr;<\/span><\/a><\/p>\n","protected":false},"author":1,"featured_media":0,"parent":120,"menu_order":0,"comment_status":"open","ping_status":"closed","template":"","meta":{"footnotes":""},"class_list":["post-622","page","type-page","status-publish","hentry"],"_links":{"self":[{"href":"https:\/\/www.lahiette.com\/leratierbretonnien\/wp-json\/wp\/v2\/pages\/622","targetHints":{"allow":["GET"]}}],"collection":[{"href":"https:\/\/www.lahiette.com\/leratierbretonnien\/wp-json\/wp\/v2\/pages"}],"about":[{"href":"https:\/\/www.lahiette.com\/leratierbretonnien\/wp-json\/wp\/v2\/types\/page"}],"author":[{"embeddable":true,"href":"https:\/\/www.lahiette.com\/leratierbretonnien\/wp-json\/wp\/v2\/users\/1"}],"replies":[{"embeddable":true,"href":"https:\/\/www.lahiette.com\/leratierbretonnien\/wp-json\/wp\/v2\/comments?post=622"}],"version-history":[{"count":24,"href":"https:\/\/www.lahiette.com\/leratierbretonnien\/wp-json\/wp\/v2\/pages\/622\/revisions"}],"predecessor-version":[{"id":1997,"href":"https:\/\/www.lahiette.com\/leratierbretonnien\/wp-json\/wp\/v2\/pages\/622\/revisions\/1997"}],"up":[{"embeddable":true,"href":"https:\/\/www.lahiette.com\/leratierbretonnien\/wp-json\/wp\/v2\/pages\/120"}],"wp:attachment":[{"href":"https:\/\/www.lahiette.com\/leratierbretonnien\/wp-json\/wp\/v2\/media?parent=622"}],"curies":[{"name":"wp","href":"https:\/\/api.w.org\/{rel}","templated":true}]}}