{"id":61,"date":"2018-02-26T22:46:06","date_gmt":"2018-02-26T21:46:06","guid":{"rendered":"http:\/\/www.lahiette.com\/leratierbretonnien\/?page_id=61"},"modified":"2018-02-26T22:46:11","modified_gmt":"2018-02-26T21:46:11","slug":"mon-principe-et-je-suis-a-cheval-dessus","status":"publish","type":"page","link":"https:\/\/www.lahiette.com\/leratierbretonnien\/warhammer\/mon-principe-et-je-suis-a-cheval-dessus\/","title":{"rendered":"Mon principe (et je suis \u00e0 cheval dessus)"},"content":{"rendered":"<p>Lorsque je ma\u00eetrise une campagne de longue haleine, j&rsquo;ai pour habitude de cha\u00eener des sc\u00e9narios \u00ab\u00a0sur \u00e9tag\u00e8re\u00a0\u00bb en les attachant \u00e0 une ou plusieurs trames sur le long terme que je cr\u00e9e, soit volontairement, soit suite \u00e0 des actions de mes joueurs. Ces trames impliquent les personnages \u00e0 des degr\u00e9s divers (qu\u00eate personnelle, vengeance suite \u00e0 \u00e9v\u00e8nement, qu\u00eate de groupe, &#8230;).<\/p>\n<p>Ces trames ne sont jamais compl\u00e8tement \u00e9crites ni fig\u00e9es : je jette quelques principes sur le papier, et je les fait \u00e9voluer s\u00e9ance apr\u00e8s s\u00e9ance. En ce sens, je fais un peu comme les feuilletonistes du XIXi\u00e8me si\u00e8cle qui \u00e9crivaient un chapitre par semaine, sans savoir ou cela finirait exactement. Ainsi, chaque sc\u00e9ance apporte son lot d&rsquo;informations et de modifications, et j&rsquo;improvise beaucoup.<\/p>\n<p>L&rsquo;avantage est que si mes joueurs accomplissent certaines actions ou suivent des \u00ab\u00a0fausses pistes\u00a0\u00bb qui sont compl\u00e8tement logiques, il est facilement possible de les r\u00e9compenser en adaptant la trame \u00e0 leurs actions : comme le futur n&rsquo;est que grossi\u00e8rement \u00e9crit, on peut le tordre !<\/p>\n<p>Le revers de cette non-planification est que l&rsquo;on peut s&#8217;embrouiller soi-m\u00eame ou encore que certaines explications soient \u00e0 la limite du capilo-tractage. Mais bon, je n&rsquo;aime pas m&rsquo;enfermer dans un carcan \ud83d\ude42<\/p>\n<p>&nbsp;<\/p>\n","protected":false},"excerpt":{"rendered":"<p>Lorsque je ma\u00eetrise une campagne de longue haleine, j&rsquo;ai pour habitude de cha\u00eener des sc\u00e9narios \u00ab\u00a0sur \u00e9tag\u00e8re\u00a0\u00bb en les attachant \u00e0 une ou plusieurs trames sur le long terme que je cr\u00e9e, soit volontairement, soit suite \u00e0 des actions de &hellip; <a href=\"https:\/\/www.lahiette.com\/leratierbretonnien\/warhammer\/mon-principe-et-je-suis-a-cheval-dessus\/\">Continuer la lecture <span class=\"meta-nav\">&rarr;<\/span><\/a><\/p>\n","protected":false},"author":1,"featured_media":0,"parent":15,"menu_order":0,"comment_status":"closed","ping_status":"closed","template":"","meta":{"footnotes":""},"class_list":["post-61","page","type-page","status-publish","hentry"],"_links":{"self":[{"href":"https:\/\/www.lahiette.com\/leratierbretonnien\/wp-json\/wp\/v2\/pages\/61","targetHints":{"allow":["GET"]}}],"collection":[{"href":"https:\/\/www.lahiette.com\/leratierbretonnien\/wp-json\/wp\/v2\/pages"}],"about":[{"href":"https:\/\/www.lahiette.com\/leratierbretonnien\/wp-json\/wp\/v2\/types\/page"}],"author":[{"embeddable":true,"href":"https:\/\/www.lahiette.com\/leratierbretonnien\/wp-json\/wp\/v2\/users\/1"}],"replies":[{"embeddable":true,"href":"https:\/\/www.lahiette.com\/leratierbretonnien\/wp-json\/wp\/v2\/comments?post=61"}],"version-history":[{"count":1,"href":"https:\/\/www.lahiette.com\/leratierbretonnien\/wp-json\/wp\/v2\/pages\/61\/revisions"}],"predecessor-version":[{"id":62,"href":"https:\/\/www.lahiette.com\/leratierbretonnien\/wp-json\/wp\/v2\/pages\/61\/revisions\/62"}],"up":[{"embeddable":true,"href":"https:\/\/www.lahiette.com\/leratierbretonnien\/wp-json\/wp\/v2\/pages\/15"}],"wp:attachment":[{"href":"https:\/\/www.lahiette.com\/leratierbretonnien\/wp-json\/wp\/v2\/media?parent=61"}],"curies":[{"name":"wp","href":"https:\/\/api.w.org\/{rel}","templated":true}]}}