{"id":58,"date":"2018-02-26T22:44:05","date_gmt":"2018-02-26T21:44:05","guid":{"rendered":"http:\/\/www.lahiette.com\/leratierbretonnien\/?page_id=58"},"modified":"2018-02-26T22:45:25","modified_gmt":"2018-02-26T21:45:25","slug":"le-groupe-de-joueurs-et-personnages","status":"publish","type":"page","link":"https:\/\/www.lahiette.com\/leratierbretonnien\/warhammer\/le-groupe-de-joueurs-et-personnages\/","title":{"rendered":"Le groupe de joueurs et personnages"},"content":{"rendered":"<p>Assez curieusement, ma table comporte plus de joueurs f\u00e9minins que masculins. C&rsquo;est assez rare, je pense, pour \u00eatre mentionn\u00e9. Si cette proportion avait exist\u00e9 du temps de mes 18-20 ans &#8230; &#8211; sans commentaires &#8211;<\/p>\n<p>J&rsquo;ai donc 5 joueurs, avec les personnages suivants :<\/p>\n<ul>\n<li>Vassilissa L\u00e9bedienko, une Tch\u00e9kiste : cette joueuse (ma femme, en fait:)) connaissait d\u00e9ja Warhammer v1 et voulait essayer une carri\u00e8re et\/ou une nationalit\u00e9 nouvelle. Apr\u00e8s discussion, son choix s&rsquo;est port\u00e9 sur Kislev et sur la profession de Tch\u00e9kiste. De mani\u00e8re invonlontaire, c&rsquo;est bien pratique pour moi, car ses objectifs sont plus faciles \u00e0 d\u00e9terminer, et je peux inciter \u00e0 certains d\u00e9placements ou actions. Elle est en mission dans l&rsquo;Empire pour faire un \u00e9tat des lieux des d\u00e9gats laiss\u00e9s par la Temp\u00eate du Chaos et remonter les informations \u00e0 ses sup\u00e9rieurs Kisl\u00e9vites. J&rsquo;ai consid\u00e9r\u00e9 que les grandes villes de l&rsquo;Empire avaient un maillage d&rsquo;antennes locales Tch\u00e9kistes, destin\u00e9s \u00e0 recueillir et remonter les renseignements. Je vais naturellement utiliser ces antennes pour glisser des infos si besoin.<\/li>\n<li>Lorele\u00ef Konig, une apprentie-sorci\u00e8re : je dois dire que j&rsquo;ai toujours fui la magie dans la premi\u00e8re \u00e9dition, mais le fait qu&rsquo;une de mes joueuses ai souhait\u00e9 en faire m&rsquo;a bien plu, histoire de tester les r\u00e8gles de la seconde. Apr\u00e8s 6 ans \u00e0 \u00e9tudier les bases \u00e0 Altdorf, elle doit r\u00e9aliser une ann\u00e9e initiatique et se mettre au service de la population. L\u00e0 aussi, le destin me sert bien, car sa d\u00e9pendance envers l&rsquo;universit\u00e9 me permet de diriger (subtilement, cela va de soi \ud83d\ude42 le groupe.<\/li>\n<li>Clogger Cr\u00eamecuite, une sentinelle Halfling : le seul joueur m\u00e2le de l&rsquo;\u00e9quipe, qui a choisi une autre race qu&rsquo;humain. Je ne suis pas fan en g\u00e9n\u00e9ral des autres races pour mes joueurs, mais bon, il avait l&rsquo;air d&rsquo;y tenir. Son histoire personnelle fait qu&rsquo;il a des comptes familiaux \u00e0 r\u00e9gler dans le Mootland, mais il ne sait pas encore bien quoi (notez que moi non plus, cf. chapitre suivant).<\/li>\n<li>\u00a0Allumeuse de r\u00e9verb\u00e8res (sisi !) : cette derni\u00e8re joueuse a int\u00e9gr\u00e9 le groupe \u00e0 la troisi\u00e8me sc\u00e9ance, j&rsquo;indiquerais plus tard comment je l&rsquo;ai int\u00e9gr\u00e9e \u00e0 l&rsquo;aventure. C&rsquo;est aussi la plus novice en mati\u00e8re de JDR, les 3 autres ont tous plus de 15\/20 ans de pratique. En ce qui la concerne, je lui avais indiqu\u00e9 que l&rsquo;ambiance \u00e9tait \u00ab\u00a0Renaissance Fantastique\u00a0\u00bb, et qu&rsquo;elle n&rsquo;avait qu&rsquo;\u00e0 me donner des id\u00e9es de profession de l&rsquo;\u00e9poque et que je l&rsquo;aiguillerais ensuite. Et \u00f4 surprise, elle mentionnait dans sa liste \u00ab\u00a0Allumeur de r\u00e9verb\u00e8res\u00a0\u00bb : c&rsquo;est donc moi qui la surprenait en retour en lui proposant directement cette carri\u00e8re issue des \u00ab\u00a0H\u00e9ritier de Sigmar\u00a0\u00bb. Tel est pris qui croyait prendre !<\/li>\n<li>Un \u00e9tudiant en droit, venu d&rsquo;Altdorf : Jeune idaliste aux id\u00e9es novatrices, il est issu d&rsquo;une famille marchande assez riche, qui l&rsquo;a d\u00e9sh\u00e9rit\u00e9.<\/li>\n<\/ul>\n<h2>Rencontres de groupe ?<\/h2>\n<p>Il est toujours d\u00e9licat au d\u00e9marrage d&rsquo;une campagne d&rsquo;introduire les personnages : souvent les joueurs ont souhait\u00e9 \u00eatre libre dans leur choix de profession et r\u00e9unir dans un m\u00eame groupe un nain combattants des tunnels, un humain perc\u00e9pteur, un halfling voleur et un humain patrouilleur rural. Faire se regrouper ce m\u00e9lange h\u00e9t\u00e9roclite et leur faire adh\u00e9rer \u00e0 un objectif commun rel\u00e8ve souvent du capillo-tractage avanc\u00e9.<\/p>\n<p>En ce qui me concerne, j&rsquo;impose \u00e0 mes joueurs de prendre des races humaines (ou quasi-humaines), mais pas des Nains ou des Elfes &#8211; par exemple. J&rsquo;ai toujours du mal \u00e0 trouver cr\u00e9dible que l&rsquo;on puisse jouer des \u00eatres aussi diff\u00e9rents de nous, sauf \u00e0 \u00eatre PNJ.<\/p>\n<p>Dans mon cas, la Tch\u00e9kiste et l&rsquo;apprentie sorci\u00e8re sont d\u00e9ja naturellement \u00e0 l&rsquo;aventure : la Tch\u00e9kiste dans le cadre se sa mission de renseignement et l&rsquo;apprentie afin de faire son ann\u00e9e d&rsquo;initiation. Elles se sont donc retrouv\u00e9es &#8211; par hasard &#8211; pour convoyer un vitrail pour un temple de Bogenh\u00e4fen (cf. la campagne). Pour le halfling, c&rsquo;est un peu moins construit : il n&rsquo;a simplement plus un radis en poche, et il a donc r\u00e9pondu \u00e0 la premi\u00e8re offre de travail correctement r\u00e9mun\u00e9r\u00e9e, qui s&rsquo;est trouv\u00e9e &#8211; \u00f4 miracle &#8211; \u00eatre justement ce convoyage de vitrail.<\/p>\n<p>Pour l&rsquo;allumeuse de r\u00e9verb\u00e8res, elle a rejoint le groupe naturellement, \u00e9tant donn\u00e9 qu&rsquo;elle a fait partie prenante des actions des PJs (cf. la campagne).<\/p>\n<p>En ce qui concerne leur coh\u00e9sion, ma foi, je les laisse faire. La Tch\u00e9kiste et l&rsquo;apprentie (encore!) sont de fait \u00ab\u00a0volontaires\u00a0\u00bb pour toute mission, puisque la \u00ab\u00a0d\u00e9couverte\u00a0\u00bb fait partie de leur objectifs initiaux. Du coup, elles sont volontaires pour aider l&rsquo;allumeuse de r\u00e9verb\u00e8res (recherche de sa soeur) et le Halfling. Pour ce dernier, le reste du groupe lui a promis d&rsquo;aller t\u00f4t ou tard dans le Mootland pour \u00e9claircir ses probl\u00e8mes familiaux.<\/p>\n<p>&nbsp;<\/p>\n","protected":false},"excerpt":{"rendered":"<p>Assez curieusement, ma table comporte plus de joueurs f\u00e9minins que masculins. C&rsquo;est assez rare, je pense, pour \u00eatre mentionn\u00e9. Si cette proportion avait exist\u00e9 du temps de mes 18-20 ans &#8230; &#8211; sans commentaires &#8211; J&rsquo;ai donc 5 joueurs, avec &hellip; <a href=\"https:\/\/www.lahiette.com\/leratierbretonnien\/warhammer\/le-groupe-de-joueurs-et-personnages\/\">Continuer la lecture <span class=\"meta-nav\">&rarr;<\/span><\/a><\/p>\n","protected":false},"author":1,"featured_media":0,"parent":15,"menu_order":0,"comment_status":"closed","ping_status":"closed","template":"","meta":{"footnotes":""},"class_list":["post-58","page","type-page","status-publish","hentry"],"_links":{"self":[{"href":"https:\/\/www.lahiette.com\/leratierbretonnien\/wp-json\/wp\/v2\/pages\/58","targetHints":{"allow":["GET"]}}],"collection":[{"href":"https:\/\/www.lahiette.com\/leratierbretonnien\/wp-json\/wp\/v2\/pages"}],"about":[{"href":"https:\/\/www.lahiette.com\/leratierbretonnien\/wp-json\/wp\/v2\/types\/page"}],"author":[{"embeddable":true,"href":"https:\/\/www.lahiette.com\/leratierbretonnien\/wp-json\/wp\/v2\/users\/1"}],"replies":[{"embeddable":true,"href":"https:\/\/www.lahiette.com\/leratierbretonnien\/wp-json\/wp\/v2\/comments?post=58"}],"version-history":[{"count":1,"href":"https:\/\/www.lahiette.com\/leratierbretonnien\/wp-json\/wp\/v2\/pages\/58\/revisions"}],"predecessor-version":[{"id":59,"href":"https:\/\/www.lahiette.com\/leratierbretonnien\/wp-json\/wp\/v2\/pages\/58\/revisions\/59"}],"up":[{"embeddable":true,"href":"https:\/\/www.lahiette.com\/leratierbretonnien\/wp-json\/wp\/v2\/pages\/15"}],"wp:attachment":[{"href":"https:\/\/www.lahiette.com\/leratierbretonnien\/wp-json\/wp\/v2\/media?parent=58"}],"curies":[{"name":"wp","href":"https:\/\/api.w.org\/{rel}","templated":true}]}}