{"id":55,"date":"2018-02-26T22:41:29","date_gmt":"2018-02-26T21:41:29","guid":{"rendered":"http:\/\/www.lahiette.com\/leratierbretonnien\/?page_id=55"},"modified":"2020-08-26T16:14:58","modified_gmt":"2020-08-26T14:14:58","slug":"un-peu-de-realite-economique","status":"publish","type":"page","link":"https:\/\/www.lahiette.com\/leratierbretonnien\/warhammer\/un-peu-de-realite-economique\/","title":{"rendered":"Un peu de r\u00e9alit\u00e9 \u00e9conomique"},"content":{"rendered":"<h2>Mais c&rsquo;est quoi le probl\u00e8me ?<\/h2>\n<p><strong>**UPDATE v4**<\/strong> : Ces remarques ne sont applicables qu&rsquo;\u00e0 la v1\/V2, la V4 a largement corrig\u00e9 cela, en bien.<\/p>\n<p>Comme pour la r\u00e9partition g\u00e9ographique, les deux \u00e9ditions souffrent d\u2019incoh\u00e9rences graves en ce qui concerne l&rsquo;\u00e9chelle des prix et des salaires. Voici quelques exemples r\u00e9v\u00e9lateurs :<\/p>\n<ul>\n<li>D&rsquo;apr\u00e8s la table des salaires, un mercenaire gagne entre 20 et 50 CO par an. Or, un ensemble armure de cuir, \u00e9p\u00e9e et bouclier co\u00fbtent environ 45 CO. Autrement dit, en admettant que le mercenaire soit riche, il n&rsquo;a pas int\u00e9r\u00eat \u00e0 perdre son \u00e9quipement, car tout son salaire de l&rsquo;ann\u00e9e y passera !<\/li>\n<li>De m\u00eame, un paysan est cens\u00e9 gagner 15 CO annuellement. Mais il ne peut louer quasiment qu&rsquo;un seul hectare de terre, car elle coute 11 CO\/an de loyer !<\/li>\n<li>Dans le domaine de la production, le co\u00fbt de la mati\u00e8re premi\u00e8re pour faire une armure de cuir est d&rsquo;environ 2 CO. Mais l&rsquo;armure finale se vend 25 CO, soit 23 CO de co\u00fbt de fabrication. Pourtant, le salaire d&rsquo;un artisan se situe entre 25 et 80 CO. Autrement dit, il suffit \u00e0 un armurier de vendre 4 armures de cuir pour r\u00e9aliser son revenu annuel&#8230;<\/li>\n<li>Encore pire, le d\u00e9calage entre les r\u00e9compenses et le mat\u00e9riel r\u00e9cup\u00e9rable : de nombreux petits sc\u00e9narios proposent des r\u00e9compenses de l&rsquo;ordre de 10 CO. Mais si les personnages rencontrent 3 brigands raisonnablement arm\u00e9s, ils peuvent esp\u00e9rer en tirer des sommes importantes, m\u00eame en revendant \u00e0 moiti\u00e9 prix (3 armures de cuir, 1 arbal\u00e8te, 3 haches, 3 boucliers font rapidement 70 EUR au tarif d&rsquo;occasion)<\/li>\n<\/ul>\n<p>A mon avis, ces erreurs fondamentales d&rsquo;\u00e9quilibrage de tarifs nuisent \u00e0 l&rsquo;\u00e9volution r\u00e9guli\u00e8re des personnages et rendent difficile toute exploitation du commerce. Je ne comprends pas pourquoi cela n&rsquo;a pas \u00e9t\u00e9 corrig\u00e9 dans la seconde version, d&rsquo;autant que l'\u00a0\u00bbArsenal du Vieux Monde\u00a0\u00bb contient plein de bonnes id\u00e9es, mais g\u00e2ch\u00e9es par cette tarification quasi al\u00e9atoire.<\/p>\n<h2>Une solution<\/h2>\n<p>Comme pour l&rsquo;aspect d\u00e9mographique, je ne suis pas le premier \u00e0 soulever ces incoh\u00e9rences. J&rsquo;utilise donc les tables de prix \u00e9taient disponibles <a href=\"http:\/\/voxludi.net\/wp-content\/uploads\/group-documents\/5\/1306316085-liste_prix_alternatifs.zip\">ici<\/a>, mais le lien ne fonctionne plus. Voici donc une copie locale ici : <a href=\"https:\/\/www.lahiette.com\/leratierbretonnien\/wp-content\/uploads\/2018\/02\/prix_equipement_v1.pdf\">Prix \u00e9quipement<\/a><\/p>\n<p>Ces tables remettent au centre des \u00e9changes les pistoles d&rsquo;argent, ce qui me semble logique, avec une tarification plus homog\u00e8ne. Il manque quelques items, mais je les ajoute au fur et \u00e0 mesure : je mettrais probablement \u00e7a au propre dans une mise \u00e0 jour du document que je rendrais disponible.<\/p>\n<p>Voil\u00e0!<\/p>\n","protected":false},"excerpt":{"rendered":"<p>Mais c&rsquo;est quoi le probl\u00e8me ? **UPDATE v4** : Ces remarques ne sont applicables qu&rsquo;\u00e0 la v1\/V2, la V4 a largement corrig\u00e9 cela, en bien. Comme pour la r\u00e9partition g\u00e9ographique, les deux \u00e9ditions souffrent d\u2019incoh\u00e9rences graves en ce qui concerne &hellip; <a href=\"https:\/\/www.lahiette.com\/leratierbretonnien\/warhammer\/un-peu-de-realite-economique\/\">Continuer la lecture <span class=\"meta-nav\">&rarr;<\/span><\/a><\/p>\n","protected":false},"author":1,"featured_media":0,"parent":15,"menu_order":0,"comment_status":"open","ping_status":"closed","template":"","meta":{"footnotes":""},"class_list":["post-55","page","type-page","status-publish","hentry"],"_links":{"self":[{"href":"https:\/\/www.lahiette.com\/leratierbretonnien\/wp-json\/wp\/v2\/pages\/55","targetHints":{"allow":["GET"]}}],"collection":[{"href":"https:\/\/www.lahiette.com\/leratierbretonnien\/wp-json\/wp\/v2\/pages"}],"about":[{"href":"https:\/\/www.lahiette.com\/leratierbretonnien\/wp-json\/wp\/v2\/types\/page"}],"author":[{"embeddable":true,"href":"https:\/\/www.lahiette.com\/leratierbretonnien\/wp-json\/wp\/v2\/users\/1"}],"replies":[{"embeddable":true,"href":"https:\/\/www.lahiette.com\/leratierbretonnien\/wp-json\/wp\/v2\/comments?post=55"}],"version-history":[{"count":3,"href":"https:\/\/www.lahiette.com\/leratierbretonnien\/wp-json\/wp\/v2\/pages\/55\/revisions"}],"predecessor-version":[{"id":1924,"href":"https:\/\/www.lahiette.com\/leratierbretonnien\/wp-json\/wp\/v2\/pages\/55\/revisions\/1924"}],"up":[{"embeddable":true,"href":"https:\/\/www.lahiette.com\/leratierbretonnien\/wp-json\/wp\/v2\/pages\/15"}],"wp:attachment":[{"href":"https:\/\/www.lahiette.com\/leratierbretonnien\/wp-json\/wp\/v2\/media?parent=55"}],"curies":[{"name":"wp","href":"https:\/\/api.w.org\/{rel}","templated":true}]}}