{"id":540,"date":"2019-01-30T18:09:52","date_gmt":"2019-01-30T17:09:52","guid":{"rendered":"http:\/\/www.lahiette.com\/leratierbretonnien\/?page_id=540"},"modified":"2019-10-18T20:49:13","modified_gmt":"2019-10-18T18:49:13","slug":"warhammer-4-starter-set","status":"publish","type":"page","link":"https:\/\/www.lahiette.com\/leratierbretonnien\/warhammer\/warhammer-4-cubicle-7\/warhammer-4-starter-set\/","title":{"rendered":"Warhammer 4 &#8211; Starter Set"},"content":{"rendered":"\n<p>Dans l&rsquo;attente de la sortie du livre papier en fran\u00e7ais (bon ben \u00e7a y est je l&rsquo;ai !), je me suis fendu de l&rsquo;achat du \u00ab\u00a0Starte Set\u00a0\u00bb sur Drivethrurpg, histoire d&rsquo;avoir un peu de contenu et de me faire une id\u00e9e sur les sc\u00e9narios \u00e0 venir.<\/p>\n\n\n\n<p>Au d\u00e9ballage &#8211; virtuel s&rsquo;entend &#8211; du pack, on trouve des cartes (version PJ et MJ), des pr\u00e9tir\u00e9s, des petites rumeurs, un r\u00e9capitulatif des tables, un livret d&rsquo;aventures et un guide de la ville d&rsquo;Ubersreik. Un rapide survol des PDF montre une \u00e9dition de qualit\u00e9, avec des dessins originaux. <\/p>\n\n\n\n<figure class=\"wp-block-image\"><img loading=\"lazy\" decoding=\"async\" width=\"596\" height=\"786\" src=\"https:\/\/www.lahiette.com\/leratierbretonnien\/wp-content\/uploads\/2019\/01\/Screenshot_20190130_180047.png\" alt=\"\" class=\"wp-image-543\" srcset=\"https:\/\/www.lahiette.com\/leratierbretonnien\/wp-content\/uploads\/2019\/01\/Screenshot_20190130_180047.png 596w, https:\/\/www.lahiette.com\/leratierbretonnien\/wp-content\/uploads\/2019\/01\/Screenshot_20190130_180047-227x300.png 227w\" sizes=\"auto, (max-width: 596px) 100vw, 596px\" \/><\/figure>\n\n\n\n<p>Commen\u00e7ons tout d&rsquo;abord par le sc\u00e9nario, qui, je le dis d&#8217;embl\u00e9e, est de tr\u00e8s bonne facture. Les personnages sont amen\u00e9s \u00e0 Ubersreik et sont impliqu\u00e9s rapidement dans diverses intrigues et \u00e9v\u00e8nements de la cit\u00e9. Dirigiste sur les 3 premiers chapitres, il devient beaucoup plus ouvert sur les 3 derniers, avec une belle galerie de PNJ et choix corn\u00e9liens pour les joueurs. Vraiment pas mal, d&rsquo;autant que le sc\u00e9nario est prolong\u00e9 par une dizaine d&rsquo;id\u00e9es d&rsquo;aventures compl\u00e9mentaires, toutes assez bien fouill\u00e9es et bien pens\u00e9es. Le d\u00e9but du sc\u00e9nario est peut-\u00eatre un peu dirigiste pour des joueurs aguerris, certes, mais c&rsquo;est g\u00e9rable \u00e0 mon avis. Bref, une bonne surprise, en seulement 48 pages d&rsquo;une efficacit\u00e9 rarement \u00e9gal\u00e9e en JDR.<\/p>\n\n\n\n<p>Je me tourne ensuite vers le guide d&rsquo;Ubersreik et des ses environs : l\u00e0 aussi, la qualit\u00e9 est au rendez-vous, tant sur le plan esth\u00e9tique que du contenu. En 65 pages, on trouve un historique de la province, avec ses derniers \u00e9v\u00e8nements politique (important !), suivi d&rsquo;une description compl\u00e8te de la ville quartier par quartier, puis la revue des provinces du duch\u00e9. Efficace et simple, avec des id\u00e9es d&rsquo;aventure pour chaque r\u00e9gion ou lieu de la ville. Une belle description, qui donne beaucoup de profondeur \u00e0 une r\u00e9gion peu exploit\u00e9e dans les \u00e9ditions pr\u00e9c\u00e9dentes (la v1 et la v2, en ce qu&rsquo;il me concerne, je connais peu la v3).<\/p>\n\n\n\n<p>L&rsquo;ensemble forme un cadre tr\u00e8s int\u00e9ressant, permettant de r\u00e9aliser tout un tas d&rsquo;aventures dans une portion r\u00e9duite de l&rsquo;Empire. Afin de donner un background politique, le suppl\u00e9ment met en place une tension permanente dans le duch\u00e9 : le duc vient de se faire d\u00e9mettre des fonctions par l&rsquo;Empereur et la zone est donc temporairement dirig\u00e9e par des envoy\u00e9s d&rsquo;Altdorf. Ce climat de mini-guerre civile entre partisans du duc d\u00e9chu et \u00ab\u00a0occupants\u00a0\u00bb Altdorfiens permet de mettre en sc\u00e8ne tout un tas d&rsquo;options : mini-escarmouches, fid\u00e8les du duc recherch\u00e9s, nobles ambitieux cherchant \u00e0 se placer, etc, etc. <\/p>\n\n\n\n<p>Tout ceci est compl\u00e9t\u00e9 par 2 tr\u00e8s belle cartes : la ville et le duch\u00e9, \u00e0 chaque fois avec une version MJ et une version joueur. J&rsquo;appr\u00e9cie particuli\u00e8rement cet effort, qui me semble la base de toute publication de sc\u00e9nario ou suppl\u00e9ment, mais qui est rarement disponible. Bravo !<\/p>\n\n\n\n<p>Les pr\u00e9 tir\u00e9s sont traditionnels dans leur choix, avec une mention sp\u00e9ciale pour les dessins, vraiment superbes.<\/p>\n\n\n\n<p>Bref, vous l&rsquo;avez compris, j&rsquo;ai \u00e9t\u00e9 s\u00e9duit par la qualit\u00e9 de l&rsquo;ensemble, avec un \u00ab\u00a0vrai\u00a0\u00bb sc\u00e9nario Warhammer du type de la V1\/V2, servi par une mise en page et des \u00ab\u00a0addons\u00a0\u00bb ass irr\u00e9prochables. Bravo \u00e0 Cubicle7 ! <\/p>\n\n\n\n<p>En r\u00e9sum\u00e9, si vous avez 13 EUR \u00e0 perdre et que vous voulez un cadre de campagne avec les outils d\u00e9j\u00e0 pr\u00eats, n&rsquo;h\u00e9sitez pas. A ce stade, je ne sais pas si ce \u00ab\u00a0Starter Set\u00a0\u00bb sera traduit en fran\u00e7ais ou pas. Enfin, notez que le (tr\u00e8s bon) sc\u00e9nario gratuit \u00ab\u00a0It looks could kill\u00a0\u00bb se passe aussi dans la province d&rsquo;Ubersreik et peut donc servir \u00e9galement en le chainant avant ou apr\u00e8s le sc\u00e9nario du \u00ab\u00a0Starter Set\u00a0\u00bb.<\/p>\n\n\n\n<p><\/p>\n\n\n\n<p><br><\/p>\n","protected":false},"excerpt":{"rendered":"<p>Dans l&rsquo;attente de la sortie du livre papier en fran\u00e7ais (bon ben \u00e7a y est je l&rsquo;ai !), je me suis fendu de l&rsquo;achat du \u00ab\u00a0Starte Set\u00a0\u00bb sur Drivethrurpg, histoire d&rsquo;avoir un peu de contenu et de me faire une &hellip; <a href=\"https:\/\/www.lahiette.com\/leratierbretonnien\/warhammer\/warhammer-4-cubicle-7\/warhammer-4-starter-set\/\">Continuer la lecture <span class=\"meta-nav\">&rarr;<\/span><\/a><\/p>\n","protected":false},"author":1,"featured_media":0,"parent":310,"menu_order":0,"comment_status":"open","ping_status":"closed","template":"","meta":{"footnotes":""},"class_list":["post-540","page","type-page","status-publish","hentry"],"_links":{"self":[{"href":"https:\/\/www.lahiette.com\/leratierbretonnien\/wp-json\/wp\/v2\/pages\/540","targetHints":{"allow":["GET"]}}],"collection":[{"href":"https:\/\/www.lahiette.com\/leratierbretonnien\/wp-json\/wp\/v2\/pages"}],"about":[{"href":"https:\/\/www.lahiette.com\/leratierbretonnien\/wp-json\/wp\/v2\/types\/page"}],"author":[{"embeddable":true,"href":"https:\/\/www.lahiette.com\/leratierbretonnien\/wp-json\/wp\/v2\/users\/1"}],"replies":[{"embeddable":true,"href":"https:\/\/www.lahiette.com\/leratierbretonnien\/wp-json\/wp\/v2\/comments?post=540"}],"version-history":[{"count":7,"href":"https:\/\/www.lahiette.com\/leratierbretonnien\/wp-json\/wp\/v2\/pages\/540\/revisions"}],"predecessor-version":[{"id":1125,"href":"https:\/\/www.lahiette.com\/leratierbretonnien\/wp-json\/wp\/v2\/pages\/540\/revisions\/1125"}],"up":[{"embeddable":true,"href":"https:\/\/www.lahiette.com\/leratierbretonnien\/wp-json\/wp\/v2\/pages\/310"}],"wp:attachment":[{"href":"https:\/\/www.lahiette.com\/leratierbretonnien\/wp-json\/wp\/v2\/media?parent=540"}],"curies":[{"name":"wp","href":"https:\/\/api.w.org\/{rel}","templated":true}]}}