{"id":522,"date":"2019-01-03T22:40:20","date_gmt":"2019-01-03T21:40:20","guid":{"rendered":"http:\/\/www.lahiette.com\/leratierbretonnien\/?page_id=522"},"modified":"2020-09-15T19:56:10","modified_gmt":"2020-09-15T17:56:10","slug":"da-la-campagne-des-5-bandes","status":"publish","type":"page","link":"https:\/\/www.lahiette.com\/leratierbretonnien\/wargames-figurines\/draculas-america\/da-la-campagne-des-5-bandes\/","title":{"rendered":"DA : La campagne des 5 bandes"},"content":{"rendered":"\n<p>D\u00e9marrage de campagne en ce 2 janvier 2019, avec 5 bandes en lice : des Hurons, des Cabalistes de la Main Rouge, la Congr\u00e9gation, les cannibales de &lsquo;The Kin&rsquo; et les Soeurs Abbott.<\/p>\n\n\n\n<p>Pour le premier tour, nous d\u00e9cidons de faire une tentative d&rsquo;un sc\u00e9nario \u00e0 5 joueurs en m\u00eame temps, sur le mode \u00ab\u00a0Revendiquer le terrain\u00a0\u00bb. The Kin et les Soeurs de Salem se mettent directement \u00e0 se taper dessus, pendant que les Hurons t\u00e2tent du terrain de ci del\u00e0. De leur c\u00f4t\u00e9, la Congr\u00e9gation et la Main Rouge investissent les b\u00e2timents gr\u00e2ce \u00e0 un pacte tacite &#8211; et sournois \ud83d\ude42 &#8211; de non agression.<\/p>\n\n\n\n<figure class=\"wp-block-image is-resized\"><img loading=\"lazy\" decoding=\"async\" src=\"https:\/\/www.lahiette.com\/leratierbretonnien\/wp-content\/uploads\/2019\/01\/IMG_20190101_184017resized_01.jpg-1024x768.jpg\" alt=\"\" class=\"wp-image-520\" width=\"512\" height=\"384\" srcset=\"https:\/\/www.lahiette.com\/leratierbretonnien\/wp-content\/uploads\/2019\/01\/IMG_20190101_184017resized_01.jpg-1024x768.jpg 1024w, https:\/\/www.lahiette.com\/leratierbretonnien\/wp-content\/uploads\/2019\/01\/IMG_20190101_184017resized_01.jpg-300x225.jpg 300w, https:\/\/www.lahiette.com\/leratierbretonnien\/wp-content\/uploads\/2019\/01\/IMG_20190101_184017resized_01.jpg-768x576.jpg 768w, https:\/\/www.lahiette.com\/leratierbretonnien\/wp-content\/uploads\/2019\/01\/IMG_20190101_184017resized_01.jpg.jpg 2048w\" sizes=\"auto, (max-width: 512px) 100vw, 512px\" \/><figcaption>La ville<\/figcaption><\/figure>\n\n\n\n<p>A la fin des courses, c&rsquo;est la Cabale qui gagne, avec deux b\u00e2timents. Le joueur des Kin d\u00e9cide de ne plus les utiliser et continuera la campagne avec les Conf\u00e9d\u00e9r\u00e9s. Au niveau progression, c&rsquo;est les Hurons qui subissent les plus de pertes avec 2 morts, tandis que la Congr\u00e9gation et les Soeurs Abbott se voient dot\u00e9s de 2 progressions !<\/p>\n\n\n\n<p>Jouer un sc\u00e9nario \u00e0 5 en opposition est donc faisable, \u00e0 condition de choisir des objectifs qui s&rsquo;y pr\u00eatent naturellement. Il faut quand m\u00eame voir que le 5i\u00e8me joueur qui se positionne entre deux coins va forc\u00e9ment s&rsquo;attirer les foudres de ses 2 voisins, et donc la partie peut d\u00e9marrer plus durement pour lui&#8230;<\/p>\n\n\n\n<figure class=\"wp-block-image is-resized\"><img loading=\"lazy\" decoding=\"async\" src=\"https:\/\/www.lahiette.com\/leratierbretonnien\/wp-content\/uploads\/2019\/01\/IMG_20190101_202607.jpgresized-1024x768.jpg\" alt=\"\" class=\"wp-image-521\" width=\"512\" height=\"384\" srcset=\"https:\/\/www.lahiette.com\/leratierbretonnien\/wp-content\/uploads\/2019\/01\/IMG_20190101_202607.jpgresized-1024x768.jpg 1024w, https:\/\/www.lahiette.com\/leratierbretonnien\/wp-content\/uploads\/2019\/01\/IMG_20190101_202607.jpgresized-300x225.jpg 300w, https:\/\/www.lahiette.com\/leratierbretonnien\/wp-content\/uploads\/2019\/01\/IMG_20190101_202607.jpgresized-768x576.jpg 768w, https:\/\/www.lahiette.com\/leratierbretonnien\/wp-content\/uploads\/2019\/01\/IMG_20190101_202607.jpgresized.jpg 2048w\" sizes=\"auto, (max-width: 512px) 100vw, 512px\" \/><figcaption>La ville apr\u00e8s les coups de fusil&#8230;<\/figcaption><\/figure>\n\n\n\n<p>Nous continuerons avec la campagne des territoires de chasse, mais par bataille de 2 et 3, au bon vouloir du joueur Huron, qui se retrouve avec l\u2019infamie la plus faible ce tour-ci.<\/p>\n\n\n\n<p>Nous retrouvons en ce d\u00e9but f\u00e9vrier 2019 pour faire une nouvelle session : objectif 2 sc\u00e9narios ! Le joueur Huron d\u00e9cide de d\u00e9fier la Congr\u00e9gation, \u00e9quipe avec le plus d&rsquo;infamie. De l&rsquo;autre c\u00f4t\u00e9 c&rsquo;est donc les sorci\u00e8res, la cabale et les conf\u00e9d\u00e9r\u00e9s qui vont s&rsquo;affronter. Ce premier combat se d\u00e9roule dans le cadre du sc\u00e9nario \u00ab\u00a0La Ville Fant\u00f4me\u00a0\u00bb des terrains de chasse. Dans le cas de la partie \u00e0 3 joueurs, nous d\u00e9cidons de mettre 3 objectifs au lieu de 4, afin de proposer un jeu plus \u00e9quilibr\u00e9.<\/p>\n\n\n\n<p>Alors que la brume lourde des terres de chasses rampe au pied des b\u00e2timents de cette ville sans \u00e2ge, les \u00e9claireurs hurons aper\u00e7oivent la forme g\u00e9om\u00e9trique d&rsquo;un non-mort de l&rsquo;\u00e9quipage de l&rsquo;Angola se d\u00e9couper au travers des murs fantomatiques.  Au sein des b\u00e2timents luit un magot app\u00e9tissant sur lequel chaque camp souhaite mettre la main ! <\/p>\n\n\n\n<p>Dans les premiers moments du jeu,  chacun avance depuis son point d&rsquo;entr\u00e9e  sans se sentir intimid\u00e9 par la menace adverse.  Mais les b\u00e2timents et les hommes franchissent le seuil des Terres de chasse au gr\u00e9 des fluctuations du seuil. <br> Les premi\u00e8res balles des armes \u00e0 longue port\u00e9e fusent dans le monde spirituel alors d\u00e9nu\u00e9 d&rsquo;obstacle physiques.  Un homme de la congr\u00e9gation se fait toucher. \u00c9ject\u00e9.  L&rsquo;un des indiens a pris sa forme lupine et court s&#8217;emparer d&rsquo;un magot.  Dans les mines,  un guerillero de Bolivar en r\u00e9cup\u00e8re un \u00e0 son tour et s&rsquo;installe en position de tir. <br> Restent deux sacs d&rsquo;or qui n&rsquo;ont pas encore \u00e9t\u00e9 touch\u00e9s,  qui sont dangereusement accessibles par les deux camps. Un guerrier indien intr\u00e9pide traverse le monde physique pour investir l&rsquo;un des b\u00e2timents avanc\u00e9s,  se saisit d&rsquo;un sac et se place sur le toit pour prot\u00e9ger les environs.  De son c\u00f4t\u00e9, le pistolero de la congr\u00e9gation investit l&rsquo;autre b\u00e2timent et se saisit de l&rsquo;autre magot. <\/p>\n\n\n\n<p>Tout bascule lorsque Bolivar le Hungan invoque le Serpent du Temple qui se glisse dans le b\u00e2timent prot\u00e9g\u00e9 par le guerrier Huron,  mettant \u00e0 terre l&rsquo;homme et son sac d&rsquo;or dans ses m\u00e2choires.  Plus loin,  une lutte s&rsquo;engage entre un zombie Juju,  un loup,  un h\u00e9ros indien et le pistolero. Lorsque le Souffle de Loko rel\u00e8ve les adversaires des Hurons, la lutte devient trop in\u00e9gale et la congr\u00e9gation repart avec trois quart des tr\u00e9sors de la ville maudire. <\/p>\n\n\n\n<p>Impressions du joueur Congr\u00e9gation :<\/p>\n\n\n\n<ul class=\"wp-block-list\"><li>Sc\u00e9nario difficile \u00e0 g\u00e9rer car les couverts et les gouzigs passent d&rsquo;un plan \u00e0 l&rsquo;autre.  On a du mal \u00e0 bien visualiser le jeu,<\/li><li>Jouer en outsider avec un \u00e9cart de 5 points d&rsquo;infamie repr\u00e9sente une nette inf\u00e9riorit\u00e9 de depart: moins de personnage,  pas d&rsquo;arcaniste\u2026 <\/li><\/ul>\n\n\n\n<p>Sur l&rsquo;autre table, en parall\u00e8le, les sorci\u00e8res ont toutes les peines du monde \u00e0 progresser, tandis que les conf\u00e9d\u00e9r\u00e9s et la cabale r\u00e9ussissent rapidement \u00e0 mettre la main sur un butin chacun. Apr\u00e8s quelques tirs d&rsquo;opportunit\u00e9 entre les diverses bandes, la cabale arrive \u00e0 mettre au tapis 2 zombies conf\u00e9d\u00e9r\u00e9s, tandis que les sorci\u00e8res perdent l&rsquo;une des leurs. S&rsquo;en suit une tentative d\u00e9sesp\u00e9r\u00e9e de r\u00e9cup\u00e9rer le dernier butin par les sbires des Sorci\u00e8res, tentative qui \u00e9choue lamentablement : deux tirs rat\u00e9s \u00e0 bout portant sur un conf\u00e9d\u00e9r\u00e9s ! Le joueur conf\u00e9d\u00e9r\u00e9 termine la partie avec 2 butins, et voit donc la victoire lui revenir.<\/p>\n\n\n\n<p>A noter que ce sc\u00e9nario de la Ville Fant\u00f4me est assez difficile \u00e0 conceptualiser parfois, \u00e0 cause des b\u00e2timents qui basculent d&rsquo;un plan \u00e0 l&rsquo;autre et qui ajoutent de la complexit\u00e9 \u00e0 la prise en compte de la ligne de vue.<\/p>\n\n\n\n<figure class=\"wp-block-image is-resized\"><img loading=\"lazy\" decoding=\"async\" src=\"https:\/\/www.lahiette.com\/leratierbretonnien\/wp-content\/uploads\/2019\/02\/fig_190201_4-1024x768.jpg\" alt=\"\" class=\"wp-image-563\" width=\"512\" height=\"384\" srcset=\"https:\/\/www.lahiette.com\/leratierbretonnien\/wp-content\/uploads\/2019\/02\/fig_190201_4-1024x768.jpg 1024w, https:\/\/www.lahiette.com\/leratierbretonnien\/wp-content\/uploads\/2019\/02\/fig_190201_4-300x225.jpg 300w, https:\/\/www.lahiette.com\/leratierbretonnien\/wp-content\/uploads\/2019\/02\/fig_190201_4-768x576.jpg 768w, https:\/\/www.lahiette.com\/leratierbretonnien\/wp-content\/uploads\/2019\/02\/fig_190201_4.jpg 1280w\" sizes=\"auto, (max-width: 512px) 100vw, 512px\" \/><figcaption>Le tireur de la Congr\u00e9gation perch\u00e9 sur un wagon tire les Conf\u00e9d\u00e9r\u00e9s comme des lapins<\/figcaption><\/figure>\n\n\n\n<p>Apr\u00e8s une passe de progression habituelle, ou chacun \u00e9volue plus ou moins, nouveau d\u00e9marrage pour le troisi\u00e8me sc\u00e9nario de la campagne  : La Clef. Tirage au sort entre les Hurons et les Sorci\u00e8res, \u00e0 \u00e9galit\u00e9 d\u2019infamie. C&rsquo;est \u00e0 nouveau le Huron qui s&rsquo;y colle et qui d\u00e9cide cette fois-ci d&rsquo;affronter la Cabale et les Sorci\u00e8res, tandis que la Congr\u00e9gation se colle aux Conf\u00e9d\u00e9r\u00e9s.<\/p>\n\n\n\n<p>Pour ce sc\u00e9nario, on d\u00e9cide que l&rsquo;ensemble du d\u00e9cor est pr\u00e9sent dans les 2 plans (la r\u00e9alit\u00e9 et les terrains de chasse), afin de fluidifier le jeu et de simplifier la prise en compte des lignes de vues. C\u00f4t\u00e9 Hurons-Sorci\u00e8res-Cabale, les deux premiers tours voient les \u00e9quipes se positionner avant de se lancer dans la course \u00e0 l&rsquo;arpenteur. Si la Cabale parvient \u00e0 le capture en premier, c&rsquo;est ensuite les Hurons qui parviennent \u00e0 prendre l&rsquo;avantage, malgr\u00e9 l&rsquo;apparition d&rsquo;un Esprit D\u00e9voreur, juste dans le dos des Indiens ! De son c\u00f4t\u00e9, la Cabale tente de r\u00e9cup\u00e9rer l&rsquo;arpenteur tout en faisant un gros nettoyage, avec 3 ennemis tu\u00e9s ! Les Sorci\u00e8res, d\u00e9cid\u00e9ment en d\u00e9veine, se d\u00e9battent entre les \u00e9checs critiques de lancer de sorts et les tirs nourris de la Cabale. Au final, malgr\u00e9 un taux de perte \u00e9lev\u00e9, c&rsquo;est le joueur Huron qui parvient \u00e0 garder l&rsquo;Arpenteur et gagne ainsi la partie avec 6PV, talonn\u00e9 par la Cabale avec 5 PV dus aux victimes.<\/p>\n\n\n\n<figure class=\"wp-block-image is-resized\"><img loading=\"lazy\" decoding=\"async\" src=\"https:\/\/www.lahiette.com\/leratierbretonnien\/wp-content\/uploads\/2019\/02\/fig_190201_7-1024x768.jpg\" alt=\"\" class=\"wp-image-566\" width=\"512\" height=\"384\" srcset=\"https:\/\/www.lahiette.com\/leratierbretonnien\/wp-content\/uploads\/2019\/02\/fig_190201_7-1024x768.jpg 1024w, https:\/\/www.lahiette.com\/leratierbretonnien\/wp-content\/uploads\/2019\/02\/fig_190201_7-300x225.jpg 300w, https:\/\/www.lahiette.com\/leratierbretonnien\/wp-content\/uploads\/2019\/02\/fig_190201_7-768x576.jpg 768w, https:\/\/www.lahiette.com\/leratierbretonnien\/wp-content\/uploads\/2019\/02\/fig_190201_7.jpg 1280w\" sizes=\"auto, (max-width: 512px) 100vw, 512px\" \/><figcaption>Bataille serr\u00e9e autour de l&rsquo;arpenteur tandis qu&rsquo;un tireur des Sorci\u00e8res tentent d\u00e9sesp\u00e9r\u00e9ment de viser juste. <\/figcaption><\/figure>\n\n\n\n<p>Attardons nous sur l&rsquo;affrontement Congr\u00e9gation-Conf\u00e9d\u00e9r\u00e9s. Cette fois,  les b\u00e2timents sont dot\u00e9s d&rsquo;une v\u00e9ritable empreinte dans le monde physique et dans le monde spirituel. Au centre de la petite ville de Rotten Corn se tient un homme \u00e9trange,  examinant les \u00e9manations spirituelles des terres de chasse.<br> Mabou et Phil\u00e9mon, les deux fusiliers de l&rsquo;Angela Crew ont eu t\u00f4t fait de grimper sur le toit du wagon de train rest\u00e9 en gare.  L&rsquo;un dans les terres de chasse,  l&rsquo;autre dans le monde physique. Pendant ce temps,  leur hungan Bolivar appelle le Serpent du Temple. <\/p>\n\n\n\n<p>De l&rsquo;autre c\u00f4t\u00e9 du village,  les Revenants de la Conf\u00e9d\u00e9ration contournent un b\u00e2timent tandis que les autres peinent \u00e0 avancer sous les invitations magiques du Magister. L&rsquo;un des soldats tente une perc\u00e9e pour approcher l&rsquo;Arpenteur,  Il se fait s\u00e9cher d&rsquo;une balle de fusil de chasse en plein buffet (tour 2).<br> L&rsquo;h\u00e9sitation de la conf\u00e9d\u00e9ration laisse le temps au Serpent d&rsquo;aller se saisir de l&rsquo;Arpenteur et de l&rsquo;approcher du train. Mais un soldat en embuscade dans le b\u00e2timent voisin le renvoie en enfer d&rsquo;une balle en pleine t\u00eate. <br>L\u00e0 dessus, un zombie Juju couvert par le pistolero prend le relais pour bloquer le centre du village.  L&rsquo;Arpenteur est emport\u00e9 dans les airs par le jeune Carib\u00e9en investit de la puissance des Lwa. <\/p>\n\n\n\n<p>La man\u0153uvre de contournement des Revenants s&rsquo;ach\u00e8ve,  mais l&rsquo;arpenteur est d\u00e9j\u00e0 loin\u2026 <br> De guerre lasse,  la conf\u00e9d\u00e9ration pr\u00e9f\u00e8re conc\u00e9der cette victoire aux esclaves rebelles et se retire de Rotten Corn (tour 4).<\/p>\n\n\n\n<p>Impression du joueur Congr\u00e9gation:<\/p>\n\n\n\n<ul class=\"wp-block-list\"><li>Le fusil de chasse en sniper ralentit efficacement le progression adverse <\/li><li>lorsqu&rsquo;aucun sort de \u00ab\u00a0Unholy Vigour\u00a0\u00bb ne fonctionne,  les revenants sont tr\u00e8s tr\u00e8s lents, ce qui constitue un point noir des missions \u00e0 objectif(s)<\/li><li>une invocation majeure r\u00e9ussie au premier tour,  \u00e7a change la vie. <\/li><\/ul>\n\n\n\n<p>La progression suivante voit pas mal d&rsquo;avancement dans toutes les \u00e9quipes, et l&rsquo;achat de grimoires notamment. A ce stade, c&rsquo;est la Congr\u00e9gation qui caracole en t\u00eate avec 24 points d\u2019infamie, tandis que les Sorci\u00e8res et les Hurons ferment la marche \u00e0 19 points&#8230;<\/p>\n\n\n\n<p>Rendez vous en Mars !<br><\/p>\n","protected":false},"excerpt":{"rendered":"<p>D\u00e9marrage de campagne en ce 2 janvier 2019, avec 5 bandes en lice : des Hurons, des Cabalistes de la Main Rouge, la Congr\u00e9gation, les cannibales de &lsquo;The Kin&rsquo; et les Soeurs Abbott. Pour le premier tour, nous d\u00e9cidons de &hellip; <a href=\"https:\/\/www.lahiette.com\/leratierbretonnien\/wargames-figurines\/draculas-america\/da-la-campagne-des-5-bandes\/\">Continuer la lecture <span class=\"meta-nav\">&rarr;<\/span><\/a><\/p>\n","protected":false},"author":1,"featured_media":0,"parent":120,"menu_order":0,"comment_status":"open","ping_status":"closed","template":"","meta":{"footnotes":""},"class_list":["post-522","page","type-page","status-publish","hentry"],"_links":{"self":[{"href":"https:\/\/www.lahiette.com\/leratierbretonnien\/wp-json\/wp\/v2\/pages\/522","targetHints":{"allow":["GET"]}}],"collection":[{"href":"https:\/\/www.lahiette.com\/leratierbretonnien\/wp-json\/wp\/v2\/pages"}],"about":[{"href":"https:\/\/www.lahiette.com\/leratierbretonnien\/wp-json\/wp\/v2\/types\/page"}],"author":[{"embeddable":true,"href":"https:\/\/www.lahiette.com\/leratierbretonnien\/wp-json\/wp\/v2\/users\/1"}],"replies":[{"embeddable":true,"href":"https:\/\/www.lahiette.com\/leratierbretonnien\/wp-json\/wp\/v2\/comments?post=522"}],"version-history":[{"count":34,"href":"https:\/\/www.lahiette.com\/leratierbretonnien\/wp-json\/wp\/v2\/pages\/522\/revisions"}],"predecessor-version":[{"id":1996,"href":"https:\/\/www.lahiette.com\/leratierbretonnien\/wp-json\/wp\/v2\/pages\/522\/revisions\/1996"}],"up":[{"embeddable":true,"href":"https:\/\/www.lahiette.com\/leratierbretonnien\/wp-json\/wp\/v2\/pages\/120"}],"wp:attachment":[{"href":"https:\/\/www.lahiette.com\/leratierbretonnien\/wp-json\/wp\/v2\/media?parent=522"}],"curies":[{"name":"wp","href":"https:\/\/api.w.org\/{rel}","templated":true}]}}