{"id":52,"date":"2018-02-26T22:37:35","date_gmt":"2018-02-26T21:37:35","guid":{"rendered":"http:\/\/www.lahiette.com\/leratierbretonnien\/?page_id=52"},"modified":"2020-08-26T16:13:39","modified_gmt":"2020-08-26T14:13:39","slug":"la-population-dans-lempire","status":"publish","type":"page","link":"https:\/\/www.lahiette.com\/leratierbretonnien\/warhammer\/la-population-dans-lempire\/","title":{"rendered":"La population dans l&rsquo;Empire"},"content":{"rendered":"<h2>&#8230; et probablement dans le Vieux Monde<\/h2>\n<p>**UPDATE v4** : Certaines remarques ne sont plus applicables en v4 qui a largement corrig\u00e9 le tir concernant notamment les femmes.<\/p>\n<h3>Quel est le probl\u00e8me ?<\/h3>\n<p>Lorsque l&rsquo;on regarde la population des ville et villages tels qu&rsquo;ils sont d\u00e9crits dans les 2 \u00e9ditions, on a d&rsquo;un c\u00f4t\u00e9 des cit\u00e9s importantes (Altdorf, Nuln, Talabheim, Middenheim), quelques villes moyennes d&rsquo;environ 5-1000 habitants et le reste en villages faisant souvent 100 personnes ou moins ! Cette r\u00e9partition n&rsquo;est absolument pas cr\u00e9dible \u00e0 mon avis : comment une vingtaine de villages de 100 \u00e2mes peut fournir ne serait-ce que les vivres pour une cit\u00e9 comme Talabheim ?<\/p>\n<p>De plus, le monde de Warhammer \u00e9tant dangereux, on voit mal comment une poign\u00e9e de villageois pourrait r\u00e9sister \u00e0 une quinzaine d&rsquo;Homme B\u00eates arm\u00e9s. Je ne sais pas pourquoi, mais cette mauvaise r\u00e9partition d\u00e9mographique n&rsquo;a pas \u00e9t\u00e9 corrig\u00e9e dans la seconde \u00e9dition, comme le montre par exemple le r\u00e9pertoire g\u00e9oraphique des \u00ab\u00a0H\u00e9ritiers de Sigmar\u00a0\u00bb.<\/p>\n<h3>Une solution<\/h3>\n<p>Je suis loin d&rsquo;\u00eatre le seul \u00e0 avoir soulev\u00e9 ce souci, j&rsquo;ai trouv\u00e9 de nombreux messages sur ce sujet sur les forums d\u00e9di\u00e9s. Je suis m\u00eame tomb\u00e9 sur un excellent <a href=\"http:\/\/antoun.free.fr\/demon\/demog.htm\">article<\/a> qui explique en d\u00e9tail la d\u00e9mographie m\u00e9di\u00e9vale et qui donne une m\u00e9thode automatique pour peupler son royaume !<\/p>\n<p>Dans le cadre de Warhammer, j&rsquo;utilise une m\u00e9thode plus simple et plus directe : je multiplie par 5 les populations des gros bourgs (Weissbruck, Bogenhafen par exemple) et par 10, 20, voir 30 les populations des villages. Je consid\u00e8re qu&rsquo;un village indiqu\u00e9 sur une carte doit faire au moins plus de 1200 habitants. Ensuite, libre \u00e0 moi d&rsquo;ajouter effectivement de \u00ab\u00a0vrais\u00a0\u00bb villages de 100-200 habitants au gr\u00e9 des besoins, ces villages ne figurant pas sp\u00e9cialement sur les cartes.<\/p>\n<p>Cela ne veut pas dire qu&rsquo;il y a des villages partout : il est parfaitement normal d&rsquo;avoir des zones vides et d\u00e9sertes (grande for\u00eats, zones arides, zones corrompues). Mais par contre, d\u00e8s qu&rsquo;une zone est civilis\u00e9e, elle doit avoir une densit\u00e9 humaine assez importante.<\/p>\n<h2>Et les femmes dans tout \u00e7a ?<\/h2>\n<p>Ce petit texte suite \u00e0 un message de Slagash, merci \u00e0 lui \ud83d\ude42<\/p>\n<p>Les univers m\u00e9di\u00e9vaux fantastiques (ou renaissance-fantastiques, dans notre cas) sont plut\u00f4t gonfl\u00e9s \u00e0 la testost\u00e9rone et font souvent peu de cas des personnages f\u00e9minins, rel\u00e9gu\u00e9s la plupart du temps \u00e0 quelques r\u00f4les potichesques.<\/p>\n<p>En ce qui me concerne, je consid\u00e8re que le monde de Warhammer (et l&rsquo;Empire an particulier) sont soumis \u00e0 tellement de menaces ext\u00e9rieures (Chaos, invasions, sectes, &#8230;) que les femmes sont devenues de facto l&rsquo;\u00e9gal des hommes, en tout cas en ce qui concerne les carri\u00e8res et professions exerc\u00e9es. Un peu comme lors de deux guerres mondiales de notre univers, o\u00f9 les femmes avaient assur\u00e9 les travaux des champs et des usines. Sauf que pour Warhammer, c&rsquo;est devenu permanent et bien accept\u00e9.<\/p>\n","protected":false},"excerpt":{"rendered":"<p>&#8230; et probablement dans le Vieux Monde **UPDATE v4** : Certaines remarques ne sont plus applicables en v4 qui a largement corrig\u00e9 le tir concernant notamment les femmes. Quel est le probl\u00e8me ? Lorsque l&rsquo;on regarde la population des ville &hellip; <a href=\"https:\/\/www.lahiette.com\/leratierbretonnien\/warhammer\/la-population-dans-lempire\/\">Continuer la lecture <span class=\"meta-nav\">&rarr;<\/span><\/a><\/p>\n","protected":false},"author":1,"featured_media":0,"parent":15,"menu_order":0,"comment_status":"open","ping_status":"closed","template":"","meta":{"footnotes":""},"class_list":["post-52","page","type-page","status-publish","hentry"],"_links":{"self":[{"href":"https:\/\/www.lahiette.com\/leratierbretonnien\/wp-json\/wp\/v2\/pages\/52","targetHints":{"allow":["GET"]}}],"collection":[{"href":"https:\/\/www.lahiette.com\/leratierbretonnien\/wp-json\/wp\/v2\/pages"}],"about":[{"href":"https:\/\/www.lahiette.com\/leratierbretonnien\/wp-json\/wp\/v2\/types\/page"}],"author":[{"embeddable":true,"href":"https:\/\/www.lahiette.com\/leratierbretonnien\/wp-json\/wp\/v2\/users\/1"}],"replies":[{"embeddable":true,"href":"https:\/\/www.lahiette.com\/leratierbretonnien\/wp-json\/wp\/v2\/comments?post=52"}],"version-history":[{"count":2,"href":"https:\/\/www.lahiette.com\/leratierbretonnien\/wp-json\/wp\/v2\/pages\/52\/revisions"}],"predecessor-version":[{"id":1923,"href":"https:\/\/www.lahiette.com\/leratierbretonnien\/wp-json\/wp\/v2\/pages\/52\/revisions\/1923"}],"up":[{"embeddable":true,"href":"https:\/\/www.lahiette.com\/leratierbretonnien\/wp-json\/wp\/v2\/pages\/15"}],"wp:attachment":[{"href":"https:\/\/www.lahiette.com\/leratierbretonnien\/wp-json\/wp\/v2\/media?parent=52"}],"curies":[{"name":"wp","href":"https:\/\/api.w.org\/{rel}","templated":true}]}}