{"id":489,"date":"2018-11-30T15:51:45","date_gmt":"2018-11-30T14:51:45","guid":{"rendered":"http:\/\/www.lahiette.com\/leratierbretonnien\/?page_id=489"},"modified":"2020-09-15T19:59:07","modified_gmt":"2020-09-15T17:59:07","slug":"da-retour-sur-decord-cardboard-russe","status":"publish","type":"page","link":"https:\/\/www.lahiette.com\/leratierbretonnien\/wargames-figurines\/draculas-america\/da-retour-sur-decord-cardboard-russe\/","title":{"rendered":"DA : Retour sur d\u00e9cord \u00ab\u00a0cardboard\u00a0\u00bb russe"},"content":{"rendered":"\n<p>Apr\u00e8s avoir vu une superbe maquette d&rsquo;un bateau \u00e0 vapeur du Mississipi sur la page Facebook de Dracula America, mes potos et moi on s&rsquo;est mis \u00e0 chercher des mod\u00e8les \u00e9quivalents, \u00e0 l&rsquo;\u00e9chelle 1\/56 ou \u00e9quivalent. Force est de constater qu&rsquo;on a pas trouv\u00e9 grand chose, sauf des mod\u00e8les au 1\/50 \u00e0 300$&#8230;<\/p>\n\n\n\n<p>Mais \u00e0 force de farfouiller sur Ebay, je suis tomb\u00e9 sur <a href=\"https:\/\/www.ebay.fr\/itm\/Cardboard-model-kit-Wild-West-Steamboat-3D-Puzzle-1-56-scale\/253970799632?ssPageName=STRK%3AMEBIDX%3AIT&amp;_trksid=p2057872.m2749.l2649\">un mod\u00e8le en carton<\/a>, vendu par un russe. Je dois dire que je suis toujours dubitatif sur les d\u00e9cors \u00ab\u00a0cardboard\u00a0\u00bb, mais vu le prix, je me suis laiss\u00e9 tent\u00e9 et j&rsquo;ai donc command\u00e9 l&rsquo;objet. Une semaine plus tard, je re\u00e7ois l&rsquo;objet tr\u00e8s bien emball\u00e9 (si, si) avec environ 60 timbres sur l&#8217;emballage (si, si aussi).<\/p>\n\n\n\n<figure class=\"wp-block-image is-resized\"><img loading=\"lazy\" decoding=\"async\" src=\"https:\/\/www.lahiette.com\/leratierbretonnien\/wp-content\/uploads\/2018\/11\/IMG_20181129_172935.jpgdiv2-1024x768.jpg\" alt=\"\" class=\"wp-image-505\" width=\"512\" height=\"384\"\/><figcaption>Le Russe aime le timbre<\/figcaption><\/figure>\n\n\n\n<p>Apr\u00e8s ouverture de la boite, la qualit\u00e9 est au rendez-vous : carton \u00e9pais, impressions bien faites et notice \u00e0 priori bien foutu. Ni une ni deux, je me lance dans le montage !<br><\/p>\n\n\n\n<figure class=\"wp-block-image is-resized\"><img loading=\"lazy\" decoding=\"async\" src=\"https:\/\/www.lahiette.com\/leratierbretonnien\/wp-content\/uploads\/2018\/11\/IMG_20181129_173247-915x1024.jpg\" alt=\"\" class=\"wp-image-508\" width=\"458\" height=\"512\"\/><figcaption>La boite<\/figcaption><\/figure>\n\n\n\n<p>Et bien c&rsquo;est une bonne surprise ! La notice est tr\u00e8s claire, et il y a vraiment pas d&rsquo;ambigu\u00eft\u00e9. La boite indique que l&rsquo;on a pas besoin de colle et de ciseaux, et l\u00e0 encore, c&rsquo;est vrai &#8211; malgr\u00e9 mes doutes je dois dire. Le principe d&rsquo;insertion des diff\u00e9rentes pi\u00e8ces en carton est bien pens\u00e9 et assez robuste. Au final seules quelques pi\u00e8ces de finition auront probablement besoin d&rsquo;un petit point de colle pour tenir dans le temps (rambardes, chemin\u00e9es), mais le reste de la structure est vraiment tr\u00e8s solide. Le point le plus <del>ch&#8230;<\/del> difficile reste le passage des cordages dans les divers orifices pr\u00e9vus, il faut un peu avoir des doigts de f\u00e9es et la ficelle fournie est un peu \u00e9paisse. Mais c&rsquo;est vraiment un b\u00e9mol mineur, tellement le reste est bien foutu.Comptez 1 heure 15 minutes de montage environ, j&rsquo;ai pas chronom\u00e9tr\u00e9 en d\u00e9tail.&nbsp; Je pense passer un peu de lavis sombre sur les sections de carton qui restent blanche pour am\u00e9liorer le rendu final.<\/p>\n\n\n\n<ul class=\"wp-block-list\"><li>Avantages<ul><li>Un rapport qualit\u00e9\/prix imbattable<br><\/li><li>A l&rsquo;\u00e9chelle 1\/56, ce qui est rare<\/li><li>Pr\u00e9peint<\/li><\/ul><\/li><li>Inconv\u00e9nients <ul><li>Ca reste du cardboard, donc ca se voit un peu quand m\u00eame<\/li><li>Pr\u00e9peint (?)<br><\/li><\/ul><\/li><\/ul>\n\n\n\n<p>Au final, c&rsquo;est une tr\u00e8s bonne d\u00e9couverte que ces d\u00e9cors cardboard : en cherchant, j&rsquo;ai trouv\u00e9 la <a href=\"http:\/\/en.umbum.ru\/\">boutique d&rsquo;origine du fabricant<\/a> (c&rsquo;est un site Russe \u00e0 priori sans malwares \ud83d\ude42 !) , et il y a pas mal de gammes, tout en 1\/56 et donc parfaitement adapt\u00e9s \u00e0 beaucoup de jeux de figs.<\/p>\n\n\n\n<p>Au final voici le steamboat mont\u00e9, assailli par la Conf\u00e9d\u00e9ration des T\u00e9n\u00e8bres : <br><\/p>\n\n\n\n<figure class=\"wp-block-image is-resized\"><a href=\"https:\/\/www.lahiette.com\/leratierbretonnien\/img_20181129_211744\/\"><img loading=\"lazy\" decoding=\"async\" src=\"https:\/\/www.lahiette.com\/leratierbretonnien\/wp-content\/uploads\/2018\/11\/IMG_20181129_211744-1024x768.jpg\" alt=\"\" class=\"wp-image-492\" width=\"512\" height=\"384\"\/><\/a><figcaption>Un abordage zombifi\u00e9<\/figcaption><\/figure>\n","protected":false},"excerpt":{"rendered":"<p>Apr\u00e8s avoir vu une superbe maquette d&rsquo;un bateau \u00e0 vapeur du Mississipi sur la page Facebook de Dracula America, mes potos et moi on s&rsquo;est mis \u00e0 chercher des mod\u00e8les \u00e9quivalents, \u00e0 l&rsquo;\u00e9chelle 1\/56 ou \u00e9quivalent. Force est de constater &hellip; <a href=\"https:\/\/www.lahiette.com\/leratierbretonnien\/wargames-figurines\/draculas-america\/da-retour-sur-decord-cardboard-russe\/\">Continuer la lecture <span class=\"meta-nav\">&rarr;<\/span><\/a><\/p>\n","protected":false},"author":1,"featured_media":0,"parent":120,"menu_order":0,"comment_status":"open","ping_status":"closed","template":"","meta":{"footnotes":""},"class_list":["post-489","page","type-page","status-publish","hentry"],"_links":{"self":[{"href":"https:\/\/www.lahiette.com\/leratierbretonnien\/wp-json\/wp\/v2\/pages\/489","targetHints":{"allow":["GET"]}}],"collection":[{"href":"https:\/\/www.lahiette.com\/leratierbretonnien\/wp-json\/wp\/v2\/pages"}],"about":[{"href":"https:\/\/www.lahiette.com\/leratierbretonnien\/wp-json\/wp\/v2\/types\/page"}],"author":[{"embeddable":true,"href":"https:\/\/www.lahiette.com\/leratierbretonnien\/wp-json\/wp\/v2\/users\/1"}],"replies":[{"embeddable":true,"href":"https:\/\/www.lahiette.com\/leratierbretonnien\/wp-json\/wp\/v2\/comments?post=489"}],"version-history":[{"count":13,"href":"https:\/\/www.lahiette.com\/leratierbretonnien\/wp-json\/wp\/v2\/pages\/489\/revisions"}],"predecessor-version":[{"id":2001,"href":"https:\/\/www.lahiette.com\/leratierbretonnien\/wp-json\/wp\/v2\/pages\/489\/revisions\/2001"}],"up":[{"embeddable":true,"href":"https:\/\/www.lahiette.com\/leratierbretonnien\/wp-json\/wp\/v2\/pages\/120"}],"wp:attachment":[{"href":"https:\/\/www.lahiette.com\/leratierbretonnien\/wp-json\/wp\/v2\/media?parent=489"}],"curies":[{"name":"wp","href":"https:\/\/api.w.org\/{rel}","templated":true}]}}