{"id":443,"date":"2018-10-07T17:00:03","date_gmt":"2018-10-07T15:00:03","guid":{"rendered":"http:\/\/www.lahiette.com\/leratierbretonnien\/?page_id=443"},"modified":"2020-09-15T19:55:21","modified_gmt":"2020-09-15T17:55:21","slug":"da-fin-de-campagne","status":"publish","type":"page","link":"https:\/\/www.lahiette.com\/leratierbretonnien\/wargames-figurines\/draculas-america\/da-fin-de-campagne\/","title":{"rendered":"DA : Fin de campagne"},"content":{"rendered":"\n<p>Nous terminons la campagne avec le sc\u00e9nario disponible dans le Ravages N\u00b011, qui propose un d\u00e9roulement original avec la recherche d&rsquo;un drapeau enterr\u00e9e au pied d&rsquo;un des 8 arbres d&rsquo;une plantation.<\/p>\n\n\n\n<figure class=\"wp-block-image is-resized\"><img loading=\"lazy\" decoding=\"async\" src=\"https:\/\/www.lahiette.com\/leratierbretonnien\/wp-content\/uploads\/2018\/10\/DSCN4262-e1538925732350.jpg\" alt=\"\" class=\"wp-image-450\" width=\"640\" height=\"480\"\/><figcaption><em>Les conf\u00e9d\u00e9r\u00e9s viennent de trouver le drapeau et quittent le plateau &#8230;<\/em><\/figcaption><\/figure>\n\n\n\n<p><br><\/p>\n\n\n\n<p>Nous d\u00e9marrons la partie chacun dans notre coin. Au premier tour, le couvent se positionne pour aller interroger un passant et s&rsquo;approcher d&rsquo;un arbre. De leur c\u00f4t\u00e9 les conf\u00e9d\u00e9r\u00e9s se rapprochent d&rsquo;un des arbres. Au second tour, le boss du couvent, en allant fouiller l&rsquo;arbre, se fait mettre au sol par les engoulevents ! Un second personnage vient fouiller l&rsquo;arbre, qui n&rsquo;est pas la cache du drapeau. De leur c\u00f4t\u00e9, les conf\u00e9d\u00e9r\u00e9s d\u00e9couvrent le drapeau dans le premier arbre fouill\u00e9, apr\u00e8s avoir fait fuir les engoulevents. Au troisi\u00e8me tour, malgr\u00e9 les efforts<\/p>\n\n\n\n<p>Au final, le principe est tr\u00e8s agr\u00e9able et apporte une variation appr\u00e9ciable par rapport aux sc\u00e9narios de base. Par contre, le fait que les r\u00e8gles sp\u00e9ciales permettent de trouver le drapeau raisonnablement rapidement (1 chance sur 2 \u00e0 chaque arbre) et que toute sortie de la carte avec le drapeau termine la partie, il est possible de cl\u00f4turer le sc\u00e9nario en 3 tours, cf. ci-dessus. C&rsquo;est ce qui nous est arriv\u00e9, et cela apporte un peu de frustration Pour ceux qui ont ce sc\u00e9nario de Ravages, nous proposons de supprimer la r\u00e8gle de\u00a0\u00bb sortie de la carte avec le drapeau\u00a0\u00bb, ou de ne la rendre possible qu&rsquo;\u00e0 partir du tour 6 par exemple. Le fait de br\u00fbler le drapeau dans la maison reste possible en tant que fin pr\u00e9matur\u00e9e.<\/p>\n\n\n\n<figure class=\"wp-block-image is-resized\"><img loading=\"lazy\" decoding=\"async\" src=\"https:\/\/www.lahiette.com\/leratierbretonnien\/wp-content\/uploads\/2018\/10\/DSCN4255-e1538925868843.jpg\" alt=\"\" class=\"wp-image-451\" width=\"640\" height=\"480\"\/><figcaption><em>La Main Rouge tente de r\u00e9cup\u00e9rer des passants innocents afin de marquer quelques points de victoire&#8230;<\/em><\/figcaption><\/figure>\n\n\n\n<p>C&rsquo;est la fin de la campagne : au final, le d\u00e9compte de points d&rsquo;infamie donne &#8230; 33 contre 33 ! Match nul donc, mais c&rsquo;est pas grave ! On repart pour une nouvelle campagne, avec probablement 3 ou 4 factions et en introduisant les r\u00e8gles de Hunting Ground (Terrains de chasse, paru en septembre 2018 en fran\u00e7ais).<\/p>\n\n\n\n<p><\/p>\n","protected":false},"excerpt":{"rendered":"<p>Nous terminons la campagne avec le sc\u00e9nario disponible dans le Ravages N\u00b011, qui propose un d\u00e9roulement original avec la recherche d&rsquo;un drapeau enterr\u00e9e au pied d&rsquo;un des 8 arbres d&rsquo;une plantation. Nous d\u00e9marrons la partie chacun dans notre coin. Au &hellip; <a href=\"https:\/\/www.lahiette.com\/leratierbretonnien\/wargames-figurines\/draculas-america\/da-fin-de-campagne\/\">Continuer la lecture <span class=\"meta-nav\">&rarr;<\/span><\/a><\/p>\n","protected":false},"author":1,"featured_media":0,"parent":120,"menu_order":0,"comment_status":"open","ping_status":"closed","template":"","meta":{"footnotes":""},"class_list":["post-443","page","type-page","status-publish","hentry"],"_links":{"self":[{"href":"https:\/\/www.lahiette.com\/leratierbretonnien\/wp-json\/wp\/v2\/pages\/443","targetHints":{"allow":["GET"]}}],"collection":[{"href":"https:\/\/www.lahiette.com\/leratierbretonnien\/wp-json\/wp\/v2\/pages"}],"about":[{"href":"https:\/\/www.lahiette.com\/leratierbretonnien\/wp-json\/wp\/v2\/types\/page"}],"author":[{"embeddable":true,"href":"https:\/\/www.lahiette.com\/leratierbretonnien\/wp-json\/wp\/v2\/users\/1"}],"replies":[{"embeddable":true,"href":"https:\/\/www.lahiette.com\/leratierbretonnien\/wp-json\/wp\/v2\/comments?post=443"}],"version-history":[{"count":7,"href":"https:\/\/www.lahiette.com\/leratierbretonnien\/wp-json\/wp\/v2\/pages\/443\/revisions"}],"predecessor-version":[{"id":1995,"href":"https:\/\/www.lahiette.com\/leratierbretonnien\/wp-json\/wp\/v2\/pages\/443\/revisions\/1995"}],"up":[{"embeddable":true,"href":"https:\/\/www.lahiette.com\/leratierbretonnien\/wp-json\/wp\/v2\/pages\/120"}],"wp:attachment":[{"href":"https:\/\/www.lahiette.com\/leratierbretonnien\/wp-json\/wp\/v2\/media?parent=443"}],"curies":[{"name":"wp","href":"https:\/\/api.w.org\/{rel}","templated":true}]}}