{"id":405,"date":"2018-08-17T19:21:32","date_gmt":"2018-08-17T17:21:32","guid":{"rendered":"http:\/\/www.lahiette.com\/leratierbretonnien\/?page_id=405"},"modified":"2019-08-23T12:46:43","modified_gmt":"2019-08-23T10:46:43","slug":"trucs-divers","status":"publish","type":"page","link":"https:\/\/www.lahiette.com\/leratierbretonnien\/trucs-divers\/","title":{"rendered":"Trucs divers"},"content":{"rendered":"\n<p>Divers articles, selon les r\u00e9alisations :<\/p>\n\n\n\n<ul class=\"wp-block-list\"><li><a href=\"https:\/\/www.lahiette.com\/leratierbretonnien\/machine-darcade-bartop\/\">Machine d&rsquo;arcade<\/a>, avec la r\u00e9novation de mon bartop de 2013, remis au go\u00fbt du jour.<\/li><li><a href=\"https:\/\/www.lahiette.com\/leratierbretonnien\/trucs-divers\/a-propose-du-jdr-et-des-figurines\/\">Du JDR et des Figurines<\/a>, un avis motiv\u00e9<\/li><\/ul>\n","protected":false},"excerpt":{"rendered":"<p>Divers articles, selon les r\u00e9alisations : Machine d&rsquo;arcade, avec la r\u00e9novation de mon bartop de 2013, remis au go\u00fbt du jour. Du JDR et des Figurines, un avis motiv\u00e9<\/p>\n","protected":false},"author":1,"featured_media":0,"parent":0,"menu_order":0,"comment_status":"closed","ping_status":"closed","template":"","meta":{"footnotes":""},"class_list":["post-405","page","type-page","status-publish","hentry"],"_links":{"self":[{"href":"https:\/\/www.lahiette.com\/leratierbretonnien\/wp-json\/wp\/v2\/pages\/405","targetHints":{"allow":["GET"]}}],"collection":[{"href":"https:\/\/www.lahiette.com\/leratierbretonnien\/wp-json\/wp\/v2\/pages"}],"about":[{"href":"https:\/\/www.lahiette.com\/leratierbretonnien\/wp-json\/wp\/v2\/types\/page"}],"author":[{"embeddable":true,"href":"https:\/\/www.lahiette.com\/leratierbretonnien\/wp-json\/wp\/v2\/users\/1"}],"replies":[{"embeddable":true,"href":"https:\/\/www.lahiette.com\/leratierbretonnien\/wp-json\/wp\/v2\/comments?post=405"}],"version-history":[{"count":3,"href":"https:\/\/www.lahiette.com\/leratierbretonnien\/wp-json\/wp\/v2\/pages\/405\/revisions"}],"predecessor-version":[{"id":940,"href":"https:\/\/www.lahiette.com\/leratierbretonnien\/wp-json\/wp\/v2\/pages\/405\/revisions\/940"}],"wp:attachment":[{"href":"https:\/\/www.lahiette.com\/leratierbretonnien\/wp-json\/wp\/v2\/media?parent=405"}],"curies":[{"name":"wp","href":"https:\/\/api.w.org\/{rel}","templated":true}]}}