{"id":376,"date":"2018-08-17T12:26:43","date_gmt":"2018-08-17T10:26:43","guid":{"rendered":"http:\/\/www.lahiette.com\/leratierbretonnien\/?page_id=376"},"modified":"2019-11-25T07:19:28","modified_gmt":"2019-11-25T06:19:28","slug":"machine-darcade-bartop","status":"publish","type":"page","link":"https:\/\/www.lahiette.com\/leratierbretonnien\/machine-darcade-bartop\/","title":{"rendered":"Machine d&rsquo;arcade bartop"},"content":{"rendered":"\n<p>Ma machine d&rsquo;arcade mont\u00e9e en 2013 avait subit quelques assauts du temps et de divers joueurs et j&rsquo;ai donc profit\u00e9 de quelques jours \u00e0 la maison pour proc\u00e9der \u00e0 une petite restauration, principalement \u00e9lectronique.<\/p>\n\n\n\n<div class=\"wp-block-image\"><figure class=\"alignleft is-resized\"><img loading=\"lazy\" decoding=\"async\" src=\"https:\/\/www.lahiette.com\/leratierbretonnien\/wp-content\/uploads\/2018\/08\/arcade_rework_01.jpg\" alt=\"\" class=\"wp-image-423\" width=\"275\" height=\"263\" srcset=\"https:\/\/www.lahiette.com\/leratierbretonnien\/wp-content\/uploads\/2018\/08\/arcade_rework_01.jpg 1714w, https:\/\/www.lahiette.com\/leratierbretonnien\/wp-content\/uploads\/2018\/08\/arcade_rework_01-300x288.jpg 300w, https:\/\/www.lahiette.com\/leratierbretonnien\/wp-content\/uploads\/2018\/08\/arcade_rework_01-768x738.jpg 768w\" sizes=\"auto, (max-width: 275px) 100vw, 275px\" \/><figcaption>Nouvelle interface, mode MAME<\/figcaption><\/figure><\/div>\n\n\n\n<p>Le bo\u00eetier est bas\u00e9 sur le mod\u00e8le pr\u00e9sent\u00e9 chez <a href=\"http:\/\/www.koenigs.dk\/mame\/eng\/stepweecade.htm\">ProjectMame,<\/a> avec une largeur l\u00e9g\u00e8rement sup\u00e9rieure pour avoir plus de confort en jeu \u00e0 deux. Le b\u00e2ti est en contreplaqu\u00e9 de 8mm, r\u00e9cup\u00e9r\u00e9 d&rsquo;anciens portes de placards. Les panels sont bas\u00e9s sur les templates disponible sur <a href=\"http:\/\/slagcoin.com\/joystick\/layout.html\">slagcoin<\/a>, j&rsquo;ai choisi dans mon cas le positionnement <a>Standard Japanese arcade layout<\/a>, en mode 6 boutons.<\/p>\n\n\n\n<div class=\"wp-block-image\"><figure class=\"alignright is-resized\"><img loading=\"lazy\" decoding=\"async\" src=\"https:\/\/www.lahiette.com\/leratierbretonnien\/wp-content\/uploads\/2018\/08\/bati_03.jpg\" alt=\"\" class=\"wp-image-396\" width=\"286\" height=\"383\" srcset=\"https:\/\/www.lahiette.com\/leratierbretonnien\/wp-content\/uploads\/2018\/08\/bati_03.jpg 764w, https:\/\/www.lahiette.com\/leratierbretonnien\/wp-content\/uploads\/2018\/08\/bati_03-224x300.jpg 224w\" sizes=\"auto, (max-width: 286px) 100vw, 286px\" \/><figcaption>Le boitier en cours de montage<\/figcaption><\/figure><\/div>\n\n\n\n<p>L&rsquo;\u00e9lectronique de la v2 :<\/p>\n\n\n\n<ul class=\"wp-block-list\"><li>Un \u00e9cran 4\/3, \u00e7a devient rare en neuf. On peut se trouver pas trop cher sur le boncoin ou encore chez Emmaus. R\u00e9solution mini conseill\u00e9e de 1024&#215;768. J&rsquo;ai gard\u00e9 le m\u00eame que sur ma v1.<\/li><li>Un mini-PC. Ma premi\u00e8re version \u00e9tait bas\u00e9e sur une carte m\u00e8re mini-ITX, mais \u00e7a oblige \u00e0 avoir une alimentation ATX, un interrupteur, etc, etc. Au final \u00e7a fait beaucoup de c\u00e2blage, il faut fixer le disque dur, passer les c\u00e2bles, etc, etc.. Je vous conseille <a href=\"https:\/\/fr.aliexpress.com\/store\/product\/XCY-Mini-PC-quad-core-J1900-8G-RAM-128G-SSD-HTPC-Fanless-Nuc-Intel-HD-Graphics\/537726_32800720560.html?spm=a2g0w.search0104.3.98.1dff1d2ec9t0r0&amp;ws_ab_test=searchweb0_0,searchweb201602_3_10152_10151_10065_10344_10068_10342_10343_10340_10341_10696_5013115_310_10084_10083_10618_10304_10307_10820_10821_10302_10843_10059_100031_5013415_5013215_10103_5013315_10624_10623_10622_10621_10620_526,searchweb201603_56,ppcSwitch_5&amp;algo_expid=f0ffd11c-5208-4434-9d56-ed77c180a44c-14&amp;algo_pvid=f0ffd11c-5208-4434-9d56-ed77c180a44c&amp;transAbTest=ae803_1&amp;priceBeautifyAB=0\">ce type de boitier<\/a>, auquel vous ajoutez de la DDR et un petit disque dur 2&Prime;5. Ca simplifie aussi les alimentations, vous devriez pouvoir tout faire avec une alimentation 12v.<\/li><li>Un disque dur, j&rsquo;ai un vieux 750 Go en 2&Prime;5 que j&rsquo;ai recycl\u00e9. 4GB de DDR suffit largement \u00e9galement.<\/li><li>Des joysticks et des boutons. J&rsquo;avais achet\u00e9 tout un lot chez <a href=\"http:\/\/smallcab.net\">Smallcab.net<\/a> (je recommande) il y a 5 ans. Dans mon cas, j&rsquo;utilise 2 joysticks, 12 boutons (6 par joueur), 2 boutons \u00ab\u00a0start\u00a0\u00bb et un bouton simulant le monneyeur.<\/li><li>Deux enceintes de PC dans mon cas, d\u00e9soss\u00e9es et fix\u00e9es \u00e0 l&rsquo;int\u00e9rieur du bartop. <div id=\"attachment_397\" style=\"width: 263px\" class=\"wp-caption alignright\"><a href=\"https:\/\/www.lahiette.com\/leratierbretonnien\/wp-content\/uploads\/2018\/08\/Enceintes_01.jpg\"><img loading=\"lazy\" decoding=\"async\" aria-describedby=\"caption-attachment-397\" width=\"253\" height=\"189\" class=\"wp-image-397 \" src=\"https:\/\/www.lahiette.com\/leratierbretonnien\/wp-content\/uploads\/2018\/08\/Enceintes_01-300x224.jpg\" alt=\"\" srcset=\"https:\/\/www.lahiette.com\/leratierbretonnien\/wp-content\/uploads\/2018\/08\/Enceintes_01-300x224.jpg 300w, https:\/\/www.lahiette.com\/leratierbretonnien\/wp-content\/uploads\/2018\/08\/Enceintes_01-768x573.jpg 768w, https:\/\/www.lahiette.com\/leratierbretonnien\/wp-content\/uploads\/2018\/08\/Enceintes_01.jpg 1024w\" sizes=\"auto, (max-width: 253px) 100vw, 253px\" \/><\/a><p id=\"caption-attachment-397\" class=\"wp-caption-text\">Les enceintes PC d\u00e9soss\u00e9es<\/p><\/div><\/li><li>Une carte d&rsquo;ampli. Pour cette r\u00e9novation, j&rsquo;ai utilis\u00e9e <a href=\"https:\/\/www.smallcab.net\/mini-amplificateur-audio-stereo-p-565.html\">ce mod\u00e8le de chez Smallcab.net<\/a>. Compact, puissant et facile \u00e0 c\u00e2bler, aliment\u00e9 en 12v directement depuis l&rsquo;alimentation du PC.<\/li><li>Une carte d&rsquo;interface manettes-PC. Ma premi\u00e8re version \u00e9tait bas\u00e9e sur une carte Arduino Mega, avec un petit soft perso pour simuler le clavier. La connectique laissait \u00e0 d\u00e9sirer (ie fixation des cables des boutons\/joystick) et j&rsquo;avais parfois des probl\u00e8mes de rebond. J&rsquo;ai donc investi dans un <a href=\"https:\/\/www.smallcab.net\/encodeur-clavier-ipac-p-710.html\">IPAC2<\/a>, et je regrette absolument pas, c&rsquo;est probablement le seul truc ou je vous conseille de pas faire de la r\u00e9cup\/bricolage. Si vous d\u00e9marrez \u00ab\u00a0from scratch\u00a0\u00bb et avec une base PC, prenez plut\u00f4t un kit de manettes\/boutons USB directement.<\/li><li>La carte Arduino a \u00e9t\u00e9 r\u00e9cup\u00e9r\u00e9e pour faire un \u00e9clairage modul\u00e9 RGB \u00e0 l&rsquo;aide d&rsquo;une petite barrette de LED. Le montage, les composants et le code de base sont d\u00e9crits <a href=\"https:\/\/learn.adafruit.com\/rgb-led-strips\/overview\">chez Adafruit<\/a>.<\/li><li>En bonus, j&rsquo;ai jout\u00e9 une cl\u00e9 Wi-Fi, pour faire de la maintenance via SSH et un clavier sans fil, fix\u00e9 sur le panneau arri\u00e8re, ce qui permet de faire du d\u00e9pannage rapide in-situ si le cas se pr\u00e9sente. Et l&rsquo;exp\u00e9rience de la premi\u00e8re version montre qu&rsquo;il se pr\u00e9sente&#8230;<\/li><\/ul>\n\n\n\n<div class=\"wp-block-image\"><figure class=\"alignright is-resized\"><img loading=\"lazy\" decoding=\"async\" src=\"https:\/\/www.lahiette.com\/leratierbretonnien\/wp-content\/uploads\/2018\/08\/panel_01.jpg\" alt=\"\" class=\"wp-image-398\" width=\"244\" height=\"181\" srcset=\"https:\/\/www.lahiette.com\/leratierbretonnien\/wp-content\/uploads\/2018\/08\/panel_01.jpg 1024w, https:\/\/www.lahiette.com\/leratierbretonnien\/wp-content\/uploads\/2018\/08\/panel_01-300x224.jpg 300w, https:\/\/www.lahiette.com\/leratierbretonnien\/wp-content\/uploads\/2018\/08\/panel_01-768x573.jpg 768w\" sizes=\"auto, (max-width: 244px) 100vw, 244px\" \/><figcaption>Le panel en cours d&rsquo;assemblage<\/figcaption><\/figure><\/div>\n\n\n\n<p>Au niveau logiciel, ma premi\u00e8re version \u00e9tait bas\u00e9e sur Lubuntu, avec MAME et le frontend Wahcade. Pour cette seconde version, je \u00ab\u00a0normalise\u00a0\u00bb la machine en<a href=\"https:\/\/www.opensuse.org\/\"> OpenSuSE 42.3<\/a> (c&rsquo;est la distribution que j&rsquo;utilise depuis 20 ans), MAME &#8211; bien s\u00fbr &#8211;&nbsp; et le frontend \u00ab\u00a0<a href=\"http:\/\/attractmode.org\/\">Attract-Mode<\/a>\u00ab\u00a0, bien plus sympathique \u00e0 configurer et installer que Wahcade. De plus, le support d&rsquo;autres \u00e9mulateurs m&rsquo;a permis d&rsquo;ajouter la Megadrive, la SNES et la NES, sans trop de probl\u00e8mes.<\/p>\n\n\n\n<figure class=\"wp-block-image\"><img loading=\"lazy\" decoding=\"async\" width=\"1936\" height=\"1683\" src=\"https:\/\/www.lahiette.com\/leratierbretonnien\/wp-content\/uploads\/2018\/08\/arcade_rework_02-1.jpg\" alt=\"\" class=\"wp-image-426\" srcset=\"https:\/\/www.lahiette.com\/leratierbretonnien\/wp-content\/uploads\/2018\/08\/arcade_rework_02-1.jpg 1936w, https:\/\/www.lahiette.com\/leratierbretonnien\/wp-content\/uploads\/2018\/08\/arcade_rework_02-1-300x261.jpg 300w, https:\/\/www.lahiette.com\/leratierbretonnien\/wp-content\/uploads\/2018\/08\/arcade_rework_02-1-768x668.jpg 768w, https:\/\/www.lahiette.com\/leratierbretonnien\/wp-content\/uploads\/2018\/08\/arcade_rework_02-1-1024x890.jpg 1024w\" sizes=\"auto, (max-width: 1936px) 100vw, 1936px\" \/><figcaption>Mode Super Nintendo, avec un JDR Japonais<\/figcaption><\/figure>\n","protected":false},"excerpt":{"rendered":"<p>Ma machine d&rsquo;arcade mont\u00e9e en 2013 avait subit quelques assauts du temps et de divers joueurs et j&rsquo;ai donc profit\u00e9 de quelques jours \u00e0 la maison pour proc\u00e9der \u00e0 une petite restauration, principalement \u00e9lectronique. Le bo\u00eetier est bas\u00e9 sur le &hellip; <a href=\"https:\/\/www.lahiette.com\/leratierbretonnien\/machine-darcade-bartop\/\">Continuer la lecture <span class=\"meta-nav\">&rarr;<\/span><\/a><\/p>\n","protected":false},"author":1,"featured_media":0,"parent":0,"menu_order":0,"comment_status":"open","ping_status":"closed","template":"","meta":{"footnotes":""},"class_list":["post-376","page","type-page","status-publish","hentry"],"_links":{"self":[{"href":"https:\/\/www.lahiette.com\/leratierbretonnien\/wp-json\/wp\/v2\/pages\/376","targetHints":{"allow":["GET"]}}],"collection":[{"href":"https:\/\/www.lahiette.com\/leratierbretonnien\/wp-json\/wp\/v2\/pages"}],"about":[{"href":"https:\/\/www.lahiette.com\/leratierbretonnien\/wp-json\/wp\/v2\/types\/page"}],"author":[{"embeddable":true,"href":"https:\/\/www.lahiette.com\/leratierbretonnien\/wp-json\/wp\/v2\/users\/1"}],"replies":[{"embeddable":true,"href":"https:\/\/www.lahiette.com\/leratierbretonnien\/wp-json\/wp\/v2\/comments?post=376"}],"version-history":[{"count":30,"href":"https:\/\/www.lahiette.com\/leratierbretonnien\/wp-json\/wp\/v2\/pages\/376\/revisions"}],"predecessor-version":[{"id":1217,"href":"https:\/\/www.lahiette.com\/leratierbretonnien\/wp-json\/wp\/v2\/pages\/376\/revisions\/1217"}],"wp:attachment":[{"href":"https:\/\/www.lahiette.com\/leratierbretonnien\/wp-json\/wp\/v2\/media?parent=376"}],"curies":[{"name":"wp","href":"https:\/\/api.w.org\/{rel}","templated":true}]}}