{"id":34,"date":"2018-02-26T22:24:35","date_gmt":"2018-02-26T21:24:35","guid":{"rendered":"http:\/\/www.lahiette.com\/leratierbretonnien\/?page_id=34"},"modified":"2019-11-21T18:17:18","modified_gmt":"2019-11-21T17:17:18","slug":"aides-de-jeu","status":"publish","type":"page","link":"https:\/\/www.lahiette.com\/leratierbretonnien\/warhammer\/aides-de-jeu\/","title":{"rendered":"Aides de jeu, sc\u00e9narios"},"content":{"rendered":"<h2>G\u00e9n\u00e9rateur de noms<\/h2>\n<p>Ici : <a href=\"http:\/\/old.malleus.dk\/Whfrp\/NameGenerator.aspx\">http:\/\/old.malleus.dk\/Whfrp\/NameGenerator.aspx<\/a><\/p>\n<h2>Traduction de \u00ab\u00a0Gathering Darkness\u00a0\u00bb<\/h2>\n<p>Etant donn\u00e9 que la suite des aventures d&rsquo;un de mes groupes exploite cette campagne d&rsquo;Alfred Nunez (cf http:\/\/www.madalfred.com\/), en voici la copie de la traduction fran\u00e7aise : <a href=\"https:\/\/www.lahiette.com\/leratierbretonnien\/wp-content\/uploads\/2018\/08\/Ombre_Emergente_part1-2.pdf\">Ombre_Emergente_part1-2<\/a>, <a href=\"https:\/\/www.lahiette.com\/leratierbretonnien\/wp-content\/uploads\/2018\/08\/Sombre_Desespoir_part2.pdf\">Sombre_Desespoir_part2<\/a>, <a href=\"https:\/\/www.lahiette.com\/leratierbretonnien\/wp-content\/uploads\/2018\/08\/Poursuite_Archarnee_part3.pdf\">Poursuite_Archarnee_part3<\/a> et <a href=\"https:\/\/www.lahiette.com\/leratierbretonnien\/wp-content\/uploads\/2018\/08\/tenebres_conquerantes_part4.pdf\">tenebres_conquerantes_part4<\/a>. La traduction est de \u00ab\u00a0Captain Bug\u00a0\u00bb, tout le m\u00e9rite lui en revient, je la mets \u00e0 disposition ici afin que son travail ne soit pas \u00ab\u00a0perdu\u00a0\u00bb :).<\/p>\n<h2>Cartes et plans<\/h2>\n<p>Il est fr\u00e9quent qu&rsquo;il manque des plans importants dans les sc\u00e9narios ou que l&rsquo;on souhaite simplement d\u00e9tailler le plan de tel ou tel village, ville ou auberge. A ces fins, j&rsquo;utilise r\u00e9guli\u00e8rement ce <a href=\"https:\/\/watabou.itch.io\/medieval-fantasy-city-generator\">g\u00e9n\u00e9rateur de villes m\u00e9di\u00e9vales<\/a>. Cet outil produit des cartes correctes, en un click, avec pas mal d&rsquo;options possibles (rivi\u00e8re, temples, chateaux, remparts, etc, etc). Pour les b\u00e2timents, j&rsquo;utilise beaucoup les dessins de \u00ab\u00a0<a href=\"https:\/\/www.drivethrurpg.com\/browse\/pub\/117\/The-Forge-Studios\">The Forge Studios<\/a>\u00ab\u00a0, qui sont tout \u00e0 fait dans l&rsquo;esprit Warhammer. Chaque plan est de plus fourni avec sa vue, ce qui est assez pr\u00e9cieux en partie, je trouve. Je vous conseille notamment les packs \u00ab\u00a0Useful maps\u00a0\u00bb, qui ont tout un tas de plans hyper utiles (et je ne suis en aucun cas affili\u00e9 \u00e0 cette soci\u00e9t\u00e9 \ud83d\ude42 !).<\/p>\n<h2>Plats d&rsquo;auberges et de tavernes<\/h2>\n<p>Lass\u00e9 de pr\u00e9senter un peu toiujours les m\u00eames menus \u00e0 mes joueurs, je suis tomb\u00e9 sur cette aide de jeu : <a href=\"http:\/\/www.windsofchaos.com\/?page_id=92\">Imperial Cuisine<\/a> publi\u00e9 chez WindOfChaos et dont l&rsquo;auteur est Dave Graffam.<\/p>\n<p>Voici son adaptation fran\u00e7aise :<a href=\"https:\/\/www.lahiette.com\/leratierbretonnien\/wp-content\/uploads\/2018\/02\/Plats_Auberges.pdf\">Plats_Auberges<\/a><\/p>\n<h2>Jeux de Taverne<\/h2>\n<p>Une aide de jeu r\u00e9alis\u00e9e par Drend (drizzt401@hotmail.com), que je met \u00e0 disposition ici, car devenue difficile \u00e0 trouver. Ca se t\u00e9l\u00e9charge ici : <a href=\"https:\/\/www.lahiette.com\/leratierbretonnien\/wp-content\/uploads\/2018\/08\/Jeux-de-taverne.pdf\">Jeux de taverne<\/a>.<\/p>\n<h2>Plans divers<\/h2>\n<p>Un petit manoir urbain, g\u00e9n\u00e9rique, mais que j&rsquo;ai utilis\u00e9 pour Terreur \u00e0 Talabheim. Auteur \u00ab\u00a0jee\u00a0\u00bb, si il passe par l\u00e0, qu&rsquo;il se signale :). <strong>New de 2018<\/strong> : J&rsquo;ai retrouv\u00e9 le fameux \u00ab\u00a0Jee\u00a0\u00bb via Facebook, la page de l&rsquo;auteur est donc ici : <a href=\"https:\/\/www.facebook.com\/jerome.huguenin\">https:\/\/www.facebook.com\/jerome.huguenin<\/a> <img loading=\"lazy\" decoding=\"async\" class=\"size-medium wp-image-41 aligncenter\" src=\"https:\/\/www.lahiette.com\/leratierbretonnien\/wp-content\/uploads\/2018\/02\/tat_manoir_yorde-205x300.jpg\" alt=\"\" width=\"205\" height=\"300\" srcset=\"https:\/\/www.lahiette.com\/leratierbretonnien\/wp-content\/uploads\/2018\/02\/tat_manoir_yorde-205x300.jpg 205w, https:\/\/www.lahiette.com\/leratierbretonnien\/wp-content\/uploads\/2018\/02\/tat_manoir_yorde-768x1124.jpg 768w, https:\/\/www.lahiette.com\/leratierbretonnien\/wp-content\/uploads\/2018\/02\/tat_manoir_yorde-700x1024.jpg 700w, https:\/\/www.lahiette.com\/leratierbretonnien\/wp-content\/uploads\/2018\/02\/tat_manoir_yorde.jpg 1192w\" sizes=\"auto, (max-width: 205px) 100vw, 205px\" \/><\/p>\n<h2>Aides pour Terreur \u00e0 Talabheim<\/h2>\n<p>Si vous avez parcouru la section aventure, vous avez vu que ma campagne utilise ce tr\u00e8s gros sc\u00e9nario. Voici quelques documents qui peuvent \u00e9ventuellement vous aider.<\/p>\n<p>\u00a0\u00bb&rsquo;Notes aux joueurs : ne pas lire plus avant cette section !\u00a0\u00bb&rsquo;<\/p>\n<h3>Les plans de Talaagad<\/h3>\n<p>Voici une compilation d&rsquo;excellents dessins de &lsquo;Jee&rsquo;, que j&rsquo;ai r\u00e9cup\u00e9r\u00e9 juste avant que les anciens forums de la Gazette de Nuln ne ferment. Je n&rsquo;ai malheureusement pass pu joindre l&rsquo;auteur, mais si il souhaite se pr\u00e9senter ou se faire connaitre, pas de soucis ! :<\/p>\n<p><a href=\"https:\/\/www.lahiette.com\/leratierbretonnien\/wp-content\/uploads\/2018\/02\/tat_jee.pdf\">Talagaad<\/a><\/p>\n<p><strong>New de 2018<\/strong> : J&rsquo;ai retrouv\u00e9 le fameux \u00ab\u00a0Jee\u00a0\u00bb via Facebook, la page de l&rsquo;auteur est donc ici : <a href=\"https:\/\/www.facebook.com\/jerome.huguenin\">https:\/\/www.facebook.com\/jerome.huguenin<\/a><\/p>\n<h3>Le voyage \u00e0 Breiblatt<\/h3>\n<p>Si le sc\u00e9nario se d\u00e9roule comme pr\u00e9vu, vos personnages seront engag\u00e9s pour accompagner des r\u00e9fugi\u00e9s jusuq&rsquo;au village de Breiblatt. Afin de donner un peu de lustre officiel \u00e0 cet engagement, j&rsquo;ai fait un petit parchemin d\u00e9crivant leur droits et pouvoirs. Le voici : <a href=\"https:\/\/www.lahiette.com\/leratierbretonnien\/wp-content\/uploads\/2018\/02\/tat_laisser_passer.pdf\">Laisser Passer<\/a><\/p>\n","protected":false},"excerpt":{"rendered":"<p>G\u00e9n\u00e9rateur de noms Ici : http:\/\/old.malleus.dk\/Whfrp\/NameGenerator.aspx Traduction de \u00ab\u00a0Gathering Darkness\u00a0\u00bb Etant donn\u00e9 que la suite des aventures d&rsquo;un de mes groupes exploite cette campagne d&rsquo;Alfred Nunez (cf http:\/\/www.madalfred.com\/), en voici la copie de la traduction fran\u00e7aise : Ombre_Emergente_part1-2, Sombre_Desespoir_part2, Poursuite_Archarnee_part3 &hellip; <a href=\"https:\/\/www.lahiette.com\/leratierbretonnien\/warhammer\/aides-de-jeu\/\">Continuer la lecture <span class=\"meta-nav\">&rarr;<\/span><\/a><\/p>\n","protected":false},"author":1,"featured_media":0,"parent":15,"menu_order":0,"comment_status":"open","ping_status":"closed","template":"","meta":{"footnotes":""},"class_list":["post-34","page","type-page","status-publish","hentry"],"_links":{"self":[{"href":"https:\/\/www.lahiette.com\/leratierbretonnien\/wp-json\/wp\/v2\/pages\/34","targetHints":{"allow":["GET"]}}],"collection":[{"href":"https:\/\/www.lahiette.com\/leratierbretonnien\/wp-json\/wp\/v2\/pages"}],"about":[{"href":"https:\/\/www.lahiette.com\/leratierbretonnien\/wp-json\/wp\/v2\/types\/page"}],"author":[{"embeddable":true,"href":"https:\/\/www.lahiette.com\/leratierbretonnien\/wp-json\/wp\/v2\/users\/1"}],"replies":[{"embeddable":true,"href":"https:\/\/www.lahiette.com\/leratierbretonnien\/wp-json\/wp\/v2\/comments?post=34"}],"version-history":[{"count":16,"href":"https:\/\/www.lahiette.com\/leratierbretonnien\/wp-json\/wp\/v2\/pages\/34\/revisions"}],"predecessor-version":[{"id":1214,"href":"https:\/\/www.lahiette.com\/leratierbretonnien\/wp-json\/wp\/v2\/pages\/34\/revisions\/1214"}],"up":[{"embeddable":true,"href":"https:\/\/www.lahiette.com\/leratierbretonnien\/wp-json\/wp\/v2\/pages\/15"}],"wp:attachment":[{"href":"https:\/\/www.lahiette.com\/leratierbretonnien\/wp-json\/wp\/v2\/media?parent=34"}],"curies":[{"name":"wp","href":"https:\/\/api.w.org\/{rel}","templated":true}]}}