{"id":329,"date":"2018-08-15T10:17:26","date_gmt":"2018-08-15T08:17:26","guid":{"rendered":"http:\/\/www.lahiette.com\/leratierbretonnien\/?page_id=329"},"modified":"2018-08-15T11:23:50","modified_gmt":"2018-08-15T09:23:50","slug":"sombre-desespoir","status":"publish","type":"page","link":"https:\/\/www.lahiette.com\/leratierbretonnien\/warhammer\/recit-de-campagne\/sombre-desespoir\/","title":{"rendered":"Sombre d\u00e9sespoir"},"content":{"rendered":"\n<p>Une fois l&rsquo;affaire d&rsquo;Averheim r\u00e9gl\u00e9e, j&rsquo;ai raccroch\u00e9 la premi\u00e8re partie de la compagne \u00ab\u00a0Sombre D\u00e9sespoir\u00a0\u00bb (http:\/\/www.madalfred.com\/ , Gathering Darkness, dispo <a href=\"https:\/\/www.lahiette.com\/leratierbretonnien\/warhammer\/aides-de-jeu\/\">en fran\u00e7ais ici<\/a>), dans l&rsquo;optique de cl\u00f4turer cette affaire \u00ab\u00a0des 3 colliers\u00a0\u00bb, d\u00e9marr\u00e9e depuis leur premi\u00e8res aventures \u00e0 Bogenhafen.<\/p>\n\n\n\n<p>En voici le synopsis principal :<\/p>\n\n\n\n<ul class=\"wp-block-list\">\n<li>Je reprends l&rsquo;id\u00e9e de Sombre D\u00e9sespoir qui met en sc\u00e8ne les actions d&rsquo;une secte secr\u00e8te de Sigmar appel\u00e9e le \u00ab\u00a0Marteau Sacr\u00e9\u00a0\u00bb qui cherche \u00e0 faire revivre le seul et unique Th\u00e9ogone (selon eux, hein :)) : le Huiti\u00e8me Th\u00e9ogone. Cela permet de varier un peu les adversaires, sans tomber \u00e0 chaque fois sur des cultes chaotiques.<\/li>\n<li>Nous avons donc \u00e0 faire \u00e0 une secte dissidente de l&rsquo;Eglise de Sigmar, discr\u00e8te et mill\u00e9naire, et qui gangr\u00e8ne tout le Stirland et l&rsquo;Averland.<\/li>\n<li>Cette secte cherche \u00e0 faire revivre le huiti\u00e8me Th\u00e9ogone, qui s&rsquo;av\u00e8re \u00eatre en fait une entit\u00e9 tr\u00e8s ancienne, un \u00ab\u00a0Primordial\u00a0\u00bb. Ces \u00ab\u00a0Primordiaux\u00a0\u00bb \u00e9tait l\u00e0 en m\u00eame temps que les premiers hommes et ont des pouvoirs surnaturels. Qui sont-ils ? D&rsquo;o\u00f9 viennent-ils ? C&rsquo;est un peu comme vous voulez, j&rsquo;en ai fait des descendants ab\u00e2tardis des Slanns, mais les PJS ne pourront jamais le d\u00e9couvrir. Ils sont arriv\u00e9s avec les premi\u00e8res tribus humaines peuplant l&#8217;empire et \u00e9taient ador\u00e9s comme des dieux. Ils ont ensuite \u00e9t\u00e9 remplac\u00e9s le panth\u00e9on actuel, et ils ont perdu leur pouvoirs. On parle don en quelque sorte de la pr\u00e9-histoire de l&rsquo;Empire !<\/li>\n<li>Les 3 colliers contiennent chacun des \u00e9clats de \u00ab\u00a0Pierre des Slanns\u00a0\u00bb, une pierre qui est en quelques sorte la \u00ab\u00a0malepierre\u00a0\u00bb des Slanns. C&rsquo;est l&rsquo;utilisation des ces \u00e9clats qui va permettre au \u00ab\u00a0Marteau Sacr\u00e9\u00a0\u00bb de faire revenir le Huiti\u00e8me Th\u00e9ogone d&rsquo;entre les morts.<\/li>\n<\/ul>\n\n\n\n<p>Au sortir d&rsquo;Averheim, les PJs ont eu entre leur mains les 3 colliers, mais il ne leur en reste que 2. Le troisi\u00e8me sera en fait r\u00e9cup\u00e9r\u00e9 directement par le Marteau Sacr\u00e9 qui a r\u00e9ussi \u00e0 pervertir le r\u00e9purgateur auquel les PJs ont donn\u00e9 le premier collier.<\/p>\n\n\n\n<p>A ce stade, j&rsquo;ai fait aussi intervenir la \u00ab\u00a0Chancellerie du Reikland\u00a0\u00bb, \u00e0 savoir les services secrets de l&rsquo;Empire. Suite \u00e0 leur interventions \u00e0 Talabheim et Averheim, la Chancellerie leur propose de les embaucher et de servir l&rsquo;Empire. Mes joueurs ont accept\u00e9s &#8211; ca tombe bien \ud83d\ude42 &#8211; et leur premi\u00e8re mission a donc \u00e9t\u00e9 d&rsquo;aller enqu\u00eater dans l&rsquo;enclave du Lectorat de Sigmar afin d&rsquo;\u00e9lucider la disparition de l&rsquo;\u00e9rudit <em>Friedermann Lessing<\/em> (cf. <a href=\"https:\/\/www.lahiette.com\/leratierbretonnien\/wp-content\/uploads\/2018\/08\/Ombre_Emergente_part1-2.pdf\">Ombre_Emergente_part1-2<\/a>), qui faisait des recherches sur la p\u00e9riode des 3 empereurs. <br\/><\/p>\n\n\n\n<p>A ce stade, j&rsquo;ai d\u00e9plac\u00e9 g\u00e9ographiquement le lieu <a href=\"https:\/\/www.lahiette.com\/leratierbretonnien\/wp-content\/uploads\/2018\/08\/Carte_Lectorat.png\"><img loading=\"lazy\" decoding=\"async\" class=\"size-medium wp-image-352 alignright\" src=\"https:\/\/www.lahiette.com\/leratierbretonnien\/wp-content\/uploads\/2018\/08\/Carte_Lectorat-300x230.png\" alt=\"\" width=\"300\" height=\"230\" srcset=\"https:\/\/www.lahiette.com\/leratierbretonnien\/wp-content\/uploads\/2018\/08\/Carte_Lectorat-300x230.png 300w, https:\/\/www.lahiette.com\/leratierbretonnien\/wp-content\/uploads\/2018\/08\/Carte_Lectorat-768x588.png 768w, https:\/\/www.lahiette.com\/leratierbretonnien\/wp-content\/uploads\/2018\/08\/Carte_Lectorat-1024x784.png 1024w, https:\/\/www.lahiette.com\/leratierbretonnien\/wp-content\/uploads\/2018\/08\/Carte_Lectorat.png 1059w\" sizes=\"auto, (max-width: 300px) 100vw, 300px\" \/><\/a>de l&rsquo;enclave \u00e0 Kaunitz, dans le sud du Stirland. Mes PJs se sont donc rendus d&rsquo;Averheim \u00e0 Kaunitz. Mise \u00e0 part que l&rsquo;action se d\u00e9roule donc \u00e0 l&rsquo;Enclave de Kaunitz (au lieu d&rsquo;Eppiswald, cf. ci-contre), j&rsquo;ai fait jou\u00e9 le reste du sc\u00e9nario \u00e0 l&rsquo;identique, avec l&rsquo;arriv\u00e9e au monast\u00e8re, les premiers contacts avec les moines, l&rsquo;exploration de la zone interdite, la d\u00e9couverte des restes du village de Dagerhof et le cercle de pierres, prot\u00e9g\u00e9 par le d\u00e9mon \u00e0 t\u00eate de citrouille. A noter que Clogger Cr\u00eamecuite, le PJ Halfling de l&rsquo;\u00e9quipe, cherchait des nouvelles de son fr\u00e8re : il a l&rsquo;occasion de trouver son cadavre au sein du cercle de pierres, car il avait \u00e9t\u00e9 embauch\u00e9 il y a 1 an par <em>Friedermann Lessing<\/em> comme \u00e9claireur.. Sniff.<\/p>\n\n\n\n<p>Globalement, mes personnages ont un peu souffert, notamment avec le d\u00e9mon et leur fuite \u00e9perdue dans les bois. Ils\u00a0 ont globalement \u00ab\u00a0r\u00e9solu\u00a0\u00bb cette premi\u00e8re enqu\u00eate pour le compte de la Chancellerie et ils savent donc que :<\/p>\n\n\n\n<ul class=\"wp-block-list\"><li>lors de la p\u00e9riode des 3 empereurs, ce n&rsquo;est pas un convent de sorci\u00e8res qui a \u00e9t\u00e9 d\u00e9truit \u00e0 Kaunitz &#8211; comme l&rsquo;histoire officielle veut le faire croire -, mais un \u00ab\u00a0probl\u00e8me\u00a0\u00bb interne au culte de Sigmar.<\/li><li>un groupe secret au sein de l&rsquo;Eglise de Sigmar se fait appeler le \u00ab\u00a0Marteau Sacr\u00e9 et voue un culte au \u00ab\u00a0Huiti\u00e8me Th\u00e9ogone\u00a0\u00bb, sans qu&rsquo;on sache pr\u00e9cis\u00e9ment pourquoi.<\/li><li>Ce culte du \u00ab\u00a0Marteau Sacr\u00e9\u00a0\u00bb semble toujours actif quelque part.<\/li><li>Un moine nain du nom de <em>Fr\u00e8re Barthelm<\/em> en sait plus sur le sujet, il faut aller le trouver<\/li><\/ul>\n\n\n\n<p>A ce stade, je n&rsquo;ai plus exploit\u00e9 les parties suivantes de la campagne initiale de \u00ab\u00a0Sombre Desespoir\u00a0\u00bb et j&rsquo;ai raccroch\u00e9 l&rsquo;id\u00e9e du \u00ab\u00a0Marteau Sacr\u00e9\u00a0\u00bb aux fameux 3 colliers.<\/p>\n\n\n\n<p><em>La suite \u00e0 venir dans quelques jours &#8230;<\/em><\/p>\n","protected":false},"excerpt":{"rendered":"<p>Une fois l&rsquo;affaire d&rsquo;Averheim r\u00e9gl\u00e9e, j&rsquo;ai raccroch\u00e9 la premi\u00e8re partie de la compagne \u00ab\u00a0Sombre D\u00e9sespoir\u00a0\u00bb (http:\/\/www.madalfred.com\/ , Gathering Darkness, dispo en fran\u00e7ais ici), dans l&rsquo;optique de cl\u00f4turer cette affaire \u00ab\u00a0des 3 colliers\u00a0\u00bb, d\u00e9marr\u00e9e depuis leur premi\u00e8res aventures \u00e0 Bogenhafen. En &hellip; <a href=\"https:\/\/www.lahiette.com\/leratierbretonnien\/warhammer\/recit-de-campagne\/sombre-desespoir\/\">Continuer la lecture <span class=\"meta-nav\">&rarr;<\/span><\/a><\/p>\n","protected":false},"author":1,"featured_media":0,"parent":64,"menu_order":0,"comment_status":"open","ping_status":"closed","template":"","meta":{"footnotes":""},"class_list":["post-329","page","type-page","status-publish","hentry"],"_links":{"self":[{"href":"https:\/\/www.lahiette.com\/leratierbretonnien\/wp-json\/wp\/v2\/pages\/329","targetHints":{"allow":["GET"]}}],"collection":[{"href":"https:\/\/www.lahiette.com\/leratierbretonnien\/wp-json\/wp\/v2\/pages"}],"about":[{"href":"https:\/\/www.lahiette.com\/leratierbretonnien\/wp-json\/wp\/v2\/types\/page"}],"author":[{"embeddable":true,"href":"https:\/\/www.lahiette.com\/leratierbretonnien\/wp-json\/wp\/v2\/users\/1"}],"replies":[{"embeddable":true,"href":"https:\/\/www.lahiette.com\/leratierbretonnien\/wp-json\/wp\/v2\/comments?post=329"}],"version-history":[{"count":19,"href":"https:\/\/www.lahiette.com\/leratierbretonnien\/wp-json\/wp\/v2\/pages\/329\/revisions"}],"predecessor-version":[{"id":370,"href":"https:\/\/www.lahiette.com\/leratierbretonnien\/wp-json\/wp\/v2\/pages\/329\/revisions\/370"}],"up":[{"embeddable":true,"href":"https:\/\/www.lahiette.com\/leratierbretonnien\/wp-json\/wp\/v2\/pages\/64"}],"wp:attachment":[{"href":"https:\/\/www.lahiette.com\/leratierbretonnien\/wp-json\/wp\/v2\/media?parent=329"}],"curies":[{"name":"wp","href":"https:\/\/api.w.org\/{rel}","templated":true}]}}