{"id":3169,"date":"2025-07-14T22:25:13","date_gmt":"2025-07-14T20:25:13","guid":{"rendered":"https:\/\/www.lahiette.com\/leratierbretonnien\/?page_id=3169"},"modified":"2025-07-14T22:25:13","modified_gmt":"2025-07-14T20:25:13","slug":"cthulhu-eternal-le-systeme-chaosium-ogl-a-100","status":"publish","type":"page","link":"https:\/\/www.lahiette.com\/leratierbretonnien\/cthulhu-eternal-le-systeme-chaosium-ogl-a-100\/","title":{"rendered":"Cthulhu Eternal, le syst\u00e8me Chaosium OGL \u00e0 100%"},"content":{"rendered":"\n<p>Apr\u00e8s <a href=\"https:\/\/www.lahiette.com\/leratierbretonnien\/2025\/06\/03\/hack-le-cthulhu\/\" data-type=\"post\" data-id=\"3132\">ma d\u00e9ception sous st\u00e9ro\u00efdes de Cthulhu Hack<\/a>, c&rsquo;est un peu par hasard que je suis tomb\u00e9 sur le m\u00e9connu Cthulhu Eternal, un syst\u00e8me h\u00e9rit\u00e9 du syst\u00e8me Chaosium\/BRP et initialement sorti en OGL par Mongoose Publishing. Repris par l&rsquo;\u00e9quipe de Delta Green comme syst\u00e8me du jeu, il a ensuite \u00e9t\u00e9 \u00ab\u00a0g\u00e9n\u00e9ralis\u00e9\u00a0\u00bb par une \u00e9quipe de fans, avec pour objectif d&rsquo;avoir un JDR \u00ab\u00a0Cthulhu-compatible\u00a0\u00bb, multi-\u00e9poques, au D100, et totalement OGL<\/p>\n\n\n\n<p>L&rsquo;int\u00e9gralit\u00e9 des SRD en Engliche sont disponibles ici  : <a href=\"https:\/\/cthulhueternal.com\/\">https:\/\/cthulhueternal.com\/<\/a><\/p>\n\n\n\n<p>J&rsquo;ai d\u00e9cid\u00e9 de l&rsquo;utiliser d\u00e9sormais pour mes parties de Cthulhu, les conversions \u00e9tant quasi imm\u00e9diates depuis l&rsquo;AdC officiel, et assez rapides \u00e0 faire depuis Cthulhu Hack, pour un peu qu&rsquo;on ne soit pas un MJ qui cherche \u00e0 savoir si le bonus au d\u00e9gats du Byakhee est de +2 ou +4 (mais bon, normalement, le MJ moyen des AdC-like est pas dans ce trip &#8211; et heureusement \ud83d\ude42 ).<\/p>\n\n\n\n<p>La traduction (en cours) de <a href=\"https:\/\/www.lahiette.com\/leratierbretonnien\/wp-content\/uploads\/2025\/07\/Cthulhu_Eternal_SRD_-_FR_Jazz_Age_v1.1_REL.md-2.pdf\">l&rsquo;\u00e9poque Jazz Age est dispo ici<\/a>. <\/p>\n\n\n\n<p>Et un syst\u00e8me est \u00e9galement disponible pour FoundryVTT, avec une traduction en Fran\u00e7ais int\u00e9gr\u00e9e : <a href=\"https:\/\/foundryvtt.com\/packages\/fvtt-cthulhu-eternal\">https:\/\/foundryvtt.com\/packages\/fvtt-cthulhu-eternal<\/a> <\/p>\n\n\n\n<figure class=\"wp-block-image size-large\"><img decoding=\"async\" src=\"https:\/\/www.lahiette.com\/leratierbretonnien\/wp-content\/uploads\/2025\/03\/jazz_age.webp\" alt=\"\"\/><\/figure>\n\n\n\n<p><\/p>\n","protected":false},"excerpt":{"rendered":"<p>Apr\u00e8s ma d\u00e9ception sous st\u00e9ro\u00efdes de Cthulhu Hack, c&rsquo;est un peu par hasard que je suis tomb\u00e9 sur le m\u00e9connu Cthulhu Eternal, un syst\u00e8me h\u00e9rit\u00e9 du syst\u00e8me Chaosium\/BRP et initialement sorti en OGL par Mongoose Publishing. Repris par l&rsquo;\u00e9quipe de &hellip; <a href=\"https:\/\/www.lahiette.com\/leratierbretonnien\/cthulhu-eternal-le-systeme-chaosium-ogl-a-100\/\">Continuer la lecture <span class=\"meta-nav\">&rarr;<\/span><\/a><\/p>\n","protected":false},"author":1,"featured_media":0,"parent":0,"menu_order":0,"comment_status":"closed","ping_status":"closed","template":"","meta":{"footnotes":""},"class_list":["post-3169","page","type-page","status-publish","hentry"],"_links":{"self":[{"href":"https:\/\/www.lahiette.com\/leratierbretonnien\/wp-json\/wp\/v2\/pages\/3169","targetHints":{"allow":["GET"]}}],"collection":[{"href":"https:\/\/www.lahiette.com\/leratierbretonnien\/wp-json\/wp\/v2\/pages"}],"about":[{"href":"https:\/\/www.lahiette.com\/leratierbretonnien\/wp-json\/wp\/v2\/types\/page"}],"author":[{"embeddable":true,"href":"https:\/\/www.lahiette.com\/leratierbretonnien\/wp-json\/wp\/v2\/users\/1"}],"replies":[{"embeddable":true,"href":"https:\/\/www.lahiette.com\/leratierbretonnien\/wp-json\/wp\/v2\/comments?post=3169"}],"version-history":[{"count":2,"href":"https:\/\/www.lahiette.com\/leratierbretonnien\/wp-json\/wp\/v2\/pages\/3169\/revisions"}],"predecessor-version":[{"id":3172,"href":"https:\/\/www.lahiette.com\/leratierbretonnien\/wp-json\/wp\/v2\/pages\/3169\/revisions\/3172"}],"wp:attachment":[{"href":"https:\/\/www.lahiette.com\/leratierbretonnien\/wp-json\/wp\/v2\/media?parent=3169"}],"curies":[{"name":"wp","href":"https:\/\/api.w.org\/{rel}","templated":true}]}}