{"id":300,"date":"2018-07-19T21:50:58","date_gmt":"2018-07-19T19:50:58","guid":{"rendered":"http:\/\/www.lahiette.com\/leratierbretonnien\/?page_id=300"},"modified":"2018-07-20T19:16:01","modified_gmt":"2018-07-20T17:16:01","slug":"da-revue-de-forbidden-power","status":"publish","type":"page","link":"https:\/\/www.lahiette.com\/leratierbretonnien\/wargames-figurines\/draculas-america\/da-revue-de-forbidden-power\/","title":{"rendered":"DA : Revue de Forbidden Power"},"content":{"rendered":"<h1>Forbidden Power !<\/h1>\n<p>Ayant \u00ab\u00a0Nickstart\u00e9\u00a0\u00bb le nouveau suppl\u00e9ment de Dracula America, j&rsquo;ai re\u00e7u le colis ce jour (19\/07\/2018). Au menu : plus de 30 figurines, une faction sp\u00e9ciale pour le nickstarter, un livre et des tokens en r\u00e9sine. Bref, pour 90 EUR, on en a pour son argent \ud83d\ude42 !<\/p>\n<p>Le suppl\u00e9ment ajoute 2 nouvelles factions, de nouvelles r\u00e8gles de terrain (type bayou), un mode de sc\u00e9nario \u00ab\u00a0infiltration\u00a0\u00bb, divers artefacts, des\u00a0 comp\u00e9tences \u00ab\u00a0arcanistes\u00a0\u00bb, des nouveaux sorts et une campagne. Comme pour Hunting Grounds, on est libre de piocher ce qu&rsquo;on veut dans le livre, pour constituer son panel de r\u00e8gles, ce que je trouve tr\u00e8s sympathique. A priori, selon la pr\u00e9face, ce livre sera le troisi\u00e8me et dernier suppl\u00e9ment pour Dracula America. Dommage !<\/p>\n<p>Au niveau faction, on trouve l&rsquo;Eglise de Dagon, un culte d\u00e9di\u00e9 \u00e0 &#8230; Dagon, avec notamment un livre de sorts sp\u00e9cial. En opposition totale, le \u00ab\u00a0Sisterhood\u00a0\u00bb est un groupement de sorci\u00e8res en lutte contre le mal et en particulier contre la faction pr\u00e9c\u00e9dente.<\/p>\n<p>En bonus avec le \u00ab\u00a0nickstarter\u00a0\u00bb, on a \u00e9galement re\u00e7u \u00ab\u00a0The Kin\u00a0\u00bb, une faction in\u00e9dite plut\u00f4t orient\u00e9e combat au contact. Sous la forme d&rsquo;une famille de d\u00e9g\u00e9n\u00e9r\u00e9s cannibales, cette \u00e9quipe me semble vraiment bien pens\u00e9e, avec des r\u00e8gles sp\u00e9ciales que j&rsquo;ai h\u00e2te de tester.<\/p>\n<p>Plus d&rsquo;infos apr\u00e8s nos premiers tests !<\/p>\n","protected":false},"excerpt":{"rendered":"<p>Forbidden Power ! Ayant \u00ab\u00a0Nickstart\u00e9\u00a0\u00bb le nouveau suppl\u00e9ment de Dracula America, j&rsquo;ai re\u00e7u le colis ce jour (19\/07\/2018). Au menu : plus de 30 figurines, une faction sp\u00e9ciale pour le nickstarter, un livre et des tokens en r\u00e9sine. Bref, pour &hellip; <a href=\"https:\/\/www.lahiette.com\/leratierbretonnien\/wargames-figurines\/draculas-america\/da-revue-de-forbidden-power\/\">Continuer la lecture <span class=\"meta-nav\">&rarr;<\/span><\/a><\/p>\n","protected":false},"author":1,"featured_media":0,"parent":120,"menu_order":1,"comment_status":"open","ping_status":"closed","template":"","meta":{"footnotes":""},"class_list":["post-300","page","type-page","status-publish","hentry"],"_links":{"self":[{"href":"https:\/\/www.lahiette.com\/leratierbretonnien\/wp-json\/wp\/v2\/pages\/300","targetHints":{"allow":["GET"]}}],"collection":[{"href":"https:\/\/www.lahiette.com\/leratierbretonnien\/wp-json\/wp\/v2\/pages"}],"about":[{"href":"https:\/\/www.lahiette.com\/leratierbretonnien\/wp-json\/wp\/v2\/types\/page"}],"author":[{"embeddable":true,"href":"https:\/\/www.lahiette.com\/leratierbretonnien\/wp-json\/wp\/v2\/users\/1"}],"replies":[{"embeddable":true,"href":"https:\/\/www.lahiette.com\/leratierbretonnien\/wp-json\/wp\/v2\/comments?post=300"}],"version-history":[{"count":1,"href":"https:\/\/www.lahiette.com\/leratierbretonnien\/wp-json\/wp\/v2\/pages\/300\/revisions"}],"predecessor-version":[{"id":301,"href":"https:\/\/www.lahiette.com\/leratierbretonnien\/wp-json\/wp\/v2\/pages\/300\/revisions\/301"}],"up":[{"embeddable":true,"href":"https:\/\/www.lahiette.com\/leratierbretonnien\/wp-json\/wp\/v2\/pages\/120"}],"wp:attachment":[{"href":"https:\/\/www.lahiette.com\/leratierbretonnien\/wp-json\/wp\/v2\/media?parent=300"}],"curies":[{"name":"wp","href":"https:\/\/api.w.org\/{rel}","templated":true}]}}