{"id":2905,"date":"2024-03-22T15:59:41","date_gmt":"2024-03-22T14:59:41","guid":{"rendered":"https:\/\/www.lahiette.com\/leratierbretonnien\/?page_id=2905"},"modified":"2024-03-23T18:05:58","modified_gmt":"2024-03-23T17:05:58","slug":"de-la-campagne-imperiale-et-autres-billevesees","status":"publish","type":"page","link":"https:\/\/www.lahiette.com\/leratierbretonnien\/warhammer\/de-la-campagne-imperiale-et-autres-billevesees\/","title":{"rendered":"De la Campagne Imp\u00e9riale et autres billeves\u00e9es"},"content":{"rendered":"\n<p>C&rsquo;est un sujet qui me trotte dans la t\u00eate depuis un moment, surtout \u00e0 la lecture r\u00e9guli\u00e8re de questions et de remarques concernant cette campagne (abr\u00e9g\u00e9e CI dans les paragraphes suivants, pour \u00e9conomiser de l&rsquo;encre). Ayant fait jouer cette CI deux fois en version Warhammer v1, et ayant une instance en cours en v4, je prends finalement la plume pour mettre noir sur blanc quelques recettes, id\u00e9es et critiques qui me sont venues au fil du temps. Tout ce ceci ne refl\u00e8te donc que mon exp\u00e9rience et mon opinion personnelle, \u00e0 chacun d&rsquo;en faire ou pas ce qu&rsquo;il le souhaite.<\/p>\n\n\n\n<p>Tout d&rsquo;abord, la CI, si elle souffre naturellement de d\u00e9fauts qui rel\u00e8ve souvent du go\u00fbt personnel de chacun, reste tout de m\u00eame pour moi un excellent moment, m\u00e9langeant voyages, enqu\u00eates, bagarres et secrets cach\u00e9s. Il n&rsquo;en reste pas moins que c&rsquo;est un gros \u00ab\u00a0morceau\u00a0\u00bb, et que l&rsquo;aborder sans la pr\u00e9parer (c&rsquo;est \u00e0 dire y consacrer plusieurs heures) est \u00e0 mon avis une grosse erreur, d&rsquo;o\u00f9 ces quelques id\u00e9es ci-dessous.<\/p>\n\n\n\n<p>Si vous \u00eates joueuse\/joueur, ne lisez point plus bas, car du divulg\u00e2chage d&rsquo;informations peut appara\u00eetre. Enfin, si vous \u00eates MJ, tout ceci sera peut-\u00eatre une redite ou d\u00e9j\u00e0 connu, c&rsquo;est bien possible, et vous m&rsquo;en verrez for marri &#8211; et d\u00e9sol\u00e9.<\/p>\n\n\n<div class=\"wp-block-image\">\n<figure class=\"aligncenter size-full is-resized\"><img loading=\"lazy\" decoding=\"async\" width=\"920\" height=\"782\" src=\"https:\/\/www.lahiette.com\/leratierbretonnien\/wp-content\/uploads\/2024\/03\/image.png\" alt=\"\" class=\"wp-image-2975\" style=\"width:567px;height:auto\" srcset=\"https:\/\/www.lahiette.com\/leratierbretonnien\/wp-content\/uploads\/2024\/03\/image.png 920w, https:\/\/www.lahiette.com\/leratierbretonnien\/wp-content\/uploads\/2024\/03\/image-300x255.png 300w, https:\/\/www.lahiette.com\/leratierbretonnien\/wp-content\/uploads\/2024\/03\/image-768x653.png 768w\" sizes=\"auto, (max-width: 920px) 100vw, 920px\" \/><figcaption class=\"wp-element-caption\">Groupe de joueurs tentant de convaincre le MJ de leur motivation pour la CI &#8211; Document d&rsquo;\u00e9poque<\/figcaption><\/figure>\n<\/div>\n\n\n<h2 class=\"wp-block-heading\">De l&rsquo;\u00e9tat d&rsquo;esprit n\u00e9cessaire<\/h2>\n\n\n\n<p>Tout d&rsquo;abord, la CI est une campagne au long cours, et il faut donc que vos joueuses et joueurs aient envie de s&rsquo;y plonger pour probablement quelques ann\u00e9es. Effectivement, m\u00eame en jouant au rythme effr\u00e9n\u00e9 de 6 heures par semaine sur 52 semaines, je ne suis pas compl\u00e8tement certain que la campagne puisse \u00eatre boucl\u00e9e en 1 an. Cela concerne \u00e9galement votre capacit\u00e9 de MJ \u00e0 vouloir le faire, bien s\u00fbr, mais surtout des joueurs.<\/p>\n\n\n\n<p>Il faut \u00e9galement que les joueurs aient un int\u00e9r\u00eat pour les enqu\u00eates, et soient pr\u00eats \u00e0 suivre parfois des pistes un peu dirigistes, et donc implicitement de \u00ab\u00a0jouer le jeu\u00a0\u00bb. Si vous avez l&rsquo;habitude de vos joueuses et que vos parties partent en grand n&rsquo;importe quoi rapidement, la CI (et en g\u00e9n\u00e9rale toute campagne au long court d&rsquo;ailleurs), n&rsquo;est probablement par pour elles\/eux.<\/p>\n\n\n\n<h2 class=\"wp-block-heading\">De la motivation des PJs<\/h2>\n\n\n\n<p>Ensuite, et je pense que c&rsquo;est un \u00e9l\u00e9ment syst\u00e9matique des longue campagnes, il faut relier les PJs a l&rsquo;intrigue et leur donner un int\u00e9r\u00eat personnel \u00e0 parcourir l&rsquo;Empire \u00e0 la poursuite de vils complots. Cela parait peut-\u00eatre \u00e9vident, mais il me semble que ce point est primordial, car il m&rsquo;est souvent arriv\u00e9 de lire que la CI avait \u00e9t\u00e9 abandonn\u00e9e car les joueurs ne \u00ab\u00a0<em>savaient pas ce qu&rsquo;ils faisaient l\u00e0\u00a0\u00bb<\/em> ou \u00ab\u00a0<em>n&rsquo;avaient pas d\u2019int\u00e9r\u00eat \u00e0 poursuivre tel ou tel objectif<\/em>\u00ab\u00a0. C&rsquo;est tout \u00e0 fait normal \u00e0 mon sens si un soin particulier n&rsquo;a  pas \u00e9t\u00e9 port\u00e9 au d\u00e9but de l&rsquo;aventure sur l&rsquo;int\u00e9gration des PJs \u00e0 la campagne (ou tout au moins aux premiers sc\u00e9narios).<\/p>\n\n\n\n<p>Il n&rsquo;y a pas de recette magique \u00e0 mon avis, mais voici quelques id\u00e9es : <\/p>\n\n\n\n<ul class=\"wp-block-list\">\n<li>exploiter le background des PJs : en regardant le background des personnages, cherchez \u00e0 voir s&rsquo;il n&rsquo;y a pas mati\u00e8re \u00e0 les relier aux cultes de la Main Pourpre et\/ou de la Couronne Rouge, par exemple. Sans les nommer \u00e0 ce stade bien s\u00fbr. Ou si ils ont une vengeance \u00e0 assouvir, et que cette  vengeance pourra justement se r\u00e9gler en suivant un fil rouge au sein de la campagne. Ou un app\u00e2t du gain, etc.<\/li>\n\n\n\n<li>adapter le background des PJs: si vos joueuses sont de bonne compagnie, elles\/ils devraient \u00eatre ouverts \u00e0 des propositions de background. Glissez donc des \u00e9l\u00e9ments d&rsquo;enqu\u00eate, de vengeance ou d&rsquo;information les reliant \u00e0 des \u00e9v\u00e8nements futurs ou des PNJs de la campagne (typiquement tir\u00e9s de l&rsquo;Ennemi Int\u00e9rieur ou de Mort sur le Reik).<\/li>\n\n\n\n<li>exploiter les carri\u00e8res \u00ab\u00a0corporatistes\u00a0\u00bb : un certain nombre de carri\u00e8res font que les personnages sont membres de \u00ab\u00a0corporations\u00a0\u00bb au sens large : patrouilleurs, sorciers, r\u00e9purgateur, gardes, &#8230;. Utilisez alors leur \u00ab\u00a0patrons\u00a0\u00bb du moment pour explicitement leur donner des ordres en lien avec les premiers \u00e9pisodes\/chapitres de la campagne.<\/li>\n<\/ul>\n\n\n\n<p>Sur mes instances pr\u00e9c\u00e9dentes et en cours, voici par exemple ce qu&rsquo;il s&rsquo;est pass\u00e9 : <\/p>\n\n\n\n<ul class=\"wp-block-list\">\n<li>Toute premi\u00e8re fois, toute toute : En cette fin d&rsquo;ann\u00e9es 80, nous \u00e9tions jeunes, insolents et dr\u00f4les et &#8230; avides d&rsquo;aventures. Aussi, les amis de lyc\u00e9e avec lesquels j\u2019eus l&rsquo;honneur de ma\u00eetriser la CI ne furent pas difficiles \u00e0 convaincre de suivre la piste de la campagne. Mais lors de Mort sur le Reik, il se produisit un \u00e9v\u00e8nement impr\u00e9vu : les joueurs s&rsquo;\u00e9prirent de commerce fluvial et commenc\u00e8rent \u00e0 monter une soci\u00e9t\u00e9 commerciale, avec comptoirs, etc. J&rsquo;avais donc mis en place un peu de contexte \u00e9conomico-commercial, et g\u00e9r\u00e9 cet aspect du jeu. Mais pour ne pas perdre le fil, j&rsquo;avais rapidement int\u00e9gr\u00e9 des \u00ab\u00a0adversaires\u00a0\u00bb commerciaux souhaitant supprimer ces nouveaux concurrents. Et ces adversaires commerciaux \u00e9tant li\u00e9s \u00e0 la Main Pourpre\/Couronne Rouge (je ne me rappelle les ficelles en d\u00e9tail), j&rsquo;avais pu faire d&rsquo;une pierre deux coups : donner de la libert\u00e9 \u00e0 mes joueurs, en leur faisant vivre leur aventures commerciales, mais en m\u00eame temps les rattacher \u00e0 des \u00ab\u00a0complots\u00a0\u00bb issus de la CI. Cette it\u00e9ration fut l&rsquo;occasion d&rsquo;ins\u00e9rer \u00ab\u00a0<em>Il y a quelque chose de pourri \u00e0 Kislev<\/em>\u00a0\u00bb juste apr\u00e8s Middenheim et de finir sur l&rsquo;Empire En Flammes, qui me laissa (\u00e0 moi en tant que MJ) un sentiment tr\u00e8s mitig\u00e9 (cf plus bas concernant les d\u00e9fauts de la CI). <\/li>\n\n\n\n<li>Seconde it\u00e9ration : peu de temps plus tard, alors \u00e9tudiant \u00e0 Bordeaux, je reprenais le flambeau, avec une \u00e9quipe plus disparate pour ne pas dire h\u00e9t\u00e9roclite &#8211; voir perpendiculaire. Au travers d&rsquo;une r\u00e9v\u00e9lation Sigmarite, j\u2019eus le sentiment que l&rsquo;aventure pouvait partir en quenouille rapidement. J&rsquo;avais alors modifi\u00e9 les backgrounds pour mettre l&rsquo;ensemble du groupe sous le \u00ab\u00a0contr\u00f4le\u00a0\u00bb d&rsquo;un noble de Carroburg (au hasard) qui souhaitait avoir des informations sur la guilde des marchands de B\u00f6genhafen. En chemin, les personnages allaient naturellement rencontrer Kastor Liberung (enfin son cadavre), comme pr\u00e9vu dans la CI, mais avec du coup un double motif d&rsquo;aller \u00e0 Bogenhafen. J&rsquo;avais ensuite fait assassiner ce \u00ab\u00a0patron\u00a0\u00bb par la Main Pourpre, en repr\u00e9sailles des actions des PJs durant Mort sur le Reik. Ceux-ci avaient alors con\u00e7u une rancune tenace envers les auteurs du meurtre &#8211; leur n\u00e9mesis &#8211;  : les conduire \u00e0 Middenheim, en Kislev et dans l&rsquo;Empire pour le final  avait alors \u00e9t\u00e9 un jeu d&rsquo;enfants. A noter qu&rsquo;en parall\u00e8le, cette \u00e9quipe s&rsquo;\u00e9tait mise en t\u00eate de former une sorte d&rsquo;agence de d\u00e9tectives \u00e0 l&rsquo;\u00e9chelle de l&rsquo;Empire, fa\u00e7on Pinkerton, agence qu&rsquo;ils avaient pu \u00e9tablir \u00e0 Altdorf et Middenheim. Le temps nous \u00e9tant compt\u00e9, je n&rsquo;avais pas int\u00e9gr\u00e9 le crochet Kisl\u00e9vite dans cette it\u00e9ration. Par ailleurs assez refroidi par l'\u00a0\u00bbEmpire en Flammes\u00a0\u00bb, j&rsquo;avais alors bidouill\u00e9 une fin diff\u00e9rente en me basant sur le s\u00e9quencement officiel, mais en changeant pas mal de choses et en alternant enqu\u00eates et combats. Je n&rsquo;ai malheureusement pas conserv\u00e9 tout ces pr\u00e9cieux manuscrit de l&rsquo;\u00e9poque, ce que je regrette un peu.<\/li>\n\n\n\n<li>Jamais deux sans trois : c&rsquo;est \u00e0 l&rsquo;occasion de la conjonction stellaire de la r\u00e9-\u00e9dition de la CI pour Warhammer v4  et d&rsquo;un groupe de joueurs &#8211; pourtant des vioques &#8211; n&rsquo;ayant jamais vu cette campagne que j&rsquo;ai remis le couvert. Cette fois, il s&rsquo;est trouv\u00e9 un peu par hasard que les backgrounds des 3\/4 personnages mettaient en lumi\u00e8re un fort sentiment de justice (ou de r\u00e9tablissement la justice). Exploitant cette opportunit\u00e9 et \u00e9tant donn\u00e9 que ces joueuses\/joueurs ont un brin de bouteille, j&rsquo;ai donc ajout\u00e9 int\u00e9gr\u00e9 fil rouge  : la Couronne Rouge pilote un trafic d&rsquo;orphelins \u00e0 l\u2019\u00e9chelle de l&rsquo;Empire, trafic destin\u00e9 \u00e0 alimenter tout tas de cultes divers et de pratiques douteuses. Mes joueuses sont donc &#8211; de leur point de vue &#8211; en train de d\u00e9manteler un gigantesque trafic d&rsquo;enfants, et c&rsquo;est la leur motivation primaire. Si un quidam se trouvait \u00e0 leur demander ce qu&rsquo;est la CI, une de leur r\u00e9ponse &#8211; \u00e0 l&rsquo;heure actuelle &#8211; serait la lutte contre un trafic ignoble ! Ce trafic m&rsquo;aide d&rsquo;ailleurs \u00e0 \u00e9tablir des ponts entre la Main Pourpre et la Couronne Rouge, ce qui est bien pratique pour justifier les actions de certains PNJs. Certes, le sujet est \u00e0 manipuler avec pr\u00e9cautions selon votre groupe, naturellement, mais on pourrait remplacer ce trafic par un autre.<\/li>\n<\/ul>\n\n\n\n<p>Dans les 3 cas ci-dessus, j&rsquo;ai donc \u00ab\u00a0modifi\u00e9\u00a0\u00bb la campagne, en injectant dans les motivations des cultes\/PNJs une nouvelle \u00ab\u00a0couche\u00a0\u00bb : guerre commerciale, assassinat d&rsquo;un puissant ami\/m\u00e9c\u00e8ne ou encore trafic d&rsquo;enfants. Mon conseil \u00e0 3 pistoles : il ne faut surtout pas avoir peur de le faire. Ces \u00ab\u00a0surcouches\u00a0\u00bb sc\u00e9naristiques ne changent en rien le d\u00e9roul\u00e9 g\u00e9n\u00e9ral de la CI, elles viennent juste apporte une coloration qui va assurer la motivation de vos personnages \u00e0 poursuivre l&rsquo;aventure.<\/p>\n\n\n\n<p>J&rsquo;ajoute que cette surcouche sc\u00e9naristique pour le groupe peut venir en suppl\u00e9ment de motivations individuelles particuli\u00e8res, \u00e0 \u00e9tablir au cas par cas.<\/p>\n\n\n\n<h2 class=\"wp-block-heading has-text-align-left\">De l&rsquo;attache et du lien<\/h2>\n\n\n\n<p>Loin de moi l&rsquo;id\u00e9e de parler <em>bondage<\/em> dans ce paragraphe, mais plut\u00f4t du lien r\u00e9gulier qu&rsquo;il faut \u00e0 mon avis entretenir entre l&rsquo;intrigue et les \u00e9volutions\/souhaits des personnage. Je conseille notamment de pr\u00eater l&rsquo;oreille aux id\u00e9es des joueuses et \u00e0 leur d\u00e9sir d&rsquo;\u00e9volution, pour s&rsquo;en servir ensuite.<\/p>\n\n\n\n<figure class=\"wp-block-image size-large is-resized\"><img loading=\"lazy\" decoding=\"async\" width=\"1024\" height=\"576\" src=\"https:\/\/www.lahiette.com\/leratierbretonnien\/wp-content\/uploads\/2024\/03\/image-1-1024x576.png\" alt=\"\" class=\"wp-image-2977\" style=\"width:670px;height:auto\" srcset=\"https:\/\/www.lahiette.com\/leratierbretonnien\/wp-content\/uploads\/2024\/03\/image-1-1024x576.png 1024w, https:\/\/www.lahiette.com\/leratierbretonnien\/wp-content\/uploads\/2024\/03\/image-1-300x169.png 300w, https:\/\/www.lahiette.com\/leratierbretonnien\/wp-content\/uploads\/2024\/03\/image-1-768x432.png 768w, https:\/\/www.lahiette.com\/leratierbretonnien\/wp-content\/uploads\/2024\/03\/image-1.png 1280w\" sizes=\"auto, (max-width: 1024px) 100vw, 1024px\" \/><figcaption class=\"wp-element-caption\">Ernst Frudling (\u00e0 droite) devient musicien officiel du Maitre de la Guilde des Orf\u00e8vres de Kemperbad<\/figcaption><\/figure>\n\n\n\n<p>Concernant les id\u00e9es, il va fr\u00e9quemment arriver que votre table \u00e9mette des hypoth\u00e8ses tout \u00e0 fait r\u00e9alistes et plausibles sur tel ou tel PNJ ou tel ou tel \u00ab\u00a0complot\u00a0\u00bb. Si ces hypoth\u00e8ses tiennent la route, sont logiques, et que la trame g\u00e9n\u00e9rale de la campagne n&rsquo;en est pas chang\u00e9e violemment, il est souvent int\u00e9ressant de rendre ces hypoth\u00e8ses r\u00e9elles. Cela valide les d\u00e9ductions des joueurs, apporte un sentiment de satisfaction et introduit un peu de variations dans la campagne pour vous en tant que MJ.<\/p>\n\n\n\n<p>Ensuite, la CI \u00e9tant longue, vos personnages vont certainement changer de carri\u00e8re : \u00e9coutez les discussions des joueurs et leur d\u00e9sirs. Et lorsque le moment est propice, injectez le PNJ qui va r\u00e9pondre \u00e0 leur attente. Notez que vous n&rsquo;\u00eates pas oblig\u00e9 de faire exactement ce que le joueur souhaite, vous pouvez lui proposer une piste \u00e9quivalente qui vous arrange. <\/p>\n\n\n\n<p><strong>Exemple<\/strong> : dans mon it\u00e9ration actuelle, l&rsquo;un des PJ est un d\u00e9bardeur Halfling du Moot, avide de revanche p\u00e9cuniaire et sociale. Il a donc \u00e9mis plusieurs fois l&rsquo;id\u00e9e de \u00ab\u00a0grimper\u00a0\u00bb dans la hi\u00e9rarchie sociale. Je lui ai donc fait rencontrer un recruteur des Patrouilleurs Fluviaux, qui lui a propos\u00e9 un r\u00f4le d&rsquo;inspecteur ind\u00e9pendant des structures portuaires du Reik. Par cette petite astuce \u00e0 2 sous, j&rsquo;ai donc rempli deux objectifs : lui donner satisfaction avec un statut social reconnu et me permettre &#8211; en tant que MJ &#8211;  de lui donner des ordres, avec une motivation suppl\u00e9mentaire pour arpenter le Reik. <\/p>\n\n\n\n<h2 class=\"wp-block-heading\">Des carri\u00e8res et de leur utilit\u00e9<\/h2>\n\n\n\n<p>J&rsquo;en ai d\u00e9j\u00e0 parl\u00e9 plus haut, mais les carri\u00e8res &#8211; surtout si elles sont d&rsquo;ordre \u00ab\u00a0corporatistes\u00a0\u00bb &#8211; sont d&rsquo;excellents moyens pour faire bouger les personnages dans telle ou telle direction. J&rsquo;ai souvent lu que ces carri\u00e8res (ie soldat, patrouilleur, marchand de guilde, &#8230;.) sont difficiles \u00e0 justifier dans une aventure : je m&rsquo;inscris en faux. Ce sont d&rsquo;\u00e9normes opportunit\u00e9s pour donner aux joueurs des motivations ou obligations en lien avec la CI. Un esprit chagrin de l&rsquo;Ostermark me r\u00e9torquera probablement : \u00ab\u00a0<em>ben oui, mais comment justifier qu&rsquo;un marchand de Grunburg se balade<\/em> <em>le long du Reik<\/em>?\u00a0\u00bb. En bon Averheimais pragmatique, je lui r\u00e9pondrais que sa Guilde &#8211; par exemple &#8211; le missionne secr\u00e8tement pour voler des secrets commerciaux et faire un \u00e9tat des lieux des bonnes pratiques. Ou encore que la Guilde vient de se faire spolier par un noble de Middenheim et qu&rsquo;il faut s&rsquo;y rendre imm\u00e9diatement (motivation pour le Pouvoir Derri\u00e8re le Tr\u00f4ne, s&rsquo;entend).<\/p>\n\n\n\n<p>D&rsquo;une mani\u00e8re g\u00e9n\u00e9rale, quand un PJ progresse dans sa carri\u00e8re ou en change, mon conseil est de tout de suite essayer de voir quel \u00ab\u00a0avantage\u00a0\u00bb le MJ peut en tirer au sein de la campagne.<\/p>\n\n\n\n<h2 class=\"wp-block-heading\">De l&#8217;emplacement des choses<\/h2>\n\n\n\n<p>Selon comment l&rsquo;aventure \u00e9volue, il ne faut pas h\u00e9siter \u00e0 changer les localisations de lieux. Pas envie d&rsquo;aller \u00e0 Bogenhafen : tout se passe \u00e0 Grunburg. Grissenwald est loin sur le Reik et le groupe de personnages go\u00fbte fort peu la navigation fluviale : d\u00e9placez l&rsquo;\u00e9pisode de la tour d&rsquo;Etelka \u00e0 proximit\u00e9 de Kemperbad. Cela demande un brin d&rsquo;adaptations bien s\u00fbr, mais si vous sentez que le dynamisme de l&rsquo;aventure en a besoin ou que cela remettrai discr\u00e8tement votre \u00e9quipage sur les rails, n&rsquo;h\u00e9sitez pas !<\/p>\n\n\n<div class=\"wp-block-image\">\n<figure class=\"aligncenter size-full is-resized\"><img loading=\"lazy\" decoding=\"async\" width=\"671\" height=\"900\" src=\"https:\/\/www.lahiette.com\/leratierbretonnien\/wp-content\/uploads\/2024\/03\/image-2.png\" alt=\"\" class=\"wp-image-2979\" style=\"width:485px;height:auto\" srcset=\"https:\/\/www.lahiette.com\/leratierbretonnien\/wp-content\/uploads\/2024\/03\/image-2.png 671w, https:\/\/www.lahiette.com\/leratierbretonnien\/wp-content\/uploads\/2024\/03\/image-2-224x300.png 224w\" sizes=\"auto, (max-width: 671px) 100vw, 671px\" \/><figcaption class=\"wp-element-caption\">La tour d&rsquo;Etelka, dans la campagne de Kemperbad. Si, si.<\/figcaption><\/figure>\n<\/div>\n\n\n<p>Si vos personnages s&rsquo;ent\u00eatent dans ce qui est d\u00e9finitivement une fausse piste, ne vous braquez surtout pas. C&rsquo;est le moment \u00e0 mon sens ou il faut \u00e9couter leurs raisonnements, comprendre pourquoi ils explorent cette piste \u00e0 fond et &#8230;. la transformer en vrai piste. Cela \u00e9vitera de renforcer l&rsquo;id\u00e9e d&rsquo;une campagne sur \u00ab\u00a0rails\u00a0\u00bb, vous donnera un peu de grain \u00e0 moudre &#8211; c&rsquo;est toujours motivant &#8211; et vous permettra d&rsquo;injecter des indices qui les m\u00e8neront \u00e0 la prochaine \u00e9tape. Profitez en pour exploiter l&rsquo;un des multiples sc\u00e9narios ind\u00e9pendants disponibles parmi ceux de la v1, v2 ou v4, en le relocalisant au bon endroit et en modifiant le d\u00e9nouement pour leur faire r\u00e9cup\u00e9rer le fil de la CI.<\/p>\n\n\n\n<p><strong>Exemple<\/strong> : Apr\u00e8s Bogenhafen, suite \u00e0 la lettre de Etelka Herzen, les PJs peuvent \u00eatre persuad\u00e9s que la suite se joue \u00e0 Nuln. Si ils s&rsquo;obstinent, vous pourriez alors placer \u00e0 Nuln l&rsquo;aventure \u00ab\u00a0<em>Masssace \u00e0 Spittlefield<\/em>\u00a0\u00bb (Aventures \u00e0 Ubersreik Vol.1), en faisant en sorte que Etelka soit l&rsquo;organisatrice de l&rsquo;\u00e9pid\u00e9mie pour pourrir la ville de l&rsquo;int\u00e9rieur. A sa capture ou d\u00e9faite, elle remettrait alors les documents permettant aux PJs de reprendre la piste de l&rsquo;observatoire et des collines st\u00e9riles. <\/p>\n\n\n\n<h2 class=\"wp-block-heading\">De la critique<\/h2>\n\n\n\n<p>La CI est souvent critiqu\u00e9e, en bien ou en mal. Avant de la ma\u00eetriser, il faut naturellement qu&rsquo;elle soit \u00e0 votre go\u00fbt. Si en tant que MJ vous y allez \u00e0 reculons, c&rsquo;est certain que rien n&rsquo;ira vraiment bien. Au fil des ann\u00e9es, j&rsquo;ai relev\u00e9 trois reproches principaux. <\/p>\n\n\n\n<p>Le premier concerne la \u00ab\u00a0lin\u00e9arit\u00e9\u00a0\u00bb de l&rsquo;aventure, baladant en quelque sorte de mani\u00e8re un peu obligatoire les personnages de A en B. C&rsquo;est ma foi assez vrai, et c&rsquo;est le lot de beaucoup de campagnes. Cependant, la CI, si on y regarde de plus pr\u00e8s,  est assez hybride. Les voyages du d\u00e9but de l&rsquo;Ennemi Int\u00e9rieur et de Mort sur le Reik sont assez lin\u00e9aires, c&rsquo;est un fait. Mais par contre, les aventures \u00e0 Bogenhafen et Middenheim sont des vrais bacs \u00e0 sable, avec beaucoup de possibilit\u00e9s \u00e0 explorer en parall\u00e8le. M\u00eame \u00ab\u00a0Mort sur le Reik\u00a0\u00bb peut \u00eatre remani\u00e9 pour varier les choix des joueurs, m\u00eame si cela demande certes plus d&rsquo;efforts. Mais d&rsquo;une mani\u00e8re g\u00e9n\u00e9rale, oui, la campagne est pr\u00e9vue pour mener l&rsquo;\u00e9quipage \u00e0 un d\u00e9nouement pr\u00e9cis. Si vous n&rsquo;avez go\u00fbt que pour les bacs \u00e0 sable purs et durs, vous ne trouverez pas votre compte ici.<\/p>\n\n\n\n<p>Le second concerne les jonctions entre les 3 premiers \u00e9l\u00e9ments de la campagne, qui sont pour le moins t\u00e9nus. Ainsi, \u00e0 la sortie de l&rsquo;\u00e9pisode de B\u00f6genhafen, c&rsquo;est une unique lettre qui indique aux joueurs la piste d&rsquo;Etelka. De m\u00eame, \u00e0 la fin de Mort sur le Reik, c&rsquo;est \u00e9galement une lettre &#8211; assez difficile \u00e0 trouver qui plus est &#8211; qui met l&rsquo;\u00e9quipe sur la piste de Middenheim. Ces d\u00e9fauts pr\u00e9sent dans la v1 n&rsquo;ont pas sp\u00e9cialement \u00e9t\u00e9 gomm\u00e9s dans la v4. Il convient \u00e0 mon avis de pr\u00e9parer en amont des \u00e9l\u00e9ments suppl\u00e9mentaires que les joueurs pourront trouver. Ainsi, \u00e0 B\u00f6genhafen, des d\u00e9bardeurs du port pourraient par exemple assurer que du mat\u00e9riel \u00ab\u00a0\u00e9trange\u00a0\u00bb a \u00e9t\u00e9 livr\u00e9 au Teugen par une dame appel\u00e9e Etelka, etc. De m\u00eame, apr\u00e8s la chute de Wittgenstein, les PJs pourraient fortuitement rattraper le docteur Rousseaux, qui s&#8217;empressera de r\u00e9v\u00e9ler qu&rsquo;il s&rsquo;enfuit vers Middenheim ou il esp\u00e8re obtenir protection, etc.<\/p>\n\n\n\n<p>Et le troisi\u00e8me concerne l&rsquo;Empire en Flammes de la v1 (ie le dernier tome de la CI), qui est en de\u00e7\u00e0 du reste des volumes, avec un aspect assez \u00ab\u00a0D&amp;D bourrin\u00a0\u00bb dans son d\u00e9roul\u00e9. Comme le sentiment \u00e9tait globalement partag\u00e9, un fan a con\u00e7u \u00e0 l&rsquo;aube des ann\u00e9es 2000 \u00ab\u00a0L&rsquo;Empire en Guerre\u00a0\u00bb (Empire at War en VO : <a href=\"http:\/\/www.madalfred.com\/Scenarios.html\">http:\/\/www.madalfred.com\/Scenarios.html<\/a>), beaucoup plus abouti et nettement plus dans l&rsquo;esprit WFRP. J&rsquo;ai eu l&rsquo;occasion de le lire, mais jamais de l&rsquo;exploiter. Enfin, notons que ce d\u00e9faut est gomm\u00e9 en v4, avec \u00ab\u00a0l&rsquo;Empire en Ruines\u00a0\u00bb qui est un mix de l&rsquo;Empire en Flammes et de l&rsquo;Empire en Guerre. A la date ou je vous parle, je n&rsquo;ai pas encore fait jouer cet \u00e9pisode, mais je l&rsquo;ai parcouru et il me semble de bon aloi, bien au dessus de son anc\u00eatre de la v1 en tout cas.<\/p>\n\n\n\n<h2 class=\"wp-block-heading\">Quicumque lusit , poterit reprehendere<\/h2>\n\n\n\n<p>Finalement, m\u00eame si vous avez des doutes sur son inter\u00eat sur le long terme, vous pouvez parfaitement la d\u00e9marrer, exploiter ses \u00e9l\u00e9ments et bifurquer \u00e0 tout moment vers une campagne personnelle, soit car tel ou tel \u00e9pisode ne vous sied point, soit car votre \u00e9quipe ne s&rsquo;y retrouve pas. C&rsquo;est d&rsquo;ailleurs un point fort de cette campagne &#8211; au moins dans les 3 premiers gros chapitres &#8211; c&rsquo;est de pouvoir s&rsquo;en \u00e9chapper si tout va mal et d&#8217;embrayer facilement sur autre chose.<\/p>\n\n\n<div class=\"wp-block-image\">\n<figure class=\"aligncenter size-full is-resized\"><img loading=\"lazy\" decoding=\"async\" width=\"754\" height=\"900\" src=\"https:\/\/www.lahiette.com\/leratierbretonnien\/wp-content\/uploads\/2024\/03\/image-3.png\" alt=\"\" class=\"wp-image-2981\" style=\"width:524px;height:auto\" srcset=\"https:\/\/www.lahiette.com\/leratierbretonnien\/wp-content\/uploads\/2024\/03\/image-3.png 754w, https:\/\/www.lahiette.com\/leratierbretonnien\/wp-content\/uploads\/2024\/03\/image-3-251x300.png 251w\" sizes=\"auto, (max-width: 754px) 100vw, 754px\" \/><figcaption class=\"wp-element-caption\">MJ n&rsquo;ayant pas su s&rsquo;\u00e9chapper de la CI au bon moment il y a 40 ans &#8211; All\u00e9gorie<\/figcaption><\/figure>\n<\/div>","protected":false},"excerpt":{"rendered":"<p>C&rsquo;est un sujet qui me trotte dans la t\u00eate depuis un moment, surtout \u00e0 la lecture r\u00e9guli\u00e8re de questions et de remarques concernant cette campagne (abr\u00e9g\u00e9e CI dans les paragraphes suivants, pour \u00e9conomiser de l&rsquo;encre). Ayant fait jouer cette CI &hellip; <a href=\"https:\/\/www.lahiette.com\/leratierbretonnien\/warhammer\/de-la-campagne-imperiale-et-autres-billevesees\/\">Continuer la lecture <span class=\"meta-nav\">&rarr;<\/span><\/a><\/p>\n","protected":false},"author":1,"featured_media":0,"parent":15,"menu_order":0,"comment_status":"open","ping_status":"closed","template":"","meta":{"footnotes":""},"class_list":["post-2905","page","type-page","status-publish","hentry"],"_links":{"self":[{"href":"https:\/\/www.lahiette.com\/leratierbretonnien\/wp-json\/wp\/v2\/pages\/2905","targetHints":{"allow":["GET"]}}],"collection":[{"href":"https:\/\/www.lahiette.com\/leratierbretonnien\/wp-json\/wp\/v2\/pages"}],"about":[{"href":"https:\/\/www.lahiette.com\/leratierbretonnien\/wp-json\/wp\/v2\/types\/page"}],"author":[{"embeddable":true,"href":"https:\/\/www.lahiette.com\/leratierbretonnien\/wp-json\/wp\/v2\/users\/1"}],"replies":[{"embeddable":true,"href":"https:\/\/www.lahiette.com\/leratierbretonnien\/wp-json\/wp\/v2\/comments?post=2905"}],"version-history":[{"count":92,"href":"https:\/\/www.lahiette.com\/leratierbretonnien\/wp-json\/wp\/v2\/pages\/2905\/revisions"}],"predecessor-version":[{"id":3010,"href":"https:\/\/www.lahiette.com\/leratierbretonnien\/wp-json\/wp\/v2\/pages\/2905\/revisions\/3010"}],"up":[{"embeddable":true,"href":"https:\/\/www.lahiette.com\/leratierbretonnien\/wp-json\/wp\/v2\/pages\/15"}],"wp:attachment":[{"href":"https:\/\/www.lahiette.com\/leratierbretonnien\/wp-json\/wp\/v2\/media?parent=2905"}],"curies":[{"name":"wp","href":"https:\/\/api.w.org\/{rel}","templated":true}]}}