{"id":2831,"date":"2023-11-04T16:27:57","date_gmt":"2023-11-04T15:27:57","guid":{"rendered":"https:\/\/www.lahiette.com\/leratierbretonnien\/?page_id=2831"},"modified":"2023-11-04T16:58:49","modified_gmt":"2023-11-04T15:58:49","slug":"pouvoirs-interdits-rencontres-dans-le-bayou","status":"publish","type":"page","link":"https:\/\/www.lahiette.com\/leratierbretonnien\/wargames-figurines\/draculas-america\/pouvoirs-interdits-rencontres-dans-le-bayou\/","title":{"rendered":"Pouvoirs Interdits : Rencontres dans le bayou"},"content":{"rendered":"\n<p>Avec mon beau-fr\u00e8re, adepte lui aussi de DA, nous d\u00e9cidons de d\u00e9marrer la campagne de Pouvoirs Interdits, sur laquelle je n&rsquo;ai test\u00e9 que des sc\u00e9narios ponctuels.<\/p>\n\n\n\n<p>Afin de rester dans le ton, je choisis le Culte de Dagon tandis que mon adversaire s\u00e9lectionne les vampires de la Cabale Rouge.<\/p>\n\n\n\n<p>Nous mettons la table en place, ambiance marais de Floride, en exploitant mes deux bateaux \u00e0 disposition puis en compl\u00e9tant avec diverses petites \u00eeles et autre d\u00e9cor. Les bateaux, coinc\u00e9s au milieu du marais ont \u00e9t\u00e9 transport\u00e9s par une violente tornade Dagonesque (histoire de justifier la pr\u00e9sence des 2 navires au milieu d&rsquo;un marais encombr\u00e9 \ud83d\ude42 ) <\/p>\n\n\n\n<div class=\"wp-block-media-text is-stacked-on-mobile\" style=\"grid-template-columns:85% auto\"><figure class=\"wp-block-media-text__media\"><img loading=\"lazy\" decoding=\"async\" width=\"1024\" height=\"768\" src=\"https:\/\/www.lahiette.com\/leratierbretonnien\/wp-content\/uploads\/2023\/11\/IMG_20231101_212023-1024x768.webp\" alt=\"\" class=\"wp-image-2836 size-full\" srcset=\"https:\/\/www.lahiette.com\/leratierbretonnien\/wp-content\/uploads\/2023\/11\/IMG_20231101_212023-1024x768.webp 1024w, https:\/\/www.lahiette.com\/leratierbretonnien\/wp-content\/uploads\/2023\/11\/IMG_20231101_212023-300x225.webp 300w, https:\/\/www.lahiette.com\/leratierbretonnien\/wp-content\/uploads\/2023\/11\/IMG_20231101_212023-768x576.webp 768w, https:\/\/www.lahiette.com\/leratierbretonnien\/wp-content\/uploads\/2023\/11\/IMG_20231101_212023-1536x1152.webp 1536w, https:\/\/www.lahiette.com\/leratierbretonnien\/wp-content\/uploads\/2023\/11\/IMG_20231101_212023-2048x1536.webp 2048w\" sizes=\"auto, (max-width: 1024px) 100vw, 1024px\" \/><\/figure><div class=\"wp-block-media-text__content\">\n<p><em>Vue du terrain de jeu<\/em><\/p>\n<\/div><\/div>\n\n\n\n<p>Le sc\u00e9nario impose de s\u00e9parer la table en 4 quarts , d&rsquo;y placer 4 cr\u00e9atures du marais puis de tirer al\u00e9atoirement le placement des \u00e9quipes (elles m\u00eame s\u00e9par\u00e9es en 4). Avec 6 figurines de d\u00e9part, nous obtenons 2 groupes de 2 et 2 groupes de &#8230; 1 chacun.<\/p>\n\n\n\n<p>Au tirage des bestioles, nous obtenons une Luciole Arcanique, une Mouche Bouffie, un Crocodile Mutant et un Alligator G\u00e9ant. Au niveau des placements, les \u00e9quipes sont assez \u00e9parpill\u00e9es. <\/p>\n\n\n\n<p>Avec l&rsquo;obscurit\u00e9 qui rampe, et le bourbier (ie cf sc\u00e9nario), il est difficile de se d\u00e9placer et de tirer \u00e0 longue distance, il faut donc se rapprocher des bestioles ou de l&rsquo;\u00e9quipe ennemie pour faire mouche. Rapidement, l&rsquo;\u00e9quipe des Vampires &#8211; les deux infants &#8211; se font d\u00e9cimer par la Mouche Bouffie et la Luciole, tandis que les Cultistes de Dagon parviennent \u00e0 r\u00e9sister et au final \u00e0 \u00e9liminer l&rsquo;Alligator G\u00e9ant.<\/p>\n\n\n\n<div class=\"wp-block-media-text is-stacked-on-mobile\" style=\"grid-template-columns:75% auto\"><figure class=\"wp-block-media-text__media\"><img loading=\"lazy\" decoding=\"async\" width=\"1024\" height=\"768\" src=\"https:\/\/www.lahiette.com\/leratierbretonnien\/wp-content\/uploads\/2023\/11\/IMG_20231101_212003-1024x768.webp\" alt=\"\" class=\"wp-image-2837 size-full\" srcset=\"https:\/\/www.lahiette.com\/leratierbretonnien\/wp-content\/uploads\/2023\/11\/IMG_20231101_212003-1024x768.webp 1024w, https:\/\/www.lahiette.com\/leratierbretonnien\/wp-content\/uploads\/2023\/11\/IMG_20231101_212003-300x225.webp 300w, https:\/\/www.lahiette.com\/leratierbretonnien\/wp-content\/uploads\/2023\/11\/IMG_20231101_212003-768x576.webp 768w, https:\/\/www.lahiette.com\/leratierbretonnien\/wp-content\/uploads\/2023\/11\/IMG_20231101_212003-1536x1152.webp 1536w, https:\/\/www.lahiette.com\/leratierbretonnien\/wp-content\/uploads\/2023\/11\/IMG_20231101_212003-2048x1536.webp 2048w\" sizes=\"auto, (max-width: 1024px) 100vw, 1024px\" \/><\/figure><div class=\"wp-block-media-text__content\">\n<p><em>Un ancien vampire surveille le marais&#8230;<\/em><\/p>\n<\/div><\/div>\n\n\n\n<p>Au quatri\u00e8me tour, les bestioles sont toutes \u00e9radiqu\u00e9es, et il reste 4 figurines aux Vampires, tandis que les Cultistes sont au complet. Apr\u00e8s quelques jets assez chanceux &#8211; il faut bien le dire &#8211; les Cultistes parviennent \u00e0 \u00e9chapper aux tirs de la Cabale. Vengeurs, les adeptes de Dagon ripostent et \u00e9liminent 2 Vampires dans la foul\u00e9e. N&rsquo;ayant plus que son boss et un tireur, les Vampires d\u00e9cident de rater leur test de sang-froid, et perdent donc la partie.<\/p>\n\n\n\n<p>La fin de session voit par contre la chance revenir chez la Cabale ! Les quatre figurines vaincues sortent toutes intactes de l&rsquo;affrontement, avec m\u00eame 1 XP en plus pour certaines ! Et \u00e9galement moisson de progression pour les Vampires, qui voient trois de leur membres progresser ! C\u00f4t\u00e9 Dagon, c&rsquo;est choux blanc c\u00f4t\u00e9 progressions.<\/p>\n\n\n\n<p>Avec quelques nouveaux dollars en poche, les deux \u00e9quipes s&rsquo;ach\u00e8tent un peut de mat\u00e9riel bienvenu et se pr\u00e9parent pour la seconde confrontation&#8230;. (<em>\u00e0 suivre)<\/em><\/p>\n\n\n\n<div class=\"wp-block-media-text is-stacked-on-mobile\" style=\"grid-template-columns:82% auto\"><figure class=\"wp-block-media-text__media\"><img loading=\"lazy\" decoding=\"async\" width=\"1024\" height=\"768\" src=\"https:\/\/www.lahiette.com\/leratierbretonnien\/wp-content\/uploads\/2023\/11\/IMG_20231101_211950-1024x768.webp\" alt=\"\" class=\"wp-image-2838 size-full\" srcset=\"https:\/\/www.lahiette.com\/leratierbretonnien\/wp-content\/uploads\/2023\/11\/IMG_20231101_211950-1024x768.webp 1024w, https:\/\/www.lahiette.com\/leratierbretonnien\/wp-content\/uploads\/2023\/11\/IMG_20231101_211950-300x225.webp 300w, https:\/\/www.lahiette.com\/leratierbretonnien\/wp-content\/uploads\/2023\/11\/IMG_20231101_211950-768x576.webp 768w, https:\/\/www.lahiette.com\/leratierbretonnien\/wp-content\/uploads\/2023\/11\/IMG_20231101_211950-1536x1152.webp 1536w, https:\/\/www.lahiette.com\/leratierbretonnien\/wp-content\/uploads\/2023\/11\/IMG_20231101_211950-2048x1536.webp 2048w\" sizes=\"auto, (max-width: 1024px) 100vw, 1024px\" \/><\/figure><div class=\"wp-block-media-text__content\">\n<p><em>Vue z\u00e9nithale du marais &#8230;<\/em><\/p>\n<\/div><\/div>\n","protected":false},"excerpt":{"rendered":"<p>Avec mon beau-fr\u00e8re, adepte lui aussi de DA, nous d\u00e9cidons de d\u00e9marrer la campagne de Pouvoirs Interdits, sur laquelle je n&rsquo;ai test\u00e9 que des sc\u00e9narios ponctuels. Afin de rester dans le ton, je choisis le Culte de Dagon tandis que &hellip; <a href=\"https:\/\/www.lahiette.com\/leratierbretonnien\/wargames-figurines\/draculas-america\/pouvoirs-interdits-rencontres-dans-le-bayou\/\">Continuer la lecture <span class=\"meta-nav\">&rarr;<\/span><\/a><\/p>\n","protected":false},"author":1,"featured_media":0,"parent":120,"menu_order":0,"comment_status":"open","ping_status":"closed","template":"","meta":{"footnotes":""},"class_list":["post-2831","page","type-page","status-publish","hentry"],"_links":{"self":[{"href":"https:\/\/www.lahiette.com\/leratierbretonnien\/wp-json\/wp\/v2\/pages\/2831","targetHints":{"allow":["GET"]}}],"collection":[{"href":"https:\/\/www.lahiette.com\/leratierbretonnien\/wp-json\/wp\/v2\/pages"}],"about":[{"href":"https:\/\/www.lahiette.com\/leratierbretonnien\/wp-json\/wp\/v2\/types\/page"}],"author":[{"embeddable":true,"href":"https:\/\/www.lahiette.com\/leratierbretonnien\/wp-json\/wp\/v2\/users\/1"}],"replies":[{"embeddable":true,"href":"https:\/\/www.lahiette.com\/leratierbretonnien\/wp-json\/wp\/v2\/comments?post=2831"}],"version-history":[{"count":13,"href":"https:\/\/www.lahiette.com\/leratierbretonnien\/wp-json\/wp\/v2\/pages\/2831\/revisions"}],"predecessor-version":[{"id":2849,"href":"https:\/\/www.lahiette.com\/leratierbretonnien\/wp-json\/wp\/v2\/pages\/2831\/revisions\/2849"}],"up":[{"embeddable":true,"href":"https:\/\/www.lahiette.com\/leratierbretonnien\/wp-json\/wp\/v2\/pages\/120"}],"wp:attachment":[{"href":"https:\/\/www.lahiette.com\/leratierbretonnien\/wp-json\/wp\/v2\/media?parent=2831"}],"curies":[{"name":"wp","href":"https:\/\/api.w.org\/{rel}","templated":true}]}}