{"id":28,"date":"2018-02-26T22:18:31","date_gmt":"2018-02-26T21:18:31","guid":{"rendered":"http:\/\/www.lahiette.com\/leratierbretonnien\/?page_id=28"},"modified":"2018-02-26T22:18:45","modified_gmt":"2018-02-26T21:18:45","slug":"seconde-edition","status":"publish","type":"page","link":"https:\/\/www.lahiette.com\/leratierbretonnien\/warhammer\/seconde-edition\/","title":{"rendered":"Seconde \u00e9dition ?"},"content":{"rendered":"<h2>Une rencontre surprise<\/h2>\n<p>Apr\u00e8s quelques ann\u00e9es de maitrise de R\u00eave de Dragon, mon autre jeu de pr\u00e9dil\u00e9ction, j&rsquo;ai eu l&rsquo;impression d&rsquo;avoir fait le tour, et de proposer \u00e0 mes joueurs toujours le m\u00eame type d&rsquo;aventures. Un peu las, je regardais alors \u00e0 nouveau vers mes premiers amours : quel ne fut pas ma surprise de d\u00e9couvrir une seconde \u00e9dition de Warhammer et m\u00eame une troisi\u00e8me! Oui, oui, je sais, on etait en 2013, mais j&rsquo;habite \u00e0 la campagne.<\/p>\n<p>Bref, j&rsquo;ai r\u00e9cemment r\u00e9cup\u00e9r\u00e9 cette seconde gamme, et je me suis replong\u00e9 dedans, soudain envahi d&rsquo;une subite motivation que je ne m&rsquo;explique toujours pas.<\/p>\n<p>C&rsquo;est avec plaisir que j&rsquo;ai vu que le livre de base, m\u00eame si un peu moins \u00e9pais que la premi\u00e8re version, reste bien dans l&rsquo;id\u00e9e du tout-en-un. Joli, efficace et enfin avec de vrais r\u00e8gles de magie, me voil\u00e0 combl\u00e9. Seul b\u00e9mols : le sc\u00e9nario d&rsquo;introduction n&rsquo;est pas terrible du tout et je ne sais pas trop quoi penser de l&rsquo;aspect \u00ab\u00a0Temp\u00eate du Chaos\u00a0\u00bb et du ravage du Nord de l&rsquo;Empire. Les grandes batailles et autres champs de ruines syst\u00e9matiques ne m&rsquo;ont jamais beaucoup int\u00e9ress\u00e9s pour y placer des aventures, mais bon.<\/p>\n<p>Mon objectif \u00e9tant de placer rapidement mes joueurs dans l&rsquo;ambiance du Vieux Monde, j&rsquo;ai parcouru la gamme \u00e0 la recherche d&rsquo;un sc\u00e9nario ou campagne. Je dois dire que la lecture rapide des \u00ab\u00a0Voies de la damnation\u00a0\u00bb ne m&rsquo;a pas convaincu : les joueurs se retrouvent propuls\u00e9 \u00e0 sauver le monde quasiment d\u00e8s les premiers sc\u00e9narios, sans compter une approche un peu trop lin\u00e9aire. Bof, bof.<\/p>\n<p>J&rsquo;ai donc d\u00e9cid\u00e9 de les immerger progressivement, en commen\u00e7ant par \u00ab\u00a0Rencontres \u00e0 Bogenhafen\u00a0\u00bb, le sc\u00e9nario pr\u00e9sent\u00e9 dans le suppl\u00e9ment \u00ab\u00a0Les H\u00e9ritiers de Sigmar\u00a0\u00bb. Mais tout ceci est racont\u00e9 sur la page de ma campagne en cours.<\/p>\n","protected":false},"excerpt":{"rendered":"<p>Une rencontre surprise Apr\u00e8s quelques ann\u00e9es de maitrise de R\u00eave de Dragon, mon autre jeu de pr\u00e9dil\u00e9ction, j&rsquo;ai eu l&rsquo;impression d&rsquo;avoir fait le tour, et de proposer \u00e0 mes joueurs toujours le m\u00eame type d&rsquo;aventures. Un peu las, je regardais &hellip; <a href=\"https:\/\/www.lahiette.com\/leratierbretonnien\/warhammer\/seconde-edition\/\">Continuer la lecture <span class=\"meta-nav\">&rarr;<\/span><\/a><\/p>\n","protected":false},"author":1,"featured_media":0,"parent":15,"menu_order":0,"comment_status":"closed","ping_status":"closed","template":"","meta":{"footnotes":""},"class_list":["post-28","page","type-page","status-publish","hentry"],"_links":{"self":[{"href":"https:\/\/www.lahiette.com\/leratierbretonnien\/wp-json\/wp\/v2\/pages\/28","targetHints":{"allow":["GET"]}}],"collection":[{"href":"https:\/\/www.lahiette.com\/leratierbretonnien\/wp-json\/wp\/v2\/pages"}],"about":[{"href":"https:\/\/www.lahiette.com\/leratierbretonnien\/wp-json\/wp\/v2\/types\/page"}],"author":[{"embeddable":true,"href":"https:\/\/www.lahiette.com\/leratierbretonnien\/wp-json\/wp\/v2\/users\/1"}],"replies":[{"embeddable":true,"href":"https:\/\/www.lahiette.com\/leratierbretonnien\/wp-json\/wp\/v2\/comments?post=28"}],"version-history":[{"count":1,"href":"https:\/\/www.lahiette.com\/leratierbretonnien\/wp-json\/wp\/v2\/pages\/28\/revisions"}],"predecessor-version":[{"id":29,"href":"https:\/\/www.lahiette.com\/leratierbretonnien\/wp-json\/wp\/v2\/pages\/28\/revisions\/29"}],"up":[{"embeddable":true,"href":"https:\/\/www.lahiette.com\/leratierbretonnien\/wp-json\/wp\/v2\/pages\/15"}],"wp:attachment":[{"href":"https:\/\/www.lahiette.com\/leratierbretonnien\/wp-json\/wp\/v2\/media?parent=28"}],"curies":[{"name":"wp","href":"https:\/\/api.w.org\/{rel}","templated":true}]}}