{"id":2636,"date":"2022-10-01T17:22:38","date_gmt":"2022-10-01T15:22:38","guid":{"rendered":"https:\/\/www.lahiette.com\/leratierbretonnien\/?page_id=2636"},"modified":"2022-10-01T17:26:10","modified_gmt":"2022-10-01T15:26:10","slug":"quatre-contres-les-tenebres","status":"publish","type":"page","link":"https:\/\/www.lahiette.com\/leratierbretonnien\/quatre-contres-les-tenebres\/","title":{"rendered":"Quatre contres les T\u00e9n\u00e8bres"},"content":{"rendered":"\n<p>Suite \u00e0 la traduction de \u00ab\u00a0Four against Darkness\u00a0\u00bb de <a href=\"http:\/\/www.ganeshagames.net\/index.php?cPath=1_55\" data-type=\"URL\" data-id=\"http:\/\/www.ganeshagames.net\/index.php?cPath=1_55\">Ganesha Games<\/a>  par <a href=\"https:\/\/www.black-book-editions.fr\/\" data-type=\"URL\" data-id=\"https:\/\/www.black-book-editions.fr\/\">Black Book Editions<\/a>, voici une fiche de personnage en Fran\u00e7ais pour suivre vos aventures dans cet excellent petit jeu, \u00e0 mi chemin entre Heroquest et un jeu de r\u00f4le, le tout avec seulement une feuille quadrill\u00e9e, des d\u00e9s et des fiches de perso.<\/p>\n\n\n\n<p><br>La fiche de personnage :  <\/p>\n\n\n\n<div data-wp-interactive=\"core\/file\" class=\"wp-block-file\"><object data-wp-bind--hidden=\"!state.hasPdfPreview\" hidden class=\"wp-block-file__embed\" data=\"https:\/\/www.lahiette.com\/leratierbretonnien\/wp-content\/uploads\/2022\/10\/4AD_char_sheet_FR.pdf\" type=\"application\/pdf\" style=\"width:100%;height:600px\" aria-label=\"Contenu embarqu\u00e9 Contenu embarqu\u00e9 4AD_char_sheet_FR..\"><\/object><a id=\"wp-block-file--media-e0d49efd-308f-4586-8c0a-3cd615f7a358\" href=\"https:\/\/www.lahiette.com\/leratierbretonnien\/wp-content\/uploads\/2022\/10\/4AD_char_sheet_FR.pdf\">4AD_char_sheet_FR<\/a><a href=\"https:\/\/www.lahiette.com\/leratierbretonnien\/wp-content\/uploads\/2022\/10\/4AD_char_sheet_FR.pdf\" class=\"wp-block-file__button\" download aria-describedby=\"wp-block-file--media-e0d49efd-308f-4586-8c0a-3cd615f7a358\">T\u00e9l\u00e9charger<\/a><\/div>\n","protected":false},"excerpt":{"rendered":"<p>Suite \u00e0 la traduction de \u00ab\u00a0Four against Darkness\u00a0\u00bb de Ganesha Games par Black Book Editions, voici une fiche de personnage en Fran\u00e7ais pour suivre vos aventures dans cet excellent petit jeu, \u00e0 mi chemin entre Heroquest et un jeu de &hellip; <a href=\"https:\/\/www.lahiette.com\/leratierbretonnien\/quatre-contres-les-tenebres\/\">Continuer la lecture <span class=\"meta-nav\">&rarr;<\/span><\/a><\/p>\n","protected":false},"author":1,"featured_media":0,"parent":0,"menu_order":0,"comment_status":"closed","ping_status":"closed","template":"","meta":{"footnotes":""},"class_list":["post-2636","page","type-page","status-publish","hentry"],"_links":{"self":[{"href":"https:\/\/www.lahiette.com\/leratierbretonnien\/wp-json\/wp\/v2\/pages\/2636","targetHints":{"allow":["GET"]}}],"collection":[{"href":"https:\/\/www.lahiette.com\/leratierbretonnien\/wp-json\/wp\/v2\/pages"}],"about":[{"href":"https:\/\/www.lahiette.com\/leratierbretonnien\/wp-json\/wp\/v2\/types\/page"}],"author":[{"embeddable":true,"href":"https:\/\/www.lahiette.com\/leratierbretonnien\/wp-json\/wp\/v2\/users\/1"}],"replies":[{"embeddable":true,"href":"https:\/\/www.lahiette.com\/leratierbretonnien\/wp-json\/wp\/v2\/comments?post=2636"}],"version-history":[{"count":4,"href":"https:\/\/www.lahiette.com\/leratierbretonnien\/wp-json\/wp\/v2\/pages\/2636\/revisions"}],"predecessor-version":[{"id":2641,"href":"https:\/\/www.lahiette.com\/leratierbretonnien\/wp-json\/wp\/v2\/pages\/2636\/revisions\/2641"}],"wp:attachment":[{"href":"https:\/\/www.lahiette.com\/leratierbretonnien\/wp-json\/wp\/v2\/media?parent=2636"}],"curies":[{"name":"wp","href":"https:\/\/api.w.org\/{rel}","templated":true}]}}