{"id":263,"date":"2018-05-14T07:58:50","date_gmt":"2018-05-14T05:58:50","guid":{"rendered":"http:\/\/www.lahiette.com\/leratierbretonnien\/?page_id=263"},"modified":"2018-05-20T21:38:32","modified_gmt":"2018-05-20T19:38:32","slug":"da-mode-campagne-3","status":"publish","type":"page","link":"https:\/\/www.lahiette.com\/leratierbretonnien\/wargames-figurines\/draculas-america\/da-mode-campagne-3\/","title":{"rendered":"DA : Mode campagne, 3"},"content":{"rendered":"<p>Reprise des hostilit\u00e9s ce 13 mai au soir, avec le sc\u00e9nario \u00ab\u00a0Fuite\u00a0\u00bb. Le terrain commence \u00e0 ressembler \u00e0 une petite ville mini\u00e8re, que nous appelons d\u00e9sormais \u00ab\u00a0Copper Creek\u00a0\u00bb \ud83d\ude42 (tout n&rsquo;est pas encore peint, d\u00e9sol\u00e9 :))<\/p>\n<div id=\"attachment_265\" style=\"width: 310px\" class=\"wp-caption alignright\"><a href=\"https:\/\/www.lahiette.com\/leratierbretonnien\/wp-content\/uploads\/2018\/05\/IMG_20180513_203307.jpg\"><img loading=\"lazy\" decoding=\"async\" aria-describedby=\"caption-attachment-265\" class=\"wp-image-265 size-medium\" src=\"https:\/\/www.lahiette.com\/leratierbretonnien\/wp-content\/uploads\/2018\/05\/IMG_20180513_203307-300x225.jpg\" alt=\"\" width=\"300\" height=\"225\" srcset=\"https:\/\/www.lahiette.com\/leratierbretonnien\/wp-content\/uploads\/2018\/05\/IMG_20180513_203307-300x225.jpg 300w, https:\/\/www.lahiette.com\/leratierbretonnien\/wp-content\/uploads\/2018\/05\/IMG_20180513_203307-768x576.jpg 768w, https:\/\/www.lahiette.com\/leratierbretonnien\/wp-content\/uploads\/2018\/05\/IMG_20180513_203307-1024x768.jpg 1024w\" sizes=\"auto, (max-width: 300px) 100vw, 300px\" \/><\/a><p id=\"caption-attachment-265\" class=\"wp-caption-text\">Copper Creek, vue d&rsquo;ensemble<\/p><\/div>\n<p>Pour cette partie, nous ajoutons les passants (3), ainsi que les motivations suppl\u00e9mentaires : le plus inf\u00e2me des conf\u00e9d\u00e9r\u00e9s doit survivre, tandis que la cabale doit faire en sorte que le boss adverse survive !<\/p>\n<p>Le jeu d\u00e9marre avec 2 tours de placement, chacun essayant d&rsquo;atteindre la zone de d\u00e9ploiement adverse. Les passants sont d&rsquo;ailleurs exploit\u00e9s comme bouclier humain&#8230; Apr\u00e8s quelques tirs r\u00e9ussit, la Cabale s&rsquo;enhardit et tente de passer en force avec un infant et son garde des Carpathes. Malheur ! Un conf\u00e9d\u00e9r\u00e9 bien cach\u00e9 dans la mine surgit, grimpe en hauteur et tire dans le dos des pauvres Cabalistes !<\/p>\n<div id=\"attachment_272\" style=\"width: 310px\" class=\"wp-caption alignleft\"><a href=\"https:\/\/www.lahiette.com\/leratierbretonnien\/wp-content\/uploads\/2018\/05\/IMG_20180513_224814_1.jpg\"><img loading=\"lazy\" decoding=\"async\" aria-describedby=\"caption-attachment-272\" class=\"size-medium wp-image-272\" src=\"https:\/\/www.lahiette.com\/leratierbretonnien\/wp-content\/uploads\/2018\/05\/IMG_20180513_224814_1-300x225.jpg\" alt=\"\" width=\"300\" height=\"225\" srcset=\"https:\/\/www.lahiette.com\/leratierbretonnien\/wp-content\/uploads\/2018\/05\/IMG_20180513_224814_1-300x225.jpg 300w, https:\/\/www.lahiette.com\/leratierbretonnien\/wp-content\/uploads\/2018\/05\/IMG_20180513_224814_1-768x576.jpg 768w, https:\/\/www.lahiette.com\/leratierbretonnien\/wp-content\/uploads\/2018\/05\/IMG_20180513_224814_1-1024x768.jpg 1024w\" sizes=\"auto, (max-width: 300px) 100vw, 300px\" \/><\/a><p id=\"caption-attachment-272\" class=\"wp-caption-text\">Le cow-boy veille<\/p><\/div>\n<p>Bilan : 1 mort avec son butin et un garde des Carpathes bien secou\u00e9&#8230; L&rsquo;heure \u00e9tant d\u00e9j\u00e0 assez avanc\u00e9e, et les Conf\u00e9d\u00e9r\u00e9s \u00e9tant en posture tr\u00e8s favorable pour gagner, nous d\u00e9cidons d&rsquo;arr\u00eater la partie au 6i\u00e8me tout, pour une victoire des tuniques grises.<\/p>\n<p>&nbsp;<\/p>\n<p>&nbsp;<\/p>\n<p>&nbsp;<\/p>\n<p>Agr\u00e9able partie avec tout nos d\u00e9cors, ce qui ajoute un s\u00e9rieux piment : il devient assez facile d&rsquo;oublier une figurine adverse bien cach\u00e9e !<\/p>\n<div id=\"attachment_270\" style=\"width: 310px\" class=\"wp-caption alignright\"><a href=\"https:\/\/www.lahiette.com\/leratierbretonnien\/wp-content\/uploads\/2018\/05\/IMG_20180513_212658_1.jpg\"><img loading=\"lazy\" decoding=\"async\" aria-describedby=\"caption-attachment-270\" class=\"wp-image-270 size-medium\" src=\"https:\/\/www.lahiette.com\/leratierbretonnien\/wp-content\/uploads\/2018\/05\/IMG_20180513_212658_1-300x225.jpg\" alt=\"\" width=\"300\" height=\"225\" srcset=\"https:\/\/www.lahiette.com\/leratierbretonnien\/wp-content\/uploads\/2018\/05\/IMG_20180513_212658_1-300x225.jpg 300w, https:\/\/www.lahiette.com\/leratierbretonnien\/wp-content\/uploads\/2018\/05\/IMG_20180513_212658_1-768x576.jpg 768w, https:\/\/www.lahiette.com\/leratierbretonnien\/wp-content\/uploads\/2018\/05\/IMG_20180513_212658_1-1024x768.jpg 1024w\" sizes=\"auto, (max-width: 300px) 100vw, 300px\" \/><\/a><p id=\"caption-attachment-270\" class=\"wp-caption-text\">Au d\u00e9tour d&rsquo;une ruelle<\/p><\/div>\n<p>Les passants remplissent bien leur r\u00f4le, et c&rsquo;est assez amusant de les utiliser \u00e0 de mauvaises fins&#8230;. Par contre, le sc\u00e9nario \u00ab\u00a0Fuite\u00a0\u00bb m\u00e9riterait \u00e0 notre avis un am\u00e9nagement : chaque figurine pr\u00e9sente avec 1 butin en fin de jeu <strong>ET \u00e0 moins de 20&Prime; de la zone de d\u00e9ploiement adverse rapporte 1 PV<\/strong>. La sortie par la zone adverse rapporte toujours 2PV. Cette modification permet de forcer les joueurs \u00e0 se d\u00e9couvrir et \u00e0 prendre plus de risques que dans la version du livre.<\/p>\n<p>La phase d&rsquo;exp\u00e9rience voit l&rsquo;Infant tomb\u00e9 au combat s&rsquo;en sortir finalement sans dommages. De plus, la Cabale voit la progression de 4 personnages, qui &#8211; il est vrai &#8211; n&rsquo;avaient pas \u00e9volu\u00e9s depuis le d\u00e9but, l&rsquo;un d&rsquo;entre eux devenant d&rsquo;ailleurs v\u00e9t\u00e9ran. C\u00f4t\u00e9 conf\u00e9d\u00e9r\u00e9s, seul 2 personnages progressent, avec le gain de 2 comp\u00e9tences. Pour la suite, apr\u00e8s avoir acquis la version anglaise de Hunting Grounds, nous allons ajouter quelques \u00e9l\u00e9ments de ce suppl\u00e9ment : armes de contact, mercenaires, sortil\u00e8ges, etc.<\/p>\n<p><em>A suivre&#8230;<\/em><\/p>\n<p>&nbsp;<\/p>\n","protected":false},"excerpt":{"rendered":"<p>Reprise des hostilit\u00e9s ce 13 mai au soir, avec le sc\u00e9nario \u00ab\u00a0Fuite\u00a0\u00bb. Le terrain commence \u00e0 ressembler \u00e0 une petite ville mini\u00e8re, que nous appelons d\u00e9sormais \u00ab\u00a0Copper Creek\u00a0\u00bb \ud83d\ude42 (tout n&rsquo;est pas encore peint, d\u00e9sol\u00e9 :)) Pour cette partie, nous &hellip; <a href=\"https:\/\/www.lahiette.com\/leratierbretonnien\/wargames-figurines\/draculas-america\/da-mode-campagne-3\/\">Continuer la lecture <span class=\"meta-nav\">&rarr;<\/span><\/a><\/p>\n","protected":false},"author":1,"featured_media":0,"parent":120,"menu_order":0,"comment_status":"open","ping_status":"closed","template":"","meta":{"footnotes":""},"class_list":["post-263","page","type-page","status-publish","hentry"],"_links":{"self":[{"href":"https:\/\/www.lahiette.com\/leratierbretonnien\/wp-json\/wp\/v2\/pages\/263","targetHints":{"allow":["GET"]}}],"collection":[{"href":"https:\/\/www.lahiette.com\/leratierbretonnien\/wp-json\/wp\/v2\/pages"}],"about":[{"href":"https:\/\/www.lahiette.com\/leratierbretonnien\/wp-json\/wp\/v2\/types\/page"}],"author":[{"embeddable":true,"href":"https:\/\/www.lahiette.com\/leratierbretonnien\/wp-json\/wp\/v2\/users\/1"}],"replies":[{"embeddable":true,"href":"https:\/\/www.lahiette.com\/leratierbretonnien\/wp-json\/wp\/v2\/comments?post=263"}],"version-history":[{"count":14,"href":"https:\/\/www.lahiette.com\/leratierbretonnien\/wp-json\/wp\/v2\/pages\/263\/revisions"}],"predecessor-version":[{"id":290,"href":"https:\/\/www.lahiette.com\/leratierbretonnien\/wp-json\/wp\/v2\/pages\/263\/revisions\/290"}],"up":[{"embeddable":true,"href":"https:\/\/www.lahiette.com\/leratierbretonnien\/wp-json\/wp\/v2\/pages\/120"}],"wp:attachment":[{"href":"https:\/\/www.lahiette.com\/leratierbretonnien\/wp-json\/wp\/v2\/media?parent=263"}],"curies":[{"name":"wp","href":"https:\/\/api.w.org\/{rel}","templated":true}]}}