{"id":25,"date":"2018-02-26T22:16:47","date_gmt":"2018-02-26T21:16:47","guid":{"rendered":"http:\/\/www.lahiette.com\/leratierbretonnien\/?page_id=25"},"modified":"2018-02-26T22:16:47","modified_gmt":"2018-02-26T21:16:47","slug":"la-campagne-imperiale","status":"publish","type":"page","link":"https:\/\/www.lahiette.com\/leratierbretonnien\/warhammer\/la-campagne-imperiale\/","title":{"rendered":"La Campagne Imp\u00e9riale"},"content":{"rendered":"<h2>Message<\/h2>\n<p>Cette section est uniquement une sorte de recueil d&rsquo;impressions personnelles, et ce 20 ans plus tard. Elle n&rsquo;a donc qu&rsquo;un inter\u00eat assez r\u00e9duit.<\/p>\n<h2>Critique<\/h2>\n<p>La colonne vert\u00e9brale de la campagne s&rsquo;articule autour d&rsquo;une suite de sc\u00e9narios assez denses : Erreur sur la personne, Ombres sur Bogenhafen, Mort sur le Reik, Le Pouvoir derri\u00e8re le trone, l&#8217;empire en flammes.<\/p>\n<h3>Erreur sur la personne et Ombres sur Bogenhafen<\/h3>\n<p>Excellente introduction permettant d&rsquo;impliquer directement les perrsonnages, cette s\u00e9quence est \u00e0 mon avis un mod\u00e8le du genre. Tout en souplesse, ces deux sc\u00e9narios permettent aux joueurs de s&rsquo;impregner du Vieux Monde tout en d\u00e9couvrant la corruption latente de certains groupuscules.<\/p>\n<h3>Mort sur le Reik<\/h3>\n<p>A titre indicatif, le dessin de couverture de ce sc\u00e9nario fleuve reste pour moi une grande \u00e9vocation de l&rsquo;univers de Warhammer.<\/p>\n<p>Concernant le sc\u00e9nario, certains esprits chagrins consid\u00e8rent que \u00ab\u00a0Mort sur le Reik\u00a0\u00bb n&rsquo;est qu&rsquo;un vaste PMT. Certes, d&rsquo;un point de vue purement technique, c&rsquo;est vrai. Mais contrairement \u00e0 ses homologues donjonesques, voici un PMT fluvial, qui entraine les joueurs d&rsquo;un bout \u00e0 l&rsquo;autre de l&rsquo;Empire, avec tout un tas de possibilit\u00e9s annexes. Rien \u00e0 voir avec l&rsquo;exploration d&rsquo;un donjon, vraiment.<\/p>\n<p>Ainsi, mes joueurs, ne sachant tout d&rsquo;abord pas trop que faire d&rsquo;une p\u00e9niche, avaient assez rapidement d\u00e9marr\u00e9 une activit\u00e9 commerciale le long du fleuve, avec toutes les interactions potienlles et id\u00e9es de sc\u00e9narios associ\u00e9s.<\/p>\n<h3>Le Pouvoir derri\u00e8re le Trone<\/h3>\n<p>Un grand morceau sc\u00e9naristique mon avis, comme on en voit assez peu de nos jours. Complexe, complet et plein de rebondissements et d&rsquo;intrigues, cet \u00e9pisode est vraiment excellent. Quelques 20 ann\u00e9es plus tard, j&rsquo;en garde encore un souvenir \u00e9mu<\/p>\n<h3>Il y a quelques chose de pourri \u00e0 Kislev<\/h3>\n<p>A la suite de l&rsquo;\u00e9pisode \u00e0 Middenheim, j&rsquo;avais envoy\u00e9 mes PJ \u00e0 Kislev, histoire de profiter de ce suppl\u00e9ment qui contient 3 sc\u00e9narios. Le premier est assez basique, mais les deux suivants sont tr\u00e9s bons et tr\u00e9s originaux. C&rsquo;est tr\u00e9s jouable avec la seconde \u00e9dition \u00e0 mon sens et \u00e7a constitue une mini campagne dans les terres froides.<\/p>\n<h3>L&rsquo;Empire en flammes<\/h3>\n<p>C&rsquo;est un peu la d\u00e9ception de la campagne, car pour le coup, c&rsquo;est vraiment un PMT \u00e0 ciel ouvert. Je regrette que la fin alternative \u00ab\u00a0L&#8217;empire en Guerre\u00a0\u00bb n&rsquo;ait pas exist\u00e9 \u00e0 l&rsquo;\u00e9poque, mais bon, mes joueurs en ont gard\u00e9 malgr\u00e9 tout un excellent souvenir.<\/p>\n<p>Voil\u00e0, en r\u00e9sum\u00e9, en bient\u00f4t 25 ans de jeux de roles, la Campagne Imp\u00e9riale reste l&rsquo;un de mes meilleurs souvenirs de MJ, et je la recommande chaudement \u00e0 quiconque s&rsquo;appr\u00eate \u00e0 jouer \u00e0 Warhammer v1 ou v2 !<\/p>\n<p>&nbsp;<\/p>\n","protected":false},"excerpt":{"rendered":"<p>Message Cette section est uniquement une sorte de recueil d&rsquo;impressions personnelles, et ce 20 ans plus tard. Elle n&rsquo;a donc qu&rsquo;un inter\u00eat assez r\u00e9duit. Critique La colonne vert\u00e9brale de la campagne s&rsquo;articule autour d&rsquo;une suite de sc\u00e9narios assez denses : &hellip; <a href=\"https:\/\/www.lahiette.com\/leratierbretonnien\/warhammer\/la-campagne-imperiale\/\">Continuer la lecture <span class=\"meta-nav\">&rarr;<\/span><\/a><\/p>\n","protected":false},"author":1,"featured_media":0,"parent":15,"menu_order":0,"comment_status":"closed","ping_status":"closed","template":"","meta":{"footnotes":""},"class_list":["post-25","page","type-page","status-publish","hentry"],"_links":{"self":[{"href":"https:\/\/www.lahiette.com\/leratierbretonnien\/wp-json\/wp\/v2\/pages\/25","targetHints":{"allow":["GET"]}}],"collection":[{"href":"https:\/\/www.lahiette.com\/leratierbretonnien\/wp-json\/wp\/v2\/pages"}],"about":[{"href":"https:\/\/www.lahiette.com\/leratierbretonnien\/wp-json\/wp\/v2\/types\/page"}],"author":[{"embeddable":true,"href":"https:\/\/www.lahiette.com\/leratierbretonnien\/wp-json\/wp\/v2\/users\/1"}],"replies":[{"embeddable":true,"href":"https:\/\/www.lahiette.com\/leratierbretonnien\/wp-json\/wp\/v2\/comments?post=25"}],"version-history":[{"count":1,"href":"https:\/\/www.lahiette.com\/leratierbretonnien\/wp-json\/wp\/v2\/pages\/25\/revisions"}],"predecessor-version":[{"id":26,"href":"https:\/\/www.lahiette.com\/leratierbretonnien\/wp-json\/wp\/v2\/pages\/25\/revisions\/26"}],"up":[{"embeddable":true,"href":"https:\/\/www.lahiette.com\/leratierbretonnien\/wp-json\/wp\/v2\/pages\/15"}],"wp:attachment":[{"href":"https:\/\/www.lahiette.com\/leratierbretonnien\/wp-json\/wp\/v2\/media?parent=25"}],"curies":[{"name":"wp","href":"https:\/\/api.w.org\/{rel}","templated":true}]}}