{"id":2274,"date":"2021-12-01T22:45:42","date_gmt":"2021-12-01T21:45:42","guid":{"rendered":"http:\/\/www.lahiette.com\/leratierbretonnien\/?page_id=2274"},"modified":"2022-01-13T22:43:12","modified_gmt":"2022-01-13T21:43:12","slug":"campagne-imperiale-adpatations","status":"publish","type":"page","link":"https:\/\/www.lahiette.com\/leratierbretonnien\/warhammer\/la-campagne-imperiale\/campagne-imperiale-adpatations\/","title":{"rendered":"Campagne Imp\u00e9riale &#8211; Adaptations"},"content":{"rendered":"\n<p>Cette page recense probablement non exhaustivement mes modifications et adaptations de la Campagne Imp\u00e9riale.<\/p>\n\n\n\n<p><strong>Motivations des personnages<\/strong> : pour cette troisi\u00e8me it\u00e9ration &#8211; en ce qu&rsquo;il me concerne &#8211; de cette campagne, j&rsquo;ai \u00e0 ma table une Initi\u00e9e de Rhya, une Espionne, un Halfling d\u00e9bardeur et un initi\u00e9 de Sigmar. Comme beaucoup de campagnes de JDR, il est parfois difficile d&rsquo;inscrire les personnages et leurs motivations au sein du d\u00e9roul\u00e9 pr\u00e9vu. J&rsquo;ai pour habitude d&rsquo;essayer de \u00ab\u00a0sentir\u00a0\u00bb les souhaits et volont\u00e9s des joueuses\/joueurs pour leurs personnages, puis de m&rsquo;adapter. Au d\u00e9part, les personnages sont motiv\u00e9s par : <\/p>\n\n\n\n<ul class=\"wp-block-list\"><li>Sorsha , Initi\u00e9e de Rhya : Veuve apr\u00e8s avoir tu\u00e9 son mari, Sorsha est rentr\u00e9e au service de Rhya et veut d\u00e9sormais parcourir le monde pour aider les femmes en difficult\u00e9 et se r\u00e9concilier avec les hommes. Elle est aussi intrigu\u00e9e et attir\u00e9e par toutes ces anciennes croyances et ces cercles de pierre que l&rsquo;on voit parfois le long des routes&#8230;.<\/li><li>Wila Rabenbach, Espionne : Issue d&rsquo;un milieu modeste, elle a compris que la connaissance \u00e9tait synonyme de pouvoir et a fini par embrasser la carri\u00e8re d&rsquo;espionne suite \u00e0 une succession de hasard. Ambitieuse et d\u00e9termin\u00e9e, elle souhaite avant tout faire respecter l&rsquo;ordre et la loi (ou sa loi, plut\u00f4t&#8230;)<\/li><li>Wolfgang Moelleux du Revard, Halfling D\u00e9bardeur : Issu d&rsquo;une ancienne famille noble du Mootland, famille qui s&rsquo;est vue destitu\u00e9e de ses biens suite \u00e0 des d\u00e9boires et malversations. Travaillant sur les quais  de Sauerapfel, \u00e0 l&rsquo;entr\u00e9e du Moot, sa famille n&rsquo;en reste pas moins fier &#8230; mais d\u00e9sargent\u00e9. Lass\u00e9 de cette stagnation, Wolfgang rejoint la capitale, bien d\u00e9cid\u00e9 \u00e0 r\u00e9colter des couronnes d&rsquo;or et \u00e0 acqu\u00e9rir un statut pour redorer le blason de sa famille.<\/li><li>Mark, Init\u00e9 de Sigmar : Joueur d\u00e9butant, qui ne se retrouvera pas trop dans nos parties et qui quittera le groupe apr\u00e8s quelques s\u00e9ances. <\/li><\/ul>\n\n\n\n<p>Je d\u00e9gage donc 3 axes de motivation principaux, au moins pour le d\u00e9but de la campagne : <\/p>\n\n\n\n<ul class=\"wp-block-list\"><li> Argent : Wila et Wolfgang &#8211; pour des raisons diff\u00e9rentes &#8211; vont chercher \u00e0 amasser des richesses pour assouvir leurs ambitions. <\/li><li>Pouvoir : Wila et Wolfgang cherchent \u00e0 gagner du pouvoir et des informations. D&rsquo;une certaine mani\u00e8re, Sorsha est aussi en qu\u00eate d&rsquo;un certain pouvoir, plut\u00f4t mystique dans son cas.<\/li><li>Vengeance\/Revanche : Sorsha et Wolgang partagent une sorte de qu\u00eate de revanche sur leur pass\u00e9 (ie Sorsha pour &lsquo;venger les femmes maltrait\u00e9es&rsquo; et Wolfgang pour r\u00e9tablir la noblesse de sa famille).<\/li><\/ul>\n\n\n\n<p>De leurs premi\u00e8res actions \u00e0 tout les trois, il ressort \u00e9galement un souhait commun de &lsquo;faire le bien&rsquo; et de s&rsquo;insurger contre toute forme de maltraitance ou d&rsquo;asservissement. J&rsquo;ai exploit\u00e9 cet \u00e9l\u00e9ment pour faire appara\u00eetre un trafic d&rsquo;enfants, organis\u00e9s par la Main Pourpre dans tout l&rsquo;Empire. C&rsquo;est la d\u00e9couverte de l&rsquo;existence d&rsquo;enfants enlev\u00e9s \u00e0 Weissbruck qui va les motiver \u00e0 poursuivre \u00e0 Bogenhafen et \u00e0 enqu\u00eater sur ce qui semble \u00eatre les destinaires des orphelins : les riches marchands de Bogenhafen. De m\u00eame, \u00e0 la suite de la capture de Teugen, ils se lancent \u00e0 la poursuite d&rsquo;Etelka Herzen principalement car elle appara\u00eet comme \u00e9tant l&rsquo;instigatrice du trafic, au moins sur tout le sud de l&rsquo;Empire. A ce stade (01\/12\/21), mes personnages quittent Altdorf pour se rendre \u00e0 Grissenwald, je verrais par la suite si je raccroche Middenheim sur le \u00ab\u00a0pattern\u00a0\u00bb du traffic d&rsquo;enfants ou pas.<\/p>\n\n\n\n<p><strong>Carri\u00e8res des personnages et liens avec l&rsquo;aventure<\/strong> : <\/p>\n\n\n\n<p>L&rsquo;implication initiale de l&rsquo;ennemi Int\u00e9rieur fait intervenir un sosie, je choisi donc le Halfling Wolgang pour prendre ce r\u00f4le. Au lieu de Kastor Liberung, Wolfgang est donc le sosie de Casper Petihavre,le Magister Impedimentae tu\u00e9 par les mutants. Attir\u00e9 par l&rsquo;argent &#8211; mais pas na\u00eff  non plus &#8211; Wolfgang  va suivre le d\u00e9roul\u00e9 jusqu&rsquo;\u00e0 Bogenhafen, en plus du trafic d&rsquo;enfants. <\/p>\n\n\n\n<p>Wila, recommand\u00e9e par son premier employeur (un nobliau du Talabecland), d\u00e9niche une mission de renseignement (ie espion) aupr\u00e8s de la Chancellerie du Reikland qui la charge d&rsquo;aller v\u00e9rifier si Bogenhafen ne chercherait pas acqu\u00e9rir le statut de ville franche et s&rsquo;affranchir de la tutelle du Graf de Saponatheim.<\/p>\n\n\n\n<p>Sorsha, dans sa qu\u00eate de d\u00e9couverte, les suit, avec comme motivation principale le trafic d&rsquo;enfants et ses ramifications \u00e0 Bogenhafen.<\/p>\n\n\n\n<p>Apr\u00e8s avoir d\u00e9nou\u00e9 le complot de Bogenhafen, les personnages passent par une p\u00e9riode de r\u00e9pit (cf. <a href=\"https:\/\/www.lahiette.com\/leratierbretonnien\/warhammer-4-aides-de-jeu\/\" data-type=\"page\" data-id=\"2006\">ma \u00ab\u00a0m\u00e9thode\u00a0\u00bb de r\u00e9pits<\/a> ) et font logiquement \u00e9volu\u00e9 leurs objectifs  : <\/p>\n\n\n\n<ul class=\"wp-block-list\"><li>Sorsha, attir\u00e9e par la nature et les anciens cultes, a fait la rencontre d&rsquo;Elvyra, l&rsquo;herboriste, que je transforme pour la cause en Druidesse \u00e9galement, en ressuscitant cette carri\u00e8re et la mystique associ\u00e9e de la Foie Antique (cf. <a href=\"https:\/\/www.lahiette.com\/leratierbretonnien\/warhammer-4-aides-de-jeu\/\" data-type=\"page\" data-id=\"2006\">suppl\u00e9ment <\/a>). C&rsquo;est donc avec Elvyra que Sorsha, d\u00e9ja initi\u00e9e de Rhya, poursuit sa qu\u00eate spirituelle et rencontre la Foi Antique secr\u00eate : elle devient elle-m\u00eame Ovate. La recherche des Terres Souill\u00e9es et l&rsquo;\u00e9radication de ceux qui l&rsquo;utilisent vont \u00eatre son credo, ce qui lui donne des objectifs parfaits pour Mort sur le Reik (Devil&rsquo;s Bowl et Chateau Wittgenstein, par exemple).<\/li><li>Pendant ce temps, Wolfgang et Helga reviennent \u00e0 Altdorf. Wolfgang, dans sa qu\u00eate d&rsquo;ascension sociale cherche un travail plus prestigieux que D\u00e9bardeur, mais en relation avec le fleuve : coup de chance, on recrute chez les Patrouilleurs Fluviaux, en manque de personnel. Ce peut-\u00eatre toujours difficile de donner des objectifs d&rsquo;aventure \u00e0 des professions tr\u00e8s encadr\u00e9es. J&rsquo;opte donc pour l&rsquo;astuce de l&rsquo;inspecton : il est embauch\u00e9 comme Inspecteur des Voies Fluviales, avec pour objectif de remonter le Reik et d&rsquo;y contr\u00f4ler les ouvrages comme les Tours de Signalisation (tiens, tiens), les ports francs comme Kemperbad, etc, etc.<\/li><li>Helga, de son c\u00f4t\u00e9 fait son rapport \u00e0 la Chancellerie, et se fait introduire aupr\u00e8s de la Chambre Noire (cf suppl\u00e9ment Altdorf) pour \u00eatre form\u00e9e au sein du Graupakken. Elle devient ainsi r\u00e9ellement espionne aupr\u00e8s de l&rsquo;Empire, avec pour fausse identit\u00e9 une Contr\u00f4leuse des B\u00e2timents issues de la Chancellerie des Taxes et Imp\u00f4ts. Son objectif : poursuivre son enqu\u00eate sur le trafic d&rsquo;enfants, tout en agissant si besoin.<\/li><\/ul>\n\n\n\n<p><\/p>\n","protected":false},"excerpt":{"rendered":"<p>Cette page recense probablement non exhaustivement mes modifications et adaptations de la Campagne Imp\u00e9riale. Motivations des personnages : pour cette troisi\u00e8me it\u00e9ration &#8211; en ce qu&rsquo;il me concerne &#8211; de cette campagne, j&rsquo;ai \u00e0 ma table une Initi\u00e9e de Rhya, &hellip; <a href=\"https:\/\/www.lahiette.com\/leratierbretonnien\/warhammer\/la-campagne-imperiale\/campagne-imperiale-adpatations\/\">Continuer la lecture <span class=\"meta-nav\">&rarr;<\/span><\/a><\/p>\n","protected":false},"author":1,"featured_media":0,"parent":25,"menu_order":1,"comment_status":"closed","ping_status":"closed","template":"","meta":{"footnotes":""},"class_list":["post-2274","page","type-page","status-publish","hentry"],"_links":{"self":[{"href":"https:\/\/www.lahiette.com\/leratierbretonnien\/wp-json\/wp\/v2\/pages\/2274","targetHints":{"allow":["GET"]}}],"collection":[{"href":"https:\/\/www.lahiette.com\/leratierbretonnien\/wp-json\/wp\/v2\/pages"}],"about":[{"href":"https:\/\/www.lahiette.com\/leratierbretonnien\/wp-json\/wp\/v2\/types\/page"}],"author":[{"embeddable":true,"href":"https:\/\/www.lahiette.com\/leratierbretonnien\/wp-json\/wp\/v2\/users\/1"}],"replies":[{"embeddable":true,"href":"https:\/\/www.lahiette.com\/leratierbretonnien\/wp-json\/wp\/v2\/comments?post=2274"}],"version-history":[{"count":22,"href":"https:\/\/www.lahiette.com\/leratierbretonnien\/wp-json\/wp\/v2\/pages\/2274\/revisions"}],"predecessor-version":[{"id":2326,"href":"https:\/\/www.lahiette.com\/leratierbretonnien\/wp-json\/wp\/v2\/pages\/2274\/revisions\/2326"}],"up":[{"embeddable":true,"href":"https:\/\/www.lahiette.com\/leratierbretonnien\/wp-json\/wp\/v2\/pages\/25"}],"wp:attachment":[{"href":"https:\/\/www.lahiette.com\/leratierbretonnien\/wp-json\/wp\/v2\/media?parent=2274"}],"curies":[{"name":"wp","href":"https:\/\/api.w.org\/{rel}","templated":true}]}}