{"id":2259,"date":"2021-11-10T10:32:21","date_gmt":"2021-11-10T09:32:21","guid":{"rendered":"http:\/\/www.lahiette.com\/leratierbretonnien\/?page_id=2259"},"modified":"2021-11-10T10:32:34","modified_gmt":"2021-11-10T09:32:34","slug":"rdd-a-la-claire-fontaine","status":"publish","type":"page","link":"https:\/\/www.lahiette.com\/leratierbretonnien\/reve-de-dragon\/rdd-a-la-claire-fontaine\/","title":{"rendered":"RdD &#8211; A la Claire Fontaine"},"content":{"rendered":"\n<p>Au niveau forme, le livret est tr\u00e8s soign\u00e9 et tr\u00e8s a\u00e9r\u00e9, avec toutes les cartes n\u00e9cessaires, ce qui est assez rare de nos jours. L&rsquo;ensemble est facile \u00e0 lire, agr\u00e9ment\u00e9 de splendides illustrations.<\/p>\n\n\n\n<p><strong>ATTENTION<\/strong> : Joueurs ne lisez pas plus bas !<\/p>\n\n\n\n<p>Au niveau du fond, la campagne est bien, avec les astuces et jeux de mots habituels aux univers de RdD. Un seul b\u00e9mol : toute la premi\u00e8re partie jusqu&rsquo;au village des Ogres offre tr\u00e8s peu d&rsquo;opposition aux joueurs. J&rsquo;ai donc amend\u00e9 cette partie en cr\u00e9ant la secte des Puristes, bas\u00e9e \u00e0 Narsis.<\/p>\n\n\n\n<p>Cette organisation extr\u00e9miste, cr\u00e9\u00e9e depuis l&rsquo;apparition du miroir dans le ciel, v\u00e9hicule l&rsquo;id\u00e9e que tout voyageur est par d\u00e9finition haut-r\u00eavant et que la loi actuelle est trop laxiste. Forte de quelques individus &#8211; \u00e0 votre convenance &#8211; les Puristes peuvent intervenir \u00e0 votre guise soit dans la ville, soit sur le trajet entre Narsis et Spline.<\/p>\n\n\n\n<p>Je n&rsquo;ai pas chang\u00e9 le sc\u00e9nario pour toute la partie jusqu&rsquo;au retour avec Thyresias dans la for\u00eat de Ribambelle. A partir de ce stade, voici mes modifications :<\/p>\n\n\n\n<ul class=\"wp-block-list\"><li>Lors de l&rsquo;apparition du cerf, les personnages s&rsquo;endorment, font le r\u00eave pr\u00e9vu, mais ne se r\u00e9veillent pas sur le dos du cerf. Ils r\u00eavent simplement s&rsquo;\u00eatre fait transport\u00e9s \u00e0 dos de cerf et ils se r\u00e9veillent \u00e0 c\u00f4t\u00e9 de la fontaine, couch\u00e9 dans l&rsquo;herbe.A c\u00f4t\u00e9 d&rsquo;eux une couronne surmont\u00e9e d&rsquo;un bois de cerf git dans l&rsquo;herbe : il s&rsquo;agit d&rsquo;un artefact d&rsquo;Hypnos, permettant au porteur de voler temporairement.<\/li><li>Au moment o\u00f9 ils se r\u00e9veillent, des gardes accourent : la Narsiduchesse a r\u00eav\u00e9e qu&rsquo;un groupe de voyageurs allaient \u00ab\u00a0atterrir\u00a0\u00bb pr\u00e8s de la fontaine, avec la solution au mirroir !<\/li><li>Les personnages doivent expliquer de leur pr\u00e9sence devant le conseil des beaux parleurs. Certains d&rsquo;entre eux ont fait le m\u00eame r\u00eave que la Narsiduchesse. Au final, de toute mani\u00e8re, les joueurs sont invit\u00e9s \u00e0 rester dans le palais. Mais l&rsquo;un des beaux-parleurs (\u00e0 votre convenance) ne veut absolument pas que le mirroir soit d\u00e9truit.  Ce conseiller repr\u00e9sente les puissants int\u00e9r\u00eats des fabricants de masques ! <\/li><li>Sous un abord extr\u00eamement sympathique et agr\u00e9able, il va g\u00e9rer les personnages et les empoisonner avec un somnif\u00e8re. Son objectif est de d\u00e9couvrir comment ils comptent d\u00e9truire le miroir, afin d&rsquo;\u00e9carter toute menace. <\/li><li>Si les personnages tombent dans le pi\u00e8ge, ils se r\u00e9veillent dans le ge\u00f4les du palais, en attente d&rsquo;\u00eatre tortur\u00e9 par les sbires du conseillers. Aux joueurs de tenter de se lib\u00e9rer, avec la m\u00e9thode de votre choix. <\/li><li>La Narsiduchesse est totalement int\u00e8gre et n&rsquo;est pas au courant des manigances de son conseiller.Une fois la menace du conseiller et de ses sbires \u00e9loign\u00e9e, les personnages peuvent utiliser la \u00ab\u00a0couronne en bois de cerf\u00a0\u00bb pour s&rsquo;envoler et d\u00e9truire le mirroir.<\/li><\/ul>\n","protected":false},"excerpt":{"rendered":"<p>Au niveau forme, le livret est tr\u00e8s soign\u00e9 et tr\u00e8s a\u00e9r\u00e9, avec toutes les cartes n\u00e9cessaires, ce qui est assez rare de nos jours. L&rsquo;ensemble est facile \u00e0 lire, agr\u00e9ment\u00e9 de splendides illustrations. ATTENTION : Joueurs ne lisez pas plus &hellip; <a href=\"https:\/\/www.lahiette.com\/leratierbretonnien\/reve-de-dragon\/rdd-a-la-claire-fontaine\/\">Continuer la lecture <span class=\"meta-nav\">&rarr;<\/span><\/a><\/p>\n","protected":false},"author":1,"featured_media":0,"parent":107,"menu_order":1,"comment_status":"closed","ping_status":"closed","template":"","meta":{"footnotes":""},"class_list":["post-2259","page","type-page","status-publish","hentry"],"_links":{"self":[{"href":"https:\/\/www.lahiette.com\/leratierbretonnien\/wp-json\/wp\/v2\/pages\/2259","targetHints":{"allow":["GET"]}}],"collection":[{"href":"https:\/\/www.lahiette.com\/leratierbretonnien\/wp-json\/wp\/v2\/pages"}],"about":[{"href":"https:\/\/www.lahiette.com\/leratierbretonnien\/wp-json\/wp\/v2\/types\/page"}],"author":[{"embeddable":true,"href":"https:\/\/www.lahiette.com\/leratierbretonnien\/wp-json\/wp\/v2\/users\/1"}],"replies":[{"embeddable":true,"href":"https:\/\/www.lahiette.com\/leratierbretonnien\/wp-json\/wp\/v2\/comments?post=2259"}],"version-history":[{"count":1,"href":"https:\/\/www.lahiette.com\/leratierbretonnien\/wp-json\/wp\/v2\/pages\/2259\/revisions"}],"predecessor-version":[{"id":2260,"href":"https:\/\/www.lahiette.com\/leratierbretonnien\/wp-json\/wp\/v2\/pages\/2259\/revisions\/2260"}],"up":[{"embeddable":true,"href":"https:\/\/www.lahiette.com\/leratierbretonnien\/wp-json\/wp\/v2\/pages\/107"}],"wp:attachment":[{"href":"https:\/\/www.lahiette.com\/leratierbretonnien\/wp-json\/wp\/v2\/media?parent=2259"}],"curies":[{"name":"wp","href":"https:\/\/api.w.org\/{rel}","templated":true}]}}