{"id":2247,"date":"2021-11-10T10:23:52","date_gmt":"2021-11-10T09:23:52","guid":{"rendered":"http:\/\/www.lahiette.com\/leratierbretonnien\/?page_id=2247"},"modified":"2021-11-10T18:02:23","modified_gmt":"2021-11-10T17:02:23","slug":"rdd-scenarios","status":"publish","type":"page","link":"https:\/\/www.lahiette.com\/leratierbretonnien\/reve-de-dragon\/rdd-scenarios\/","title":{"rendered":"RdD &#8211; Sc\u00e9narios"},"content":{"rendered":"\n<p><strong>Seasons<\/strong><\/p>\n\n\n\n<p>Mise \u00e0 disposition du sc\u00e9nario \u00ab\u00a0Seasons\u00a0\u00bb, de Benoit Attinost (avec son aimable autorisation). Scann\u00e9 par Lowang, version optimis\u00e9e par moi m\u00eame<\/p>\n\n\n\n<div data-wp-interactive=\"core\/file\" class=\"wp-block-file\"><object data-wp-bind--hidden=\"!state.hasPdfPreview\" hidden class=\"wp-block-file__embed\" data=\"https:\/\/www.lahiette.com\/leratierbretonnien\/wp-content\/uploads\/2021\/11\/Seasons_decrypt_fix_scan.pdf\" type=\"application\/pdf\" style=\"width:100%;height:600px\" aria-label=\"Contenu embarqu\u00e9 Contenu embarqu\u00e9 Seasons_decrypt_fix_scan..\"><\/object><a href=\"https:\/\/www.lahiette.com\/leratierbretonnien\/wp-content\/uploads\/2021\/11\/Seasons_decrypt_fix_scan.pdf\">Seasons_decrypt_fix_scan<\/a><a href=\"https:\/\/www.lahiette.com\/leratierbretonnien\/wp-content\/uploads\/2021\/11\/Seasons_decrypt_fix_scan.pdf\" class=\"wp-block-file__button\" download>T\u00e9l\u00e9charger<\/a><\/div>\n","protected":false},"excerpt":{"rendered":"<p>Seasons Mise \u00e0 disposition du sc\u00e9nario \u00ab\u00a0Seasons\u00a0\u00bb, de Benoit Attinost (avec son aimable autorisation). Scann\u00e9 par Lowang, version optimis\u00e9e par moi m\u00eame<\/p>\n","protected":false},"author":1,"featured_media":0,"parent":107,"menu_order":1,"comment_status":"closed","ping_status":"closed","template":"","meta":{"footnotes":""},"class_list":["post-2247","page","type-page","status-publish","hentry"],"_links":{"self":[{"href":"https:\/\/www.lahiette.com\/leratierbretonnien\/wp-json\/wp\/v2\/pages\/2247","targetHints":{"allow":["GET"]}}],"collection":[{"href":"https:\/\/www.lahiette.com\/leratierbretonnien\/wp-json\/wp\/v2\/pages"}],"about":[{"href":"https:\/\/www.lahiette.com\/leratierbretonnien\/wp-json\/wp\/v2\/types\/page"}],"author":[{"embeddable":true,"href":"https:\/\/www.lahiette.com\/leratierbretonnien\/wp-json\/wp\/v2\/users\/1"}],"replies":[{"embeddable":true,"href":"https:\/\/www.lahiette.com\/leratierbretonnien\/wp-json\/wp\/v2\/comments?post=2247"}],"version-history":[{"count":2,"href":"https:\/\/www.lahiette.com\/leratierbretonnien\/wp-json\/wp\/v2\/pages\/2247\/revisions"}],"predecessor-version":[{"id":2271,"href":"https:\/\/www.lahiette.com\/leratierbretonnien\/wp-json\/wp\/v2\/pages\/2247\/revisions\/2271"}],"up":[{"embeddable":true,"href":"https:\/\/www.lahiette.com\/leratierbretonnien\/wp-json\/wp\/v2\/pages\/107"}],"wp:attachment":[{"href":"https:\/\/www.lahiette.com\/leratierbretonnien\/wp-json\/wp\/v2\/media?parent=2247"}],"curies":[{"name":"wp","href":"https:\/\/api.w.org\/{rel}","templated":true}]}}