{"id":2240,"date":"2021-11-10T10:20:21","date_gmt":"2021-11-10T09:20:21","guid":{"rendered":"http:\/\/www.lahiette.com\/leratierbretonnien\/?page_id=2240"},"modified":"2024-11-06T16:57:53","modified_gmt":"2024-11-06T15:57:53","slug":"rdd-aides-de-jeu","status":"publish","type":"page","link":"https:\/\/www.lahiette.com\/leratierbretonnien\/reve-de-dragon\/rdd-aides-de-jeu\/","title":{"rendered":"RdD &#8211; Aides de jeu"},"content":{"rendered":"\n<p><strong>Aide M\u00e9moire TMR<\/strong><\/p>\n\n\n\n<div data-wp-interactive=\"core\/file\" class=\"wp-block-file\"><object data-wp-bind--hidden=\"!state.hasPdfPreview\" hidden class=\"wp-block-file__embed\" data=\"https:\/\/www.lahiette.com\/leratierbretonnien\/wp-content\/uploads\/2021\/09\/RDD_adj_hr_01.pdf\" type=\"application\/pdf\" style=\"width:100%;height:600px\" aria-label=\"Contenu embarqu\u00e9 RDD_adj_hr_01.\"><\/object><a href=\"https:\/\/www.lahiette.com\/leratierbretonnien\/wp-content\/uploads\/2021\/09\/RDD_adj_hr_01.pdf\">RDD_adj_hr_01<\/a><a href=\"https:\/\/www.lahiette.com\/leratierbretonnien\/wp-content\/uploads\/2021\/09\/RDD_adj_hr_01.pdf\" class=\"wp-block-file__button wp-element-button\" download>T\u00e9l\u00e9charger<\/a><\/div>\n\n\n\n<p><strong>Modifications r\u00e8gles de dommages et chance<\/strong><\/p>\n\n\n\n<p>Apr\u00e8s 30 ans de jeu et de ma\u00eetrise, voici un petit document listant mes modifications aux r\u00e8gles.<\/p>\n\n\n\n<div data-wp-interactive=\"core\/file\" class=\"wp-block-file\"><object data-wp-bind--hidden=\"!state.hasPdfPreview\" hidden class=\"wp-block-file__embed\" data=\"https:\/\/www.lahiette.com\/leratierbretonnien\/wp-content\/uploads\/2021\/09\/Aide-de-jeu-Combat-Revise.pdf\" type=\"application\/pdf\" style=\"width:100%;height:600px\" aria-label=\"Contenu embarqu\u00e9 Aide de jeu - Combat R\u00e9vis\u00e9.\"><\/object><a href=\"https:\/\/www.lahiette.com\/leratierbretonnien\/wp-content\/uploads\/2021\/09\/Aide-de-jeu-Combat-Revise.pdf\">Aide de jeu &#8211; Combat R\u00e9vis\u00e9<\/a><a href=\"https:\/\/www.lahiette.com\/leratierbretonnien\/wp-content\/uploads\/2021\/09\/Aide-de-jeu-Combat-Revise.pdf\" class=\"wp-block-file__button wp-element-button\" download>T\u00e9l\u00e9charger<\/a><\/div>\n\n\n\n<p><strong>Le Dressage<\/strong><\/p>\n\n\n\n<div data-wp-interactive=\"core\/file\" class=\"wp-block-file\"><object data-wp-bind--hidden=\"!state.hasPdfPreview\" hidden class=\"wp-block-file__embed\" data=\"https:\/\/www.lahiette.com\/leratierbretonnien\/wp-content\/uploads\/2024\/04\/Dressage_03.pdf\" type=\"application\/pdf\" style=\"width:100%;height:600px\" aria-label=\"Contenu embarqu\u00e9 Dressage_03.\"><\/object><a id=\"wp-block-file--media-13c5ee2b-f2b3-45b5-9c06-4310dc5c0490\" href=\"https:\/\/www.lahiette.com\/leratierbretonnien\/wp-content\/uploads\/2024\/04\/Dressage_03.pdf\">Dressage_03<\/a><a href=\"https:\/\/www.lahiette.com\/leratierbretonnien\/wp-content\/uploads\/2024\/04\/Dressage_03.pdf\" class=\"wp-block-file__button wp-element-button\" download aria-describedby=\"wp-block-file--media-13c5ee2b-f2b3-45b5-9c06-4310dc5c0490\">T\u00e9l\u00e9charger<\/a><\/div>\n\n\n\n<p><strong>Le Quart Livre<\/strong><\/p>\n\n\n\n<div data-wp-interactive=\"core\/file\" class=\"wp-block-file\"><object data-wp-bind--hidden=\"!state.hasPdfPreview\" hidden class=\"wp-block-file__embed\" data=\"https:\/\/www.lahiette.com\/leratierbretonnien\/wp-content\/uploads\/2024\/04\/Rdd-QuartLivre-FULL_opt.pdf\" type=\"application\/pdf\" style=\"width:100%;height:600px\" aria-label=\"Contenu embarqu\u00e9 Rdd-QuartLivre-FULL_opt.\"><\/object><a id=\"wp-block-file--media-a296810f-9a98-4269-8a71-ba5309ba047d\" href=\"https:\/\/www.lahiette.com\/leratierbretonnien\/wp-content\/uploads\/2024\/04\/Rdd-QuartLivre-FULL_opt.pdf\">Rdd-QuartLivre-FULL_opt<\/a><a href=\"https:\/\/www.lahiette.com\/leratierbretonnien\/wp-content\/uploads\/2024\/04\/Rdd-QuartLivre-FULL_opt.pdf\" class=\"wp-block-file__button wp-element-button\" download aria-describedby=\"wp-block-file--media-a296810f-9a98-4269-8a71-ba5309ba047d\">T\u00e9l\u00e9charger<\/a><\/div>\n\n\n\n<h2 class=\"wp-block-heading\">La police Goudy Accentu\u00e9e, remise au go\u00fbt du jour\/nettoy\u00e9e<\/h2>\n\n\n\n<div class=\"wp-block-file\"><a id=\"wp-block-file--media-9b432de5-9624-4fb8-8d26-d7ddb54c0b47\" href=\"https:\/\/www.lahiette.com\/leratierbretonnien\/wp-content\/uploads\/2024\/11\/GoudyaccentueLRB.zip\">GoudyaccentueLRB<\/a><a href=\"https:\/\/www.lahiette.com\/leratierbretonnien\/wp-content\/uploads\/2024\/11\/GoudyaccentueLRB.zip\" class=\"wp-block-file__button wp-element-button\" download aria-describedby=\"wp-block-file--media-9b432de5-9624-4fb8-8d26-d7ddb54c0b47\">T\u00e9l\u00e9charger<\/a><\/div>\n\n\n\n<h2 class=\"wp-block-heading\">La police des Heures Draconiques<\/h2>\n\n\n\n<div class=\"wp-block-file\"><a id=\"wp-block-file--media-cf582caf-99a5-43b6-bd7c-c20ada67f0fc\" href=\"https:\/\/www.lahiette.com\/leratierbretonnien\/wp-content\/uploads\/2024\/11\/HeuresDrac.zip\">HeuresDrac<\/a><a href=\"https:\/\/www.lahiette.com\/leratierbretonnien\/wp-content\/uploads\/2024\/11\/HeuresDrac.zip\" class=\"wp-block-file__button wp-element-button\" download aria-describedby=\"wp-block-file--media-cf582caf-99a5-43b6-bd7c-c20ada67f0fc\">T\u00e9l\u00e9charger<\/a><\/div>\n","protected":false},"excerpt":{"rendered":"<p>Aide M\u00e9moire TMR Modifications r\u00e8gles de dommages et chance Apr\u00e8s 30 ans de jeu et de ma\u00eetrise, voici un petit document listant mes modifications aux r\u00e8gles. Le Dressage Le Quart Livre La police Goudy Accentu\u00e9e, remise au go\u00fbt du jour\/nettoy\u00e9e &hellip; <a href=\"https:\/\/www.lahiette.com\/leratierbretonnien\/reve-de-dragon\/rdd-aides-de-jeu\/\">Continuer la lecture <span class=\"meta-nav\">&rarr;<\/span><\/a><\/p>\n","protected":false},"author":1,"featured_media":0,"parent":107,"menu_order":1,"comment_status":"open","ping_status":"closed","template":"","meta":{"footnotes":""},"class_list":["post-2240","page","type-page","status-publish","hentry"],"_links":{"self":[{"href":"https:\/\/www.lahiette.com\/leratierbretonnien\/wp-json\/wp\/v2\/pages\/2240","targetHints":{"allow":["GET"]}}],"collection":[{"href":"https:\/\/www.lahiette.com\/leratierbretonnien\/wp-json\/wp\/v2\/pages"}],"about":[{"href":"https:\/\/www.lahiette.com\/leratierbretonnien\/wp-json\/wp\/v2\/types\/page"}],"author":[{"embeddable":true,"href":"https:\/\/www.lahiette.com\/leratierbretonnien\/wp-json\/wp\/v2\/users\/1"}],"replies":[{"embeddable":true,"href":"https:\/\/www.lahiette.com\/leratierbretonnien\/wp-json\/wp\/v2\/comments?post=2240"}],"version-history":[{"count":7,"href":"https:\/\/www.lahiette.com\/leratierbretonnien\/wp-json\/wp\/v2\/pages\/2240\/revisions"}],"predecessor-version":[{"id":3094,"href":"https:\/\/www.lahiette.com\/leratierbretonnien\/wp-json\/wp\/v2\/pages\/2240\/revisions\/3094"}],"up":[{"embeddable":true,"href":"https:\/\/www.lahiette.com\/leratierbretonnien\/wp-json\/wp\/v2\/pages\/107"}],"wp:attachment":[{"href":"https:\/\/www.lahiette.com\/leratierbretonnien\/wp-json\/wp\/v2\/media?parent=2240"}],"curies":[{"name":"wp","href":"https:\/\/api.w.org\/{rel}","templated":true}]}}