{"id":209,"date":"2018-04-13T16:30:51","date_gmt":"2018-04-13T14:30:51","guid":{"rendered":"http:\/\/www.lahiette.com\/leratierbretonnien\/?page_id=209"},"modified":"2018-05-14T07:57:43","modified_gmt":"2018-05-14T05:57:43","slug":"da-mode-campagne-2","status":"publish","type":"page","link":"https:\/\/www.lahiette.com\/leratierbretonnien\/wargames-figurines\/draculas-america\/da-mode-campagne-2\/","title":{"rendered":"DA : Mode campagne, 2"},"content":{"rendered":"<p><em><strong>Avant propos<\/strong> : Certaines images sont de mauvaises qualit\u00e9, d\u00e9sol\u00e9 !<\/em><\/p>\n<p>Suite \u00e0 la phase d&rsquo;XP et autres, nous voil\u00e0 reparti pour une seconde partie avec un sc\u00e9nario &#8211; assez traditionnel &#8211; d&rsquo;escalade. Si l&rsquo;\u00e9quipe des conf\u00e9d\u00e9r\u00e9s aligne plus de figurines (ie recrutement d&rsquo;un mercenaire), l&rsquo;\u00e9quipe de la cabale a un \u00e9quipement plus complet avec 2 fusils et 1 shotgun, en plus des \u00e9quipements de base.<\/p>\n<div id=\"attachment_214\" style=\"width: 310px\" class=\"wp-caption alignleft\"><a href=\"https:\/\/www.lahiette.com\/leratierbretonnien\/wp-content\/uploads\/2018\/04\/IMG_20180325_193302.jpg\"><img loading=\"lazy\" decoding=\"async\" aria-describedby=\"caption-attachment-214\" class=\"size-medium wp-image-214\" src=\"https:\/\/www.lahiette.com\/leratierbretonnien\/wp-content\/uploads\/2018\/04\/IMG_20180325_193302-300x225.jpg\" alt=\"\" width=\"300\" height=\"225\" srcset=\"https:\/\/www.lahiette.com\/leratierbretonnien\/wp-content\/uploads\/2018\/04\/IMG_20180325_193302-300x225.jpg 300w, https:\/\/www.lahiette.com\/leratierbretonnien\/wp-content\/uploads\/2018\/04\/IMG_20180325_193302-768x576.jpg 768w, https:\/\/www.lahiette.com\/leratierbretonnien\/wp-content\/uploads\/2018\/04\/IMG_20180325_193302-1024x768.jpg 1024w\" sizes=\"auto, (max-width: 300px) 100vw, 300px\" \/><\/a><p id=\"caption-attachment-214\" class=\"wp-caption-text\">Le champ de bataille<\/p><\/div>\n<p>C\u00f4t\u00e9 Cabale, les tireurs se positionnent en hauteur, tandis que l&rsquo;infant est envoy\u00e9 au contact, \u00e9paul\u00e9 par quelques seconds couteaux. Tr\u00e8s vite, les conf\u00e9d\u00e9r\u00e9s se font tirer comme des lapins et subissent les assauts de l&rsquo;infant, qui b\u00e9n\u00e9ficie &#8211; il faut bien le dire &#8211; de pas mal de jets de sauvegarde chanceux. Les seconds couteaux ach\u00e8vent le boulot en \u00e9liminant les zombies et la partie se termine au 8i\u00e8me tour avec 3 pertes c\u00f4t\u00e9s conf\u00e9d\u00e9r\u00e9s et 1 perte c\u00f4t\u00e9 Cabale.<\/p>\n<div id=\"attachment_218\" style=\"width: 310px\" class=\"wp-caption alignright\"><a href=\"https:\/\/www.lahiette.com\/leratierbretonnien\/wp-content\/uploads\/2018\/04\/IMG_20180325_193926.jpg\"><img loading=\"lazy\" decoding=\"async\" aria-describedby=\"caption-attachment-218\" class=\"size-medium wp-image-218\" src=\"https:\/\/www.lahiette.com\/leratierbretonnien\/wp-content\/uploads\/2018\/04\/IMG_20180325_193926-300x225.jpg\" alt=\"\" width=\"300\" height=\"225\" srcset=\"https:\/\/www.lahiette.com\/leratierbretonnien\/wp-content\/uploads\/2018\/04\/IMG_20180325_193926-300x225.jpg 300w, https:\/\/www.lahiette.com\/leratierbretonnien\/wp-content\/uploads\/2018\/04\/IMG_20180325_193926-768x576.jpg 768w, https:\/\/www.lahiette.com\/leratierbretonnien\/wp-content\/uploads\/2018\/04\/IMG_20180325_193926-1024x768.jpg 1024w\" sizes=\"auto, (max-width: 300px) 100vw, 300px\" \/><\/a><p id=\"caption-attachment-218\" class=\"wp-caption-text\">Tireur en hauteur<\/p><\/div>\n<p>La cabale gagne donc ce second round. Nouvelle phase d&rsquo;XP et d&rsquo;achats : les conf\u00e9d\u00e9r\u00e9s montent de niveau ou gagne des comp\u00e9tences, tandis que nada de nada chez la cabale ! Au niveaux achats, les conf\u00e9d\u00e9r\u00e9s se refont la cerise en \u00e9quipement tandis que la cabale investi dans son petit mercenaire priv\u00e9, alias le Garde des Carpathes.<\/p>\n<p>&nbsp;<\/p>\n<div id=\"attachment_249\" style=\"width: 310px\" class=\"wp-caption alignleft\"><a href=\"https:\/\/www.lahiette.com\/leratierbretonnien\/wp-content\/uploads\/2018\/04\/DSCN3867.jpg\"><img loading=\"lazy\" decoding=\"async\" aria-describedby=\"caption-attachment-249\" class=\"size-medium wp-image-249\" src=\"https:\/\/www.lahiette.com\/leratierbretonnien\/wp-content\/uploads\/2018\/04\/DSCN3867-300x225.jpg\" alt=\"\" width=\"300\" height=\"225\" srcset=\"https:\/\/www.lahiette.com\/leratierbretonnien\/wp-content\/uploads\/2018\/04\/DSCN3867-300x225.jpg 300w, https:\/\/www.lahiette.com\/leratierbretonnien\/wp-content\/uploads\/2018\/04\/DSCN3867-768x576.jpg 768w, https:\/\/www.lahiette.com\/leratierbretonnien\/wp-content\/uploads\/2018\/04\/DSCN3867-1024x768.jpg 1024w\" sizes=\"auto, (max-width: 300px) 100vw, 300px\" \/><\/a><p id=\"caption-attachment-249\" class=\"wp-caption-text\">Le terrain&#8230;<\/p><\/div>\n<p>Nous repartons alors pour une troisi\u00e8me session, cette fois-ci avec plus de d\u00e9cors, gr\u00e2ce \u00e0 8 arbres bricol\u00e9s maison, ainsi que quelques bonus imprim\u00e9es \u00e0 l&rsquo;imprimante 3D (tonneaux, tentes, caisses, rochers, &#8230;).<\/p>\n<p>Cette fois-ci, nous tirons le sc\u00e9nario \u00ab\u00a0Bonanza\u00a0\u00bb et nous s\u00e9lectionnons al\u00e9atoirement 4 d\u00e9cors proches du centre contenant le potentiel tr\u00e9sor. C&rsquo;est parti !<\/p>\n<p>Fort de sa victoire pr\u00e9c\u00e9dente, la Cabale remet en place la m\u00eame tactique, avec tireurs en hauteur &#8211; la mine en l\u2019occurrence &#8211; et envoi son mercenaire et son infant au contact. De leur c\u00f4t\u00e9, les Conf\u00e9d\u00e9r\u00e9s se positionnent en hauteur (rochers, gibet) et invoquent une Ombre Chasseresse. Les deux camps progressent prudemment, en tentant de d\u00e9couvrir le tr\u00e9sor, qui s&rsquo;av\u00e8re \u00eatre au final dans le \u00ab\u00a0dernier\u00a0\u00bb d\u00e9cor : le bureau du sh\u00e9riff\u00a0 !<\/p>\n<div id=\"attachment_244\" style=\"width: 310px\" class=\"wp-caption alignright\"><a href=\"https:\/\/www.lahiette.com\/leratierbretonnien\/wp-content\/uploads\/2018\/04\/DSCN3862.jpg\"><img loading=\"lazy\" decoding=\"async\" aria-describedby=\"caption-attachment-244\" class=\"size-medium wp-image-244\" src=\"https:\/\/www.lahiette.com\/leratierbretonnien\/wp-content\/uploads\/2018\/04\/DSCN3862-300x225.jpg\" alt=\"\" width=\"300\" height=\"225\" srcset=\"https:\/\/www.lahiette.com\/leratierbretonnien\/wp-content\/uploads\/2018\/04\/DSCN3862-300x225.jpg 300w, https:\/\/www.lahiette.com\/leratierbretonnien\/wp-content\/uploads\/2018\/04\/DSCN3862-768x576.jpg 768w, https:\/\/www.lahiette.com\/leratierbretonnien\/wp-content\/uploads\/2018\/04\/DSCN3862-1024x768.jpg 1024w\" sizes=\"auto, (max-width: 300px) 100vw, 300px\" \/><\/a><p id=\"caption-attachment-244\" class=\"wp-caption-text\">Le tr\u00e9sor est chez le sh\u00e9riff !<\/p><\/div>\n<p>Gr\u00e2ce \u00e0 un tirage de cartes favorables et un bon positionnement, les conf\u00e9d\u00e9r\u00e9s r\u00e9cup\u00e8rent le butin et se mettent \u00e0 l&rsquo;abri. La Cabale tente de forcer le passage, mais les tireurs Conf\u00e9d\u00e9r\u00e9s en hauteur\u00a0 &#8211; devenus v\u00e9t\u00e9rans &#8211; font des ravages. Malgr\u00e9 des tentatives acharn\u00e9es de r\u00e9cup\u00e9ration du butin, la Cabale \u00e9choue, avec 3 \u00ab\u00a0morts\u00a0\u00bb et termine la partie avec &#8230; 0 PV !<\/p>\n<p>&nbsp;<\/p>\n<div id=\"attachment_246\" style=\"width: 310px\" class=\"wp-caption alignleft\"><a href=\"https:\/\/www.lahiette.com\/leratierbretonnien\/wp-content\/uploads\/2018\/04\/DSCN3864.jpg\"><img loading=\"lazy\" decoding=\"async\" aria-describedby=\"caption-attachment-246\" class=\"size-medium wp-image-246\" src=\"https:\/\/www.lahiette.com\/leratierbretonnien\/wp-content\/uploads\/2018\/04\/DSCN3864-300x225.jpg\" alt=\"\" width=\"300\" height=\"225\" srcset=\"https:\/\/www.lahiette.com\/leratierbretonnien\/wp-content\/uploads\/2018\/04\/DSCN3864-300x225.jpg 300w, https:\/\/www.lahiette.com\/leratierbretonnien\/wp-content\/uploads\/2018\/04\/DSCN3864-768x576.jpg 768w, https:\/\/www.lahiette.com\/leratierbretonnien\/wp-content\/uploads\/2018\/04\/DSCN3864-1024x768.jpg 1024w\" sizes=\"auto, (max-width: 300px) 100vw, 300px\" \/><\/a><p id=\"caption-attachment-246\" class=\"wp-caption-text\">Les Conf\u00e9d\u00e9r\u00e9s prot\u00e8gent le butin<\/p><\/div>\n<p>Ce sc\u00e9nario est Bonanza est tr\u00e8s agr\u00e9able, avec un bon suspens pour d\u00e9couvrir le tr\u00e9sor. A noter que l&rsquo;ambiance sonore \u00e9tait le OWBM (Old West Black Metal) d&rsquo;<a href=\"https:\/\/untamedland.bandcamp.com\/album\/between-the-winds\">Untamed Lands<\/a> ! Excellent !<\/p>\n<p>Sur notre lanc\u00e9e, nous passons \u00e0 la phase d&rsquo;exp\u00e9rience, avec un petit bonus pour le Conf\u00e9d\u00e9r\u00e9 puisqu&rsquo;il avait 2 points d&rsquo;infamie de retard. Pas mal de bless\u00e9s c\u00f4t\u00e9 Cabale, avec un borgne, un boiteaux et une veille blessure. Bref, pas gagn\u00e9. En ce qu&rsquo;il les progressions, le Cabale r\u00e9ussit \u00e0 faire \u00e9voluer 3 personnes, qui gagnent tous une comp\u00e9tence. Les Conf\u00e9d\u00e9r\u00e9s voient leur boss passer niveau H\u00e9ros ! Argh !<\/p>\n<p>Le joueur Conf\u00e9d\u00e9r\u00e9 r\u00e9ussit un gros co\u00fbt au pognon : 27$ (3 x 5 et 2 x 6), ce qui lui octroi de plus 2 tirages sur les tables des \u00e9v\u00e8nements, qui ne lui rapportent au final que &#8230; 1$ \ud83d\ude42 ! C\u00f4t\u00e9 Cabale, c&rsquo;est un peu la mis\u00e8re avec 16$ et une paire : le tirage tome sur\u00a0 le Pr\u00e9dicateur mercenaire, qui refuse de venir les rejoindre. Sniff.<\/p>\n<p>Pour les d\u00e9penses, une fois son mercenaire pay\u00e9, le Conf\u00e9d\u00e9r\u00e9 limoge un de ses sbires rest\u00e9 novice et s\u00e9v\u00e8rement bless\u00e9 et ach\u00e8te un Novice en remplacement. La Cabale investi dans un revolver \u00e0 gros calibre pour son Infant et une carabine \u00e0 r\u00e9p\u00e9tition.<\/p>\n<p>Le total des points d&rsquo;inf\u00e2mie reste au b\u00e9n\u00e9fice de la Cabale (27 contre 26), mais c&rsquo;est serr\u00e9.<\/p>\n<p>A suivre &#8230; !<\/p>\n","protected":false},"excerpt":{"rendered":"<p>Avant propos : Certaines images sont de mauvaises qualit\u00e9, d\u00e9sol\u00e9 ! Suite \u00e0 la phase d&rsquo;XP et autres, nous voil\u00e0 reparti pour une seconde partie avec un sc\u00e9nario &#8211; assez traditionnel &#8211; d&rsquo;escalade. Si l&rsquo;\u00e9quipe des conf\u00e9d\u00e9r\u00e9s aligne plus de &hellip; <a href=\"https:\/\/www.lahiette.com\/leratierbretonnien\/wargames-figurines\/draculas-america\/da-mode-campagne-2\/\">Continuer la lecture <span class=\"meta-nav\">&rarr;<\/span><\/a><\/p>\n","protected":false},"author":1,"featured_media":0,"parent":120,"menu_order":0,"comment_status":"open","ping_status":"closed","template":"","meta":{"footnotes":""},"class_list":["post-209","page","type-page","status-publish","hentry"],"_links":{"self":[{"href":"https:\/\/www.lahiette.com\/leratierbretonnien\/wp-json\/wp\/v2\/pages\/209","targetHints":{"allow":["GET"]}}],"collection":[{"href":"https:\/\/www.lahiette.com\/leratierbretonnien\/wp-json\/wp\/v2\/pages"}],"about":[{"href":"https:\/\/www.lahiette.com\/leratierbretonnien\/wp-json\/wp\/v2\/types\/page"}],"author":[{"embeddable":true,"href":"https:\/\/www.lahiette.com\/leratierbretonnien\/wp-json\/wp\/v2\/users\/1"}],"replies":[{"embeddable":true,"href":"https:\/\/www.lahiette.com\/leratierbretonnien\/wp-json\/wp\/v2\/comments?post=209"}],"version-history":[{"count":22,"href":"https:\/\/www.lahiette.com\/leratierbretonnien\/wp-json\/wp\/v2\/pages\/209\/revisions"}],"predecessor-version":[{"id":262,"href":"https:\/\/www.lahiette.com\/leratierbretonnien\/wp-json\/wp\/v2\/pages\/209\/revisions\/262"}],"up":[{"embeddable":true,"href":"https:\/\/www.lahiette.com\/leratierbretonnien\/wp-json\/wp\/v2\/pages\/120"}],"wp:attachment":[{"href":"https:\/\/www.lahiette.com\/leratierbretonnien\/wp-json\/wp\/v2\/media?parent=209"}],"curies":[{"name":"wp","href":"https:\/\/api.w.org\/{rel}","templated":true}]}}