{"id":1746,"date":"2020-07-10T16:17:04","date_gmt":"2020-07-10T14:17:04","guid":{"rendered":"http:\/\/www.lahiette.com\/leratierbretonnien\/?page_id=1746"},"modified":"2021-06-09T14:22:23","modified_gmt":"2021-06-09T12:22:23","slug":"aides-de-jeu-ennemi-interieurombres-sur-bogenhafen","status":"publish","type":"page","link":"https:\/\/www.lahiette.com\/leratierbretonnien\/aides-de-jeu-ennemi-interieurombres-sur-bogenhafen\/","title":{"rendered":"Aides de jeu Ennemi Int\u00e9rieur+Ombres sur Bogenhafen"},"content":{"rendered":"\n<figure class=\"wp-block-table is-style-stripes\"><table class=\"has-fixed-layout\"><tbody><tr><td><a href=\"https:\/\/www.lahiette.com\/leratierbretonnien\/wp-content\/uploads\/2020\/05\/CI_ESP_Annonce_Tasseninck.odt\">Lettre \u00ab\u00a0Tasseninck\u00a0\u00bb, format .odt , Auteur LeRatierBretonnien<\/a><\/td><td><a href=\"https:\/\/www.lahiette.com\/leratierbretonnien\/wp-content\/uploads\/2020\/05\/CI_ESP_Heritage_Lieberung.odt\">Lettre \u00ab\u00a0h\u00e9ritage\u00a0\u00bb, adapt\u00e9 pour ma campagne et mes PJs, format .odt, Auteur LeRatierBretonnien<\/a><\/td><\/tr><tr><td><a href=\"https:\/\/www.lahiette.com\/leratierbretonnien\/wp-content\/uploads\/2020\/05\/Handout_1_Aventuriers_Courageux.png\">Affiche \u00ab\u00a0Tasseninck\u00a0\u00bb, format .jpg, Auteur : Ygdrist<\/a><\/td><td><a href=\"https:\/\/www.lahiette.com\/leratierbretonnien\/wp-content\/uploads\/2020\/05\/certificat_chancellerie_reikland.zip\">Un certificat d&rsquo;enqu\u00eate de la Chancellerie du Reikland (documents sp\u00e9cifique \u00e0 mes PJs\/ campagne, mais si \u00e7a peut servir). Format .sla (Scribus) et .jpeg, auteur LeRatier<\/a><\/td><\/tr><tr><td><a href=\"https:\/\/www.lahiette.com\/leratierbretonnien\/wp-content\/uploads\/2020\/05\/lettre_marteau_argent.zip\">Une lettre de membre du Marteau d&rsquo;Argent (documents sp\u00e9cifique \u00e0 mes PJs\/ campagne, mais si \u00e7a peut servir). Format .sla (Scribus) et .jpeg, auteur LeRatier<\/a><\/td><td><\/td><\/tr><\/tbody><\/table><figcaption>Documents de campagne et autres<\/figcaption><\/figure>\n\n\n\n<figure class=\"wp-block-image size-large is-resized\"><a href=\"https:\/\/www.lahiette.com\/leratierbretonnien\/wp-content\/uploads\/2020\/05\/Handout_2_Rolf_Hurtsis.png\"><img loading=\"lazy\" decoding=\"async\" src=\"https:\/\/www.lahiette.com\/leratierbretonnien\/wp-content\/uploads\/2020\/05\/Handout_2_Rolf_Hurtsis.png\" alt=\"\" class=\"wp-image-1512\" width=\"602\" height=\"304\" srcset=\"https:\/\/www.lahiette.com\/leratierbretonnien\/wp-content\/uploads\/2020\/05\/Handout_2_Rolf_Hurtsis.png 802w, https:\/\/www.lahiette.com\/leratierbretonnien\/wp-content\/uploads\/2020\/05\/Handout_2_Rolf_Hurtsis-300x151.png 300w, https:\/\/www.lahiette.com\/leratierbretonnien\/wp-content\/uploads\/2020\/05\/Handout_2_Rolf_Hurtsis-768x388.png 768w\" sizes=\"auto, (max-width: 602px) 100vw, 602px\" \/><\/a><figcaption>Aide de jeu de Rolf Hurtsis, auteur Ydrist<\/figcaption><\/figure>\n\n\n\n<figure class=\"wp-block-image size-large is-resized\"><a href=\"https:\/\/www.lahiette.com\/leratierbretonnien\/wp-content\/uploads\/2020\/05\/Handout_3_L_Heritage.png\"><img loading=\"lazy\" decoding=\"async\" src=\"https:\/\/www.lahiette.com\/leratierbretonnien\/wp-content\/uploads\/2020\/05\/Handout_3_L_Heritage.png\" alt=\"\" class=\"wp-image-1535\" width=\"327\" height=\"432\" srcset=\"https:\/\/www.lahiette.com\/leratierbretonnien\/wp-content\/uploads\/2020\/05\/Handout_3_L_Heritage.png 436w, https:\/\/www.lahiette.com\/leratierbretonnien\/wp-content\/uploads\/2020\/05\/Handout_3_L_Heritage-227x300.png 227w\" sizes=\"auto, (max-width: 327px) 100vw, 327px\" \/><\/a><figcaption>Lettre de l&rsquo;h\u00e9ritage, auteur Ydrist<\/figcaption><\/figure>\n\n\n\n<figure class=\"wp-block-image size-large is-resized\"><a href=\"https:\/\/www.lahiette.com\/leratierbretonnien\/wp-content\/uploads\/2020\/05\/Handout_4_L_Attestation.png\"><img loading=\"lazy\" decoding=\"async\" src=\"https:\/\/www.lahiette.com\/leratierbretonnien\/wp-content\/uploads\/2020\/05\/Handout_4_L_Attestation.png\" alt=\"\" class=\"wp-image-1538\" width=\"423\" height=\"288\" srcset=\"https:\/\/www.lahiette.com\/leratierbretonnien\/wp-content\/uploads\/2020\/05\/Handout_4_L_Attestation.png 564w, https:\/\/www.lahiette.com\/leratierbretonnien\/wp-content\/uploads\/2020\/05\/Handout_4_L_Attestation-300x204.png 300w\" sizes=\"auto, (max-width: 423px) 100vw, 423px\" \/><\/a><figcaption>Attestation d&rsquo;identit\u00e9, auteur Ydrist<\/figcaption><\/figure>\n\n\n\n<p><\/p>\n","protected":false},"excerpt":{"rendered":"<p>Lettre \u00ab\u00a0Tasseninck\u00a0\u00bb, format .odt , Auteur LeRatierBretonnien Lettre \u00ab\u00a0h\u00e9ritage\u00a0\u00bb, adapt\u00e9 pour ma campagne et mes PJs, format .odt, Auteur LeRatierBretonnien Affiche \u00ab\u00a0Tasseninck\u00a0\u00bb, format .jpg, Auteur : Ygdrist Un certificat d&rsquo;enqu\u00eate de la Chancellerie du Reikland (documents sp\u00e9cifique \u00e0 mes PJs\/ &hellip; <a href=\"https:\/\/www.lahiette.com\/leratierbretonnien\/aides-de-jeu-ennemi-interieurombres-sur-bogenhafen\/\">Continuer la lecture <span class=\"meta-nav\">&rarr;<\/span><\/a><\/p>\n","protected":false},"author":1,"featured_media":0,"parent":0,"menu_order":0,"comment_status":"open","ping_status":"closed","template":"","meta":{"footnotes":""},"class_list":["post-1746","page","type-page","status-publish","hentry"],"_links":{"self":[{"href":"https:\/\/www.lahiette.com\/leratierbretonnien\/wp-json\/wp\/v2\/pages\/1746","targetHints":{"allow":["GET"]}}],"collection":[{"href":"https:\/\/www.lahiette.com\/leratierbretonnien\/wp-json\/wp\/v2\/pages"}],"about":[{"href":"https:\/\/www.lahiette.com\/leratierbretonnien\/wp-json\/wp\/v2\/types\/page"}],"author":[{"embeddable":true,"href":"https:\/\/www.lahiette.com\/leratierbretonnien\/wp-json\/wp\/v2\/users\/1"}],"replies":[{"embeddable":true,"href":"https:\/\/www.lahiette.com\/leratierbretonnien\/wp-json\/wp\/v2\/comments?post=1746"}],"version-history":[{"count":8,"href":"https:\/\/www.lahiette.com\/leratierbretonnien\/wp-json\/wp\/v2\/pages\/1746\/revisions"}],"predecessor-version":[{"id":2215,"href":"https:\/\/www.lahiette.com\/leratierbretonnien\/wp-json\/wp\/v2\/pages\/1746\/revisions\/2215"}],"wp:attachment":[{"href":"https:\/\/www.lahiette.com\/leratierbretonnien\/wp-json\/wp\/v2\/media?parent=1746"}],"curies":[{"name":"wp","href":"https:\/\/api.w.org\/{rel}","templated":true}]}}