{"id":1734,"date":"2020-06-25T07:30:43","date_gmt":"2020-06-25T05:30:43","guid":{"rendered":"http:\/\/www.lahiette.com\/leratierbretonnien\/?page_id=1734"},"modified":"2020-06-25T07:36:40","modified_gmt":"2020-06-25T05:36:40","slug":"avis-sur-divers-supplement-wh4","status":"publish","type":"page","link":"https:\/\/www.lahiette.com\/leratierbretonnien\/warhammer\/avis-sur-divers-supplement-wh4\/","title":{"rendered":"Avis sur divers suppl\u00e9ment WH4"},"content":{"rendered":"\n<p><strong>Buildings of the Reikland<\/strong> : Petit suppl\u00e9ment, avec 11 plans de b\u00e2timents communs. C&rsquo;est directement h\u00e9rit\u00e9 de la V1 de Warhammer, ou quelques plans \u00e9taient inclus dans le livre de base. Chaque b\u00e2timent s&rsquo;accompagne d&rsquo;un petit texte, avec parfois quelques id\u00e9es d&rsquo;aventures. Les plans sont en N&amp;B, ce que j&rsquo;appr\u00e9cie personnellement et l&rsquo;ensemble &#8211; m\u00eame si pas indispensable &#8211; vaut ses 3,54 EUR. Seul regret : pas de plans pour les joueurs (ie c&rsquo;est \u00e7 dire sans annotations et l\u00e9gendes). Dispo sur <a href=\"https:\/\/www.drivethrurpg.com\/product\/273402\/Warhammer-Fantasy-Roleplay-Fourth-Edition-Buildings-of-the-Reikland?src=hottest_filtered\">DriveTHRU.rpg<\/a>.<\/p>\n\n\n\n<div class=\"wp-block-image\"><figure class=\"aligncenter size-large is-resized\"><img loading=\"lazy\" decoding=\"async\" src=\"https:\/\/www.drivethrurpg.com\/images\/54\/273402.jpg\" alt=\"\" width=\"299\" height=\"375\"\/><\/figure><\/div>\n\n\n\n<p><strong>Monuments of the Reikland<\/strong> : Dans la suite du pr\u00e9c\u00e9dent, cet opus architectural propose 4 \u00ab\u00a0statues\u00a0\u00bb et 1 curiosit\u00e9, \u00e0 placer en ville (3) ou dans le territoire (2). Naturellement, chaque monument a un secret, d\u00e9bouchant ou donnant lieu \u00e0 un ou plusieurs possibilit\u00e9s de mini-aventures, \u00e0 int\u00e9grer dans votre environnement de campagne. Il y en a pour tout les go\u00fbts, avec des aspects enqu\u00eates ou exploration, selon le monument. J&rsquo;ai trouv\u00e9 les \u00ab\u00a0secrets\u00a0\u00bb de sympathiques \u00e0 tr\u00e8s bien, sauf la statue \u00ab\u00a0faucon\u00a0\u00bb, dont l&rsquo;id\u00e9e de base est bonne, mais pour laquelle je ne vois pas trop quoi faire du \u00ab\u00a0secret\u00a0\u00bb. Les illustrations sont tr\u00e8s jolies &#8211; comme toujours sur la v4 &#8211; , et directement exploitables. Aucun regret pour 3,54 EUR. Dispo sur <a href=\"https:\/\/www.drivethrurpg.com\/product\/318408\/WFRP-Monuments-of-the-Reikland?src=fp_u5\">DriveTHRUrpg<\/a>.<\/p>\n\n\n\n<div class=\"wp-block-image\"><figure class=\"aligncenter size-large is-resized\"><img loading=\"lazy\" decoding=\"async\" src=\"https:\/\/www.drivethrurpg.com\/images\/54\/318408.jpg\" alt=\"\" width=\"343\" height=\"431\"\/><\/figure><\/div>\n","protected":false},"excerpt":{"rendered":"<p>Buildings of the Reikland : Petit suppl\u00e9ment, avec 11 plans de b\u00e2timents communs. C&rsquo;est directement h\u00e9rit\u00e9 de la V1 de Warhammer, ou quelques plans \u00e9taient inclus dans le livre de base. Chaque b\u00e2timent s&rsquo;accompagne d&rsquo;un petit texte, avec parfois quelques &hellip; <a href=\"https:\/\/www.lahiette.com\/leratierbretonnien\/warhammer\/avis-sur-divers-supplement-wh4\/\">Continuer la lecture <span class=\"meta-nav\">&rarr;<\/span><\/a><\/p>\n","protected":false},"author":1,"featured_media":0,"parent":15,"menu_order":0,"comment_status":"open","ping_status":"closed","template":"","meta":{"footnotes":""},"class_list":["post-1734","page","type-page","status-publish","hentry"],"_links":{"self":[{"href":"https:\/\/www.lahiette.com\/leratierbretonnien\/wp-json\/wp\/v2\/pages\/1734","targetHints":{"allow":["GET"]}}],"collection":[{"href":"https:\/\/www.lahiette.com\/leratierbretonnien\/wp-json\/wp\/v2\/pages"}],"about":[{"href":"https:\/\/www.lahiette.com\/leratierbretonnien\/wp-json\/wp\/v2\/types\/page"}],"author":[{"embeddable":true,"href":"https:\/\/www.lahiette.com\/leratierbretonnien\/wp-json\/wp\/v2\/users\/1"}],"replies":[{"embeddable":true,"href":"https:\/\/www.lahiette.com\/leratierbretonnien\/wp-json\/wp\/v2\/comments?post=1734"}],"version-history":[{"count":4,"href":"https:\/\/www.lahiette.com\/leratierbretonnien\/wp-json\/wp\/v2\/pages\/1734\/revisions"}],"predecessor-version":[{"id":1739,"href":"https:\/\/www.lahiette.com\/leratierbretonnien\/wp-json\/wp\/v2\/pages\/1734\/revisions\/1739"}],"up":[{"embeddable":true,"href":"https:\/\/www.lahiette.com\/leratierbretonnien\/wp-json\/wp\/v2\/pages\/15"}],"wp:attachment":[{"href":"https:\/\/www.lahiette.com\/leratierbretonnien\/wp-json\/wp\/v2\/media?parent=1734"}],"curies":[{"name":"wp","href":"https:\/\/api.w.org\/{rel}","templated":true}]}}