{"id":168,"date":"2018-03-23T17:29:50","date_gmt":"2018-03-23T16:29:50","guid":{"rendered":"http:\/\/www.lahiette.com\/leratierbretonnien\/?page_id=168"},"modified":"2018-04-13T17:07:21","modified_gmt":"2018-04-13T15:07:21","slug":"da-mode-campagne","status":"publish","type":"page","link":"https:\/\/www.lahiette.com\/leratierbretonnien\/wargames-figurines\/draculas-america\/da-mode-campagne\/","title":{"rendered":"DA : Mode campagne, 1"},"content":{"rendered":"<p>Apr\u00e8s quelques parties en mode \u00ab\u00a0one-shot\u00a0\u00bb, nous voil\u00e0 parti pour une campagne \u00e0 2 joueurs (on va voir si \u00e7a marche), \u00e0 savoir la Cabale vs Les Conf\u00e9d\u00e9r\u00e9s, pendant 5 parties. Apr\u00e8s le choix des figurines (1 v\u00e9t\u00e9ran+5 novices), nous voil\u00e0 parti \u00e0 r\u00e9partir les 22$ octroy\u00e9s pour le d\u00e9marrage. On se retrouve vite avec pas mal de revolvers et pas grand chose d&rsquo;autres \ud83d\ude42 \u00e9tant donn\u00e9 que l&rsquo;on ne peut \u00ab\u00a0taper\u00a0\u00bb que dans la liste des armes de base.<\/p>\n<div id=\"attachment_180\" style=\"width: 310px\" class=\"wp-caption alignleft\"><a href=\"https:\/\/www.lahiette.com\/leratierbretonnien\/wp-content\/uploads\/2018\/03\/DA_camp01_02.jpg\"><img loading=\"lazy\" decoding=\"async\" aria-describedby=\"caption-attachment-180\" class=\"size-medium wp-image-180\" src=\"https:\/\/www.lahiette.com\/leratierbretonnien\/wp-content\/uploads\/2018\/03\/DA_camp01_02-300x225.jpg\" alt=\"\" width=\"300\" height=\"225\" srcset=\"https:\/\/www.lahiette.com\/leratierbretonnien\/wp-content\/uploads\/2018\/03\/DA_camp01_02-300x225.jpg 300w, https:\/\/www.lahiette.com\/leratierbretonnien\/wp-content\/uploads\/2018\/03\/DA_camp01_02-768x576.jpg 768w, https:\/\/www.lahiette.com\/leratierbretonnien\/wp-content\/uploads\/2018\/03\/DA_camp01_02-1024x768.jpg 1024w, https:\/\/www.lahiette.com\/leratierbretonnien\/wp-content\/uploads\/2018\/03\/DA_camp01_02.jpg 1920w\" sizes=\"auto, (max-width: 300px) 100vw, 300px\" \/><\/a><p id=\"caption-attachment-180\" class=\"wp-caption-text\">Le lieu du crime&#8230;<\/p><\/div>\n<p>Nous pla\u00e7ons les d\u00e9cors, tirons le sc\u00e9nario &#8211; Butins &#8211; et positionnons nos figurines, et hop ! Pan ! Pan ! Les premiers tour se jouent rapidement, \u00e9tant donn\u00e9 l&rsquo;\u00e9loignement et la faible port\u00e9e des armes \u00e0 notre disposition. A partir du 3i\u00e8me tour, \u00e7a commence \u00e0 tirer et \u00e0 r\u00e9cup\u00e9rer les fameux butins. Etant donn\u00e9 que l&rsquo;aspect campagne rend prudent et que nous sommes sous-\u00e9quip\u00e9s, la fin de la partie tourne un peu au cache-cache. Bilan des courses : 2 flingueurs de la Cabale HS (phase de r\u00e9cup\u00e9ration), 2 zombis tu\u00e9s. Au final, trois butins c\u00f4t\u00e9 Cabale, 2 c\u00f4t\u00e9 Conf\u00e9d\u00e9r\u00e9s. Avec 6 points, la Cabale sort vainqueur<\/p>\n<p>Suite aux blessures, chacun se retrouve avec un personnage boiteux !<\/p>\n<div id=\"attachment_182\" style=\"width: 310px\" class=\"wp-caption alignright\"><a href=\"https:\/\/www.lahiette.com\/leratierbretonnien\/wp-content\/uploads\/2018\/03\/DA_camp01_04.jpg\"><img loading=\"lazy\" decoding=\"async\" aria-describedby=\"caption-attachment-182\" class=\"size-medium wp-image-182\" src=\"https:\/\/www.lahiette.com\/leratierbretonnien\/wp-content\/uploads\/2018\/03\/DA_camp01_04-300x225.jpg\" alt=\"\" width=\"300\" height=\"225\" srcset=\"https:\/\/www.lahiette.com\/leratierbretonnien\/wp-content\/uploads\/2018\/03\/DA_camp01_04-300x225.jpg 300w, https:\/\/www.lahiette.com\/leratierbretonnien\/wp-content\/uploads\/2018\/03\/DA_camp01_04-768x576.jpg 768w, https:\/\/www.lahiette.com\/leratierbretonnien\/wp-content\/uploads\/2018\/03\/DA_camp01_04-1024x768.jpg 1024w, https:\/\/www.lahiette.com\/leratierbretonnien\/wp-content\/uploads\/2018\/03\/DA_camp01_04.jpg 1920w\" sizes=\"auto, (max-width: 300px) 100vw, 300px\" \/><\/a><p id=\"caption-attachment-182\" class=\"wp-caption-text\">Les flingueurs dans la nuit<\/p><\/div>\n<p>S&rsquo;ensuive alors l&rsquo;\u00e9tape de pognon : avec un 5-5-1-1-1, le Cabale ne gagne que 13$, contre 15$ pour son &#8211; chanceux &#8211; adversaire. Par contre, la paire et le brelan font tirer sur les tables des \u00e9v\u00e8nements, ce qui permet \u00e0 la Main Rouge de gagner 1 fusil et 1 revolver, toujours \u00e7a de pris !<\/p>\n<p>Puis vient la progression, qui voit l&rsquo;un des Novice Conf\u00e9d\u00e9r\u00e9s passer directement niveau V\u00e9t\u00e9ran ! Le reste des membres gagnent tous 1 XP, \u00e9tant donn\u00e9 que tout le monde a surv\u00e9cu \u00e0 la phase de blessures. Puis vient le recrutement et les Conf\u00e9d\u00e9r\u00e9s embauchent un soldat mort-vivant (18$ tout de m\u00eame). La Cabale ne recrute personne et choisi d&rsquo;\u00e9quiper un peu plus chaque figurine avec 2 armes, tout en gardant un reliquat de 7$ dans sa r\u00e9serve.\u00a0 Au niveau infamie, les Conf\u00e9d\u00e9r\u00e9s virent en t\u00eate, avec 17 points (2 points notamment dus au soldat mort-vivants r\u00e9cemment recrut\u00e9&#8230;), talonn\u00e9s de par par la Cabale \u00e0 16 points.<\/p>\n<div id=\"attachment_184\" style=\"width: 310px\" class=\"wp-caption alignleft\"><a href=\"https:\/\/www.lahiette.com\/leratierbretonnien\/wp-content\/uploads\/2018\/03\/DA_camp01_06.jpg\"><img loading=\"lazy\" decoding=\"async\" aria-describedby=\"caption-attachment-184\" class=\"size-medium wp-image-184\" src=\"https:\/\/www.lahiette.com\/leratierbretonnien\/wp-content\/uploads\/2018\/03\/DA_camp01_06-300x225.jpg\" alt=\"\" width=\"300\" height=\"225\" srcset=\"https:\/\/www.lahiette.com\/leratierbretonnien\/wp-content\/uploads\/2018\/03\/DA_camp01_06-300x225.jpg 300w, https:\/\/www.lahiette.com\/leratierbretonnien\/wp-content\/uploads\/2018\/03\/DA_camp01_06-768x576.jpg 768w, https:\/\/www.lahiette.com\/leratierbretonnien\/wp-content\/uploads\/2018\/03\/DA_camp01_06-1024x768.jpg 1024w, https:\/\/www.lahiette.com\/leratierbretonnien\/wp-content\/uploads\/2018\/03\/DA_camp01_06.jpg 1920w\" sizes=\"auto, (max-width: 300px) 100vw, 300px\" \/><\/a><p id=\"caption-attachment-184\" class=\"wp-caption-text\">Les conf\u00e9d\u00e9r\u00e9s&#8230;<\/p><\/div>\n<p>Un avis \u00e0 chaud :<\/p>\n<ul>\n<li>La mise en place est rapide : en 15 minutes max on a choisi sa team et son \u00e9quipement<\/li>\n<li>Le sc\u00e9nario \u00ab\u00a0Butin\u00a0\u00bb n&rsquo;est peut-\u00eatre pas le mieux pour commencer, \u00e9tant donn\u00e9 la faible port\u00e9e des armes disponibles au d\u00e9but.<\/li>\n<li>Le jeu reste toujours aussi bien, m\u00eame \u00ab\u00a0sous-\u00e9quip\u00e9s\u00a0\u00bb et les \u00e9tapes de progression entre 2 sc\u00e9narios sont vraiment sympas.<\/li>\n<\/ul>\n<p>A suivre <a href=\"https:\/\/www.lahiette.com\/leratierbretonnien\/wargames-figurines\/draculas-america\/da-mode-campagne-2\/\">ICI<\/a>.<\/p>\n","protected":false},"excerpt":{"rendered":"<p>Apr\u00e8s quelques parties en mode \u00ab\u00a0one-shot\u00a0\u00bb, nous voil\u00e0 parti pour une campagne \u00e0 2 joueurs (on va voir si \u00e7a marche), \u00e0 savoir la Cabale vs Les Conf\u00e9d\u00e9r\u00e9s, pendant 5 parties. Apr\u00e8s le choix des figurines (1 v\u00e9t\u00e9ran+5 novices), nous &hellip; <a href=\"https:\/\/www.lahiette.com\/leratierbretonnien\/wargames-figurines\/draculas-america\/da-mode-campagne\/\">Continuer la lecture <span class=\"meta-nav\">&rarr;<\/span><\/a><\/p>\n","protected":false},"author":1,"featured_media":0,"parent":120,"menu_order":0,"comment_status":"open","ping_status":"closed","template":"","meta":{"footnotes":""},"class_list":["post-168","page","type-page","status-publish","hentry"],"_links":{"self":[{"href":"https:\/\/www.lahiette.com\/leratierbretonnien\/wp-json\/wp\/v2\/pages\/168","targetHints":{"allow":["GET"]}}],"collection":[{"href":"https:\/\/www.lahiette.com\/leratierbretonnien\/wp-json\/wp\/v2\/pages"}],"about":[{"href":"https:\/\/www.lahiette.com\/leratierbretonnien\/wp-json\/wp\/v2\/types\/page"}],"author":[{"embeddable":true,"href":"https:\/\/www.lahiette.com\/leratierbretonnien\/wp-json\/wp\/v2\/users\/1"}],"replies":[{"embeddable":true,"href":"https:\/\/www.lahiette.com\/leratierbretonnien\/wp-json\/wp\/v2\/comments?post=168"}],"version-history":[{"count":16,"href":"https:\/\/www.lahiette.com\/leratierbretonnien\/wp-json\/wp\/v2\/pages\/168\/revisions"}],"predecessor-version":[{"id":234,"href":"https:\/\/www.lahiette.com\/leratierbretonnien\/wp-json\/wp\/v2\/pages\/168\/revisions\/234"}],"up":[{"embeddable":true,"href":"https:\/\/www.lahiette.com\/leratierbretonnien\/wp-json\/wp\/v2\/pages\/120"}],"wp:attachment":[{"href":"https:\/\/www.lahiette.com\/leratierbretonnien\/wp-json\/wp\/v2\/media?parent=168"}],"curies":[{"name":"wp","href":"https:\/\/api.w.org\/{rel}","templated":true}]}}