{"id":15,"date":"2018-02-26T22:03:59","date_gmt":"2018-02-26T21:03:59","guid":{"rendered":"http:\/\/www.lahiette.com\/leratierbretonnien\/?page_id=15"},"modified":"2024-03-22T22:15:54","modified_gmt":"2024-03-22T21:15:54","slug":"warhammer","status":"publish","type":"page","link":"https:\/\/www.lahiette.com\/leratierbretonnien\/warhammer\/","title":{"rendered":"Warhammer"},"content":{"rendered":"\n<h2 class=\"wp-block-heading\">Warhammer et moi<\/h2>\n\n\n\n<ul class=\"wp-block-list\">\n<li><a href=\"https:\/\/www.lahiette.com\/leratierbretonnien\/warhammer\/warhammer-et-moi-les-debuts\/\">De mes d\u00e9buts avec la premi\u00e8re \u00e9dition<\/a>: \u00a0\u00bbo\u00f9 l&rsquo;auteur livre assez inutilement sa rencontre avec la premi\u00e8re \u00e9dition\u00a0\u00bb<\/li>\n\n\n\n<li><a href=\"https:\/\/www.lahiette.com\/leratierbretonnien\/warhammer\/la-campagne-imperiale\/\">Une revue rapide de la campagne imp\u00e9riale<\/a> : \u00a0\u00bbo\u00f9 le bougre persiste et signe<\/li>\n\n\n\n<li>Et <a href=\"https:\/\/www.lahiette.com\/leratierbretonnien\/warhammer\/de-la-campagne-imperiale-et-autres-billevesees\/\">des conseils et opinions valid\u00e9es par Karl Franz sur la Campagne Imp\u00e9riale<\/a><\/li>\n<\/ul>\n\n\n\n<h2 class=\"wp-block-heading\">Articles et Aides de jeu multi-versions<\/h2>\n\n\n\n<ul class=\"wp-block-list\">\n<li>Des <a href=\"https:\/\/www.lahiette.com\/leratierbretonnien\/2021\/01\/15\/deus-ex-warhammer\/\" data-type=\"post\" data-id=\"2083\">Temples et de la Religion dans le Vieux Monde<\/a><\/li>\n\n\n\n<li><a href=\"https:\/\/www.lahiette.com\/leratierbretonnien\/trucs-divers\/a-propose-du-jdr-et-des-figurines\/\">Du JDR et des Figurines<\/a>, un avis motiv\u00e9<\/li>\n\n\n\n<li><a href=\"https:\/\/www.lahiette.com\/leratierbretonnien\/warhammer\/la-population-dans-lempire\/\">Villes, villages, population et sexisme<\/a> : o\u00f9 l&rsquo;on remet en question la d\u00e9mographie imp\u00e9riale<\/li>\n\n\n\n<li><a href=\"https:\/\/www.lahiette.com\/leratierbretonnien\/warhammer\/aides-de-jeu\/\">Aides de jeu et sc\u00e9narios<\/a> : o\u00f9 l&rsquo;auteur livre quelques aide de jeu (plats d&rsquo;auberge, plans de Terreur \u00e0 Talabheim, jeux d&rsquo;auberges)<\/li>\n\n\n\n<li><a href=\"https:\/\/www.lahiette.com\/leratierbretonnien\/warhammer\/plans-et-batisses-diverses\/\">Galerie de b\u00e2timents et plans<\/a><\/li>\n<\/ul>\n\n\n\n<h2 class=\"wp-block-heading\">Warhammer v4<\/h2>\n\n\n\n<ul class=\"wp-block-list\">\n<li>Une revue critique de la <a href=\"https:\/\/www.lahiette.com\/leratierbretonnien\/warhammer\/warhammer-4-cubicle-7\/\">de la quatri\u00e8me \u00e9dition<\/a><\/li>\n\n\n\n<li>Une <a href=\"https:\/\/www.lahiette.com\/leratierbretonnien\/warhammer\/warhammer-4-cubicle-7\/warhammer-4-starter-set\/\">revue du \u00ab\u00a0Starter Set\u00a0\u00bb<\/a><\/li>\n\n\n\n<li>Une revue de la r\u00e9-\u00e9dition de <a href=\"https:\/\/www.lahiette.com\/leratierbretonnien\/2019\/11\/30\/la-re-edition-de-la-campagne-imperiale-v4\/\">l&rsquo;Ennemi Int\u00e9rieur et de son compagnon<\/a>.<\/li>\n\n\n\n<li>Quelque suppl\u00e9ments sur <a href=\"https:\/\/www.lahiette.com\/leratierbretonnien\/warhammer\/avis-sur-divers-supplement-wh4\/\">les b\u00e2timents du Reikland<\/a>.<\/li>\n\n\n\n<li>Rough Nigh &amp; Hard Days &#8211; A VENIR<\/li>\n\n\n\n<li>Ubersreik Adventures &#8211; A  VENIR<\/li>\n\n\n\n<li><a href=\"https:\/\/www.lahiette.com\/leratierbretonnien\/warhammer-4-aides-de-jeu\/\" data-type=\"page\" data-id=\"2006\">Aides de jeu sp\u00e9cifiques<\/a><\/li>\n<\/ul>\n\n\n\n<h3 class=\"wp-block-heading\">A l\u2019Aventure \u2013 1 \u2013 v4<\/h3>\n\n\n\n<ul class=\"wp-block-list\">\n<li>Premier test avec \u00ab\u00a0<a href=\"https:\/\/www.lahiette.com\/leratierbretonnien\/2019\/11\/21\/it-looks-coumd-kill\/\">It looks could kill<\/a>\u00ab\u00a0<\/li>\n\n\n\n<li>Et la suite <a href=\"https:\/\/www.lahiette.com\/leratierbretonnien\/campagne-imperial-warhammer-v4\/\">la Campagne Imp\u00e9riale v4 <\/a>(Aides de jeux et nombrex plans dans cette section)<\/li>\n<\/ul>\n\n\n\n<h3 class=\"wp-block-heading\">A l\u2019Aventure \u2013 2 \u2013 v4<\/h3>\n\n\n\n<ul class=\"wp-block-list\">\n<li>Une campagne autour d&rsquo;Ubersreik<a href=\"https:\/\/www.lahiette.com\/leratierbretonnien\/warhammer\/warhammer-4-cubicle-7\/ubersreik-adventures\/\"> purement sur FoundryVTT<\/a>, \u00e0 cause de l&rsquo;\u00e9loignement des joueurs. Nombreux plans dans cette section !<\/li>\n\n\n\n<li>Les cartes et aides de jeu pour <a href=\"https:\/\/www.lahiette.com\/leratierbretonnien\/warhammer\/warhammer-rough-night-and-hard-days\/\" data-type=\"page\" data-id=\"1947\">Rough Nights &amp; Hard Days<\/a>.<\/li>\n<\/ul>\n\n\n\n<h2 class=\"wp-block-heading\">Warhammer v2<\/h2>\n\n\n\n<ul class=\"wp-block-list\">\n<li><a href=\"https:\/\/www.lahiette.com\/leratierbretonnien\/warhammer\/seconde-edition\/\">La seconde \u00e9dition<\/a> : avec 15 ans de retard !<\/li>\n\n\n\n<li><a href=\"https:\/\/www.lahiette.com\/leratierbretonnien\/warhammer\/quelques-regles-personnelles\/\">R\u00e8gles locales<\/a> : o\u00f9 l&rsquo;auteur d\u00e9taille quelques petites r\u00e8gles additionnelles<\/li>\n\n\n\n<li><a href=\"https:\/\/www.lahiette.com\/leratierbretonnien\/warhammer\/un-peu-de-realite-economique\/\">Prix, tarifs et salaires<\/a> : o\u00f9 l&rsquo;on remet en question &#8211; encore ? &#8211; l&rsquo;\u00e9conomie imp\u00e9riale<\/li>\n<\/ul>\n\n\n\n<h3 class=\"wp-block-heading\">A l&rsquo;Aventure &#8211; 1 &#8211; v2<\/h3>\n\n\n\n<ul class=\"wp-block-list\">\n<li><a href=\"https:\/\/www.lahiette.com\/leratierbretonnien\/le-groupe-de-joueurs-et-personnages\/\">Les personnages et leur rencontre<\/a> : \u00a0\u00bbo\u00f9 l&rsquo;on d\u00e9couvre les personnages impliqu\u00e9s\u00a0\u00bb<\/li>\n\n\n\n<li><a href=\"https:\/\/www.lahiette.com\/leratierbretonnien\/warhammer\/mon-principe-et-je-suis-a-cheval-dessus\/\">Le principe de ma campagne<\/a> : \u00a0\u00bbo\u00f9 l&rsquo;auteur expose son grand principe (?) &#8211; Merci \u00e0 mes joueurs de ne PAS consulter cette section\u00a0\u00bb<\/li>\n\n\n\n<li><a href=\"https:\/\/www.lahiette.com\/leratierbretonnien\/warhammer\/recit-de-campagne\/\">R\u00e9cit de campagne<\/a> : \u00a0\u00bbo\u00f9 l&rsquo;on fait de la prose\u00a0\u00bb \u00a0\u00bb&rsquo;ATTENTION Ne cliquez ici que si vous \u00eates MJ \u00e0 Warhammer. B\u00e9a, Seb, Leti, Nina, Trouf, ne cliquez pas non plus !\u00a0\u00bb&rsquo;<\/li>\n<\/ul>\n\n\n\n<h3 class=\"wp-block-heading\">A l&rsquo;Aventure &#8211; 2 v2<\/h3>\n\n\n\n<p>En parall\u00e8le, voil\u00e0 que nous profitons de l&rsquo;\u00e9t\u00e9 2016 pour d\u00e9marrer en Bretonnie et jouer l&rsquo;assez bon &#8211; je trouve &#8211; \u00ab\u00a0<a href=\"https:\/\/www.lahiette.com\/leratierbretonnien\/warhammer\/enfer-et-damnation-voici-le-moussillon\/\">Duch\u00e9 des damn\u00e9s<\/a>\u00ab\u00a0.<\/p>\n","protected":false},"excerpt":{"rendered":"<p>Warhammer et moi Articles et Aides de jeu multi-versions Warhammer v4 A l\u2019Aventure \u2013 1 \u2013 v4 A l\u2019Aventure \u2013 2 \u2013 v4 Warhammer v2 A l&rsquo;Aventure &#8211; 1 &#8211; v2 A l&rsquo;Aventure &#8211; 2 v2 En parall\u00e8le, voil\u00e0 que &hellip; <a href=\"https:\/\/www.lahiette.com\/leratierbretonnien\/warhammer\/\">Continuer la lecture <span class=\"meta-nav\">&rarr;<\/span><\/a><\/p>\n","protected":false},"author":1,"featured_media":0,"parent":0,"menu_order":0,"comment_status":"open","ping_status":"closed","template":"","meta":{"footnotes":""},"class_list":["post-15","page","type-page","status-publish","hentry"],"_links":{"self":[{"href":"https:\/\/www.lahiette.com\/leratierbretonnien\/wp-json\/wp\/v2\/pages\/15","targetHints":{"allow":["GET"]}}],"collection":[{"href":"https:\/\/www.lahiette.com\/leratierbretonnien\/wp-json\/wp\/v2\/pages"}],"about":[{"href":"https:\/\/www.lahiette.com\/leratierbretonnien\/wp-json\/wp\/v2\/types\/page"}],"author":[{"embeddable":true,"href":"https:\/\/www.lahiette.com\/leratierbretonnien\/wp-json\/wp\/v2\/users\/1"}],"replies":[{"embeddable":true,"href":"https:\/\/www.lahiette.com\/leratierbretonnien\/wp-json\/wp\/v2\/comments?post=15"}],"version-history":[{"count":46,"href":"https:\/\/www.lahiette.com\/leratierbretonnien\/wp-json\/wp\/v2\/pages\/15\/revisions"}],"predecessor-version":[{"id":2983,"href":"https:\/\/www.lahiette.com\/leratierbretonnien\/wp-json\/wp\/v2\/pages\/15\/revisions\/2983"}],"wp:attachment":[{"href":"https:\/\/www.lahiette.com\/leratierbretonnien\/wp-json\/wp\/v2\/media?parent=15"}],"curies":[{"name":"wp","href":"https:\/\/api.w.org\/{rel}","templated":true}]}}