{"id":1490,"date":"2020-05-01T17:01:02","date_gmt":"2020-05-01T15:01:02","guid":{"rendered":"http:\/\/www.lahiette.com\/leratierbretonnien\/?page_id=1490"},"modified":"2020-06-05T10:02:08","modified_gmt":"2020-06-05T08:02:08","slug":"foundryvtt-warhammer-v4","status":"publish","type":"page","link":"https:\/\/www.lahiette.com\/leratierbretonnien\/warhammer\/table-virtuelles-de-jdr\/foundryvtt-warhammer-v4\/","title":{"rendered":"FoundryVTT + Warhammer v4"},"content":{"rendered":"\n<p><strong>Qu&rsquo;est ce que FoundryVTT?<\/strong><\/p>\n\n\n\n<p>Bon ben dans ce cas, c&rsquo;est la mauvaise page. <a href=\"https:\/\/www.lahiette.com\/leratierbretonnien\/2020\/04\/18\/une-faq-en-francais-sur-founrdyvtt\/\">Va l\u00e0<\/a>.<\/p>\n\n\n\n<p><strong>J&rsquo;ai install\u00e9 Foundry. Que faut-il de plus pour avoir Warhammer 4 en Fran\u00e7ais ?<\/strong><\/p>\n\n\n\n<p>Il faut installer : <\/p>\n\n\n\n<ul class=\"wp-block-list\"><li>La traduction fran\u00e7aise du \u00ab\u00a0core\u00a0\u00bb de Foundry (https:\/\/gitlab.com\/baktov.sugar\/foundryvtt-lang-fr-fr\/raw\/master\/fr-FR\/module.json )<\/li><li>Le syst\u00e8me Warhammer v4 (<code>https:\/\/raw.githubusercontent.com\/CatoThe1stElder\/WFRP-4th-Edition-FoundryVTT\/stable\/system.json<\/code>)<\/li><li>Le module Babele (https:\/\/gitlab.com\/riccisi\/foundryvtt-babele\/raw\/master\/module\/module.json)<\/li><li>Mon module de traduction ( https:\/\/gitlab.com\/LeRatierBretonnien\/foundryvtt-wh4-lang-fr-fr )<\/li><\/ul>\n\n\n\n<p>Ces modules sont officiels, il suffit de les chercher  dans l&rsquo;interface de configuration de Foundry.<\/p>\n\n\n\n<p><strong>Est-ce qu&rsquo;il y a d&rsquo;autres modules utiles ?<\/strong><\/p>\n\n\n\n<p>A titre personnel, voici ce que j&rsquo;utilise : <\/p>\n\n\n\n<ul class=\"wp-block-list\"><li>AboutTime + Calendar\/Weather : cela permet d&rsquo;avoir le calendrier imp\u00e9rial. A saisir \u00e0 la main pour l&rsquo;instant, car pas de possibilit\u00e9s d&rsquo;import\/export.<\/li><li>Pings : Pour se \u00ab\u00a0pinguer\u00a0\u00bb sur les lieux et les cartes (ie indiquer une position aux joueurs ou au MJ).<\/li><li>Furnace : Je l&rsquo;utilise pas sp\u00e9cialement, en fait, mais le module \u00ab\u00a0GM Toolkit\u00a0\u00bb ci-dessous en  a besoin.<\/li><li>GM Toolkit (https:\/\/github.com\/Jagusti\/fvtt-wfrp4e-gmtoolkit) : Etend et am\u00e9liore l&rsquo;affichage des tokens et fournis des macros tr\u00e8s utiles.<\/li><li>DungeonDraft Importer : Je suis un grand fan de l&rsquo;outil <a href=\"https:\/\/dungeondraft.net\/\">DungeonDraft<\/a>, et ce module permet d&rsquo;importer directement les plans, en gardant les m\u00e9tadatas, c&rsquo;est \u00e0 dire les murs, portes, \u00e9clairages, etc. G\u00e9nial !<\/li><li>FXMaster : Pour ajouter quelques effets sympathiques sur les cartes (nuages, pluie, neige, etc). Pas indispensable, honn\u00eatement, mais fait son petit effet.<\/li><\/ul>\n\n\n\n<p><strong>Qu&rsquo;est-ce qu&rsquo;apporte le syst\u00e8me Warhammer 4?<\/strong><\/p>\n\n\n\n<p>Outre la gestion des feuilles de personnage et tout les m\u00e9canismes de base de FoundryVTT, le syst\u00e8me d\u00e9velopp\u00e9 par MooMan offre des automatisations tr\u00e8s confortables : <\/p>\n\n\n\n<ul class=\"wp-block-list\"><li>commande \/table &lt;nom_de_table&gt; pour effectuer un tirage sur une des tables pr\u00e9-enregistr\u00e9es (critiques, maladies, destin\u00e9e, etc, etc. Tapez tout simplement \/table pou en avoir la liste,<\/li><li>commande \/cond &lt;conditions&gt; pour avoir le d\u00e9tail d&rsquo;un \u00e9tat (assom\u00e9, en flammes, &#8230;),<\/li><li>commande \/pay &lt;somme&gt; pour r\u00e9clamer de l&rsquo;argent aux joueurs (\/pay pour avoir la syntaxe),<\/li><li>commande \/avail &lt;disponibilit\u00e9&gt; pour tirer al\u00e9atoirement la disponibilit\u00e9 d&rsquo;un objet (\/avail pour avoir la syntaxe),<\/li><li>commande \/help pour obtenir l&rsquo;aide int\u00e9gr\u00e9e des commandes disponibles,<\/li><li>gestion des points de fortune et des sombres pactes : un clique droit sur la fiche d&rsquo;un d&rsquo;un joueur lui permet de d\u00e9rouler un sous-menu affichant les options possibles,<\/li><li>gestion de l&rsquo;initiative selon les 3 modes propos\u00e9s par le livre de r\u00e8gle,<\/li><li>gestion int\u00e9grale de tout les atouts et d\u00e9fauts d&rsquo;armes,<\/li><li>gestion semi-automatique des avantages en combat,<\/li><li>gestion automatique des dommages, blessures, points d&rsquo;armure et localisation,<\/li><li>gestion compl\u00e8te <strong>des tests oppos\u00e9s en combat<\/strong> !,<\/li><li>gestion automatique des capacit\u00e9s de certains talents,<\/li><li>compendium complet des carri\u00e8res, traits, objets, sorts, pri\u00e8res, comp\u00e9tences, talents, blessures et critiques, avec naturellement la possibilit\u00e9 de cr\u00e9er les v\u00f4tres,<\/li><li>g\u00e9n\u00e9ration automatique de PNJ\/Cr\u00e9atures,<\/li><li>assistance \u00e0 la cr\u00e9ation de personnages,<\/li><li>gestion des munitions des armes de tir, <\/li><li>gestion automatique des nuits de repos,<\/li><li>et j&rsquo;en oublie probablement !<\/li><\/ul>\n\n\n\n<p><strong>OK, super, mais comment j&rsquo;apprends \u00e0 me servir de tout \u00e7a ?<\/strong><\/p>\n\n\n\n<p>Je vous conseille fortement de prendre 20 minutes de votre temps pour regarder les 3 vid\u00e9os de MooMan concernant le syst\u00e8me : <a href=\"https:\/\/www.youtube.com\/watch?v=-CthIoE9o2E\">https:\/\/www.youtube.com\/watch?v=-CthIoE9o2E<\/a> , <a href=\"https:\/\/www.youtube.com\/watch?v=XMEJt5OB4Bc\">https:\/\/www.youtube.com\/watch?v=XMEJt5OB4Bc<\/a> et <a href=\"https:\/\/youtu.be\/HMjXCLDDfWE\">https:\/\/youtu.be\/HMjXCLDDfWE<\/a> <\/p>\n\n\n\n<p>Citons \u00e9galement cette vid\u00e9o : <a href=\"https:\/\/www.youtube.com\/watch?v=LnzWaDKNUPE \">https:\/\/www.youtube.com\/watch?v=LnzWaDKNUPE <\/a><\/p>\n\n\n\n<p>Oui, je sais, ces vid\u00e9os sont en Anglais, mais l&rsquo;auteur fait un effort pour parler tr\u00e8s lentement et distinctement. Je vous recommande d&rsquo;y jeter un oeil \ud83d\ude42<\/p>\n\n\n\n<p>La lecture du Wiki du syst\u00e8me peut \u00e9galement donner des pr\u00e9cisions bien utiles : <a href=\"https:\/\/github.com\/CatoThe1stElder\/WFRP-4th-Edition-FoundryVTT\/wiki \">https:\/\/github.com\/CatoThe1stElder\/WFRP-4th-Edition-FoundryVTT\/wiki <\/a> et <a href=\"https:\/\/github.com\/CatoThe1stElder\/WFRP-4th-Edition-FoundryVTT\/wiki\/FAQ\">https:\/\/github.com\/CatoThe1stElder\/WFRP-4th-Edition-FoundryVTT\/wiki\/FAQ<\/a> <\/p>\n\n\n\n<p>Si vous avez un souci ensuite, rendez-vous sur le channel #wfrp du <a href=\"https:\/\/discordapp.com\/invite\/DDBZUDf\">Discord de Foundry<\/a>. De nombreux utilisateurs &#8211; y compris francophones &#8211; sauront probablement vous r\u00e9pondre.<\/p>\n\n\n\n<p><strong>Comment je mets une carri\u00e8re\/objet\/comp\u00e9tences\/talents\/&#8230; \u00e0 un personnage ?<\/strong><\/p>\n\n\n\n<p>La quasi-totalit\u00e9 des op\u00e9rations fonctionnent par glisser-d\u00e9placer : si vous voulez par exemple placer une carri\u00e8re sur un personnage, ouvre le compendium \u00ab\u00a0Carri\u00e8res\u00a0\u00bb, s\u00e9lectionnez la carri\u00e8re\/niveau, puis faites la glisser sur la fiche. Hop ! Idem pour les objets, sorts, pri\u00e8res, etc.<\/p>\n\n\n\n<p><strong>Comment obtenir le calendrier imp\u00e9rial ?<\/strong><\/p>\n\n\n\n<p>Il faut installer les modules AboutTime et Calendar\/Weather : ces sont des modules officiels, il suffit de les chercher dans l&rsquo;interface d&rsquo;installation des modules. Une fois install\u00e9, activez les dans votre monde, puis allez \u00e9diter les param\u00e8tres des modules. Dans la section AboutTime, s\u00e9lctionnez \u00ab\u00a0Warhammer\u00a0\u00bb dans l&rsquo;item \u00ab\u00a0Active calendar\u00a0\u00bb. Ensuite, dans le widget du calendrier, cliquez sur la date pour ouvrir la fen\u00eatre de configuration. Cliquez ensuite sur le bouton \u00ab\u00a0Charger le calendrier par d\u00e9faut\u00a0\u00bb afin de charger le calendrier imp\u00e9rial !<\/p>\n\n\n\n<p><strong>Comment faire un combat ?<\/strong><\/p>\n\n\n\n<p>Les vid\u00e9os de d\u00e9monstration list\u00e9es plus-haut peuvent vous \u00eatre utiles, mais voici quelques \u00e9tapes : <\/p>\n\n\n\n<ul class=\"wp-block-list\"><li>Placez les tokens sur la carte, s\u00e9lectionnez les puis placez les tous en \u00ab\u00a0combat\u00a0\u00bb (clique sur le \u00ab\u00a0bouclier\u00a0\u00bb des icones \u00e0 c\u00f4t\u00e9 des tokens)<\/li><li>l&rsquo;ensemble des acteurs apparaissent alors dans le \u00ab\u00a0combat tracker\u00a0\u00bb dans la barre de contr\u00f4le \u00e0 droite. Cliquez sur \u00ab\u00a0D\u00e9marrez le combat\u00a0\u00bb<\/li><li>les joueurs peuvent venir alors tirer leur initiative en cliquant sur le d\u00e9 affich\u00e9. Faites de m\u00eame pour les PNJs. S\u00e9lectionnez le premier \u00e0 agir, si ce n&rsquo;est pas fait automatiquement.<\/li><li>Pour r\u00e9aliser une action d&rsquo;attaque, le joueur doit cibler un token : clique droit sur un token adverse, puis selection de l&rsquo;ic\u00f4ne \u00ab\u00a0cible\u00a0\u00bb. Le joueur peut alors faire attaquer son personnage, en g\u00e9n\u00e9ral en cliquant sur l&rsquo;arme choisie, dans l&rsquo;onglet \u00ab\u00a0Combat (et pas sur la comp\u00e9tence). Je fois le jet r\u00e9alis\u00e9, le MJ peut faire le test oppos\u00e9 du d\u00e9fenseur en cliquant par exemple soit sur sont arme (parade), soit sur esquive. Comme la cible a \u00e9t\u00e9 selectionn\u00e9e, le test oppos\u00e9 est automatiquement r\u00e9solu. Si des dommages sont \u00e0 appliquer, il suffit de cliquer avec le bouton droit sur le r\u00e9sultat du test oppos\u00e9 pour faire appara\u00eetre le menu des dommages.<\/li><li>Dans le cas d&rsquo;un PNJ attaquant un PJ, il suffit d&rsquo;appliquer le principe ci-dessus, en inversant les r\u00f4les.<\/li><\/ul>\n","protected":false},"excerpt":{"rendered":"<p>Qu&rsquo;est ce que FoundryVTT? Bon ben dans ce cas, c&rsquo;est la mauvaise page. Va l\u00e0. J&rsquo;ai install\u00e9 Foundry. Que faut-il de plus pour avoir Warhammer 4 en Fran\u00e7ais ? Il faut installer : La traduction fran\u00e7aise du \u00ab\u00a0core\u00a0\u00bb de Foundry &hellip; <a href=\"https:\/\/www.lahiette.com\/leratierbretonnien\/warhammer\/table-virtuelles-de-jdr\/foundryvtt-warhammer-v4\/\">Continuer la lecture <span class=\"meta-nav\">&rarr;<\/span><\/a><\/p>\n","protected":false},"author":1,"featured_media":0,"parent":1297,"menu_order":0,"comment_status":"open","ping_status":"closed","template":"","meta":{"footnotes":""},"class_list":["post-1490","page","type-page","status-publish","hentry"],"_links":{"self":[{"href":"https:\/\/www.lahiette.com\/leratierbretonnien\/wp-json\/wp\/v2\/pages\/1490","targetHints":{"allow":["GET"]}}],"collection":[{"href":"https:\/\/www.lahiette.com\/leratierbretonnien\/wp-json\/wp\/v2\/pages"}],"about":[{"href":"https:\/\/www.lahiette.com\/leratierbretonnien\/wp-json\/wp\/v2\/types\/page"}],"author":[{"embeddable":true,"href":"https:\/\/www.lahiette.com\/leratierbretonnien\/wp-json\/wp\/v2\/users\/1"}],"replies":[{"embeddable":true,"href":"https:\/\/www.lahiette.com\/leratierbretonnien\/wp-json\/wp\/v2\/comments?post=1490"}],"version-history":[{"count":19,"href":"https:\/\/www.lahiette.com\/leratierbretonnien\/wp-json\/wp\/v2\/pages\/1490\/revisions"}],"predecessor-version":[{"id":1712,"href":"https:\/\/www.lahiette.com\/leratierbretonnien\/wp-json\/wp\/v2\/pages\/1490\/revisions\/1712"}],"up":[{"embeddable":true,"href":"https:\/\/www.lahiette.com\/leratierbretonnien\/wp-json\/wp\/v2\/pages\/1297"}],"wp:attachment":[{"href":"https:\/\/www.lahiette.com\/leratierbretonnien\/wp-json\/wp\/v2\/media?parent=1490"}],"curies":[{"name":"wp","href":"https:\/\/api.w.org\/{rel}","templated":true}]}}