{"id":148,"date":"2018-03-20T23:01:36","date_gmt":"2018-03-20T22:01:36","guid":{"rendered":"http:\/\/www.lahiette.com\/leratierbretonnien\/?page_id=148"},"modified":"2020-09-15T19:59:55","modified_gmt":"2020-09-15T17:59:55","slug":"da-factions","status":"publish","type":"page","link":"https:\/\/www.lahiette.com\/leratierbretonnien\/wargames-figurines\/draculas-america\/da-factions\/","title":{"rendered":"DA : Factions"},"content":{"rendered":"<p>Nos factions :<\/p>\n<div id=\"attachment_100\" style=\"width: 605px\" class=\"wp-caption aligncenter\"><a href=\"https:\/\/www.lahiette.com\/leratierbretonnien\/wp-content\/uploads\/2018\/02\/confedere_02.jpg\"><img loading=\"lazy\" decoding=\"async\" aria-describedby=\"caption-attachment-100\" class=\"wp-image-100\" src=\"https:\/\/www.lahiette.com\/leratierbretonnien\/wp-content\/uploads\/2018\/02\/confedere_02-300x119.jpg\" alt=\"\" width=\"595\" height=\"236\" srcset=\"https:\/\/www.lahiette.com\/leratierbretonnien\/wp-content\/uploads\/2018\/02\/confedere_02-300x119.jpg 300w, https:\/\/www.lahiette.com\/leratierbretonnien\/wp-content\/uploads\/2018\/02\/confedere_02-768x304.jpg 768w, https:\/\/www.lahiette.com\/leratierbretonnien\/wp-content\/uploads\/2018\/02\/confedere_02-1024x405.jpg 1024w, https:\/\/www.lahiette.com\/leratierbretonnien\/wp-content\/uploads\/2018\/02\/confedere_02.jpg 1920w\" sizes=\"auto, (max-width: 595px) 100vw, 595px\" \/><\/a><p id=\"caption-attachment-100\" class=\"wp-caption-text\">Les conf\u00e9d\u00e9r\u00e9s, version zombis&#8230;<\/p><\/div>\n<p>\u00a0<\/p>\n<div id=\"attachment_99\" style=\"width: 634px\" class=\"wp-caption aligncenter\"><a href=\"https:\/\/www.lahiette.com\/leratierbretonnien\/wp-content\/uploads\/2018\/02\/confedere_01.jpg\"><img loading=\"lazy\" decoding=\"async\" aria-describedby=\"caption-attachment-99\" class=\"wp-image-99\" src=\"https:\/\/www.lahiette.com\/leratierbretonnien\/wp-content\/uploads\/2018\/02\/confedere_01-300x112.jpg\" alt=\"\" width=\"624\" height=\"233\" srcset=\"https:\/\/www.lahiette.com\/leratierbretonnien\/wp-content\/uploads\/2018\/02\/confedere_01-300x112.jpg 300w, https:\/\/www.lahiette.com\/leratierbretonnien\/wp-content\/uploads\/2018\/02\/confedere_01-768x286.jpg 768w, https:\/\/www.lahiette.com\/leratierbretonnien\/wp-content\/uploads\/2018\/02\/confedere_01-1024x382.jpg 1024w, https:\/\/www.lahiette.com\/leratierbretonnien\/wp-content\/uploads\/2018\/02\/confedere_01.jpg 1920w\" sizes=\"auto, (max-width: 624px) 100vw, 624px\" \/><\/a><p id=\"caption-attachment-99\" class=\"wp-caption-text\">Toujours des conf\u00e9d\u00e9r\u00e9s<\/p><\/div>\n<p>\u00a0<\/p>\n<div id=\"attachment_98\" style=\"width: 642px\" class=\"wp-caption aligncenter\"><a href=\"https:\/\/www.lahiette.com\/leratierbretonnien\/wp-content\/uploads\/2018\/02\/cabale_02.jpg\"><img loading=\"lazy\" decoding=\"async\" aria-describedby=\"caption-attachment-98\" class=\"wp-image-98\" src=\"https:\/\/www.lahiette.com\/leratierbretonnien\/wp-content\/uploads\/2018\/02\/cabale_02-300x114.jpg\" alt=\"\" width=\"632\" height=\"240\" srcset=\"https:\/\/www.lahiette.com\/leratierbretonnien\/wp-content\/uploads\/2018\/02\/cabale_02-300x114.jpg 300w, https:\/\/www.lahiette.com\/leratierbretonnien\/wp-content\/uploads\/2018\/02\/cabale_02-768x293.jpg 768w, https:\/\/www.lahiette.com\/leratierbretonnien\/wp-content\/uploads\/2018\/02\/cabale_02-1024x390.jpg 1024w, https:\/\/www.lahiette.com\/leratierbretonnien\/wp-content\/uploads\/2018\/02\/cabale_02.jpg 1920w\" sizes=\"auto, (max-width: 632px) 100vw, 632px\" \/><\/a><p id=\"caption-attachment-98\" class=\"wp-caption-text\">La cabale de la main rouge, 1<\/p><\/div>\n<p>\u00a0<\/p>\n<div id=\"attachment_97\" style=\"width: 659px\" class=\"wp-caption alignnone\"><a href=\"https:\/\/www.lahiette.com\/leratierbretonnien\/wp-content\/uploads\/2018\/02\/cabale_01.jpg\"><img loading=\"lazy\" decoding=\"async\" aria-describedby=\"caption-attachment-97\" class=\"wp-image-97\" src=\"https:\/\/www.lahiette.com\/leratierbretonnien\/wp-content\/uploads\/2018\/02\/cabale_01-300x122.jpg\" alt=\"\" width=\"649\" height=\"264\" srcset=\"https:\/\/www.lahiette.com\/leratierbretonnien\/wp-content\/uploads\/2018\/02\/cabale_01-300x122.jpg 300w, https:\/\/www.lahiette.com\/leratierbretonnien\/wp-content\/uploads\/2018\/02\/cabale_01-768x311.jpg 768w, https:\/\/www.lahiette.com\/leratierbretonnien\/wp-content\/uploads\/2018\/02\/cabale_01-1024x415.jpg 1024w, https:\/\/www.lahiette.com\/leratierbretonnien\/wp-content\/uploads\/2018\/02\/cabale_01.jpg 1920w\" sizes=\"auto, (max-width: 649px) 100vw, 649px\" \/><\/a><p id=\"caption-attachment-97\" class=\"wp-caption-text\">La cabale de la main rouge, 2<\/p><\/div>\n\n\n<figure class=\"wp-block-image is-resized\"><a href=\"https:\/\/www.lahiette.com\/leratierbretonnien\/wp-content\/uploads\/2018\/11\/ordre_crepuscule-e1542660930977.jpg\" target=\"_blank\" rel=\"noreferrer noopener\"><img loading=\"lazy\" decoding=\"async\" src=\"https:\/\/www.lahiette.com\/leratierbretonnien\/wp-content\/uploads\/2018\/11\/ordre_crepuscule-1024x346.jpg\" alt=\"\" class=\"wp-image-470\" width=\"768\" height=\"260\"\/><\/a><figcaption>L&rsquo;ordre Cr\u00e9pusculaire<\/figcaption><\/figure>\n\n\n\n<figure class=\"wp-block-image is-resized\"><a href=\"https:\/\/www.lahiette.com\/leratierbretonnien\/wp-content\/uploads\/2018\/11\/black_purple_covent.jpg-e1543062813449.png\"><img loading=\"lazy\" decoding=\"async\" src=\"https:\/\/www.lahiette.com\/leratierbretonnien\/wp-content\/uploads\/2018\/11\/black_purple_covent.jpg-1024x242.png\" alt=\"Black Purple Covent\" class=\"wp-image-483\" width=\"768\" height=\"182\"\/><\/a><figcaption>Black Purple Covent<\/figcaption><\/figure>\n","protected":false},"excerpt":{"rendered":"<p>Nos factions : \u00a0 \u00a0 \u00a0<\/p>\n","protected":false},"author":1,"featured_media":0,"parent":120,"menu_order":0,"comment_status":"open","ping_status":"closed","template":"","meta":{"footnotes":""},"class_list":["post-148","page","type-page","status-publish","hentry"],"_links":{"self":[{"href":"https:\/\/www.lahiette.com\/leratierbretonnien\/wp-json\/wp\/v2\/pages\/148","targetHints":{"allow":["GET"]}}],"collection":[{"href":"https:\/\/www.lahiette.com\/leratierbretonnien\/wp-json\/wp\/v2\/pages"}],"about":[{"href":"https:\/\/www.lahiette.com\/leratierbretonnien\/wp-json\/wp\/v2\/types\/page"}],"author":[{"embeddable":true,"href":"https:\/\/www.lahiette.com\/leratierbretonnien\/wp-json\/wp\/v2\/users\/1"}],"replies":[{"embeddable":true,"href":"https:\/\/www.lahiette.com\/leratierbretonnien\/wp-json\/wp\/v2\/comments?post=148"}],"version-history":[{"count":9,"href":"https:\/\/www.lahiette.com\/leratierbretonnien\/wp-json\/wp\/v2\/pages\/148\/revisions"}],"predecessor-version":[{"id":2002,"href":"https:\/\/www.lahiette.com\/leratierbretonnien\/wp-json\/wp\/v2\/pages\/148\/revisions\/2002"}],"up":[{"embeddable":true,"href":"https:\/\/www.lahiette.com\/leratierbretonnien\/wp-json\/wp\/v2\/pages\/120"}],"wp:attachment":[{"href":"https:\/\/www.lahiette.com\/leratierbretonnien\/wp-json\/wp\/v2\/media?parent=148"}],"curies":[{"name":"wp","href":"https:\/\/api.w.org\/{rel}","templated":true}]}}