{"id":1464,"date":"2020-04-25T18:15:23","date_gmt":"2020-04-25T16:15:23","guid":{"rendered":"http:\/\/www.lahiette.com\/leratierbretonnien\/?page_id=1464"},"modified":"2024-10-03T16:41:38","modified_gmt":"2024-10-03T14:41:38","slug":"campagne-imperial-warhammer-v4","status":"publish","type":"page","link":"https:\/\/www.lahiette.com\/leratierbretonnien\/warhammer\/warhammer-4-cubicle-7\/campagne-imperial-warhammer-v4\/","title":{"rendered":"Campagne Imp\u00e9riale &#8211; Warhammer V4"},"content":{"rendered":"\n<p>Bon j&rsquo;avais dit que je la referais plus jouer, donc du coup voila \ud83d\ude42 ! Je ne vais pas faire le d\u00e9tail des aventures des PJs ici, par manque de temps. Par contre, un joueur r\u00e9dige un journal de bord, que je posterais d\u00e8s que je pourrais l&rsquo;extraire\/r\u00e9cup\u00e9rer (du coup disponible ci-dessous). Nous jouons habituellement sur table, mais le confinement de 2020 nous a fait temporairement basculer en ligne. La campagne se joue d&rsquo;ailleurs d\u00e9sormais en parti en ligne et en partie autour d&rsquo;une vraie table, avec de la vraie bi\u00e8re. Et lors de ces parties sur table, j&rsquo;utilise d\u00e9sormais FoundryVTT comme assistant, avec un \u00e9cran tourn\u00e9 vers les joueurs (cf ici <a href=\"https:\/\/www.lahiette.com\/leratierbretonnien\/foundryvtt-pour-table-reelle\/\" data-type=\"page\" data-id=\"1791\">FoundryVTT pour table r\u00e9elle<\/a> ).<\/p>\n\n\n<div class=\"wp-block-image is-resized\">\n<figure class=\"aligncenter size-large\"><img loading=\"lazy\" decoding=\"async\" width=\"1024\" height=\"878\" src=\"https:\/\/www.lahiette.com\/leratierbretonnien\/wp-content\/uploads\/2020\/05\/warehouse_ground-1024x878.jpg\" alt=\"\" class=\"wp-image-1625\" srcset=\"https:\/\/www.lahiette.com\/leratierbretonnien\/wp-content\/uploads\/2020\/05\/warehouse_ground-1024x878.jpg 1024w, https:\/\/www.lahiette.com\/leratierbretonnien\/wp-content\/uploads\/2020\/05\/warehouse_ground-300x257.jpg 300w, https:\/\/www.lahiette.com\/leratierbretonnien\/wp-content\/uploads\/2020\/05\/warehouse_ground-768x658.jpg 768w, https:\/\/www.lahiette.com\/leratierbretonnien\/wp-content\/uploads\/2020\/05\/warehouse_ground-1536x1317.jpg 1536w, https:\/\/www.lahiette.com\/leratierbretonnien\/wp-content\/uploads\/2020\/05\/warehouse_ground.jpg 1792w\" sizes=\"auto, (max-width: 1024px) 100vw, 1024px\" \/><\/figure>\n<\/div>\n\n\n<p>Vous trouverez ici des ressources diverses utilis\u00e9es pendant ma campagne. Notez que quelques variations sont apport\u00e9es par rapport aux sc\u00e9narios originaux, afin de coller aux motivations des personnages et des joueurs, notamment la trame du trafic d&rsquo;enfants de la Main Pourpre, qui est mentionn\u00e9e r\u00e9guli\u00e8rement dans le r\u00e9cit de campagne ci-dessous.<\/p>\n\n\n\n<p><a href=\"https:\/\/www.lahiette.com\/leratierbretonnien\/warhammer\/la-campagne-imperiale\/campagne-imperiale-adpatations\/\" data-type=\"page\" data-id=\"2274\">Mes adaptations\/modifications,<\/a> si \u00e7a peut servir<\/p>\n\n\n\n<h2 class=\"wp-block-heading\"><strong>La Campagne Imp\u00e9riale racont\u00e9e &#8230;. de l&rsquo;int\u00e9rieur, par Sorsha<\/strong> :<\/h2>\n\n\n\n<p><strong>Le r\u00e9cit de campagne, Livre 1 et 2<\/strong> (ie Ennemi Int\u00e9rieur + Mort sur le Reik d&rsquo;un point de vur du MJ) : <\/p>\n\n\n\n<div data-wp-interactive=\"core\/file\" class=\"wp-block-file\"><object data-wp-bind--hidden=\"!state.hasPdfPreview\" hidden class=\"wp-block-file__embed\" data=\"https:\/\/www.lahiette.com\/leratierbretonnien\/wp-content\/uploads\/2024\/10\/resume_campagne_livres_1_2.pdf\" type=\"application\/pdf\" style=\"width:100%;height:600px\" aria-label=\"Contenu embarqu\u00e9 resume_campagne_livres_1_2.\"><\/object><a id=\"wp-block-file--media-5afa8572-bc90-412f-ac5d-9202f78f8ecb\" href=\"https:\/\/www.lahiette.com\/leratierbretonnien\/wp-content\/uploads\/2024\/10\/resume_campagne_livres_1_2.pdf\">resume_campagne_livres_1_2<\/a><a href=\"https:\/\/www.lahiette.com\/leratierbretonnien\/wp-content\/uploads\/2024\/10\/resume_campagne_livres_1_2.pdf\" class=\"wp-block-file__button wp-element-button\" download aria-describedby=\"wp-block-file--media-5afa8572-bc90-412f-ac5d-9202f78f8ecb\">T\u00e9l\u00e9charger<\/a><\/div>\n\n\n\n<p>Et son impression : <\/p>\n\n\n<div class=\"wp-block-image\">\n<figure class=\"aligncenter size-large is-resized\"><img loading=\"lazy\" decoding=\"async\" width=\"768\" height=\"1024\" src=\"https:\/\/www.lahiette.com\/leratierbretonnien\/wp-content\/uploads\/2024\/10\/photo_livre_imprime-768x1024.jpeg\" alt=\"\" class=\"wp-image-3073\" style=\"width:473px;height:auto\" srcset=\"https:\/\/www.lahiette.com\/leratierbretonnien\/wp-content\/uploads\/2024\/10\/photo_livre_imprime-768x1024.jpeg 768w, https:\/\/www.lahiette.com\/leratierbretonnien\/wp-content\/uploads\/2024\/10\/photo_livre_imprime-225x300.jpeg 225w, https:\/\/www.lahiette.com\/leratierbretonnien\/wp-content\/uploads\/2024\/10\/photo_livre_imprime-1152x1536.jpeg 1152w, https:\/\/www.lahiette.com\/leratierbretonnien\/wp-content\/uploads\/2024\/10\/photo_livre_imprime.jpeg 1536w\" sizes=\"auto, (max-width: 768px) 100vw, 768px\" \/><\/figure>\n<\/div>\n\n\n<h2 class=\"wp-block-heading\"><strong>Aides de jeu diverses<\/strong><\/h2>\n\n\n\n<p><strong>Documents<\/strong>\/<strong>Aides de jeu pour <a href=\"https:\/\/www.lahiette.com\/leratierbretonnien\/aides-de-jeu-ennemi-interieurombres-sur-bogenhafen\/\">Erreur sur la Personne et Ombres sur Bogenhafen<\/a><\/strong>  <\/p>\n\n\n\n<p><strong>Plans et cartes pour <a href=\"https:\/\/www.lahiette.com\/leratierbretonnien\/plans-et-cartes-esp-et-ombres-sur-bogenhafen\/\">Erreur sur la Personne et Ombres sur Bogenhafen<\/a> <\/strong><\/p>\n\n\n\n<p class=\"has-text-align-left\"><strong>Plans et cartes pour <a href=\"https:\/\/www.lahiette.com\/leratierbretonnien\/plans-et-cartes-pour-mort-sur-le-reik\/\">Mort sur le Reik<\/a><\/strong><\/p>\n","protected":false},"excerpt":{"rendered":"<p>Bon j&rsquo;avais dit que je la referais plus jouer, donc du coup voila \ud83d\ude42 ! Je ne vais pas faire le d\u00e9tail des aventures des PJs ici, par manque de temps. Par contre, un joueur r\u00e9dige un journal de bord, &hellip; <a href=\"https:\/\/www.lahiette.com\/leratierbretonnien\/warhammer\/warhammer-4-cubicle-7\/campagne-imperial-warhammer-v4\/\">Continuer la lecture <span class=\"meta-nav\">&rarr;<\/span><\/a><\/p>\n","protected":false},"author":1,"featured_media":0,"parent":310,"menu_order":0,"comment_status":"open","ping_status":"closed","template":"","meta":{"footnotes":""},"class_list":["post-1464","page","type-page","status-publish","hentry"],"_links":{"self":[{"href":"https:\/\/www.lahiette.com\/leratierbretonnien\/wp-json\/wp\/v2\/pages\/1464","targetHints":{"allow":["GET"]}}],"collection":[{"href":"https:\/\/www.lahiette.com\/leratierbretonnien\/wp-json\/wp\/v2\/pages"}],"about":[{"href":"https:\/\/www.lahiette.com\/leratierbretonnien\/wp-json\/wp\/v2\/types\/page"}],"author":[{"embeddable":true,"href":"https:\/\/www.lahiette.com\/leratierbretonnien\/wp-json\/wp\/v2\/users\/1"}],"replies":[{"embeddable":true,"href":"https:\/\/www.lahiette.com\/leratierbretonnien\/wp-json\/wp\/v2\/comments?post=1464"}],"version-history":[{"count":82,"href":"https:\/\/www.lahiette.com\/leratierbretonnien\/wp-json\/wp\/v2\/pages\/1464\/revisions"}],"predecessor-version":[{"id":3078,"href":"https:\/\/www.lahiette.com\/leratierbretonnien\/wp-json\/wp\/v2\/pages\/1464\/revisions\/3078"}],"up":[{"embeddable":true,"href":"https:\/\/www.lahiette.com\/leratierbretonnien\/wp-json\/wp\/v2\/pages\/310"}],"wp:attachment":[{"href":"https:\/\/www.lahiette.com\/leratierbretonnien\/wp-json\/wp\/v2\/media?parent=1464"}],"curies":[{"name":"wp","href":"https:\/\/api.w.org\/{rel}","templated":true}]}}