{"id":1358,"date":"2020-04-16T18:20:09","date_gmt":"2020-04-16T16:20:09","guid":{"rendered":"http:\/\/www.lahiette.com\/leratierbretonnien\/?page_id=1358"},"modified":"2020-09-03T20:55:04","modified_gmt":"2020-09-03T18:55:04","slug":"faq-fr-de-foundryvtt","status":"publish","type":"page","link":"https:\/\/www.lahiette.com\/leratierbretonnien\/faq-fr-de-foundryvtt\/","title":{"rendered":"FAQ FR de FoundryVTT"},"content":{"rendered":"\n<figure class=\"wp-block-image size-large is-resized\"><img loading=\"lazy\" decoding=\"async\" src=\"https:\/\/www.lahiette.com\/leratierbretonnien\/wp-content\/uploads\/2020\/04\/Screenshot_20200416_185649-1024x501.jpg\" alt=\"\" class=\"wp-image-1378\" width=\"512\" height=\"251\" srcset=\"https:\/\/www.lahiette.com\/leratierbretonnien\/wp-content\/uploads\/2020\/04\/Screenshot_20200416_185649-1024x501.jpg 1024w, https:\/\/www.lahiette.com\/leratierbretonnien\/wp-content\/uploads\/2020\/04\/Screenshot_20200416_185649-300x147.jpg 300w, https:\/\/www.lahiette.com\/leratierbretonnien\/wp-content\/uploads\/2020\/04\/Screenshot_20200416_185649-768x376.jpg 768w, https:\/\/www.lahiette.com\/leratierbretonnien\/wp-content\/uploads\/2020\/04\/Screenshot_20200416_185649-1536x751.jpg 1536w, https:\/\/www.lahiette.com\/leratierbretonnien\/wp-content\/uploads\/2020\/04\/Screenshot_20200416_185649.jpg 1904w\" sizes=\"auto, (max-width: 512px) 100vw, 512px\" \/><figcaption><strong><em>Le B\u00e9r\u00e9b\u00e9li \u00e0 Quai \u00e0 Weissbruck..<\/em><\/strong>.<\/figcaption><\/figure>\n\n\n\n<p><strong>FoundryVTT, c&rsquo;est quoi ?<\/strong><\/p>\n\n\n\n<p><a href=\"https:\/\/foundryvtt.com\/\">FoundryVTT<\/a> est un logiciel permettant de jouer \u00e0 des jeux de r\u00f4les sur table en mode connect\u00e9. La table physique devient ainsi \u00ab\u00a0virtuelle\u00a0\u00bb, et le MJ et ses joueurs communiquent \u00e0 distance via micro et webcam. J&rsquo;explique mon choix de ce outil dans<a href=\"https:\/\/www.lahiette.com\/leratierbretonnien\/warhammer\/table-virtuelles-de-jdr\/\"> l&rsquo;article ici<\/a>. <\/p>\n\n\n\n<p><strong>OK, \u00e7a ressemble vachement \u00e0 Roll20<\/strong><\/p>\n\n\n\n<p>Oui, tout \u00e0 fait, c&rsquo;est dans la m\u00eame cat\u00e9gorie de logiciels. Il existe \u00e0 mon sens deux grandes cat\u00e9gories de logiciels de table virtuelles : les \u00ab\u00a0clients lourds\u00a0\u00bb et les applications webs. Les clients lourds sont des applications (des .exe quoi, pour les Windoziens) \u00e0 installer sur<strong> chaque<\/strong> poste des joueurs. Les applications Web n\u00e9cessitent un serveur (soit auto-h\u00e9berg\u00e9, soit h\u00e9berg\u00e9 par un tiers) et le MJ et les joueurs utilisent simplement un navigateur (Chrome conseill\u00e9) pour y acc\u00e9der. FoundryVTT  est dans la cat\u00e9gorie des applications web, comme Roll20 ou AstralTableTop.<\/p>\n\n\n\n<p><strong>Du coup c&rsquo;est quoi la diff\u00e9rence avec Roll20 ?<\/strong><\/p>\n\n\n\n<p>FoundryVTT a d\u00e9marr\u00e9 son d\u00e9veloppement notamment car l&rsquo;auteur principal ne trouvait pas son compte avec Roll20. Il a donc con\u00e7u FoundryVTT comme une plateforme g\u00e9n\u00e9rique de gestion de r\u00e8gles de JDR, quelle qu&rsquo;elles soient. Ainsi, tout syst\u00e8me de JDR est vu comme un plugin, \u00e0 installer en plus de Foundry. De plus, FoundryVTT offre une grande libert\u00e9 pour son installation et sa gestion : soit en local, soit en serveur priv\u00e9, soit encore en h\u00e9bergement tiers. J&rsquo;y reviendrais plus bas. Enfin, son mod\u00e8le de licence est ultra-simple et appr\u00e9ciable : vous achetez le logiciel, est c&rsquo;est \u00e0 vous une fois pour toute. Pas d&rsquo;abonnement, rien, nada. Vous achetez, et c&rsquo;est \u00e0 vous.<\/p>\n\n\n\n<p><strong>Tr\u00e8s bien, mais je vois que le truc est en b\u00eata, comment qu&rsquo;on l&rsquo;ach\u00e8te ?<\/strong><\/p>\n\n\n\n<p>A ce jour (10\/07\/2020), Foundry en version 0.6.5, achetable en 1 fois pour la somme de 60$. Une r\u00e9duction est appliqu\u00e9e pour les d\u00e9veloppeurs et les supporters de Patreon, bas\u00e9s sur la dur\u00e9e de support (le soft est gratuit au final pour les d\u00e9veloppeurs et ceux pr\u00e9sents depuis plus d&rsquo;1 an grosso-modo). <\/p>\n\n\n\n<p><strong>Putain,  60$ ?<\/strong><\/p>\n\n\n\n<p>C&rsquo;est peut-\u00eatre effectivement cher pour vous &#8211; et je peux le comprendre &#8211; mais pensez que \u00e7a correspond probablement \u00e0 3 ou 4 mois de votre abonnement de smartphone, et qu&rsquo;une fois cette somme d\u00e9pens\u00e9e, le soft est \u00e0 vous \u00e0 vie. Comparez \u00e9galement avec un abonnement en ligne d&rsquo;1 an chez Roll20 ou AstralTableTop. Enfin, pensez que vous allez pouvoir h\u00e9berger tous vos jeux sur une seule licence, et que vous n&rsquo;aurez que vos propres limites en mati\u00e8re de stockage de cartes, dessins, images, etc. Quand \u00e0 ceux qui, par principe, cherchent \u00e0 ne jamais d\u00e9penser quoi que ce soit, pour rien, et qui veulent toujours grappiller  le moindre bout de machin &#8211; et ce sont ceux qui curieusement sont \u00e9galement les plus exigeants &#8211; , et bien vous pouvez arr\u00eater de lire cette FAQ, l&rsquo;outil n&rsquo;est pas pour vous. Ce blog non plus, d&rsquo;ailleurs, pendant que j&rsquo;y pense \ud83d\ude42 !<\/p>\n\n\n\n<p><strong>60 $ ? Et les joueurs doivent payer aussi ?<\/strong><\/p>\n\n\n\n<p>Bon malgr\u00e9 le fait que la r\u00e9ponse \u00e0 cette question se trouve tout simplement en gros et gras \u00e0 plusieurs d&rsquo;endroits du site de Foundry, c&rsquo;est la question qui revient quasiment le plus souvent. Bref, je dirais RTFM. Donc, non bien s\u00fbr<strong> les joueurs ne payent pas<\/strong>. <strong>Une seule licence permet de faire jouer autant de joueurs que vous voulez \u00e0 votre table<\/strong>. La seule contrainte est qu&rsquo;il ne peut y a voir qu&rsquo;1 seul jeu actif \u00e0 un moment donn\u00e9.<\/p>\n\n\n\n<p><strong>Admettons que je l&rsquo;ach\u00e8te. Est-ce que je dois re-payer pour les mises \u00e0 jour ?<\/strong><\/p>\n\n\n\n<p>Non, les mises \u00e0 jours de bugfixes et releases sont comprises dans le prix d&rsquo;achat. Ce qui va peut-\u00eatre venir en suppl\u00e9ment (et je dis peut-\u00eatre, on en sait rien), ce sont des \u00e9ventuelles licences officielles, sign\u00e9es avec les \u00e9diteurs, et venant avec un module complet, et pour lesquels l&rsquo;\u00e9diteur demande lui m\u00eame une r\u00e9tribution. Mais tant que que l&rsquo;on joue avec les modules et syst\u00e8mes disponibles, il n&rsquo;y a rien d&rsquo;autre \u00e0 payer que le prix d&rsquo;achat initial.<\/p>\n\n\n\n<p><strong>J&rsquo;y connais rien en informatique, je peux m&rsquo;en servir quand m\u00eame ?<\/strong><\/p>\n\n\n\n<p>Si vous savez ouvrir des ports dans votre routeur ADSL\/Fibre (tapez &lsquo;<em>ouvrir des ports dans son modem ADSL<\/em>&lsquo; dans votre moteur de recherche&#8230;) et que vous savez installer un ex\u00e9cutable, il est probable que vous saurez vous en servir. Si tout ceci est d\u00e9j\u00e0 trop compliqu\u00e9 ou chiant (:)) pour vous, il faudra attendre les offres d&rsquo;h\u00e9bergement tiers qui vont arriver, comme <a href=\"https:\/\/forgevtt.com\/\">The Forge<\/a>. Sinon, si un de vos joueurs est un peu informaticien, il peut probablement vous aider dans cette t\u00e2che. Il faut compter 5-6 Mbs d&rsquo;upload montant pour h\u00e9berger une partie chez vous, donc il est possible que vous ayez besoin d&rsquo;un serveur tiers si votre connexion est lente. Il existe de l&rsquo;aide \u00e0 ce sujet sur le <a href=\"https:\/\/foundry-vtt-community.github.io\/wiki\/\">Wiki de Foundry<\/a>.  Un certains nombres d&rsquo;utilisateurs pr\u00e9sents sur le Discord FR de Foundy sont \u00e9galement capables d&rsquo;apporter du support sur ces sujets.<\/p>\n\n\n\n<p><strong>J&rsquo;ai pas de serveur, je peux le mettre sur mon PC ?<\/strong><\/p>\n\n\n\n<p>Oui, bien s\u00fbr, c&rsquo;est l&rsquo;un des 3 modes d&rsquo;installation. Dans ce cas, vous avez un .EXE qui va transformer votre PC en serveur Foundry. Vous aurez \u00e0 ouvrir le port TCP 30000 (par d\u00e9faut), et \u00e0 l&rsquo;autoriser dans votre firewall. Plus d&rsquo;infos <a href=\"https:\/\/foundryvtt.com\/article\/hosting\/\">ici<\/a>.<\/p>\n\n\n\n<p><strong>J&rsquo;ai d\u00e9j\u00e0 un serveur, comme je fais ?<\/strong><\/p>\n\n\n\n<p>Bon si vous avez \u00e7a, l&rsquo;installation ne devrait vous poser de probl\u00e8mes, je vous conseille les liens suivants : <a href=\"https:\/\/foundryvtt.com\/article\/hosting\/\">https:\/\/foundryvtt.com\/article\/hosting\/<\/a> <a href=\"https:\/\/foundryvtt.com\/article\/audio-video\/\">https:\/\/foundryvtt.com\/article\/audio-video\/<\/a> et <a href=\"https:\/\/foundry-vtt-community.github.io\/wiki\/Ubuntu-VM\/\">https:\/\/foundry-vtt-community.github.io\/wiki\/Ubuntu-VM\/<\/a> <\/p>\n\n\n\n<p><strong>Et y&rsquo;a pas de services en lignes d\u00e9j\u00e0 disponibles ?<\/strong><\/p>\n\n\n\n<p>Si, il va y en avoir, et \u00e7a d\u00e9j\u00e0 d\u00e9marr\u00e9 avec <a href=\"https:\/\/forgevtt.com\/\">TheForge<\/a> et <a href=\"https:\/\/www.foundryserver.com\/\">FoundryServer<\/a>.<\/p>\n\n\n\n<p><strong>Y&rsquo;a quoi comme jeu dessus ?<\/strong><\/p>\n\n\n\n<p>Dans Foundry, les \u00ab\u00a0jeux\u00a0\u00bb sont appel\u00e9s \u00ab\u00a0systems\u00a0\u00bb. Au 03\/09\/2020, on recense 57 \u00ab\u00a0systems\u00a0\u00bb : 13th age, D&amp;D5, Fate, Pathfinder 1\/2, Shadowrun 5, Starfinder, Savage Worlds, Warhammer 4 , DeltGree, Appel de Cthulhu, etc, etc. La liste \u00e0 jour <a href=\"https:\/\/foundryvtt.com\/packages\/systems\">est ici<\/a>. D&rsquo;autres syst\u00e8mes sont en d\u00e9veloppement, je cite en vrac : Degenesis, Numenera, Monster of the Week, Dungeon Crawl Classics, Runequest&#8230;. Un syst\u00e8me g\u00e9n\u00e9rique permet de plus de rapidement d\u00e9marrer une table autour d&rsquo;un jeu non support\u00e9.<\/p>\n\n\n\n<p><strong>C&rsquo;est tout en anglais ce machin !<\/strong><\/p>\n\n\n\n<p>Oui, c&rsquo;est vrai, les auteurs \u00e9tant majoritairement am\u00e9ricains ou anglo-saxons. Mais des traducteurs traduisent petit \u00e0 petit les contenus : ainsi l&rsquo;interface g\u00e9n\u00e9rale du jeu est traduite bar \u00ab\u00a0Baktov\u00a0\u00bb, ainsi que les syst\u00e8mes D&amp;D5 (Baktov \u00e9galement), Shadowrun, Starfinder, Savage Worlds (\u00e7a c&rsquo;est bibi) et Warhammer 4 (\u00e7a c&rsquo;est bibi aussi). Cependant, pour l&rsquo;instant, il faut reconna\u00eetre qu&rsquo;une partie importante du support et des documentations sont en anglais : si vraiment cette langue est pour vous hors de port\u00e9e, je crains qu&rsquo;il ne vous faille attendre&#8230; ou utiliser un autre outil, plus francis\u00e9.<\/p>\n\n\n\n<p><strong>J&rsquo;ai vu qu&rsquo;il y avait des modules, c&rsquo;est quoi ?<\/strong><\/p>\n\n\n\n<p>Les modules sont des extensions, comme des plugins, qui viennent ajouter des fonctionnalit\u00e9s au logiciel. Ces modules viennent donc ajouter des compl\u00e9ments aux \u00ab\u00a0syst\u00e8mes\u00a0\u00bb, en offrant des aides pour les MJ et les joueurs : effets sp\u00e9ciaux, navigation dans les fichiers images, communication, etc, etc. A chacun de venir piocher ce qu&rsquo;il lui pla\u00eet !<\/p>\n\n\n\n<p><strong>Bon OK, mais pourquoi s&rsquo;int\u00e9resser autant \u00e0 cet outil ? Et pas aux autres ?<\/strong><\/p>\n\n\n\n<p>Mon choix &#8211; partial s&rsquo;il en est &#8211; est expliqu\u00e9 sur <a href=\"https:\/\/www.lahiette.com\/leratierbretonnien\/warhammer\/table-virtuelles-de-jdr\/\">cette page<\/a>. De plus, sur le fond, je pense que l&rsquo;on est un peu tous responsable des h\u00e9g\u00e9monies technologiques que l&rsquo;on observe : Facebook serait-il devenu Facebook si on avait pas c\u00e9d\u00e9 \u00e0 la \u00ab\u00a0masse\u00a0\u00bb et donner sa chance \u00e0 un autre outil ? Idem pour Windows, Google et autres. On se plaint de l&rsquo;h\u00e9g\u00e9monie de tel ou telle soci\u00e9t\u00e9\/outil\/m\u00e9thode, mais nous sommes &#8211; je m&rsquo;inclus l\u00e0 dedans &#8211; souvent les premiers \u00e0 l&rsquo;entretenir. Donc \u00e0 un tout petit niveau, \u00e0 l&rsquo;\u00e9chelle excessivement modeste des \u00ab\u00a0tables virtuelles\u00a0\u00bb, j&rsquo;essaye \u00e9galement tr\u00e8s modestement de faire conna\u00eetre un outil auquel je trouve des qualit\u00e9s techniques et de jeu assez abouties pour \u00e9viter que Roll20 ne devienne le choix par d\u00e9faut, fautes d&rsquo;autres combattants. L&rsquo;objectif est bien entretenir le choix, pas de rentrer dans des batailles trollesques de qualit\u00e9\/d\u00e9faut de chaque outil  ! \ud83d\ude42<\/p>\n\n\n\n<p><strong>Est-ce qu&rsquo;il a des coupures audio\/video ou autres ?<\/strong><\/p>\n\n\n\n<p>Tout n&rsquo;est pas parfait, le soft est en fin de b\u00eata et a encore quelques bugs, il faut parfois faire un \u00ab\u00a0refresh\u00a0\u00bb de son navigateur. Pour l&rsquo;audio et la vid\u00e9o int\u00e9gr\u00e9, je vous conseille fortement d&rsquo;ouvrir une session Jitsi (http:\/\/www.jitsi.org ) dans un onglet \u00e0 c\u00f4t\u00e9 de celui de Foundry, et de vous connecter via ce canal. Cela permet de faire fonctionner l&rsquo;audio en permanence, ind\u00e9pendamment du rendu graphique des pages de Foundry.<\/p>\n\n\n\n<p><strong>Mon JDR \u00ab\u00a0Borglur of Daemon of Death Doomesque\u00a0\u00bb est pas dispo ! Que faire ?<\/strong><\/p>\n\n\n\n<p>Plusieurs options sont possibles. La premi\u00e8re est d&rsquo;utiliser le<a href=\"https:\/\/gitlab.com\/foundrynet\/worldbuilding\"> module g\u00e9n\u00e9rique<\/a>. La seconde, qui n&#8217;emp\u00eache d&rsquo;ailleurs pas la premi\u00e8re, est d&rsquo;aller sur le <a href=\"https:\/\/discordapp.com\/invite\/DDBZUDf\">Discord de Foundry<\/a> et de demander si quelqu&rsquo;un est pas en train de bosser dessus. Et ensuite, si vous avez des connaissances Javascript (et \u00e9ventuellement CSS), vous pouvez vous lancer dans le d\u00e9veloppement du syst\u00e8me. Nul doute qu&rsquo;en parlant sur le Discord, vous trouverez des personnes pr\u00eates \u00e0 vous aider. Bon peut \u00eatre pas pour <em>Borglur of Daemon of Death Doomesque<\/em>, mais pour les autres,  probablement.<\/p>\n\n\n\n<p><strong>Je veux d\u00e9velopper mon syst\u00e8me ou module, ou en traduire un existant. Je fais comment ?<\/strong><\/p>\n\n\n\n<p>Tout d\u00a0\u00bbabord, il faut s&rsquo;inscrire sur le <a href=\"https:\/\/discordapp.com\/invite\/DDBZUDf\">Discord de Fo<\/a>undryVTT. Je sais, je me r\u00e9p\u00e8te, mais c&rsquo;est vraiment indispensable pour l&rsquo;entraide. Ensuite, je dirais qu&rsquo;il faut pour l&rsquo;instant avoir des connaissances (ou les apprendre) dans les 3 domaines suivants : <\/p>\n\n\n\n<ul class=\"wp-block-list\"><li>Lire\/\u00e9crire en anglais \u00e0 peu pr\u00e8s (\u00e0 peu pr\u00e8s, hein, pas d&rsquo;inqui\u00e9tude non plus) correctement, principalement pour comprendre la documentation, les principes et les messages \u00e9chang\u00e9s sur Discord.<\/li><li>Conna\u00eetre les bases de la programmation en Javascript (ou avoir des bases de programmation dans un autre langage)<\/li><li>Conna\u00eetre un peu le principe des CSS. Ce point n&rsquo;est pas obligatoire tant que vous ne voulez pas changer l&rsquo;apparence graphique par d\u00e9faut.<\/li><\/ul>\n\n\n\n<p>Autrement dit, c&rsquo;est certain, si vous avez d\u00e9j\u00e0 une exp\u00e9rience en programmation (et encore mieux en programmation Web), \u00e7a sera beaucoup plus facile \ud83d\ude42 ! Ensuite, le bon point d&rsquo;entr\u00e9e, c&rsquo;est de regarder le code d&rsquo;un module\/syst\u00e8me proche de celui que vous voulez r\u00e9alisez sous Gitlab ou Github, puis de partir de l\u00e0 comme base. <\/p>\n\n\n\n<p>Je suis &#8211; raisonnablement &#8211; disponible sur le Discord de Foundry (@LeRatierBretonnien), vous pouvez me contacter sur ce type de sujet en message priv\u00e9.<\/p>\n\n\n\n<p><strong>Je suis paum\u00e9, \u00e7a marche pas<\/strong><\/p>\n\n\n\n<p>Dans ce cas, vous aurez un support rapide et fiable en allant sur le <a href=\"https:\/\/discordapp.com\/invite\/DDBZUDf\">Discord de Foundry<\/a>. Vous n&rsquo;avez rien \u00e0 installer, tout se passe via un navigateur. Il existe plusieurs canaux de discussion, donc essayez de choisir le bon. Si votre probl\u00e8me est li\u00e9 \u00e0 l&rsquo;installation, ben&#8230; #installation. Si c&rsquo;est li\u00e9 \u00e0 un JDR (ie un syst\u00e8me), et bien #systeme-discussion. Si c&rsquo;est un #module-discussion. Et si c&rsquo;est une question g\u00e9n\u00e9rale, plut\u00f4t dans #vtt-discussions ou #testing-question. Vous pouvez me contacter sur ces canaux en pr\u00e9fixant votre message avec @LeRatierBretonnien. <\/p>\n\n\n\n<p><strong>Bah finalement, on peut faire la m\u00eame chose avec un de meeting vid\u00e9o et partage d&rsquo;\u00e9cran<\/strong> <\/p>\n\n\n\n<p>Oui, tout \u00e0 fait, et \u00e7a marche assez bien aussi. Les outils int\u00e9gr\u00e9s comme Roll20, Astral, FantasyGrounds, Foundry etc offrent toutefois des capacit\u00e9s des gestion des sc\u00e8nes, des actions, des PNJs qui sont difficilement atteignables avec un simple outil de meeting. Mais l&rsquo;important c&rsquo;est de jouer de toute mani\u00e8re.<\/p>\n\n\n\n<p><strong>Bon je veux bien regarder, y&rsquo;a pas une vid\u00e9o de d\u00e9monstration ?<\/strong><\/p>\n\n\n\n<p>La modernit\u00e9 veut syst\u00e9matiquement des vid\u00e9os pour tout et n&rsquo;importe quoi, donc OK, allons-y : cette vid\u00e9o est fr\u00e9quemment cit\u00e9e comme une excellente introduction : <a href=\"https:\/\/www.youtube.com\/watch?v=kEQlhdF1568&amp;list=PLGgCMB0gYnLFWxyrCkUYwHY4vvA_yME7m\">https:\/\/www.youtube.com\/watch?v=kEQlhdF1568&amp;list=PLGgCMB0gYnLFWxyrCkUYwHY4vvA_yME7m<\/a><\/p>\n","protected":false},"excerpt":{"rendered":"<p>FoundryVTT, c&rsquo;est quoi ? FoundryVTT est un logiciel permettant de jouer \u00e0 des jeux de r\u00f4les sur table en mode connect\u00e9. La table physique devient ainsi \u00ab\u00a0virtuelle\u00a0\u00bb, et le MJ et ses joueurs communiquent \u00e0 distance via micro et webcam. &hellip; <a href=\"https:\/\/www.lahiette.com\/leratierbretonnien\/faq-fr-de-foundryvtt\/\">Continuer la lecture <span class=\"meta-nav\">&rarr;<\/span><\/a><\/p>\n","protected":false},"author":1,"featured_media":0,"parent":0,"menu_order":0,"comment_status":"open","ping_status":"closed","template":"","meta":{"footnotes":""},"class_list":["post-1358","page","type-page","status-publish","hentry"],"_links":{"self":[{"href":"https:\/\/www.lahiette.com\/leratierbretonnien\/wp-json\/wp\/v2\/pages\/1358","targetHints":{"allow":["GET"]}}],"collection":[{"href":"https:\/\/www.lahiette.com\/leratierbretonnien\/wp-json\/wp\/v2\/pages"}],"about":[{"href":"https:\/\/www.lahiette.com\/leratierbretonnien\/wp-json\/wp\/v2\/types\/page"}],"author":[{"embeddable":true,"href":"https:\/\/www.lahiette.com\/leratierbretonnien\/wp-json\/wp\/v2\/users\/1"}],"replies":[{"embeddable":true,"href":"https:\/\/www.lahiette.com\/leratierbretonnien\/wp-json\/wp\/v2\/comments?post=1358"}],"version-history":[{"count":84,"href":"https:\/\/www.lahiette.com\/leratierbretonnien\/wp-json\/wp\/v2\/pages\/1358\/revisions"}],"predecessor-version":[{"id":1989,"href":"https:\/\/www.lahiette.com\/leratierbretonnien\/wp-json\/wp\/v2\/pages\/1358\/revisions\/1989"}],"wp:attachment":[{"href":"https:\/\/www.lahiette.com\/leratierbretonnien\/wp-json\/wp\/v2\/media?parent=1358"}],"curies":[{"name":"wp","href":"https:\/\/api.w.org\/{rel}","templated":true}]}}