{"id":1348,"date":"2020-04-15T09:46:45","date_gmt":"2020-04-15T07:46:45","guid":{"rendered":"http:\/\/www.lahiette.com\/leratierbretonnien\/?page_id=1348"},"modified":"2023-11-19T18:40:20","modified_gmt":"2023-11-19T17:40:20","slug":"jdr-virtuel-pourquoi-pas","status":"publish","type":"page","link":"https:\/\/www.lahiette.com\/leratierbretonnien\/jdr-virtuel-pourquoi-pas\/","title":{"rendered":"JDR Virtuel, pourquoi pas&#8230;"},"content":{"rendered":"\n<p><strong>UPDATE<\/strong> : Pour un support rapide ou des questions, venez nous rejoindre sur le <a href=\"https:\/\/discord.gg\/pPSDNJk\">Discord Francophone de FoundryVTT <\/a>.<\/p>\n\n\n\n<p>Cette section est consacr\u00e9e au \u00ab\u00a0JDR Virtuel\u00a0\u00bb, c&rsquo;est \u00e0 dire au fait de jouer avec des vrais personnes de la vrai vie, mais \u00e0 distance, en utilisant des outils \u00ab\u00a0internet\u00a0\u00bb. J&rsquo;\u00e9tudie r\u00e9guli\u00e8rement ces outils depuis des ann\u00e9es, mais sans jamais avoir vraiment saut\u00e9 le pas, juste en ayant test\u00e9 et pratiqu\u00e9 quelques parties de ci del\u00e0. Cette p\u00e9riode de confinement 2020 m&rsquo;a donn\u00e9 la contrainte pour m&rsquo;y mettre vraiment, cette section y est donc d\u00e9di\u00e9e !<\/p>\n\n\n\n<p>Mes modules et syst\u00e8mes pour FoundryVTT :<\/p>\n\n\n\n<ul class=\"wp-block-list\">\n<li>Traduction de <a href=\"https:\/\/gitlab.com\/LeRatierBretonnien\/foundryvtt-wh4-lang-fr-fr\">Warhammer v4<\/a> (n\u00e9cessite le syst\u00e8me wfr4e) , dispo dans les modules officiels.<\/li>\n\n\n\n<li>Syst\u00e8me <a href=\"https:\/\/gitlab.com\/LeRatierBretonnien\/foundryvtt-reve-de-dragon\">R\u00eave de Dragon<\/a>, dispo dans les syst\u00e8mes officiels.<\/li>\n\n\n\n<li>Module <a href=\"https:\/\/gitlab.com\/LeRatierBretonnien\/foundryvtt-swade-deadlands-fr-fr\">Deadlands Reloaded <\/a>en Fran\u00e7ais pour le syst\u00e8me SWADE, dispo dans les modules officiels.<\/li>\n\n\n\n<li>Module de <a href=\"https:\/\/gitlab.com\/LeRatierBretonnien\/wfrp4e-eis-maps\">cartes pr\u00eates \u00e0 l&#8217;emploi pour l&rsquo;Ennemi Int\u00e9rieur (Warhammer)<\/a>, dispo dans les modules officiels<\/li>\n\n\n\n<li>Module de <a href=\"https:\/\/gitlab.com\/LeRatierBretonnien\/wfrp4e-ubersreik\">cartes pr\u00eates \u00e0 l&#8217;emploi pour Ubersreik et ses environs (Warhammer)<\/a>, dispo dans les modules officiels<\/li>\n<\/ul>\n\n\n\n<p>Des FAQ sur le sujet et sur FoundryVTT : <\/p>\n\n\n\n<ul class=\"wp-block-list\">\n<li>FoundryVTT : <a href=\"https:\/\/www.lahiette.com\/leratierbretonnien\/warhammer\/table-virtuelles-de-jdr\/\">Mon choix motiv\u00e9 d&rsquo;outil de JDR Vituel !<\/a><\/li>\n\n\n\n<li>FoundryVTT : <a href=\"https:\/\/www.lahiette.com\/leratierbretonnien\/foundryvtt-pour-table-reelle\/\">Utilisation en local, sur un \u00ab\u00a0vraie\u00a0\u00bb table<\/a><\/li>\n\n\n\n<li>Mon module de traduction de<a href=\"https:\/\/gitlab.com\/LeRatierBretonnien\/foundryvtt-wh4-lang-fr-fr\" target=\"_blank\" rel=\"noreferrer noopener\"> <\/a><a href=\"https:\/\/foundryvtt.com\/packages\/wh4-fr-translation\" target=\"_blank\" rel=\"noreferrer noopener\">Warhammer v4 pour FoundryVTT<\/a> (lire le README)<\/li>\n\n\n\n<li>FoundryVTT : D\u00e9sormais sur le Wiki FR de Foundry : <a href=\"https:\/\/foundryvtt.wiki\/fr\/home\">https:\/\/foundryvtt.wiki\/fr\/home <\/a><\/li>\n\n\n\n<li>Syst\u00e8me Warhammer v4 et Traduction : <a href=\"https:\/\/www.lahiette.com\/leratierbretonnien\/warhammer\/table-virtuelles-de-jdr\/foundryvtt-warhammer-v4\/\">FAQ Sp\u00e9ciale<\/a><\/li>\n<\/ul>\n\n\n\n<figure class=\"wp-block-image size-large is-resized\"><img loading=\"lazy\" decoding=\"async\" width=\"1024\" height=\"481\" src=\"https:\/\/www.lahiette.com\/leratierbretonnien\/wp-content\/uploads\/2020\/04\/Screenshot_20200415_091151-1024x481.png\" alt=\"\" class=\"wp-image-1351\"\/><figcaption class=\"wp-element-caption\"><em>Une capture au gr\u00e9 de nos aventures virtuelles<\/em> sur Foundry<\/figcaption><\/figure>\n\n\n\n<p><\/p>\n","protected":false},"excerpt":{"rendered":"<p>UPDATE : Pour un support rapide ou des questions, venez nous rejoindre sur le Discord Francophone de FoundryVTT . Cette section est consacr\u00e9e au \u00ab\u00a0JDR Virtuel\u00a0\u00bb, c&rsquo;est \u00e0 dire au fait de jouer avec des vrais personnes de la vrai &hellip; <a href=\"https:\/\/www.lahiette.com\/leratierbretonnien\/jdr-virtuel-pourquoi-pas\/\">Continuer la lecture <span class=\"meta-nav\">&rarr;<\/span><\/a><\/p>\n","protected":false},"author":1,"featured_media":0,"parent":0,"menu_order":0,"comment_status":"open","ping_status":"closed","template":"","meta":{"footnotes":""},"class_list":["post-1348","page","type-page","status-publish","hentry"],"_links":{"self":[{"href":"https:\/\/www.lahiette.com\/leratierbretonnien\/wp-json\/wp\/v2\/pages\/1348","targetHints":{"allow":["GET"]}}],"collection":[{"href":"https:\/\/www.lahiette.com\/leratierbretonnien\/wp-json\/wp\/v2\/pages"}],"about":[{"href":"https:\/\/www.lahiette.com\/leratierbretonnien\/wp-json\/wp\/v2\/types\/page"}],"author":[{"embeddable":true,"href":"https:\/\/www.lahiette.com\/leratierbretonnien\/wp-json\/wp\/v2\/users\/1"}],"replies":[{"embeddable":true,"href":"https:\/\/www.lahiette.com\/leratierbretonnien\/wp-json\/wp\/v2\/comments?post=1348"}],"version-history":[{"count":21,"href":"https:\/\/www.lahiette.com\/leratierbretonnien\/wp-json\/wp\/v2\/pages\/1348\/revisions"}],"predecessor-version":[{"id":2857,"href":"https:\/\/www.lahiette.com\/leratierbretonnien\/wp-json\/wp\/v2\/pages\/1348\/revisions\/2857"}],"wp:attachment":[{"href":"https:\/\/www.lahiette.com\/leratierbretonnien\/wp-json\/wp\/v2\/media?parent=1348"}],"curies":[{"name":"wp","href":"https:\/\/api.w.org\/{rel}","templated":true}]}}