{"id":1297,"date":"2020-04-02T23:14:24","date_gmt":"2020-04-02T21:14:24","guid":{"rendered":"http:\/\/www.lahiette.com\/leratierbretonnien\/?page_id=1297"},"modified":"2022-01-04T18:28:55","modified_gmt":"2022-01-04T17:28:55","slug":"table-virtuelles-de-jdr","status":"publish","type":"page","link":"https:\/\/www.lahiette.com\/leratierbretonnien\/warhammer\/table-virtuelles-de-jdr\/","title":{"rendered":"FoundryVTT, un choix motiv\u00e9"},"content":{"rendered":"\n<p class=\"has-text-align-center\"><strong>TRADUCTION MODULE WARHAMMER 4 &#8211; Tout est l\u00e0 : <\/strong><\/p>\n\n\n\n<p class=\"has-text-align-center\"><strong><a href=\"https:\/\/gitlab.com\/LeRatierBretonnien\/foundryvtt-wh4-lang-fr-fr\" target=\"_blank\" rel=\"noreferrer noopener\">https:\/\/gitlab.com\/LeRatierBretonnien\/foundryvtt-wh4-lang-fr-fr<\/a><\/strong><\/p>\n\n\n\n<p>La p\u00e9riode de confinement de cette ann\u00e9e 2020 vient nous priver de nos rencontres ludiques, souvent d\u00e9j\u00e0 difficiles \u00e0 caler \u00e0 cause des agendas et contraintes de chacun. Comme beaucoup, en tant que MJ, je me suis donc int\u00e9ress\u00e9 aux logiciels de \u00ab\u00a0Virtual Tabletop\u00a0\u00bb qui fleurissent ces derni\u00e8res ann\u00e9es.<\/p>\n\n\n\n<figure class=\"wp-block-image size-large is-resized\"><img loading=\"lazy\" decoding=\"async\" src=\"https:\/\/www.lahiette.com\/leratierbretonnien\/wp-content\/uploads\/2020\/04\/Screenshot_20200402_204019-1024x505.jpg\" alt=\"\" class=\"wp-image-1305\" width=\"768\" height=\"379\" srcset=\"https:\/\/www.lahiette.com\/leratierbretonnien\/wp-content\/uploads\/2020\/04\/Screenshot_20200402_204019-1024x505.jpg 1024w, https:\/\/www.lahiette.com\/leratierbretonnien\/wp-content\/uploads\/2020\/04\/Screenshot_20200402_204019-300x148.jpg 300w, https:\/\/www.lahiette.com\/leratierbretonnien\/wp-content\/uploads\/2020\/04\/Screenshot_20200402_204019-768x379.jpg 768w, https:\/\/www.lahiette.com\/leratierbretonnien\/wp-content\/uploads\/2020\/04\/Screenshot_20200402_204019-1536x757.jpg 1536w, https:\/\/www.lahiette.com\/leratierbretonnien\/wp-content\/uploads\/2020\/04\/Screenshot_20200402_204019.jpg 1919w\" sizes=\"auto, (max-width: 768px) 100vw, 768px\" \/><figcaption><em>Mon choix FoundryVTT : La vue MJ de ma session Warhammer 4, avec un compendium ouvert et des effets de nuage sur la carte&#8230;<\/em><\/figcaption><\/figure>\n\n\n\n<p>Avant tout, je ne suis absolument pas fan de ce type de jeu &#8211; et mes joueurs non plus &#8211; mais force fait loi, et jouer en ligne reste mieux que rien du tout. J&rsquo;avais d\u00e9j\u00e0 fait un tour d&rsquo;horizon des logiciels disponibles il y a quelques ann\u00e9es soit en testant en local, soit en participant, et j&rsquo;avais un peu laiss\u00e9 tomb\u00e9, puisque le jeu sur table m&rsquo;\u00e9tait toujours possible.<\/p>\n\n\n\n<p>Mais le confinement actuel fait r\u00e9viser ses jugements &#8211; en tout cas chez moi &#8211;  et j&rsquo;ai donc refait un tour d&rsquo;horizon, avec pour objectifs de jouer en ligne. Je fais une petite pr\u00e9cision d&rsquo;importance : je n&rsquo;aime pas les applications ou services \u00e0 abonnement, et je fais donc mon possible pour toujours les \u00e9viter. Cette r\u00e8gle a naturellement ses limites, \u00e9tant donn\u00e9 qu&rsquo;il est difficile de produire soit m\u00eame ses s\u00e9ries t\u00e9l\u00e9vis\u00e9es ou de construire son propre r\u00e9seau 4G, mais lorsque c&rsquo;est possible, j&rsquo;\u00e9vite. Vous comprendrez donc que j&rsquo;ai mis de c\u00f4t\u00e9 &#8211; m\u00eame si je les ai \u00e9valu\u00e9 rapidement &#8211; les solutions \u00e0 abonnement et que je ne pouvais pas ma\u00eetriser techniquement. Mon petit cahier des charges inclut : <\/p>\n\n\n\n<ul class=\"wp-block-list\"><li>Un soft complet, facile \u00e0 d\u00e9ployer chez des joueurs non-technophiles<\/li><li>Des outils facile pour le MJ, mais souples \u00e9galement, car on ne souhaite pas se faire imposer du jeu de strat\u00e9gie en case par case, on a les wargames pour \u00e7a.<\/li><li>Du chat audio (obligatoire), vid\u00e9o \u00e9ventuellement<\/li><li>Que je puisse ma\u00eetriser, g\u00e9rer et \u00e9ventuellement d\u00e9velopper.<\/li><li>Pas d&rsquo;abonnement.<\/li><\/ul>\n\n\n\n<p>Je sais qu&rsquo;il existe des solutions sur base de logiciel de partage d&rsquo;\u00e9cran associ\u00e9 ou accol\u00e9 \u00e0 des outils de tchat audio\/video : Discord, Teamspeak, TeamViewer, Microsoft Teams, etc, etc. Ces solutions ont pour avantage d&rsquo;\u00eatre plus ou moins gratuites et de pouvoir effectivement d\u00e9marrer une partie comme n&rsquo;importe quelle r\u00e9union. Mais j&rsquo;attends un peu plus de l&rsquo;outil informatique pour animer des parties, et apr\u00e8s un rapide essai, j&rsquo;ai choisi d\u00e9lib\u00e9r\u00e9ment et d&rsquo;un commun accord avec moi-m\u00eame d&rsquo;exclure ce type de solution de mon champ de recherche.<\/p>\n\n\n\n<p>Un rapide aper\u00e7u de ce que j&rsquo;ai essay\u00e9 :<\/p>\n\n\n\n<ul class=\"wp-block-list\"><li><a href=\"https:\/\/www.rptools.net\/\">Maptool<\/a>  : C&rsquo;est un anc\u00eatre, que j&rsquo;avais regard\u00e9 il y a plusieurs ann\u00e9es. A l&rsquo;origine d\u00e9velopp\u00e9 pour jouer autour d&rsquo;un \u00e9cran pos\u00e9 sur la table, il a \u00e9volu\u00e9 pour permettre \u00e9galement le jeu en ligne. C&rsquo;est un client lourd, autrement dit un soft \u00e0 installer en dur sur votre PC, et il n&rsquo;inclus pas de services discussion vocaux.<\/li><li><a href=\"http:\/\/www.epictable.com\/\">EpicTable<\/a> : Un autre client lourd, tr\u00e8s orient\u00e9 D&amp;D, ce qui fait que je ne vais pas plus loin, m\u00eame si l&rsquo;outil m&rsquo;a l&rsquo;air bien. Licence \u00e0 60$.<\/li><li><a href=\"https:\/\/rolisteam.org\">Rolisteam<\/a> : Un projet open-source Fran\u00e7ais, inspir\u00e9 d&rsquo;EpicTable. J&rsquo;ai failli le choisir, mais c&rsquo;est un client lourd, qui n\u00e9cessite un d\u00e9ploiement compliqu\u00e9 pour partager ses donn\u00e9es avec des joueurs. Pas de chat audio\/vid\u00e9o, mais j&rsquo;ai fait une <a href=\"https:\/\/github.com\/sladecraven\/rolisteam\">branche de d\u00e9veloppement<\/a> qui permet d&rsquo;int\u00e9grer <a href=\"https:\/\/jitsi.org\">Jitsi.org<\/a> dans une fen\u00eatre Web. J&rsquo;ai laiss\u00e9 tomb\u00e9 car trop compliqu\u00e9 \u00e0 d\u00e9ployer chez des joueurs, et communaut\u00e9 tr\u00e8s r\u00e9duite, malheureusement.<\/li><li><a href=\"https:\/\/roll20.net\/\">Roll20<\/a> : C&rsquo;est un peu le \u00ab\u00a0Windows\u00a0\u00bb du domaine, dans le sens ou la r\u00e9ponse \u00e0 la question \u00ab\u00a0je veux faire du JDR en ligne\u00a0\u00bb est quasi-syst\u00e9matiquement Roll20. Du coup ca m&rsquo;\u00e9nerve. J&rsquo;ai cependant test\u00e9 en tant que joueur il y a 2-3 ans, re-test\u00e9 en mars 2020. Enti\u00e8rement en ligne (un simple navigateur suffit) et c&rsquo;est pas mal foutu, faut reconna\u00eetre, mais l&rsquo;abonnement et l&rsquo;aspect \u00ab\u00a0mouton\u00a0\u00bb d&rsquo;utiliser cet outil sans se poser de questions me font tourner mon chemin.<\/li><li><a href=\"https:\/\/www.astraltabletop.com\/\">Astral<\/a> : Un concurrent direct de Roll20. Pas test\u00e9, mais joli. Par abonnement \u00e9galement.<\/li><li>Let&rsquo;s Role : Un concurrent de Roll20 Fran\u00e7ais, \u00e0 l&rsquo;interface d&rsquo;acc\u00e8s un peu particuli\u00e8re, avec validation du compte. Le business model est pas tr\u00e8s clair, on sait pas trop ce qu&rsquo;on va payer \u00e0 la fin. Apr\u00e8s validation du compte (?), quelques essais. Pas tr\u00e8s joli, mais semble simple de prise en main. Cependant, le fait que ce soit impossible \u00e0 installer chez soi et l&rsquo;aspect n\u00e9buleux de la mani\u00e8re dont les auteurs vont gagner de l&rsquo;argent me font aller voir ailleurs.<\/li><li><a href=\"https:\/\/www.fantasygrounds.com\/home\/home.php\">Fantasy Ground<\/a> :  Un autre \u00ab\u00a0gros\u00a0\u00bb du domaine (gros au \u00ab\u00a0sens acteur\u00a0\u00bb important), principalement am\u00e9ricain, avec pleins de licences commerciales. Joli, et j&rsquo;avais eu l&rsquo;occasion de le voir fonctionner vers 2013, et \u00e7a n&rsquo;avait pas \u00e9t\u00e9 un succ\u00e8s (plantages). Un lecteur assidu me fait remarquer (cf. plus bas) que c&rsquo;est plus\/pas le cas, dont acte :). C&rsquo;est un client lourd, donc \u00e0 installer en local sur chaque PC, avec un prix entre 39$ ou 149$ selon ce que vous voulez faire avec, la licence \u00e0 39$ \u00e9tant suffisante la plupart du temps. Comme il s&rsquo;agit d&rsquo;un \u00ab\u00a0closed-source\u00a0\u00bb, \u00e7a ne r\u00e9pond pas vraiment \u00e0 mon besoin. Je passe mon chemin !<\/li><li><a href=\"https:\/\/foundryvtt.com\/\">FoundryVTT<\/a> : Un nom qui \u00e9voque des balades \u00e0 v\u00e9lo en for\u00eat, mais qui s&rsquo;av\u00e8re \u00eatre un concurrent de poids dans l&rsquo;offre actuel. Installable chez soi, prix fixe (ie pas d&rsquo;abonnement \u00e0 terme), grosse capacit\u00e9 de configuration et un superbe module Warhammer 4 ! Je fais un peu le tour, je me laisse conqu\u00e9rir et je deviens un b\u00eata testeur via Patreon !<\/li><\/ul>\n\n\n\n<figure class=\"wp-block-image size-large is-resized\"><img loading=\"lazy\" decoding=\"async\" src=\"https:\/\/www.lahiette.com\/leratierbretonnien\/wp-content\/uploads\/2020\/04\/Screenshot_20200402_225101-1024x502.jpg\" alt=\"\" class=\"wp-image-1308\" width=\"768\" height=\"377\" srcset=\"https:\/\/www.lahiette.com\/leratierbretonnien\/wp-content\/uploads\/2020\/04\/Screenshot_20200402_225101-1024x502.jpg 1024w, https:\/\/www.lahiette.com\/leratierbretonnien\/wp-content\/uploads\/2020\/04\/Screenshot_20200402_225101-300x147.jpg 300w, https:\/\/www.lahiette.com\/leratierbretonnien\/wp-content\/uploads\/2020\/04\/Screenshot_20200402_225101-768x376.jpg 768w, https:\/\/www.lahiette.com\/leratierbretonnien\/wp-content\/uploads\/2020\/04\/Screenshot_20200402_225101-1536x753.jpg 1536w, https:\/\/www.lahiette.com\/leratierbretonnien\/wp-content\/uploads\/2020\/04\/Screenshot_20200402_225101.jpg 1910w\" sizes=\"auto, (max-width: 768px) 100vw, 768px\" \/><figcaption>FoundryVTT : <em>Vue d&rsquo;ambiance sur le Reik, avec une feuille de perso ouverte et quelques messages<\/em><\/figcaption><\/figure>\n\n\n\n<p>Vous l&rsquo;aurez compris, je jette donc mon d\u00e9volu sur ce FoundryVTT et je commence \u00e0 l&rsquo;installer : pour une version b\u00eata, je suis surpris par l&rsquo;excellente qualit\u00e9 de r\u00e9alisation et par les nombreux modules disponibles. Rapide tour d&rsquo;horizon des fonctions : <\/p>\n\n\n\n<ul class=\"wp-block-list\"><li>C&rsquo;est un service web,  que l&rsquo;on peut soit installer chez soi en local (j&rsquo;y reviendrais), soit installer sur un serveur en ligne. Autrement dit, une fois install\u00e9, le MJ et ses joueurs n&rsquo;ont besoin que d&rsquo;un navigateur Firefox ou Chrome (pr\u00e9f\u00e9rable).<\/li><li>Les fonctions sont indiqu\u00e9es sur le site de Foundry, mais en r\u00e9sum\u00e9 : <ul><li>Multi-univers : vous installez un <a href=\"https:\/\/foundryvtt.com\/packages\/\">syst\u00e8me de jeu<\/a>, et vous cr\u00e9er votre monde. Vous pouvez cr\u00e9er autant de monde pour autant de syst\u00e8mes que vous voulez, la seule limite est qu&rsquo;il ne peut y avoir qu&rsquo;une seule partie active \u00e0 un instant T pour un serveur donn\u00e9.<\/li><li>Toutes les fonctions attendues pour ce type d&rsquo;outil : partage de carte, tuiles, fiches de perso, jets de d\u00e9s, gestion des objets\/PNJ\/infos, effets de carte, dessins, tchat audio\/video, tchat en ligne, etc, etc.<\/li><li>Une API ouverte qui vous garanti des possibilit\u00e9s quasi infinies de cr\u00e9ation et d\u2019adaptation, y compris de traduction.<\/li><\/ul><\/li><\/ul>\n\n\n\n<p>A l&rsquo;heure ou je mets \u00e0 jour ces lignes (11\/06\/2020), il existe <a href=\"https:\/\/foundryvtt.com\/packages\/systems\">22 syst\u00e8mes disponibles<\/a> (D&amp;D5, 13th age, Pathfinder 1\/2, Dungeon World, Savage Worlds, Warhammer v4&#8230;.), (<strong>EDIT 01\/2022 : 164 syst\u00e8mes disponibles&#8230;.)<\/strong> sachant que environ 15 suppl\u00e9mentaires sont en cours de d\u00e9veloppement (Appel de Cthulhu, Runequest, R\u00eave de Dragon, Brigandyne, &#8230;). Les syst\u00e8mes sont compl\u00e9t\u00e9s par des modules, c&rsquo;est \u00e0 dire des sortes de \u00ab\u00a0plugins\u00a0\u00bb qui apportent soit des fonctions g\u00e9n\u00e9riques (c&rsquo;est \u00e0 dire pour tout les syst\u00e8mes, genre des effets sp\u00e9ciaux), soit pour des syst\u00e8mes particuliers (traduction d&rsquo;un syst\u00e8me par exemple). Un syst\u00e8me g\u00e9n\u00e9rique est \u00e9galement disponible pour vous permettre de d\u00e9marrer avec quasiment n&rsquo;importe quel jeu.<\/p>\n\n\n\n<p>[UPDATE] : Depuis le 22\/05\/2020, le soft est en version \u00ab\u00a0release\u00a0\u00bb, et donc avec un prix de licence fixe de 60$, une fois pour toute et pour faire jouer autant de joueurs que vous voulez. <\/p>\n\n\n\n<p>Si vous installez le serveur chez vous, il vous faudra faire un peu de configuration r\u00e9seau, d\u00e9crite <a href=\"https:\/\/foundryvtt.com\/article\/port-forwarding\/\">ici<\/a>. Pour que tout se d\u00e9roule sans probl\u00e8mes, vous aurez besoin d&rsquo;une bande passante montante d&rsquo;environ 4-5 Mbs : si vous \u00eates sur la fibre pas de probl\u00e8mes, mais sur l&rsquo;ADSL, pensez \u00e0 v\u00e9rifier. Dans mon cas, j&rsquo;ai la chance d&rsquo;avoir un serveur d\u00e9di\u00e9, et c&rsquo;est donc sur ce serveur que le service a \u00e9t\u00e9 d\u00e9ploy\u00e9. J&rsquo;y ai ajout\u00e9 les syst\u00e8mes\/modules suivants : <\/p>\n\n\n\n<ul class=\"wp-block-list\"><li>Syst\u00e8me <a href=\"https:\/\/github.com\/CatoThe1stElder\/WFRP-4th-Edition-FoundryVTT\">Warhammer 4<\/a> : Superbe !<\/li><li>Syst\u00e8me <a href=\"https:\/\/gitlab.com\/florad-foundry\/swade\">SWADE<\/a> : Pour jouer \u00e0 Deadlands en ce qu&rsquo;il me concerne<\/li><li>Traduction <a href=\"https:\/\/gitlab.com\/baktov.sugar\/foundryvtt-lang-fr-fr\">du jeu en fran\u00e7ais<\/a><\/li><li><a href=\"https:\/\/gitlab.com\/tposney\/about-time\">AboutTime<\/a> : Un module pour g\u00e9rer le temps <\/li><li><a href=\"https:\/\/github.com\/DasSauerkraut\/calendar-weather\">Calendar\/weather <\/a>: Un module pour faire son propre calendrier (imp\u00e9rial \ud83d\ude42 !<\/li><li><a href=\"https:\/\/gitlab.com\/foundry-azzurite\/pings\">Pings<\/a> : Un utilitaire pour indiquer une position sur une carte ou dessin<\/li><li><a href=\"https:\/\/github.com\/syl3r86\/image-previewer\">ImagePreviewer <\/a>: Pour parcourir et trouver ses images\/plans plus rapidement<\/li><li><a href=\"https:\/\/gitlab.com\/mesfoliesludiques\/foundryvtt-fxmaster\">FXMaster<\/a> : Pour le fun, un g\u00e9n\u00e9rateur d&rsquo;effets sp\u00e9ciaux , sympa mais pas indispensable non plus.<\/li><li><a href=\"https:\/\/gitlab.com\/riccisi\/foundryvtt-babele\">Babele<\/a> : Un outil permettant la traduction des compendiums<\/li><li><a href=\"https:\/\/gitlab.com\/LeRatierBretonnien\/foundryvtt-wh4-lang-fr-fr\/-\/blob\/master\/README.md\">La traduction en fran\u00e7ais du system Warhammer 4<\/a> : R\u00e9alis\u00e9 par votre serviteur, avec la participation de nombreux traducteurs<\/li><\/ul>\n\n\n\n<p>Pour les installer, difficile de faire plus simple : vous copiez une URL (appel\u00e9e \u00ab\u00a0manifest\u00a0\u00bb) sur le <a href=\"https:\/\/foundryvtt.com\/packages\/\">site officiel<\/a> ou sur le <a href=\"https:\/\/foundry-vtt-community.github.io\/wiki\/Community-Modules\/\">wiki<\/a>, vous cliquez sur \u00ab\u00a0Install\u00a0\u00bb et hop !. Rendez vous en suite dans les syst\u00e8mes de jeu, cr\u00e9ez votre monde et lancez le !<\/p>\n\n\n\n<figure class=\"wp-block-image size-large is-resized is-style-default\"><img loading=\"lazy\" decoding=\"async\" src=\"https:\/\/www.lahiette.com\/leratierbretonnien\/wp-content\/uploads\/2020\/04\/Screenshot_20200402_230417-1024x496.jpg\" alt=\"\" class=\"wp-image-1320\" width=\"768\" height=\"372\" srcset=\"https:\/\/www.lahiette.com\/leratierbretonnien\/wp-content\/uploads\/2020\/04\/Screenshot_20200402_230417-1024x496.jpg 1024w, https:\/\/www.lahiette.com\/leratierbretonnien\/wp-content\/uploads\/2020\/04\/Screenshot_20200402_230417-300x145.jpg 300w, https:\/\/www.lahiette.com\/leratierbretonnien\/wp-content\/uploads\/2020\/04\/Screenshot_20200402_230417-768x372.jpg 768w, https:\/\/www.lahiette.com\/leratierbretonnien\/wp-content\/uploads\/2020\/04\/Screenshot_20200402_230417-1536x744.jpg 1536w, https:\/\/www.lahiette.com\/leratierbretonnien\/wp-content\/uploads\/2020\/04\/Screenshot_20200402_230417.jpg 1900w\" sizes=\"auto, (max-width: 768px) 100vw, 768px\" \/><figcaption>Le module Warhammer vient avec un Compendium complet !<\/figcaption><\/figure>\n\n\n\n<p>Apr\u00e8s quelques r\u00e9glages, des tests\/d\u00e9mos avec les joueurs et des travaux sur la traduction de du module Warhammer, premi\u00e8re partie men\u00e9e avec succ\u00e8s pendant presque 4 heures et finalement grand plaisir ! Cela ne remplace pas nos s\u00e9ances sur table, c&rsquo;est certain, mais c&rsquo;est tout de m\u00eame pas mal.  <\/p>\n\n\n\n<p>Naturellement, la technologie \u00e9tant de la partie, il faut parfois effectuer quelques r\u00e9glages, et tout n&rsquo;est pas parfait : nous avons d\u00fb utiliser <a href=\"https:\/\/jitsi.org\/\">Jitsi.org<\/a> pour l&rsquo;audio, car nous avions trop de coupures inexpliqu\u00e9es. Mais c&rsquo;est l\u00e0 l&rsquo;avantage de ce projet : ce probl\u00e8me occasionnel est connu, et il est en cours de r\u00e9solution par l&rsquo;\u00e9quipe de d\u00e9veloppement, qui est hyper-r\u00e9active.<\/p>\n\n\n\n<p><strong>Update du 14\/04\/20 <\/strong>: Un membre des d\u00e9veloppeurs a mis au point un module permettant d&rsquo;utiliser Jitsi directement dans FoundryVTT. Apr\u00e8s des s\u00e9ances de tests \u00ab\u00a0mondiales\u00a0\u00bb (1 US, 2 allemands, 1 Italien et moi :)), le module est devenu tr\u00e8s stable en v.26 et apporte un grand confort audio\/video au Foundry !<\/p>\n\n\n\n<p>Bref je suis conquis, et la prochaine session est d\u00e9ja planifi\u00e9e, sachant que Deadlands et l&rsquo;Appel de Cthllhu se profilent \u00e0 l&rsquo;horizon \ud83d\ude42 !<\/p>\n\n\n\n<p><strong>Update 2022<\/strong> : Utilis\u00e9 2 \u00e0 4 fois par mois en ligne et \u00e9galement sur table (comme outil d&rsquo;assistance MJ) depuis 2 ans d\u00e9sormais, je ne saurais plus m&rsquo;en passer. M\u00eame sur \u00ab\u00a0table de la vrai vie\u00a0\u00bb (70% de mes parties), cet outil est vraiment un petit bijou pour assister le MJ et faciliter le suivi \u00ab\u00a0technique\u00a0\u00bb des PNJs, ambiances, images, portraits. Aucun regret, et cette \u00e9valuation men\u00e9e en 2020 reste toujours d&rsquo;actualit\u00e9 !<\/p>\n","protected":false},"excerpt":{"rendered":"<p>TRADUCTION MODULE WARHAMMER 4 &#8211; Tout est l\u00e0 : https:\/\/gitlab.com\/LeRatierBretonnien\/foundryvtt-wh4-lang-fr-fr La p\u00e9riode de confinement de cette ann\u00e9e 2020 vient nous priver de nos rencontres ludiques, souvent d\u00e9j\u00e0 difficiles \u00e0 caler \u00e0 cause des agendas et contraintes de chacun. Comme beaucoup, &hellip; <a href=\"https:\/\/www.lahiette.com\/leratierbretonnien\/warhammer\/table-virtuelles-de-jdr\/\">Continuer la lecture <span class=\"meta-nav\">&rarr;<\/span><\/a><\/p>\n","protected":false},"author":1,"featured_media":0,"parent":15,"menu_order":0,"comment_status":"open","ping_status":"closed","template":"","meta":{"footnotes":""},"class_list":["post-1297","page","type-page","status-publish","hentry"],"_links":{"self":[{"href":"https:\/\/www.lahiette.com\/leratierbretonnien\/wp-json\/wp\/v2\/pages\/1297","targetHints":{"allow":["GET"]}}],"collection":[{"href":"https:\/\/www.lahiette.com\/leratierbretonnien\/wp-json\/wp\/v2\/pages"}],"about":[{"href":"https:\/\/www.lahiette.com\/leratierbretonnien\/wp-json\/wp\/v2\/types\/page"}],"author":[{"embeddable":true,"href":"https:\/\/www.lahiette.com\/leratierbretonnien\/wp-json\/wp\/v2\/users\/1"}],"replies":[{"embeddable":true,"href":"https:\/\/www.lahiette.com\/leratierbretonnien\/wp-json\/wp\/v2\/comments?post=1297"}],"version-history":[{"count":48,"href":"https:\/\/www.lahiette.com\/leratierbretonnien\/wp-json\/wp\/v2\/pages\/1297\/revisions"}],"predecessor-version":[{"id":2307,"href":"https:\/\/www.lahiette.com\/leratierbretonnien\/wp-json\/wp\/v2\/pages\/1297\/revisions\/2307"}],"up":[{"embeddable":true,"href":"https:\/\/www.lahiette.com\/leratierbretonnien\/wp-json\/wp\/v2\/pages\/15"}],"wp:attachment":[{"href":"https:\/\/www.lahiette.com\/leratierbretonnien\/wp-json\/wp\/v2\/media?parent=1297"}],"curies":[{"name":"wp","href":"https:\/\/api.w.org\/{rel}","templated":true}]}}