{"id":129,"date":"2018-03-20T22:10:57","date_gmt":"2018-03-20T21:10:57","guid":{"rendered":"http:\/\/www.lahiette.com\/leratierbretonnien\/?page_id=129"},"modified":"2018-03-20T22:57:43","modified_gmt":"2018-03-20T21:57:43","slug":"burnout-test-et-opinion","status":"publish","type":"page","link":"https:\/\/www.lahiette.com\/leratierbretonnien\/wargames-figurines\/eden\/burnout-test-et-opinion\/","title":{"rendered":"Burnout, test et opinion"},"content":{"rendered":"<p>Apr\u00e8s quelques mois d&rsquo;attente, voici le colis attendu dans la boite au lettres du 19 mars 2018. Ni une, ni deux, mon fils et moi nous attelons a tester le bestiau le lendemain \ud83d\ude42<\/p>\n<div id=\"attachment_134\" style=\"width: 414px\" class=\"wp-caption alignleft\"><a href=\"https:\/\/www.lahiette.com\/leratierbretonnien\/wp-content\/uploads\/2018\/03\/IMG_20180320_204030.jpg\"><img loading=\"lazy\" decoding=\"async\" aria-describedby=\"caption-attachment-134\" class=\"wp-image-134\" src=\"https:\/\/www.lahiette.com\/leratierbretonnien\/wp-content\/uploads\/2018\/03\/IMG_20180320_204030-300x225.jpg\" alt=\"\" width=\"404\" height=\"303\" srcset=\"https:\/\/www.lahiette.com\/leratierbretonnien\/wp-content\/uploads\/2018\/03\/IMG_20180320_204030-300x225.jpg 300w, https:\/\/www.lahiette.com\/leratierbretonnien\/wp-content\/uploads\/2018\/03\/IMG_20180320_204030-768x576.jpg 768w, https:\/\/www.lahiette.com\/leratierbretonnien\/wp-content\/uploads\/2018\/03\/IMG_20180320_204030-1024x768.jpg 1024w\" sizes=\"auto, (max-width: 404px) 100vw, 404px\" \/><\/a><p id=\"caption-attachment-134\" class=\"wp-caption-text\">Vue d&rsquo;ensemble<\/p><\/div>\n<p>Apr\u00e8s une lecture des r\u00e8gles, nous d\u00e9cidons de d\u00e9marrer une campagne en 5 sc\u00e9narios, sans les r\u00e8gles urbaines, mais en utilisant les d\u00e9cors de la boite. La campagne verra s&rsquo;opposer l&rsquo;ISC (mon fisl, 200 points) et le Matriarcat (bibi, 200 points \u00e9galement). On fera les 5 premiers sc\u00e9narios dans l&rsquo;ordre, de 1 \u00e0 5, histoire de respecter la mentalit\u00e9 un peu raide des 2 factions en jeu.<\/p>\n<p>Contrairement \u00e0 ce qui est dit dans l&rsquo;introduction des r\u00e8gles, la mise en place n&rsquo;est pas sp\u00e9cialement plus rapide que pour une partie d\u00a0\u00bbEden \u00ab\u00a0normale\u00a0\u00bb, en tout cas pour des joueurs avec un peu de bouteille.<\/p>\n<div id=\"attachment_138\" style=\"width: 229px\" class=\"wp-caption alignright\"><a href=\"https:\/\/www.lahiette.com\/leratierbretonnien\/wp-content\/uploads\/2018\/03\/IMG_20180320_204103.jpg\"><img loading=\"lazy\" decoding=\"async\" aria-describedby=\"caption-attachment-138\" class=\"wp-image-138\" src=\"https:\/\/www.lahiette.com\/leratierbretonnien\/wp-content\/uploads\/2018\/03\/IMG_20180320_204103-225x300.jpg\" alt=\"\" width=\"219\" height=\"292\" srcset=\"https:\/\/www.lahiette.com\/leratierbretonnien\/wp-content\/uploads\/2018\/03\/IMG_20180320_204103-225x300.jpg 225w, https:\/\/www.lahiette.com\/leratierbretonnien\/wp-content\/uploads\/2018\/03\/IMG_20180320_204103-768x1024.jpg 768w\" sizes=\"auto, (max-width: 219px) 100vw, 219px\" \/><\/a><p id=\"caption-attachment-138\" class=\"wp-caption-text\">L&rsquo;ISC en ordre de bataille<\/p><\/div>\n<p>Apr\u00e8s lecture du sc\u00e9nario et rappel des points concernant la fouille, on d\u00e9marre la partie : les deux factions d\u00e9marrent \u00e0 100 points en jeu, on n&rsquo;a donc pas appliqu\u00e9 les artefacts et les PV de d\u00e9part en cas de diff\u00e9rence de points &#8211; pour l&rsquo;instant. Dans ce premier sc\u00e9nario, on doit r\u00e9cup\u00e9rer du matos (3 marqueurs) et servir de \u00ab\u00a0mule\u00a0\u00bb. Chaque personnage peut ainsi ramasser un marqueur et le porter : lors de l&rsquo;intendance il marque alors 10 PV, avec la possibilit\u00e9 de faire un petit banco si vous sortez du plateau par le c\u00f4t\u00e9 adverse. Cet objectif commun est \u00e0 mon avis le gros point fort de la variante Burnout : les cartes missions s\u00e9par\u00e9es dans Eden m&rsquo;ont toujours parues un peu al\u00e9atoire et potentiellement extr\u00eamement d\u00e9s\u00e9quilibr\u00e9es. A noter que des missions secondaires personnelles sont aussi \u00e0 tirer lors de la mise en place.<\/p>\n<p>&nbsp;<\/p>\n<div id=\"attachment_137\" style=\"width: 235px\" class=\"wp-caption alignleft\"><a href=\"https:\/\/www.lahiette.com\/leratierbretonnien\/wp-content\/uploads\/2018\/03\/IMG_20180320_204058.jpg\"><img loading=\"lazy\" decoding=\"async\" aria-describedby=\"caption-attachment-137\" class=\"wp-image-137 size-medium\" src=\"https:\/\/www.lahiette.com\/leratierbretonnien\/wp-content\/uploads\/2018\/03\/IMG_20180320_204058-225x300.jpg\" alt=\"\" width=\"225\" height=\"300\" srcset=\"https:\/\/www.lahiette.com\/leratierbretonnien\/wp-content\/uploads\/2018\/03\/IMG_20180320_204058-225x300.jpg 225w, https:\/\/www.lahiette.com\/leratierbretonnien\/wp-content\/uploads\/2018\/03\/IMG_20180320_204058-768x1024.jpg 768w\" sizes=\"auto, (max-width: 225px) 100vw, 225px\" \/><\/a><p id=\"caption-attachment-137\" class=\"wp-caption-text\">Le Matriarcat, avant de se faire d\u00e9mater<\/p><\/div>\n<p>En cours de jeu, en plus de la strat\u00e9gie du sc\u00e9nario, la fouille des caisses ajoute un plus certain (r\u00e9cup\u00e9ration de matos, de PV et de Kaps,\u00a0 la monnaie d&rsquo;Eden), c&rsquo;est assez agr\u00e9able. Les objets trouv\u00e9s apportent des aides potentielles &#8211; ou pas.<\/p>\n<p>Sur ce premier sc\u00e9nario, le Matriarcat s&rsquo;est fait joliment poutr\u00e9 : 135 PV pour l&rsquo;ISC contre 80 pour le Matriarcat, le tout en 5 tours, comme pr\u00e9vu.<\/p>\n<p>Au final, un premier bilan :<\/p>\n<ul>\n<li>L&rsquo;objectif commun sc\u00e9naris\u00e9 est un vrai plus, qui apporte une vraie comp\u00e9tition entre les joueurs.<\/li>\n<li>Je suis plus mesur\u00e9 sur les cartes d&rsquo;objectifs secondaires : elles me semblent \u00e0 nouveau tr\u00e8s al\u00e9atoires, et avec des PV potentiels \u00e9lev\u00e9s. On retombe un peu dans le travers des cartes missions \u00e0 mon sens. Cela dit, dans ce premier test, aucune des 2 missions secondaires n&rsquo;a pu \u00eatre r\u00e9alis\u00e9e.<\/li>\n<li>Les d\u00e9cors en 3D de b\u00e2timents rendent beaucoup mieux que je pensais, c&rsquo;est impeccable.<\/li>\n<li>Les d\u00e9cors en 2D \u00e0 poser au sol &#8230; bof. J&rsquo;aurais pr\u00e9f\u00e9r\u00e9 uniquement des d\u00e9cors 3D, mais moins.<\/li>\n<li>Le mode campagne, avec la gestion des bless\u00e9s et les options d&rsquo;achat et d&rsquo;exp\u00e9rience associ\u00e9 nous paraissent ajouter une vraie autre dimension au jeu, mais \u00e0 confirmer.<\/li>\n<\/ul>\n<p>La suite et mise \u00e0 jour lors du second sc\u00e9nario, mais ce stade, l&rsquo;achat en valait la chandelle !<\/p>\n<p>&nbsp;<\/p>\n","protected":false},"excerpt":{"rendered":"<p>Apr\u00e8s quelques mois d&rsquo;attente, voici le colis attendu dans la boite au lettres du 19 mars 2018. Ni une, ni deux, mon fils et moi nous attelons a tester le bestiau le lendemain \ud83d\ude42 Apr\u00e8s une lecture des r\u00e8gles, nous &hellip; <a href=\"https:\/\/www.lahiette.com\/leratierbretonnien\/wargames-figurines\/eden\/burnout-test-et-opinion\/\">Continuer la lecture <span class=\"meta-nav\">&rarr;<\/span><\/a><\/p>\n","protected":false},"author":1,"featured_media":0,"parent":114,"menu_order":0,"comment_status":"open","ping_status":"closed","template":"","meta":{"footnotes":""},"class_list":["post-129","page","type-page","status-publish","hentry"],"_links":{"self":[{"href":"https:\/\/www.lahiette.com\/leratierbretonnien\/wp-json\/wp\/v2\/pages\/129","targetHints":{"allow":["GET"]}}],"collection":[{"href":"https:\/\/www.lahiette.com\/leratierbretonnien\/wp-json\/wp\/v2\/pages"}],"about":[{"href":"https:\/\/www.lahiette.com\/leratierbretonnien\/wp-json\/wp\/v2\/types\/page"}],"author":[{"embeddable":true,"href":"https:\/\/www.lahiette.com\/leratierbretonnien\/wp-json\/wp\/v2\/users\/1"}],"replies":[{"embeddable":true,"href":"https:\/\/www.lahiette.com\/leratierbretonnien\/wp-json\/wp\/v2\/comments?post=129"}],"version-history":[{"count":11,"href":"https:\/\/www.lahiette.com\/leratierbretonnien\/wp-json\/wp\/v2\/pages\/129\/revisions"}],"predecessor-version":[{"id":146,"href":"https:\/\/www.lahiette.com\/leratierbretonnien\/wp-json\/wp\/v2\/pages\/129\/revisions\/146"}],"up":[{"embeddable":true,"href":"https:\/\/www.lahiette.com\/leratierbretonnien\/wp-json\/wp\/v2\/pages\/114"}],"wp:attachment":[{"href":"https:\/\/www.lahiette.com\/leratierbretonnien\/wp-json\/wp\/v2\/media?parent=129"}],"curies":[{"name":"wp","href":"https:\/\/api.w.org\/{rel}","templated":true}]}}