{"id":120,"date":"2018-02-27T20:20:44","date_gmt":"2018-02-27T19:20:44","guid":{"rendered":"http:\/\/www.lahiette.com\/leratierbretonnien\/?page_id=120"},"modified":"2023-11-04T16:59:25","modified_gmt":"2023-11-04T15:59:25","slug":"draculas-america","status":"publish","type":"page","link":"https:\/\/www.lahiette.com\/leratierbretonnien\/wargames-figurines\/draculas-america\/","title":{"rendered":"Dracula&rsquo;s America"},"content":{"rendered":"\n<p class=\"has-text-align-center\">Un jeu tr\u00e8s compl\u00e9mentaire d&rsquo;Eden en termes de tactiques, principalement \u00e0 cause de la dominance des armes de distance. Un jeu rapide et nerveux :).<br><\/p>\n\n\n<div class=\"wp-block-image is-style-default\">\n<figure class=\"aligncenter size-large is-resized\"><img loading=\"lazy\" decoding=\"async\" width=\"560\" height=\"794\" src=\"https:\/\/www.lahiette.com\/leratierbretonnien\/wp-content\/uploads\/2019\/07\/da_cover.jpg\" alt=\"\" class=\"wp-image-862\" style=\"width:280px;height:397px\" srcset=\"https:\/\/www.lahiette.com\/leratierbretonnien\/wp-content\/uploads\/2019\/07\/da_cover.jpg 560w, https:\/\/www.lahiette.com\/leratierbretonnien\/wp-content\/uploads\/2019\/07\/da_cover-212x300.jpg 212w\" sizes=\"auto, (max-width: 560px) 100vw, 560px\" \/><\/figure>\n<\/div>\n\n\n<p>Quelques aides de jeu et traductions \u00e0 t\u00e9l\u00e9charger : <\/p>\n\n\n\n<div class=\"wp-block-file\"><a id=\"wp-block-file--media-72fd0b25-8d02-4722-8d59-3f23b32b3e03\" href=\"https:\/\/www.lahiette.com\/leratierbretonnien\/wp-content\/uploads\/2020\/03\/fiche_da_fp.pdf\">La fiche de r\u00e9f\u00e9rence issue de \u00ab\u00a0<em>Pouvoirs Interdits<\/em>\u00a0\u00bb : <\/a><a href=\"https:\/\/www.lahiette.com\/leratierbretonnien\/wp-content\/uploads\/2020\/03\/fiche_da_fp.pdf\" class=\"wp-block-file__button wp-element-button\" download aria-describedby=\"wp-block-file--media-72fd0b25-8d02-4722-8d59-3f23b32b3e03\">T\u00e9l\u00e9charger<\/a><\/div>\n\n\n\n<div class=\"wp-block-file\"><a id=\"wp-block-file--media-7f7633d9-9eac-4ee0-9689-7fc16260db3a\" href=\"https:\/\/www.lahiette.com\/leratierbretonnien\/wp-content\/uploads\/2019\/02\/regles_jh_blog_01.pdf\">Les r\u00e8gles optionnelles de l&rsquo;auteur traduites en Frenchie : <\/a><a href=\"https:\/\/www.lahiette.com\/leratierbretonnien\/wp-content\/uploads\/2019\/02\/regles_jh_blog_01.pdf\" class=\"wp-block-file__button wp-element-button\" download aria-describedby=\"wp-block-file--media-7f7633d9-9eac-4ee0-9689-7fc16260db3a\">T\u00e9l\u00e9charger<\/a><\/div>\n\n\n\n<div class=\"wp-block-file\"><a id=\"wp-block-file--media-46152db8-eafd-473e-b850-2ce08c07bc0d\" href=\"https:\/\/www.lahiette.com\/leratierbretonnien\/wp-content\/uploads\/2019\/05\/DA_cartes_pouvoirs_FR-1.pdf\">Les pouvoirs sous forme de cartes :<\/a><a href=\"https:\/\/www.lahiette.com\/leratierbretonnien\/wp-content\/uploads\/2019\/05\/DA_cartes_pouvoirs_FR-1.pdf\" class=\"wp-block-file__button wp-element-button\" download aria-describedby=\"wp-block-file--media-46152db8-eafd-473e-b850-2ce08c07bc0d\">T\u00e9l\u00e9charger<\/a><\/div>\n\n\n\n<p><a href=\"https:\/\/www.lahiette.com\/leratierbretonnien\/wp-content\/uploads\/2022\/01\/cartes_entites_monstres.pdf\">Les cartes des Monstres<\/a><\/p>\n\n\n\n<p><a href=\"https:\/\/www.lahiette.com\/leratierbretonnien\/wp-content\/uploads\/2021\/04\/resume_campagne.pdf\">Fiche de r\u00e8gles et tableaux aide-m\u00e9moire <\/a>: Un condens\u00e9 des tables principales et un r\u00e9sum\u00e9 des r\u00e8gles d&rsquo;actions.<br><br><a href=\"https:\/\/www.lahiette.com\/leratierbretonnien\/wp-content\/uploads\/2021\/04\/pouvoir_dynamiques.pdf\" data-type=\"URL\" data-id=\"https:\/\/www.lahiette.com\/leratierbretonnien\/wp-content\/uploads\/2021\/04\/pouvoir_dynamiques.pdf\">Pouvoirs Param\u00e9trables : plus d&rsquo;options pour les Arcanistes<\/a> : Cette modification de r\u00e8gle permet de moduler les effets des pouvoirs en fonction du nombre de r\u00e9ussites.<\/p>\n\n\n\n<p><a href=\"https:\/\/www.lahiette.com\/leratierbretonnien\/wp-content\/uploads\/2019\/07\/KIN-Dracula-America-FR.pdf\" data-type=\"attachment\" data-id=\"858\">La traduction de la faction KIN<\/a> (Marcus Coyote et moi-m\u00eame) : Une super faction, avec des petites r\u00e8gles sp\u00e9ciales.<\/p>\n\n\n\n<p><a href=\"https:\/\/www.lahiette.com\/leratierbretonnien\/wp-content\/uploads\/2021\/04\/regles_solo_campagne.pdf\" data-type=\"attachment\" data-id=\"1598\">Des r\u00e8gles de jeu coop\/solo <\/a>, par moi-m\u00eame, avec un d\u00e9but de campagne de 2 sc\u00e9narios.<\/p>\n\n\n\n<p>Le mode campagne test\u00e9 <a href=\"https:\/\/www.lahiette.com\/leratierbretonnien\/wargames-figurines\/draculas-america\/da-mode-campagne\/\">: <\/a><\/p>\n\n\n\n<ul class=\"wp-block-list\">\n<li><a href=\"https:\/\/www.lahiette.com\/leratierbretonnien\/wargames-figurines\/draculas-america\/da-mode-campagne\/\">D\u00e9but<\/a><\/li>\n\n\n\n<li><a href=\"https:\/\/www.lahiette.com\/leratierbretonnien\/wargames-figurines\/draculas-america\/da-mode-campagne-2\/\">La suite &#8230;<\/a><\/li>\n\n\n\n<li><a href=\"https:\/\/www.lahiette.com\/leratierbretonnien\/wargames-figurines\/draculas-america\/da-mode-campagne-3\/\">En encore<\/a> !<\/li>\n\n\n\n<li><a href=\"https:\/\/www.lahiette.com\/leratierbretonnien\/wargames-figurines\/draculas-america\/da-fin-de-campagne\/\">Et la fin<\/a> !<\/li>\n<\/ul>\n\n\n\n<p>Et la nouvelle campagne 2019, \u00e0 5 joueurs : <\/p>\n\n\n\n<ul class=\"wp-block-list\">\n<li>Le <a href=\"https:\/\/www.lahiette.com\/leratierbretonnien\/wargames-figurines\/draculas-america\/da-la-campagne-des-5-bandes\/\">d\u00e9marrage<\/a> (3 sc\u00e9narios)<\/li>\n\n\n\n<li>Les <a href=\"https:\/\/www.lahiette.com\/leratierbretonnien\/wargames-figurines\/draculas-america\/les-vip-et-la-traque-de-custer\/\">VIP <\/a><\/li>\n\n\n\n<li>La <a href=\"https:\/\/www.lahiette.com\/leratierbretonnien\/wargames-figurines\/draculas-america\/da-la-traque-de-custer\/\">Traque de Custer<\/a><\/li>\n\n\n\n<li><a href=\"https:\/\/www.lahiette.com\/leratierbretonnien\/wargames-figurines\/draculas-america\/da-convergence-extreme\/\">Convergence Extr\u00eame<\/a>  et 3:10 vers le Purgatoire !<\/li>\n\n\n\n<li>Suite et fin avec le <a href=\"https:\/\/www.lahiette.com\/leratierbretonnien\/wargames-figurines\/draculas-america\/da-le-siphon-a-esprit-et-fin\/\">Siphon a Esprit<\/a> !<\/li>\n<\/ul>\n\n\n\n<p>Campagne 2023-2024 (probablement) : Pouvoirs Interdits<\/p>\n\n\n\n<ul class=\"wp-block-list\">\n<li><a href=\"https:\/\/www.lahiette.com\/leratierbretonnien\/wargames-figurines\/draculas-america\/pouvoirs-interdits-rencontres-dans-le-bayou\/\" data-type=\"page\" data-id=\"2831\">Rencontres dans le bayou<\/a><\/li>\n<\/ul>\n\n\n\n<p>Truc divers : <\/p>\n\n\n\n<ul class=\"wp-block-list\">\n<li>Test des r\u00e8gles maison <a href=\"https:\/\/www.lahiette.com\/leratierbretonnien\/wargames-figurines\/draculas-america\/da-test-du-mode-solo-coop\/\">de jeu coop\u00e9ratif\/solo<\/a>.<\/li>\n\n\n\n<li>Compte rendu de <a href=\"https:\/\/www.lahiette.com\/leratierbretonnien\/wargames-figurines\/draculas-america\/assassinat\/\">mission \u00ab\u00a0Assassinat\u00a0\u00bb<\/a>.<br>Compte rendu <a href=\"https:\/\/www.lahiette.com\/leratierbretonnien\/wargames-figurines\/draculas-america\/da-madness-dans-le-bayou\/\">d&rsquo;un test de partie dans le bayou<\/a>.<\/li>\n\n\n\n<li>Premier avis sur le suppl\u00e9ment \u00ab\u00a0Forbidden Power\u00a0\u00bb : <a href=\"https:\/\/www.lahiette.com\/leratierbretonnien\/wargames-figurines\/draculas-america\/da-revue-de-forbidden-power\/\">ICI<\/a><\/li>\n\n\n\n<li>Un test\/avis sur un d\u00e9cor \u00ab\u00a0cardboard\u00a0\u00bb d&rsquo;origine russe : <a href=\"https:\/\/www.lahiette.com\/leratierbretonnien\/wargames-figurines\/draculas-america\/da-retour-sur-decord-cardboard-russe\/\">ICI<\/a>.<\/li>\n\n\n\n<li>Quelques factions <a href=\"https:\/\/www.lahiette.com\/leratierbretonnien\/wargames-figurines\/draculas-america\/da-factions\/\">ICI<\/a>.<\/li>\n\n\n\n<li>Le <a href=\"http:\/\/lead-mountaineer.blogspot.com\/search\/label\/Dracula%27s%20America\">blog de l&rsquo;auteur.<\/a><\/li>\n\n\n\n<li>Le <a href=\"https:\/\/leadadventureforum.com\/index.php?board=6.0\">forum o\u00f9 l&rsquo;auteur intervient r\u00e9guli\u00e8rement<\/a>.<\/li>\n\n\n\n<li>Des photos de parties <a href=\"https:\/\/www.lahiette.com\/leratierbretonnien\/wargames-figurines\/draculas-america\/da-parties\/\">PAR LA<\/a>.<\/li>\n<\/ul>\n","protected":false},"excerpt":{"rendered":"<p>Un jeu tr\u00e8s compl\u00e9mentaire d&rsquo;Eden en termes de tactiques, principalement \u00e0 cause de la dominance des armes de distance. Un jeu rapide et nerveux :). Quelques aides de jeu et traductions \u00e0 t\u00e9l\u00e9charger : Les cartes des Monstres Fiche de &hellip; <a href=\"https:\/\/www.lahiette.com\/leratierbretonnien\/wargames-figurines\/draculas-america\/\">Continuer la lecture <span class=\"meta-nav\">&rarr;<\/span><\/a><\/p>\n","protected":false},"author":1,"featured_media":0,"parent":112,"menu_order":0,"comment_status":"open","ping_status":"closed","template":"","meta":{"footnotes":""},"class_list":["post-120","page","type-page","status-publish","hentry"],"_links":{"self":[{"href":"https:\/\/www.lahiette.com\/leratierbretonnien\/wp-json\/wp\/v2\/pages\/120","targetHints":{"allow":["GET"]}}],"collection":[{"href":"https:\/\/www.lahiette.com\/leratierbretonnien\/wp-json\/wp\/v2\/pages"}],"about":[{"href":"https:\/\/www.lahiette.com\/leratierbretonnien\/wp-json\/wp\/v2\/types\/page"}],"author":[{"embeddable":true,"href":"https:\/\/www.lahiette.com\/leratierbretonnien\/wp-json\/wp\/v2\/users\/1"}],"replies":[{"embeddable":true,"href":"https:\/\/www.lahiette.com\/leratierbretonnien\/wp-json\/wp\/v2\/comments?post=120"}],"version-history":[{"count":79,"href":"https:\/\/www.lahiette.com\/leratierbretonnien\/wp-json\/wp\/v2\/pages\/120\/revisions"}],"predecessor-version":[{"id":2851,"href":"https:\/\/www.lahiette.com\/leratierbretonnien\/wp-json\/wp\/v2\/pages\/120\/revisions\/2851"}],"up":[{"embeddable":true,"href":"https:\/\/www.lahiette.com\/leratierbretonnien\/wp-json\/wp\/v2\/pages\/112"}],"wp:attachment":[{"href":"https:\/\/www.lahiette.com\/leratierbretonnien\/wp-json\/wp\/v2\/media?parent=120"}],"curies":[{"name":"wp","href":"https:\/\/api.w.org\/{rel}","templated":true}]}}